{"id":64,"date":"2014-09-18T12:39:08","date_gmt":"2014-09-18T11:39:08","guid":{"rendered":"http:\/\/agora.xtec.cat\/ceippauvilaelpapiol\/?page_id=64"},"modified":"2018-11-05T12:11:09","modified_gmt":"2018-11-05T11:11:09","slug":"projecte-educatiu","status":"publish","type":"page","link":"https:\/\/agora.xtec.cat\/ceippauvilaelpapiol\/projecte-educatiu\/","title":{"rendered":"Projecte educatiu"},"content":{"rendered":"<p><img loading=\"lazy\" decoding=\"async\" class=\"wp-image-2240 aligncenter\" src=\"http:\/\/agora.xtec.cat\/ceippauvilaelpapiol\/wp-content\/uploads\/usu1485\/2014\/09\/PEC.jpg\" alt=\"\" width=\"484\" height=\"315\" srcset=\"https:\/\/agora.xtec.cat\/ceippauvilaelpapiol\/wp-content\/uploads\/usu1485\/2014\/09\/PEC.jpg 653w, https:\/\/agora.xtec.cat\/ceippauvilaelpapiol\/wp-content\/uploads\/usu1485\/2014\/09\/PEC-300x195.jpg 300w\" sizes=\"auto, (max-width: 484px) 100vw, 484px\" \/><\/p>\n<p>L&#8217;escola compta amb un <strong>projecte educatiu <\/strong>actualitzat i aprovat al gener de 2017 amb el seg\u00fcent plantejament institucional:<\/p>\n<p><strong>VALORS<\/strong><\/p>\n<ul>\n<li>Una educaci\u00f3 integral que afavoreixi la construcci\u00f3 de la personalitat de l\u2019alumne en tots els seus aspectes.<\/li>\n<li>La solidaritat i la toler\u00e0ncia vers la interculturalitat.<\/li>\n<li>El respecte i la cooperaci\u00f3 com a principis b\u00e0sics per a la conviv\u00e8ncia.<\/li>\n<li>Comunicaci\u00f3 flu\u00efda i participaci\u00f3 positiva per afavorir la cohesi\u00f3 de la comunitat.<\/li>\n<li>Model d\u2019escola inclusiva respectant els diferents ritmes d\u2019aprenentatge.<\/li>\n<li>L\u2019avaluaci\u00f3 com a eina de reflexi\u00f3 que permeti el diagn\u00f2stic i millora constant dels processos d\u2019ensenyament i aprenentatge i de gesti\u00f3 del centre.<\/li>\n<\/ul>\n<p><strong>MISSI\u00d3<\/strong><\/p>\n<ul>\n<li>Contribuir al creixement personal dels nostres alumnes en el seu proc\u00e9s de socialitzaci\u00f3 i individualitzaci\u00f3.<\/li>\n<li>Desenvolupar al m\u00e0xim les capacitats i compet\u00e8ncies de tots i cadascun dels infants, com a principi fomentador de l\u2019equitat i garantia, alhora, de la cohesi\u00f3 social.<\/li>\n<li>Fomentar la cohesi\u00f3 social i la participaci\u00f3 de les fam\u00edlies en el proc\u00e9s educatiu per tal d\u2019obtenir els avantatges d\u2019un treball conjunt.<\/li>\n<\/ul>\n<p><strong>VISI\u00d3<\/strong><\/p>\n<ul>\n<li>Formar persones que siguin capaces d\u2019adaptar-se als canvis i poder decidir el seu futur.<\/li>\n<li>Formar persones aut\u00f2nomes que puguin ser part activa de la societat canviant en la qual vivim de forma responsable.<\/li>\n<li>Tenir un professorat implicat en el projecte d\u2019escola, amb un bon clima de treball.<\/li>\n<\/ul>\n","protected":false},"excerpt":{"rendered":"<p>L&#8217;escola compta amb un projecte educatiu actualitzat i aprovat al gener de 2017 amb el seg\u00fcent plantejament institucional:<br \/>\nVALORS<\/p>\n<ul>\n<li>Una educaci\u00f3 integral que afavoreixi la construcci\u00f3 de la personalitat de l\u2019alumne en tots els seus aspectes.<\/li>\n<li>La solidaritat i la toler\u00e0ncia vers la interculturalitat.<\/li>\n<li>El respecte i la cooperaci\u00f3&hellip;  <a href=\"https:\/\/agora.xtec.cat\/ceippauvilaelpapiol\/projecte-educatiu\/\" title=\"Read Projecte educatiu\">Llegeix m\u00e9s\u00bb<\/a><br \/>\n","protected":false},"author":1,"featured_media":0,"parent":0,"menu_order":0,"comment_status":"closed","ping_status":"closed","template":"page-templates\/side-menu.php","meta":{"_bbp_topic_count":0,"_bbp_reply_count":0,"_bbp_total_topic_count":0,"_bbp_total_reply_count":0,"_bbp_voice_count":0,"_bbp_anonymous_reply_count":0,"_bbp_topic_count_hidden":0,"_bbp_reply_count_hidden":0,"_bbp_forum_subforum_count":0,"footnotes":""},"class_list":["post-64","page","type-page","status-publish","hentry"],"post_mailing_queue_ids":[],"_links":{"self":[{"href":"https:\/\/agora.xtec.cat\/ceippauvilaelpapiol\/wp-json\/wp\/v2\/pages\/64","targetHints":{"allow":["GET"]}}],"collection":[{"href":"https:\/\/agora.xtec.cat\/ceippauvilaelpapiol\/wp-json\/wp\/v2\/pages"}],"about":[{"href":"https:\/\/agora.xtec.cat\/ceippauvilaelpapiol\/wp-json\/wp\/v2\/types\/page"}],"author":[{"embeddable":true,"href":"https:\/\/agora.xtec.cat\/ceippauvilaelpapiol\/wp-json\/wp\/v2\/users\/1"}],"replies":[{"embeddable":true,"href":"https:\/\/agora.xtec.cat\/ceippauvilaelpapiol\/wp-json\/wp\/v2\/comments?post=64"}],"version-history":[{"count":3,"href":"https:\/\/agora.xtec.cat\/ceippauvilaelpapiol\/wp-json\/wp\/v2\/pages\/64\/revisions"}],"predecessor-version":[{"id":3038,"href":"https:\/\/agora.xtec.cat\/ceippauvilaelpapiol\/wp-json\/wp\/v2\/pages\/64\/revisions\/3038"}],"wp:attachment":[{"href":"https:\/\/agora.xtec.cat\/ceippauvilaelpapiol\/wp-json\/wp\/v2\/media?parent=64"}],"curies":[{"name":"wp","href":"https:\/\/api.w.org\/{rel}","templated":true}]}}