{"id":26,"date":"2014-09-18T12:24:32","date_gmt":"2014-09-18T11:24:32","guid":{"rendered":"http:\/\/agora.xtec.cat\/ceippauvilaelpapiol\/?page_id=26"},"modified":"2018-11-05T12:08:52","modified_gmt":"2018-11-05T11:08:52","slug":"historia","status":"publish","type":"page","link":"https:\/\/agora.xtec.cat\/ceippauvilaelpapiol\/lescola\/historia\/","title":{"rendered":"Hist\u00f2ria"},"content":{"rendered":"<p>&nbsp;<\/p>\n<p><img loading=\"lazy\" decoding=\"async\" class=\"wp-image-2216 alignright\" src=\"http:\/\/agora.xtec.cat\/ceippauvilaelpapiol\/wp-content\/uploads\/usu1485\/2014\/09\/dibuix-escola-color.jpg\" alt=\"\" width=\"490\" height=\"231\" srcset=\"https:\/\/agora.xtec.cat\/ceippauvilaelpapiol\/wp-content\/uploads\/usu1485\/2014\/09\/dibuix-escola-color.jpg 613w, https:\/\/agora.xtec.cat\/ceippauvilaelpapiol\/wp-content\/uploads\/usu1485\/2014\/09\/dibuix-escola-color-300x141.jpg 300w\" sizes=\"auto, (max-width: 490px) 100vw, 490px\" \/><a href=\"http:\/\/agora.xtec.cat\/ceippauvilaelpapiol\/wp-content\/uploads\/usu1485\/2014\/09\/dibuix-escola-color.jpg\">\u00a0\u00a0\u00a0 <\/a><img loading=\"lazy\" decoding=\"async\" class=\"wp-image-472 alignleft\" src=\"http:\/\/agora.xtec.cat\/ceippauvilaelpapiol\/wp-content\/uploads\/usu1485\/2017\/06\/LOGO-PAU-VILA-COLOR.jpg\" alt=\"\" width=\"204\" height=\"152\" srcset=\"https:\/\/agora.xtec.cat\/ceippauvilaelpapiol\/wp-content\/uploads\/usu1485\/2017\/06\/LOGO-PAU-VILA-COLOR.jpg 372w, https:\/\/agora.xtec.cat\/ceippauvilaelpapiol\/wp-content\/uploads\/usu1485\/2017\/06\/LOGO-PAU-VILA-COLOR-300x223.jpg 300w, https:\/\/agora.xtec.cat\/ceippauvilaelpapiol\/wp-content\/uploads\/usu1485\/2017\/06\/LOGO-PAU-VILA-COLOR-200x150.jpg 200w\" sizes=\"auto, (max-width: 204px) 100vw, 204px\" \/><\/p>\n<p>&nbsp;<\/p>\n<p>&nbsp;<\/p>\n<p>&nbsp;<\/p>\n<p>&nbsp;<\/p>\n<p>&nbsp;<\/p>\n<p>El 27 d&#8217;abril de 1963 es va crear l&#8217;Escola Calvo Sotelo, l&#8217;escola p\u00fablica del Papiol. En aquells moments el Papiol estava considerat com\u00a0 una poblaci\u00f3 rural. Posteriorment, el creixement que va viure la comarca en els anys 60 i 70 van produir un augment considerable de la poblaci\u00f3 del Papiol.<\/p>\n<p>L\u2019augment demogr\u00e0fic va generar un creixement de matr\u00edcula escolar i, per aquest motiu, es van realitzar diferents ampliacions a l\u2019escola, si b\u00e9 no es van poder realitzar en el solar on s\u2019ubicava l\u2019escola perqu\u00e8 aquest espai no reunia la superf\u00edcie necess\u00e0ria per fer-ho, aquest fet va fer que l\u2019escola qued\u00e9s dividida en tres zones diferents:<\/p>\n<ul>\n<li>Edifici d\u2019Educaci\u00f3 Infantil situat al carrer Dr. Trueta (1970-71)<\/li>\n<li>Edifici del Cicle Inicial i Mitj\u00e0 situat al carrer Jaume I (1977-78)<\/li>\n<li>Edifici del Cicle Superior situat a la pla\u00e7a Dr. Barber\u00e0 (1978-79)<\/li>\n<\/ul>\n<p>Amb l&#8217;arribada de la democr\u00e0cia, el 25 de febrer de 1983, es va canviar la denominaci\u00f3 de l&#8217;escola: Escola Pau Vila.<\/p>\n<p>El curs 2004-05, d\u2019acord el pla 3 d\u2019obres del Departament es va inaugurar l\u2019ampliaci\u00f3 de l\u2019edifici situat a la pla\u00e7a Dr. Barber\u00e0, aquesta ampliaci\u00f3 va permetre desallotjar els altres edificis escolars, fent al nou edifici el parvulari amb una sala polivalent, un nou menjador escolar, gimn\u00e0s, 2 aules taller, aula d\u2019inform\u00e0tica, aula de m\u00fasica, biblioteca, despatxos i altres serveis que han suposat una millora molt significativa per al desenvolupament de la vida del centre.<\/p>\n","protected":false},"excerpt":{"rendered":"<p>&nbsp;<br \/>\n<a href=\"http:\/\/agora.xtec.cat\/ceippauvilaelpapiol\/wp-content\/uploads\/usu1485\/2014\/09\/dibuix-escola-color.jpg\">\u00a0\u00a0\u00a0 <\/a><br \/>\n&nbsp;<br \/>\n&nbsp;<br \/>\n&nbsp;<br \/>\n&nbsp;<br \/>\n&nbsp;<br \/>\nEl 27 d&#8217;abril de 1963 es va crear l&#8217;Escola Calvo Sotelo, l&#8217;escola p\u00fablica del Papiol. En aquells moments el Papiol estava considerat com\u00a0 una poblaci\u00f3 rural. Posteriorment, el creixement que va viure la comarca en els anys 60 i 70 van produir un&hellip;  <a href=\"https:\/\/agora.xtec.cat\/ceippauvilaelpapiol\/lescola\/historia\/\" title=\"Read Hist\u00f2ria\">Llegeix m\u00e9s\u00bb<\/a><\/p>\n","protected":false},"author":1,"featured_media":0,"parent":22,"menu_order":20,"comment_status":"closed","ping_status":"closed","template":"page-templates\/side-menu.php","meta":{"_bbp_topic_count":0,"_bbp_reply_count":0,"_bbp_total_topic_count":0,"_bbp_total_reply_count":0,"_bbp_voice_count":0,"_bbp_anonymous_reply_count":0,"_bbp_topic_count_hidden":0,"_bbp_reply_count_hidden":0,"_bbp_forum_subforum_count":0,"footnotes":""},"class_list":["post-26","page","type-page","status-publish","hentry"],"post_mailing_queue_ids":[],"_links":{"self":[{"href":"https:\/\/agora.xtec.cat\/ceippauvilaelpapiol\/wp-json\/wp\/v2\/pages\/26","targetHints":{"allow":["GET"]}}],"collection":[{"href":"https:\/\/agora.xtec.cat\/ceippauvilaelpapiol\/wp-json\/wp\/v2\/pages"}],"about":[{"href":"https:\/\/agora.xtec.cat\/ceippauvilaelpapiol\/wp-json\/wp\/v2\/types\/page"}],"author":[{"embeddable":true,"href":"https:\/\/agora.xtec.cat\/ceippauvilaelpapiol\/wp-json\/wp\/v2\/users\/1"}],"replies":[{"embeddable":true,"href":"https:\/\/agora.xtec.cat\/ceippauvilaelpapiol\/wp-json\/wp\/v2\/comments?post=26"}],"version-history":[{"count":4,"href":"https:\/\/agora.xtec.cat\/ceippauvilaelpapiol\/wp-json\/wp\/v2\/pages\/26\/revisions"}],"predecessor-version":[{"id":3034,"href":"https:\/\/agora.xtec.cat\/ceippauvilaelpapiol\/wp-json\/wp\/v2\/pages\/26\/revisions\/3034"}],"up":[{"embeddable":true,"href":"https:\/\/agora.xtec.cat\/ceippauvilaelpapiol\/wp-json\/wp\/v2\/pages\/22"}],"wp:attachment":[{"href":"https:\/\/agora.xtec.cat\/ceippauvilaelpapiol\/wp-json\/wp\/v2\/media?parent=26"}],"curies":[{"name":"wp","href":"https:\/\/api.w.org\/{rel}","templated":true}]}}