{"id":2141,"date":"2018-02-15T10:08:57","date_gmt":"2018-02-15T09:08:57","guid":{"rendered":"http:\/\/agora.xtec.cat\/ceippauvilaelpapiol\/?page_id=2141"},"modified":"2018-03-05T14:19:26","modified_gmt":"2018-03-05T13:19:26","slug":"infantil","status":"publish","type":"page","link":"https:\/\/agora.xtec.cat\/ceippauvilaelpapiol\/infantil\/","title":{"rendered":"Infantil"},"content":{"rendered":"<p>Mirem l\u2019infant des de l\u2019estima, la confian\u00e7a i el respecte, oferint-li les que considerem les millors possibilitats perqu\u00e8 esdevinguin persones felices, plenes, creatives, aut\u00f2nomes, amb esperit cr\u00edtic, amb capacitat de treballar en equip i amb iniciativa.<\/p>\n","protected":false},"excerpt":{"rendered":"<p>Mirem l\u2019infant des de l\u2019estima, la confian\u00e7a i el respecte, oferint-li les que considerem les millors possibilitats perqu\u00e8 esdevinguin persones felices, plenes, creatives, aut\u00f2nomes, amb esperit cr\u00edtic, amb capacitat de treballar en equip i amb iniciativa.<\/p>\n","protected":false},"author":1,"featured_media":0,"parent":0,"menu_order":0,"comment_status":"closed","ping_status":"closed","template":"","meta":{"_bbp_topic_count":0,"_bbp_reply_count":0,"_bbp_total_topic_count":0,"_bbp_total_reply_count":0,"_bbp_voice_count":0,"_bbp_anonymous_reply_count":0,"_bbp_topic_count_hidden":0,"_bbp_reply_count_hidden":0,"_bbp_forum_subforum_count":0,"footnotes":""},"class_list":["post-2141","page","type-page","status-publish","hentry"],"post_mailing_queue_ids":[],"_links":{"self":[{"href":"https:\/\/agora.xtec.cat\/ceippauvilaelpapiol\/wp-json\/wp\/v2\/pages\/2141","targetHints":{"allow":["GET"]}}],"collection":[{"href":"https:\/\/agora.xtec.cat\/ceippauvilaelpapiol\/wp-json\/wp\/v2\/pages"}],"about":[{"href":"https:\/\/agora.xtec.cat\/ceippauvilaelpapiol\/wp-json\/wp\/v2\/types\/page"}],"author":[{"embeddable":true,"href":"https:\/\/agora.xtec.cat\/ceippauvilaelpapiol\/wp-json\/wp\/v2\/users\/1"}],"replies":[{"embeddable":true,"href":"https:\/\/agora.xtec.cat\/ceippauvilaelpapiol\/wp-json\/wp\/v2\/comments?post=2141"}],"version-history":[{"count":2,"href":"https:\/\/agora.xtec.cat\/ceippauvilaelpapiol\/wp-json\/wp\/v2\/pages\/2141\/revisions"}],"predecessor-version":[{"id":2324,"href":"https:\/\/agora.xtec.cat\/ceippauvilaelpapiol\/wp-json\/wp\/v2\/pages\/2141\/revisions\/2324"}],"wp:attachment":[{"href":"https:\/\/agora.xtec.cat\/ceippauvilaelpapiol\/wp-json\/wp\/v2\/media?parent=2141"}],"curies":[{"name":"wp","href":"https:\/\/api.w.org\/{rel}","templated":true}]}}