{"id":73,"date":"2014-09-18T14:01:51","date_gmt":"2014-09-18T12:01:51","guid":{"rendered":"http:\/\/agora.xtec.cat\/ceippausans\/?page_id=73"},"modified":"2026-04-11T08:36:04","modified_gmt":"2026-04-11T06:36:04","slug":"menjador-escolar","status":"publish","type":"page","link":"https:\/\/agora.xtec.cat\/ceippausans\/serveis\/menjador-escolar\/","title":{"rendered":"Menjador escolar"},"content":{"rendered":"\n<p>L\u2019empresa que ofereix el servei de menjador \u00e9s La Plec, Serveis de Lleure, S.L.&nbsp;<strong><a href=\"http:\/\/www.laplec.cat\/\" target=\"_blank\" rel=\"noreferrer noopener\">Enlla\u00e7 a la seva p\u00e0gina web.<\/a><\/strong><\/p>\n\n\n\n<p>Descarrega\u00a0<a href=\"https:\/\/agora.xtec.cat\/ceippausans\/wp-content\/uploads\/usu1953\/2026\/04\/Menu-abril-imatge.png\" target=\"_blank\" rel=\"noreferrer noopener\">Men\u00fa Abril 26<\/a><\/p>\n\n\n\n<p>Mails de contacte:&nbsp;<em><strong>laplec@hotmail.com&nbsp; &nbsp; &nbsp; &nbsp; &nbsp; &nbsp;&nbsp;<\/strong><\/em><em><strong>casalpausans@gmail.com<\/strong><\/em><\/p>\n\n\n\n<figure class=\"wp-block-image size-full\"><a href=\"https:\/\/agora.xtec.cat\/ceippausans\/wp-content\/uploads\/usu1953\/2026\/04\/Menu-abril-imatge.png\"><img loading=\"lazy\" decoding=\"async\" width=\"606\" height=\"870\" src=\"https:\/\/agora.xtec.cat\/ceippausans\/wp-content\/uploads\/usu1953\/2026\/04\/Menu-abril-imatge.png\" alt=\"\" class=\"wp-image-3037\" srcset=\"https:\/\/agora.xtec.cat\/ceippausans\/wp-content\/uploads\/usu1953\/2026\/04\/Menu-abril-imatge.png 606w, https:\/\/agora.xtec.cat\/ceippausans\/wp-content\/uploads\/usu1953\/2026\/04\/Menu-abril-imatge-209x300.png 209w\" sizes=\"auto, (max-width: 606px) 100vw, 606px\" \/><\/a><\/figure>\n","protected":false},"excerpt":{"rendered":"<p>L\u2019empresa que ofereix el servei de menjador \u00e9s La Plec, Serveis de Lleure, S.L.&nbsp;Enlla\u00e7 a la seva p\u00e0gina web. Descarrega\u00a0Men\u00fa Abril 26 Mails de contacte:&nbsp;laplec@hotmail.com&nbsp; &nbsp; &nbsp; &nbsp; &nbsp; &nbsp;&nbsp;casalpausans@gmail.com<\/p>\n","protected":false},"author":1,"featured_media":0,"parent":66,"menu_order":2,"comment_status":"closed","ping_status":"closed","template":"","meta":{"_bbp_topic_count":0,"_bbp_reply_count":0,"_bbp_total_topic_count":0,"_bbp_total_reply_count":0,"_bbp_voice_count":0,"_bbp_anonymous_reply_count":0,"_bbp_topic_count_hidden":0,"_bbp_reply_count_hidden":0,"_bbp_forum_subforum_count":0,"site-sidebar-layout":"no-sidebar","site-content-layout":"","ast-site-content-layout":"normal-width-container","site-content-style":"default","site-sidebar-style":"default","ast-global-header-display":"","ast-banner-title-visibility":"","ast-main-header-display":"","ast-hfb-above-header-display":"","ast-hfb-below-header-display":"","ast-hfb-mobile-header-display":"","site-post-title":"","ast-breadcrumbs-content":"","ast-featured-img":"","footer-sml-layout":"","theme-transparent-header-meta":"","adv-header-id-meta":"","stick-header-meta":"","header-above-stick-meta":"","header-main-stick-meta":"","header-below-stick-meta":"","astra-migrate-meta-layouts":"set","ast-page-background-enabled":"default","ast-page-background-meta":{"desktop":{"background-color":"var(--ast-global-color-4)","background-image":"","background-repeat":"repeat","background-position":"center center","background-size":"auto","background-attachment":"scroll","background-type":"","background-media":"","overlay-type":"","overlay-color":"","overlay-opacity":"","overlay-gradient":""},"tablet":{"background-color":"","background-image":"","background-repeat":"repeat","background-position":"center center","background-size":"auto","background-attachment":"scroll","background-type":"","background-media":"","overlay-type":"","overlay-color":"","overlay-opacity":"","overlay-gradient":""},"mobile":{"background-color":"","background-image":"","background-repeat":"repeat","background-position":"center center","background-size":"auto","background-attachment":"scroll","background-type":"","background-media":"","overlay-type":"","overlay-color":"","overlay-opacity":"","overlay-gradient":""}},"ast-content-background-meta":{"desktop":{"background-color":"var(--ast-global-color-5)","background-image":"","background-repeat":"repeat","background-position":"center center","background-size":"auto","background-attachment":"scroll","background-type":"","background-media":"","overlay-type":"","overlay-color":"","overlay-opacity":"","overlay-gradient":""},"tablet":{"background-color":"var(--ast-global-color-5)","background-image":"","background-repeat":"repeat","background-position":"center center","background-size":"auto","background-attachment":"scroll","background-type":"","background-media":"","overlay-type":"","overlay-color":"","overlay-opacity":"","overlay-gradient":""},"mobile":{"background-color":"var(--ast-global-color-5)","background-image":"","background-repeat":"repeat","background-position":"center center","background-size":"auto","background-attachment":"scroll","background-type":"","background-media":"","overlay-type":"","overlay-color":"","overlay-opacity":"","overlay-gradient":""}},"footnotes":""},"class_list":["post-73","page","type-page","status-publish","hentry"],"post_mailing_queue_ids":[],"_links":{"self":[{"href":"https:\/\/agora.xtec.cat\/ceippausans\/wp-json\/wp\/v2\/pages\/73","targetHints":{"allow":["GET"]}}],"collection":[{"href":"https:\/\/agora.xtec.cat\/ceippausans\/wp-json\/wp\/v2\/pages"}],"about":[{"href":"https:\/\/agora.xtec.cat\/ceippausans\/wp-json\/wp\/v2\/types\/page"}],"author":[{"embeddable":true,"href":"https:\/\/agora.xtec.cat\/ceippausans\/wp-json\/wp\/v2\/users\/1"}],"replies":[{"embeddable":true,"href":"https:\/\/agora.xtec.cat\/ceippausans\/wp-json\/wp\/v2\/comments?post=73"}],"version-history":[{"count":6,"href":"https:\/\/agora.xtec.cat\/ceippausans\/wp-json\/wp\/v2\/pages\/73\/revisions"}],"predecessor-version":[{"id":3039,"href":"https:\/\/agora.xtec.cat\/ceippausans\/wp-json\/wp\/v2\/pages\/73\/revisions\/3039"}],"up":[{"embeddable":true,"href":"https:\/\/agora.xtec.cat\/ceippausans\/wp-json\/wp\/v2\/pages\/66"}],"wp:attachment":[{"href":"https:\/\/agora.xtec.cat\/ceippausans\/wp-json\/wp\/v2\/media?parent=73"}],"curies":[{"name":"wp","href":"https:\/\/api.w.org\/{rel}","templated":true}]}}