{"id":64,"date":"2014-09-18T12:39:08","date_gmt":"2014-09-18T10:39:08","guid":{"rendered":"http:\/\/agora.xtec.cat\/ceippausans\/?page_id=64"},"modified":"2026-02-04T22:16:00","modified_gmt":"2026-02-04T21:16:00","slug":"documents","status":"publish","type":"page","link":"https:\/\/agora.xtec.cat\/ceippausans\/lescola\/documents\/","title":{"rendered":"Documents i informacions"},"content":{"rendered":"\n<figure class=\"wp-block-table\"><table class=\"has-fixed-layout\"><tbody><tr><td><strong>INFORMACIONS<\/strong><\/td><td><strong>&nbsp;DOCUMENTS DE CENTRE<\/strong><\/td><\/tr><tr><td><a href=\"https:\/\/agora.xtec.cat\/ceippausans\/wp-content\/uploads\/usu1953\/2024\/09\/Calendari-2024-2025.pdf\">Calendari escolar 2025-2026<\/a><\/td><td><a href=\"https:\/\/agora.xtec.cat\/ceippausans\/wp-content\/uploads\/usu1953\/2020\/04\/PEC.pdf\" target=\"_blank\" rel=\"noreferrer noopener\">Projecte Educatiu de Centre<\/a><\/td><\/tr><tr><td><a href=\"https:\/\/agora.xtec.cat\/ceippausans\/wp-content\/uploads\/usu1953\/2025\/09\/LLIBRES-25-26.pdf\" target=\"_blank\" rel=\"noreferrer noopener\">Llibres de text 2025-2026<\/a><\/td><td><a href=\"https:\/\/agora.xtec.cat\/ceippausans\/wp-content\/uploads\/usu1953\/2019\/02\/projecte-ling%C3%BC%C3%ADstic.pdf\" target=\"_blank\" rel=\"noreferrer noopener\">Projecte Ling\u00fc\u00edstic<\/a><\/td><\/tr><tr><td><a href=\"https:\/\/agora.xtec.cat\/ceippausans\/wp-content\/uploads\/usu1953\/2025\/10\/SORTIDES-25-26-1R-TRIMESTRE.pdf\" target=\"_blank\" rel=\"noreferrer noopener\">Sortides escolars 2025-2026 (1r trimestre)<\/a><\/td><td><a href=\"https:\/\/agora.xtec.cat\/ceippausans\/wp-content\/uploads\/usu1953\/2020\/01\/NOFC-web-2020.pdf\" target=\"_blank\" rel=\"noreferrer noopener\">Normes d\u2019Organitzaci\u00f3 i Funcionament de Centre<\/a><\/td><\/tr><tr><td><a href=\"https:\/\/agora.xtec.cat\/ceippausans\/wp-content\/uploads\/usu1953\/2026\/02\/SORTIDES-25-26-2n-trimestre-darrera-actualitzacio-1-1.pdf\" data-type=\"link\" data-id=\"https:\/\/agora.xtec.cat\/ceippausans\/wp-content\/uploads\/usu1953\/2026\/02\/SORTIDES-25-26-2n-trimestre-darrera-actualitzacio-1-1.pdf\" target=\"_blank\" rel=\"noreferrer noopener\">Sortides escolars 2025-2026 (2n trimestre)<\/a> <em>(Actualitzat 4-2-26)<\/em><\/td><td><a href=\"https:\/\/agora.xtec.cat\/ceippausans\/wp-content\/uploads\/usu1953\/2021\/02\/projecte-conviv%C3%A8ncia-ESCOLA-PAU-SANS-2020.pdf\" target=\"_blank\" rel=\"noreferrer noopener\">Projecte de conviv\u00e8ncia<\/a><\/td><\/tr><tr><td><a href=\"https:\/\/agora.xtec.cat\/ceippausans\/wp-content\/uploads\/usu1953\/2026\/02\/SORTIDES-25-26-3r-trimestre-darrera-actualitzacio-.pdf\" data-type=\"link\" data-id=\"https:\/\/agora.xtec.cat\/ceippausans\/wp-content\/uploads\/usu1953\/2026\/02\/SORTIDES-25-26-3r-trimestre-darrera-actualitzacio-.pdf\" target=\"_blank\" rel=\"noreferrer noopener\">Sortides escolars 2025-2026 (3r trimestre)<\/a> <em>(Actualitzat 4-2-26)<\/em><\/td><td><a href=\"https:\/\/sites.google.com\/xtec.cat\/edc-escpausans\">Estrat\u00e8gia digital de centre (EDC)<\/a><\/td><\/tr><\/tbody><\/table><\/figure>\n","protected":false},"excerpt":{"rendered":"<p>INFORMACIONS &nbsp;DOCUMENTS DE CENTRE Calendari escolar 2025-2026 Projecte Educatiu de Centre Llibres de text 2025-2026 Projecte Ling\u00fc\u00edstic Sortides escolars 2025-2026 (1r trimestre) Normes d\u2019Organitzaci\u00f3 i Funcionament de Centre Sortides escolars 2025-2026 (2n trimestre) (Actualitzat 4-2-26) Projecte de conviv\u00e8ncia Sortides escolars 2025-2026 (3r trimestre) (Actualitzat 4-2-26) Estrat\u00e8gia digital de centre (EDC)<\/p>\n","protected":false},"author":1,"featured_media":0,"parent":22,"menu_order":70,"comment_status":"closed","ping_status":"closed","template":"","meta":{"_bbp_topic_count":0,"_bbp_reply_count":0,"_bbp_total_topic_count":0,"_bbp_total_reply_count":0,"_bbp_voice_count":0,"_bbp_anonymous_reply_count":0,"_bbp_topic_count_hidden":0,"_bbp_reply_count_hidden":0,"_bbp_forum_subforum_count":0,"site-sidebar-layout":"no-sidebar","site-content-layout":"","ast-site-content-layout":"full-width-container","site-content-style":"default","site-sidebar-style":"default","ast-global-header-display":"","ast-banner-title-visibility":"","ast-main-header-display":"","ast-hfb-above-header-display":"","ast-hfb-below-header-display":"","ast-hfb-mobile-header-display":"","site-post-title":"","ast-breadcrumbs-content":"","ast-featured-img":"","footer-sml-layout":"","theme-transparent-header-meta":"","adv-header-id-meta":"","stick-header-meta":"","header-above-stick-meta":"","header-main-stick-meta":"","header-below-stick-meta":"","astra-migrate-meta-layouts":"set","ast-page-background-enabled":"default","ast-page-background-meta":{"desktop":{"background-color":"var(--ast-global-color-4)","background-image":"","background-repeat":"repeat","background-position":"center center","background-size":"auto","background-attachment":"scroll","background-type":"","background-media":"","overlay-type":"","overlay-color":"","overlay-opacity":"","overlay-gradient":""},"tablet":{"background-color":"","background-image":"","background-repeat":"repeat","background-position":"center center","background-size":"auto","background-attachment":"scroll","background-type":"","background-media":"","overlay-type":"","overlay-color":"","overlay-opacity":"","overlay-gradient":""},"mobile":{"background-color":"","background-image":"","background-repeat":"repeat","background-position":"center center","background-size":"auto","background-attachment":"scroll","background-type":"","background-media":"","overlay-type":"","overlay-color":"","overlay-opacity":"","overlay-gradient":""}},"ast-content-background-meta":{"desktop":{"background-color":"var(--ast-global-color-5)","background-image":"","background-repeat":"repeat","background-position":"center center","background-size":"auto","background-attachment":"scroll","background-type":"","background-media":"","overlay-type":"","overlay-color":"","overlay-opacity":"","overlay-gradient":""},"tablet":{"background-color":"var(--ast-global-color-5)","background-image":"","background-repeat":"repeat","background-position":"center center","background-size":"auto","background-attachment":"scroll","background-type":"","background-media":"","overlay-type":"","overlay-color":"","overlay-opacity":"","overlay-gradient":""},"mobile":{"background-color":"var(--ast-global-color-5)","background-image":"","background-repeat":"repeat","background-position":"center center","background-size":"auto","background-attachment":"scroll","background-type":"","background-media":"","overlay-type":"","overlay-color":"","overlay-opacity":"","overlay-gradient":""}},"footnotes":""},"class_list":["post-64","page","type-page","status-publish","hentry"],"post_mailing_queue_ids":[],"_links":{"self":[{"href":"https:\/\/agora.xtec.cat\/ceippausans\/wp-json\/wp\/v2\/pages\/64","targetHints":{"allow":["GET"]}}],"collection":[{"href":"https:\/\/agora.xtec.cat\/ceippausans\/wp-json\/wp\/v2\/pages"}],"about":[{"href":"https:\/\/agora.xtec.cat\/ceippausans\/wp-json\/wp\/v2\/types\/page"}],"author":[{"embeddable":true,"href":"https:\/\/agora.xtec.cat\/ceippausans\/wp-json\/wp\/v2\/users\/1"}],"replies":[{"embeddable":true,"href":"https:\/\/agora.xtec.cat\/ceippausans\/wp-json\/wp\/v2\/comments?post=64"}],"version-history":[{"count":6,"href":"https:\/\/agora.xtec.cat\/ceippausans\/wp-json\/wp\/v2\/pages\/64\/revisions"}],"predecessor-version":[{"id":2975,"href":"https:\/\/agora.xtec.cat\/ceippausans\/wp-json\/wp\/v2\/pages\/64\/revisions\/2975"}],"up":[{"embeddable":true,"href":"https:\/\/agora.xtec.cat\/ceippausans\/wp-json\/wp\/v2\/pages\/22"}],"wp:attachment":[{"href":"https:\/\/agora.xtec.cat\/ceippausans\/wp-json\/wp\/v2\/media?parent=64"}],"curies":[{"name":"wp","href":"https:\/\/api.w.org\/{rel}","templated":true}]}}