{"id":26,"date":"2014-09-18T12:24:32","date_gmt":"2014-09-18T11:24:32","guid":{"rendered":"http:\/\/agora.xtec.cat\/ceippausans\/?page_id=26"},"modified":"2026-03-03T23:37:01","modified_gmt":"2026-03-03T22:37:01","slug":"personalcentre","status":"publish","type":"page","link":"https:\/\/agora.xtec.cat\/ceippausans\/lescola\/personalcentre\/","title":{"rendered":"Personal del centre"},"content":{"rendered":"<h2><strong><span style=\"color: #993366;\">CURS 2025\/2026\u00a0 \u00a0<\/span><\/strong><\/h2>\n<table style=\"width: 117.137%; border-style: hidden; height: 483px;\">\n<tbody>\n<tr style=\"height: 483px;\">\n<td style=\"width: 49.3656%; height: 483px; vertical-align: top;\">\n<h1><strong><span style=\"color: #0000ff;\">PERSONAL DOCENT<\/span><\/strong><\/h1>\n<h4><strong><span style=\"color: #339966;\">COMUNITAT DE PETITS<\/span><\/strong><\/h4>\n<table style=\"width: 42.8209%; height: 128px;\">\n<tbody>\n<tr style=\"height: 42px;\">\n<td style=\"width: 41.9355%; height: 42px;\"><span style=\"color: #000000;\"><strong>Infantil A<\/strong><\/span><\/td>\n<td style=\"width: 84.9188%; height: 42px;\"><span style=\"color: #000000;\"><strong>Mireia G.<\/strong><\/span><\/td>\n<\/tr>\n<tr style=\"height: 41px;\">\n<td style=\"width: 41.9355%; height: 41px;\"><span style=\"color: #000000;\"><strong>Infantil B<\/strong><\/span><\/td>\n<td style=\"width: 84.9188%; height: 41px;\"><span style=\"color: #000000;\"><strong>Georgina G.<\/strong><\/span><\/td>\n<\/tr>\n<tr style=\"height: 45px;\">\n<td style=\"width: 41.9355%; height: 45px;\"><span style=\"color: #000000;\"><strong>Infantil C<\/strong><\/span><\/td>\n<td style=\"width: 84.9188%; height: 45px;\"><span style=\"color: #000000;\"><strong>N\u00faria M.<\/strong><\/span><\/td>\n<\/tr>\n<\/tbody>\n<\/table>\n<h4><span style=\"color: #000000;\"><strong>\u00a0<\/strong><\/span><strong><span style=\"color: #339966;\">COMUNITAT DE MITJANS<\/span><\/strong><\/h4>\n<table style=\"width: 42.5653%; height: 91px;\">\n<tbody>\n<tr style=\"height: 33px;\">\n<td style=\"width: 42.9688%; height: 33px; text-align: left;\">\n<h6><span style=\"color: #000000;\"><strong>Primer<\/strong><\/span><\/h6>\n<\/td>\n<td style=\"width: 104.743%; height: 33px; text-align: left;\">\n<h6><span style=\"color: #000000;\"><strong>Carme A.<\/strong><\/span><\/h6>\n<\/td>\n<\/tr>\n<tr style=\"height: 29px;\">\n<td style=\"width: 42.9688%; height: 29px; text-align: left;\"><strong>Segon<\/strong><\/td>\n<td style=\"width: 104.743%; height: 29px; text-align: left;\">\n<h6><span style=\"color: #000000;\"><strong>Magda C.<\/strong><\/span><\/h6>\n<\/td>\n<\/tr>\n<tr style=\"height: 29px;\">\n<td style=\"width: 42.9688%; height: 29px; text-align: left;\"><strong>Tercer<\/strong><\/td>\n<td style=\"width: 104.743%; height: 29px; text-align: left;\">\n<h6><span style=\"color: #000000;\"><strong>Ana R.<\/strong><\/span><\/h6>\n<\/td>\n<\/tr>\n<\/tbody>\n<\/table>\n<h4>\u00a0<strong><span style=\"color: #339966;\">COMUNITAT DE GRANS<\/span><\/strong><\/h4>\n<table style=\"width: 42.0654%; height: 275px;\">\n<tbody>\n<tr style=\"height: 75px;\">\n<td style=\"width: 42.3358%; height: 75px;\"><strong>Quart<\/strong><\/td>\n<td style=\"width: 93.8418%; height: 75px;\">\n<h6><span style=\"color: #000000;\"><strong>Esther C.<\/strong><\/span><\/h6>\n<\/td>\n<\/tr>\n<tr style=\"height: 100px;\">\n<td style=\"width: 42.3358%; height: 100px;\"><strong>Cinqu\u00e8<\/strong><\/td>\n<td style=\"width: 93.8418%; height: 100px;\">\n<h6><strong>Maria J.<\/strong><\/h6>\n<\/td>\n<\/tr>\n<tr style=\"height: 100px;\">\n<td style=\"width: 42.3358%; height: 100px;\"><strong>Sis\u00e8<\/strong><\/td>\n<td style=\"width: 93.8418%; height: 100px;\">\n<h6><span style=\"color: #000000;\"><strong>Susana L.<\/strong><\/span><\/h6>\n<\/td>\n<\/tr>\n<\/tbody>\n<\/table>\n<h4><strong><span style=\"color: #339966;\">ESPECIALISTES<\/span><\/strong><\/h4>\n<h4><\/h4>\n<table style=\"width: 75.6553%; height: 196px;\" width=\"645\">\n<tbody>\n<tr style=\"height: 28px;\">\n<td style=\"width: 50.3101%; height: 28px;\" width=\"345\"><strong>M\u00fasica<\/strong><\/td>\n<td style=\"width: 61.7413%; height: 28px;\" width=\"300\"><strong>Ana C.<\/strong><\/td>\n<\/tr>\n<tr style=\"height: 28px;\">\n<td style=\"width: 50.3101%; height: 28px;\" width=\"345\"><strong>Ed. F\u00edsica<\/strong><\/td>\n<td style=\"width: 61.7413%; height: 28px;\" width=\"300\"><strong>Paqui M. \/\u00a0 Ana R.<\/strong><\/td>\n<\/tr>\n<tr style=\"height: 28px;\">\n<td style=\"width: 50.3101%; height: 28px;\" width=\"345\"><strong>Psicomotricitat <\/strong><\/td>\n<td style=\"width: 61.7413%; height: 28px;\" width=\"300\"><strong>M\u00f2nica R.<\/strong><\/td>\n<\/tr>\n<tr style=\"height: 28px;\">\n<td style=\"width: 50.3101%; height: 28px;\" width=\"345\"><strong>Angl\u00e8s <\/strong><\/td>\n<td style=\"width: 61.7413%; height: 28px;\" width=\"300\"><strong>Nina G.\/Mireia C.<\/strong><\/td>\n<\/tr>\n<tr style=\"height: 42px;\">\n<td style=\"width: 50.3101%; height: 42px;\" width=\"345\"><strong>Atenci\u00f3 a la diversitat<\/strong><\/td>\n<td style=\"width: 61.7413%; height: 42px;\" width=\"300\"><strong>Marian G.\/Vanessa L.<\/strong><\/td>\n<\/tr>\n<tr style=\"height: 42px;\">\n<td style=\"width: 50.3101%; height: 42px;\" width=\"345\"><strong>Aula d&#8217;acollida<\/strong><\/td>\n<td style=\"width: 61.7413%; height: 42px;\" width=\"300\"><strong>Vanessa L.<\/strong><\/td>\n<\/tr>\n<\/tbody>\n<\/table>\n<\/td>\n<td style=\"width: 49.9423%; border-style: hidden; vertical-align: top; height: 483px;\">\n<h4><strong><span style=\"color: #339966;\">EQUIP DIRECTIU<\/span><\/strong><\/h4>\n<table style=\"width: 59.2546%;\">\n<tbody>\n<tr>\n<td style=\"width: 54.1176%;\"><strong>Directora<\/strong><\/td>\n<td style=\"width: 74.7247%;\">\n<h6><span style=\"color: #000000;\">M\u00f2nica R.<\/span><\/h6>\n<\/td>\n<\/tr>\n<tr>\n<td style=\"width: 54.1176%;\"><strong>Cap d\u2019estudis<\/strong><\/td>\n<td style=\"width: 74.7247%;\">\n<h6><span style=\"color: #000000;\">Paqui M.<\/span><\/h6>\n<\/td>\n<\/tr>\n<tr>\n<td style=\"width: 54.1176%;\"><strong>Secret\u00e0ria<\/strong><\/td>\n<td style=\"width: 74.7247%;\">\n<h6><span style=\"color: #000000;\">Yolanda M.<\/span><\/h6>\n<\/td>\n<\/tr>\n<\/tbody>\n<\/table>\n<h5><\/h5>\n<h2><span style=\"color: #0000ff;\"><strong>PERSONAL NO DOCENT<\/strong><\/span><\/h2>\n<table style=\"width: 59.612%; height: 205px;\">\n<tbody>\n<tr style=\"height: 41px;\">\n<td style=\"width: 45.6045%; height: 41px;\" width=\"345\">\n<h6><span style=\"color: #000000;\"><strong>T\u00e8cnica d&#8217;Educaci\u00f3 Infantil<\/strong><\/span><\/h6>\n<\/td>\n<td style=\"width: 42.5682%; height: 41px;\" width=\"300\">\n<h6><span style=\"color: #000000;\"><strong>Elisenda R.<\/strong><\/span><\/h6>\n<\/td>\n<\/tr>\n<tr>\n<td style=\"width: 45.6045%;\">\n<h6><span style=\"color: #000000;\"><strong>EAP<\/strong><\/span><\/h6>\n<\/td>\n<td style=\"width: 42.5682%;\">\n<h6><span style=\"color: #000000;\"><strong>Ana T.<\/strong><\/span><\/h6>\n<\/td>\n<\/tr>\n<tr>\n<td style=\"width: 45.6045%;\">\n<h6><span style=\"color: #000000;\"><strong>Terapeuta familiar<\/strong><\/span><\/h6>\n<\/td>\n<td style=\"width: 42.5682%;\">\n<h6>Laura M.<\/h6>\n<\/td>\n<\/tr>\n<tr style=\"height: 41px;\">\n<td style=\"width: 45.6045%; height: 41px;\" width=\"345\">\n<h6><span style=\"color: #000000;\"><strong>Vetlladors<\/strong><\/span><\/h6>\n<\/td>\n<td style=\"width: 42.5682%; height: 41px;\" width=\"300\">\n<h6><span style=\"color: #000000;\"><strong>J\u00falia i David N.<\/strong><\/span><\/h6>\n<\/td>\n<\/tr>\n<tr style=\"height: 41px;\">\n<td style=\"width: 45.6045%; height: 41px;\" width=\"345\">\n<h6><span style=\"color: #000000;\"><strong>Conserge <\/strong><\/span><\/h6>\n<\/td>\n<td style=\"width: 42.5682%; height: 41px;\" width=\"300\">\n<h6><span style=\"color: #000000;\"><strong>Tom\u00e1s M.<\/strong><\/span><\/h6>\n<\/td>\n<\/tr>\n<tr style=\"height: 41px;\">\n<td style=\"width: 45.6045%; height: 41px;\" width=\"345\">\n<h6><span style=\"color: #000000;\"><strong>Administraci\u00f3 <\/strong><\/span><\/h6>\n<\/td>\n<td style=\"width: 42.5682%; height: 41px;\" width=\"300\">\n<h6><span style=\"color: #000000;\"><strong>Paula P.<\/strong><\/span><\/h6>\n<\/td>\n<\/tr>\n<tr style=\"height: 41px;\">\n<td style=\"width: 45.6045%; height: 41px;\" width=\"345\">\n<h6><span style=\"color: #000000;\"><strong>Neteja <\/strong><\/span><\/h6>\n<\/td>\n<td style=\"width: 42.5682%; height: 41px;\" width=\"300\">\n<h6><span style=\"color: #000000;\"><strong>Marisa L.<\/strong><\/span><\/h6>\n<\/td>\n<\/tr>\n<\/tbody>\n<\/table>\n<h6><span style=\"color: #000000;\"><strong>\u00a0<\/strong><\/span><\/h6>\n<h6><\/h6>\n<\/td>\n<\/tr>\n<\/tbody>\n<\/table>\n<div><\/div>\n<div><\/div>\n","protected":false},"excerpt":{"rendered":"<p>CURS 2025\/2026\u00a0 \u00a0 PERSONAL DOCENT COMUNITAT DE PETITS Infantil A Mireia G. Infantil B Georgina G. Infantil C N\u00faria M. \u00a0COMUNITAT DE MITJANS Primer Carme A. Segon Magda C. Tercer Ana R. \u00a0COMUNITAT DE GRANS Quart Esther C. Cinqu\u00e8 Maria J. Sis\u00e8 Susana L. ESPECIALISTES M\u00fasica Ana C. Ed. F\u00edsica Paqui M. \/\u00a0 Ana R. [&hellip;]<\/p>\n","protected":false},"author":1,"featured_media":0,"parent":22,"menu_order":20,"comment_status":"closed","ping_status":"closed","template":"","meta":{"_bbp_topic_count":0,"_bbp_reply_count":0,"_bbp_total_topic_count":0,"_bbp_total_reply_count":0,"_bbp_voice_count":0,"_bbp_anonymous_reply_count":0,"_bbp_topic_count_hidden":0,"_bbp_reply_count_hidden":0,"_bbp_forum_subforum_count":0,"site-sidebar-layout":"no-sidebar","site-content-layout":"","ast-site-content-layout":"normal-width-container","site-content-style":"default","site-sidebar-style":"default","ast-global-header-display":"","ast-banner-title-visibility":"","ast-main-header-display":"","ast-hfb-above-header-display":"","ast-hfb-below-header-display":"","ast-hfb-mobile-header-display":"","site-post-title":"","ast-breadcrumbs-content":"","ast-featured-img":"","footer-sml-layout":"","theme-transparent-header-meta":"","adv-header-id-meta":"","stick-header-meta":"","header-above-stick-meta":"","header-main-stick-meta":"","header-below-stick-meta":"","astra-migrate-meta-layouts":"set","ast-page-background-enabled":"default","ast-page-background-meta":{"desktop":{"background-color":"var(--ast-global-color-4)","background-image":"","background-repeat":"repeat","background-position":"center center","background-size":"auto","background-attachment":"scroll","background-type":"","background-media":"","overlay-type":"","overlay-color":"","overlay-opacity":"","overlay-gradient":""},"tablet":{"background-color":"","background-image":"","background-repeat":"repeat","background-position":"center center","background-size":"auto","background-attachment":"scroll","background-type":"","background-media":"","overlay-type":"","overlay-color":"","overlay-opacity":"","overlay-gradient":""},"mobile":{"background-color":"","background-image":"","background-repeat":"repeat","background-position":"center center","background-size":"auto","background-attachment":"scroll","background-type":"","background-media":"","overlay-type":"","overlay-color":"","overlay-opacity":"","overlay-gradient":""}},"ast-content-background-meta":{"desktop":{"background-color":"var(--ast-global-color-5)","background-image":"","background-repeat":"repeat","background-position":"center center","background-size":"auto","background-attachment":"scroll","background-type":"","background-media":"","overlay-type":"","overlay-color":"","overlay-opacity":"","overlay-gradient":""},"tablet":{"background-color":"var(--ast-global-color-5)","background-image":"","background-repeat":"repeat","background-position":"center center","background-size":"auto","background-attachment":"scroll","background-type":"","background-media":"","overlay-type":"","overlay-color":"","overlay-opacity":"","overlay-gradient":""},"mobile":{"background-color":"var(--ast-global-color-5)","background-image":"","background-repeat":"repeat","background-position":"center center","background-size":"auto","background-attachment":"scroll","background-type":"","background-media":"","overlay-type":"","overlay-color":"","overlay-opacity":"","overlay-gradient":""}},"footnotes":""},"class_list":["post-26","page","type-page","status-publish","hentry"],"post_mailing_queue_ids":[],"_links":{"self":[{"href":"https:\/\/agora.xtec.cat\/ceippausans\/wp-json\/wp\/v2\/pages\/26","targetHints":{"allow":["GET"]}}],"collection":[{"href":"https:\/\/agora.xtec.cat\/ceippausans\/wp-json\/wp\/v2\/pages"}],"about":[{"href":"https:\/\/agora.xtec.cat\/ceippausans\/wp-json\/wp\/v2\/types\/page"}],"author":[{"embeddable":true,"href":"https:\/\/agora.xtec.cat\/ceippausans\/wp-json\/wp\/v2\/users\/1"}],"replies":[{"embeddable":true,"href":"https:\/\/agora.xtec.cat\/ceippausans\/wp-json\/wp\/v2\/comments?post=26"}],"version-history":[{"count":6,"href":"https:\/\/agora.xtec.cat\/ceippausans\/wp-json\/wp\/v2\/pages\/26\/revisions"}],"predecessor-version":[{"id":3020,"href":"https:\/\/agora.xtec.cat\/ceippausans\/wp-json\/wp\/v2\/pages\/26\/revisions\/3020"}],"up":[{"embeddable":true,"href":"https:\/\/agora.xtec.cat\/ceippausans\/wp-json\/wp\/v2\/pages\/22"}],"wp:attachment":[{"href":"https:\/\/agora.xtec.cat\/ceippausans\/wp-json\/wp\/v2\/media?parent=26"}],"curies":[{"name":"wp","href":"https:\/\/api.w.org\/{rel}","templated":true}]}}