{"id":22,"date":"2014-09-18T12:19:57","date_gmt":"2014-09-18T10:19:57","guid":{"rendered":"http:\/\/agora.xtec.cat\/ceippausans\/?page_id=22"},"modified":"2019-05-02T13:38:54","modified_gmt":"2019-05-02T11:38:54","slug":"lescola","status":"publish","type":"page","link":"https:\/\/agora.xtec.cat\/ceippausans\/lescola\/","title":{"rendered":"L&#8217;escola"},"content":{"rendered":"<p class=\"font_8\"><span class=\"color_35\">L&#8217;Escola es declara laica, pluralista, progressista i coeducacional. Respecta les diverses creences i ideologies i salvaguarda la llibertat de consci\u00e8ncia en el marc fonamental de respecte als valors democr\u00e0tics i a la dignitat de la persona humana.<\/span><\/p>\n<p class=\"font_8\"><span class=\"color_35\">L&#8217;Escola s&#8217;insereix activament en el seu entorn sociocultural: el barri, la ciutat, la comarca, el pa\u00eds. I incorpora amb actitud oberta el seu coneixement i els seus valors culturals, a la programaci\u00f3 i a la vida col\u00b7lectiva del centre. La gesti\u00f3 del centre \u00e9s participativa.<\/span><\/p>\n<p class=\"font_8\"><span class=\"color_35\">Utilitza el catal\u00e0 com a llengua vehicular i d&#8217;aprenentatge per a tots els nivells i \u00e0rees. Per poder assolir aquest objectiu estem portant a terme un programa d&#8217;immersi\u00f3, \u00e9s a dir, que l&#8217;\u00fanica llengua emprada en l&#8217;ensenyament \u00e9s el catal\u00e0, proc\u00e9s que es va iniciar el curs 1985\/86.<\/span><\/p>\n","protected":false},"excerpt":{"rendered":"<p>L&#8217;Escola es declara laica, pluralista, progressista i coeducacional. Respecta les diverses creences i ideologies i salvaguarda la llibertat de consci\u00e8ncia en el marc fonamental de respecte als valors democr\u00e0tics i a la dignitat de la persona humana. L&#8217;Escola s&#8217;insereix activament en el seu entorn sociocultural: el barri, la ciutat, la comarca, el pa\u00eds. I incorpora [&hellip;]<\/p>\n","protected":false},"author":1,"featured_media":0,"parent":0,"menu_order":0,"comment_status":"closed","ping_status":"closed","template":"page-templates\/side-menu.php","meta":{"_bbp_topic_count":0,"_bbp_reply_count":0,"_bbp_total_topic_count":0,"_bbp_total_reply_count":0,"_bbp_voice_count":0,"_bbp_anonymous_reply_count":0,"_bbp_topic_count_hidden":0,"_bbp_reply_count_hidden":0,"_bbp_forum_subforum_count":0,"site-sidebar-layout":"default","site-content-layout":"","ast-site-content-layout":"","site-content-style":"default","site-sidebar-style":"default","ast-global-header-display":"","ast-banner-title-visibility":"","ast-main-header-display":"","ast-hfb-above-header-display":"","ast-hfb-below-header-display":"","ast-hfb-mobile-header-display":"","site-post-title":"","ast-breadcrumbs-content":"","ast-featured-img":"","footer-sml-layout":"","theme-transparent-header-meta":"","adv-header-id-meta":"","stick-header-meta":"","header-above-stick-meta":"","header-main-stick-meta":"","header-below-stick-meta":"","astra-migrate-meta-layouts":"default","ast-page-background-enabled":"default","ast-page-background-meta":{"desktop":{"background-color":"var(--ast-global-color-4)","background-image":"","background-repeat":"repeat","background-position":"center center","background-size":"auto","background-attachment":"scroll","background-type":"","background-media":"","overlay-type":"","overlay-color":"","overlay-opacity":"","overlay-gradient":""},"tablet":{"background-color":"","background-image":"","background-repeat":"repeat","background-position":"center center","background-size":"auto","background-attachment":"scroll","background-type":"","background-media":"","overlay-type":"","overlay-color":"","overlay-opacity":"","overlay-gradient":""},"mobile":{"background-color":"","background-image":"","background-repeat":"repeat","background-position":"center center","background-size":"auto","background-attachment":"scroll","background-type":"","background-media":"","overlay-type":"","overlay-color":"","overlay-opacity":"","overlay-gradient":""}},"ast-content-background-meta":{"desktop":{"background-color":"var(--ast-global-color-5)","background-image":"","background-repeat":"repeat","background-position":"center center","background-size":"auto","background-attachment":"scroll","background-type":"","background-media":"","overlay-type":"","overlay-color":"","overlay-opacity":"","overlay-gradient":""},"tablet":{"background-color":"var(--ast-global-color-5)","background-image":"","background-repeat":"repeat","background-position":"center center","background-size":"auto","background-attachment":"scroll","background-type":"","background-media":"","overlay-type":"","overlay-color":"","overlay-opacity":"","overlay-gradient":""},"mobile":{"background-color":"var(--ast-global-color-5)","background-image":"","background-repeat":"repeat","background-position":"center center","background-size":"auto","background-attachment":"scroll","background-type":"","background-media":"","overlay-type":"","overlay-color":"","overlay-opacity":"","overlay-gradient":""}},"footnotes":""},"class_list":["post-22","page","type-page","status-publish","hentry"],"post_mailing_queue_ids":[],"_links":{"self":[{"href":"https:\/\/agora.xtec.cat\/ceippausans\/wp-json\/wp\/v2\/pages\/22","targetHints":{"allow":["GET"]}}],"collection":[{"href":"https:\/\/agora.xtec.cat\/ceippausans\/wp-json\/wp\/v2\/pages"}],"about":[{"href":"https:\/\/agora.xtec.cat\/ceippausans\/wp-json\/wp\/v2\/types\/page"}],"author":[{"embeddable":true,"href":"https:\/\/agora.xtec.cat\/ceippausans\/wp-json\/wp\/v2\/users\/1"}],"replies":[{"embeddable":true,"href":"https:\/\/agora.xtec.cat\/ceippausans\/wp-json\/wp\/v2\/comments?post=22"}],"version-history":[{"count":2,"href":"https:\/\/agora.xtec.cat\/ceippausans\/wp-json\/wp\/v2\/pages\/22\/revisions"}],"predecessor-version":[{"id":737,"href":"https:\/\/agora.xtec.cat\/ceippausans\/wp-json\/wp\/v2\/pages\/22\/revisions\/737"}],"wp:attachment":[{"href":"https:\/\/agora.xtec.cat\/ceippausans\/wp-json\/wp\/v2\/media?parent=22"}],"curies":[{"name":"wp","href":"https:\/\/api.w.org\/{rel}","templated":true}]}}