{"id":36,"date":"2014-09-18T12:33:11","date_gmt":"2014-09-18T11:33:11","guid":{"rendered":"http:\/\/agora.xtec.cat\/ceippaucasalssabadell\/?page_id=36"},"modified":"2024-06-28T21:00:02","modified_gmt":"2024-06-28T19:00:02","slug":"material-escolar","status":"publish","type":"page","link":"https:\/\/agora.xtec.cat\/ceippaucasalssabadell\/lescola\/material-escolar\/","title":{"rendered":"Reutilitzaci\u00f3 de llibres"},"content":{"rendered":"<p>El primer any que es va iniciar aquest sistema de reutilitzar els llibres de text va ser el curs 2000-01, tal com recull l\u2019acta del Consell Escolar del 17 de maig del 2000. En aquell moment, es va decidir que es quedarien alguns llibres a cicle mitj\u00e0 i superior per comen\u00e7ar el curs seg\u00fcent. Molts llibres van quedar en mal estat i va ser necessari fer una gran reposici\u00f3. Any rere any els alumnes tenen m\u00e9s cura dels llibres pel seguiment que se\u2019n fa, en alguns casos m\u00e9s que del material propi, i s\u00f3n un element m\u00e9s per treballar aquest h\u00e0bit.<\/p>\n<p><a href=\"https:\/\/agora.xtec.cat\/ceippaucasalssabadell\/wp-content\/uploads\/usu758\/2024\/06\/Llibres-reutilitzats-24-25.pdf\">LLIBRES REUTILITZATS<\/a><\/p>\n","protected":false},"excerpt":{"rendered":"<p>El primer any que es va iniciar aquest sistema de reutilitzar els llibres de text va ser el curs 2000-01, tal com recull l\u2019acta del Consell Escolar del 17 de maig del 2000. En aquell moment, es va decidir que es quedarien alguns llibres a&hellip;  <a href=\"https:\/\/agora.xtec.cat\/ceippaucasalssabadell\/lescola\/material-escolar\/\" title=\"Read Reutilitzaci\u00f3 de llibres\">Llegeix m\u00e9s\u00bb<\/a><\/p>\n","protected":false},"author":1,"featured_media":0,"parent":22,"menu_order":70,"comment_status":"closed","ping_status":"closed","template":"page-templates\/side-menu.php","meta":{"_bbp_topic_count":0,"_bbp_reply_count":0,"_bbp_total_topic_count":0,"_bbp_total_reply_count":0,"_bbp_voice_count":0,"_bbp_anonymous_reply_count":0,"_bbp_topic_count_hidden":0,"_bbp_reply_count_hidden":0,"_bbp_forum_subforum_count":0,"footnotes":""},"class_list":["post-36","page","type-page","status-publish","hentry"],"post_mailing_queue_ids":[],"_links":{"self":[{"href":"https:\/\/agora.xtec.cat\/ceippaucasalssabadell\/wp-json\/wp\/v2\/pages\/36","targetHints":{"allow":["GET"]}}],"collection":[{"href":"https:\/\/agora.xtec.cat\/ceippaucasalssabadell\/wp-json\/wp\/v2\/pages"}],"about":[{"href":"https:\/\/agora.xtec.cat\/ceippaucasalssabadell\/wp-json\/wp\/v2\/types\/page"}],"author":[{"embeddable":true,"href":"https:\/\/agora.xtec.cat\/ceippaucasalssabadell\/wp-json\/wp\/v2\/users\/1"}],"replies":[{"embeddable":true,"href":"https:\/\/agora.xtec.cat\/ceippaucasalssabadell\/wp-json\/wp\/v2\/comments?post=36"}],"version-history":[{"count":5,"href":"https:\/\/agora.xtec.cat\/ceippaucasalssabadell\/wp-json\/wp\/v2\/pages\/36\/revisions"}],"predecessor-version":[{"id":4053,"href":"https:\/\/agora.xtec.cat\/ceippaucasalssabadell\/wp-json\/wp\/v2\/pages\/36\/revisions\/4053"}],"up":[{"embeddable":true,"href":"https:\/\/agora.xtec.cat\/ceippaucasalssabadell\/wp-json\/wp\/v2\/pages\/22"}],"wp:attachment":[{"href":"https:\/\/agora.xtec.cat\/ceippaucasalssabadell\/wp-json\/wp\/v2\/media?parent=36"}],"curies":[{"name":"wp","href":"https:\/\/api.w.org\/{rel}","templated":true}]}}