{"id":34,"date":"2014-09-18T12:32:18","date_gmt":"2014-09-18T11:32:18","guid":{"rendered":"http:\/\/agora.xtec.cat\/ceippaucasalssabadell\/?page_id=34"},"modified":"2019-02-13T10:24:02","modified_gmt":"2019-02-13T09:24:02","slug":"oferta-educativa","status":"publish","type":"page","link":"https:\/\/agora.xtec.cat\/ceippaucasalssabadell\/lescola\/oferta-educativa\/","title":{"rendered":"Projecte Educatiu"},"content":{"rendered":"<h3><strong>\u00a0<\/strong><\/h3>\n<p style=\"text-align: justify;\">Som una escola que imparteix ensenyament d\u2019Educaci\u00f3 Infantil (3 a 5 anys) i Educaci\u00f3 Prim\u00e0ria (6 a 12 anys).<br \/>\nA la nostra escola hi trobareu un espai de treball on considerem importants valors com: el respecte, la toler\u00e0ncia, la reflexi\u00f3 cr\u00edtica, l\u2019actitud de di\u00e0leg i la solidaritat, la sensibilitat pel medi ambient\u2026<\/p>\n<p style=\"text-align: justify;\">Potenciem la participaci\u00f3 activa i la creativitat dels nens i les nenes, propiciant que aprenguin a partir de l\u2019experimentaci\u00f3 i del coneixement de l\u2019entorn. Plantegem diferents tipus d\u2019agrupaments per tal de desenvolupar millor les capacitats dels nostres alumnes.Fomentem la participaci\u00f3 de les mares i els pares en l\u2019organitzaci\u00f3 de l\u2019escola mitjan\u00e7ant la seva representaci\u00f3 al Consell Escolar i a l\u2019Associaci\u00f3 de Mares i Pares dels Alumnes (AMPA).<\/p>\n<p style=\"text-align: justify;\">Lleng\u00fces estrangeres: angl\u00e8s des d&#8217;educaci\u00f3 infantil. L\u2019objectiu \u00e9s apropar l\u2019alumne a situacions reals, amb el suport dels mitjans audiovisuals tot procurant que sigui d\u2019una manera agradable i engrescadora.<br \/>\nNoves tecnologies: l\u2019alumne, des de la incorporaci\u00f3 a l\u2019escola, utilitza la inform\u00e0tica com a eina de treball i comunicaci\u00f3, l\u2019apropem a la interpretaci\u00f3 del llenguatge audiovisual.<br \/>\nM\u00fasica:impartim el llenguatge musical a tots els nivells. A partir de 4rt s\u2019inicia l\u2019aprenentatge d\u2019un instrument: la flauta.<br \/>\nActivitats complement\u00e0ries: col\u00f2nies a partir de p\u00e0rvuls 4 anys. Sortides per con\u00e8ixer l\u2019entorn i la natura. Celebraci\u00f3 de les festes tradicionals ( Castanyada, Nadal, Carnestoltes , Sant Jordi ) i la Festa de fi de curs.<\/p>\n<p style=\"text-align: justify;\">Si esteu interessats aqu\u00ed podeu llegir<a href=\"http:\/\/agora.xtec.cat\/ceippaucasalssabadell\/wp-content\/uploads\/usu758\/2017\/11\/PEC-JUNY-2017.pdf\" target=\"_blank\" rel=\"noopener noreferrer\"> el Projecte Educatiu complert<\/a>.<\/p>\n","protected":false},"excerpt":{"rendered":"<p>\u00a0<br \/>\nSom una escola que imparteix ensenyament d\u2019Educaci\u00f3 Infantil (3 a 5 anys) i Educaci\u00f3 Prim\u00e0ria (6 a 12 anys).<br \/>\nA la nostra escola hi trobareu un espai de treball on considerem importants valors com: el respecte, la toler\u00e0ncia, la reflexi\u00f3 cr\u00edtica, l\u2019actitud de di\u00e0leg i la&hellip;  <a href=\"https:\/\/agora.xtec.cat\/ceippaucasalssabadell\/lescola\/oferta-educativa\/\" title=\"Read Projecte Educatiu\">Llegeix m\u00e9s\u00bb<\/a><\/p>\n","protected":false},"author":1,"featured_media":0,"parent":22,"menu_order":60,"comment_status":"closed","ping_status":"closed","template":"page-templates\/side-menu.php","meta":{"_bbp_topic_count":0,"_bbp_reply_count":0,"_bbp_total_topic_count":0,"_bbp_total_reply_count":0,"_bbp_voice_count":0,"_bbp_anonymous_reply_count":0,"_bbp_topic_count_hidden":0,"_bbp_reply_count_hidden":0,"_bbp_forum_subforum_count":0,"footnotes":""},"class_list":["post-34","page","type-page","status-publish","hentry"],"post_mailing_queue_ids":[],"_links":{"self":[{"href":"https:\/\/agora.xtec.cat\/ceippaucasalssabadell\/wp-json\/wp\/v2\/pages\/34","targetHints":{"allow":["GET"]}}],"collection":[{"href":"https:\/\/agora.xtec.cat\/ceippaucasalssabadell\/wp-json\/wp\/v2\/pages"}],"about":[{"href":"https:\/\/agora.xtec.cat\/ceippaucasalssabadell\/wp-json\/wp\/v2\/types\/page"}],"author":[{"embeddable":true,"href":"https:\/\/agora.xtec.cat\/ceippaucasalssabadell\/wp-json\/wp\/v2\/users\/1"}],"replies":[{"embeddable":true,"href":"https:\/\/agora.xtec.cat\/ceippaucasalssabadell\/wp-json\/wp\/v2\/comments?post=34"}],"version-history":[{"count":3,"href":"https:\/\/agora.xtec.cat\/ceippaucasalssabadell\/wp-json\/wp\/v2\/pages\/34\/revisions"}],"predecessor-version":[{"id":2483,"href":"https:\/\/agora.xtec.cat\/ceippaucasalssabadell\/wp-json\/wp\/v2\/pages\/34\/revisions\/2483"}],"up":[{"embeddable":true,"href":"https:\/\/agora.xtec.cat\/ceippaucasalssabadell\/wp-json\/wp\/v2\/pages\/22"}],"wp:attachment":[{"href":"https:\/\/agora.xtec.cat\/ceippaucasalssabadell\/wp-json\/wp\/v2\/media?parent=34"}],"curies":[{"name":"wp","href":"https:\/\/api.w.org\/{rel}","templated":true}]}}