{"id":2646,"date":"2019-11-19T11:23:39","date_gmt":"2019-11-19T10:23:39","guid":{"rendered":"http:\/\/agora.xtec.cat\/ceippaucasalssabadell\/?page_id=2646"},"modified":"2025-10-18T19:32:33","modified_gmt":"2025-10-18T17:32:33","slug":"dossier-families","status":"publish","type":"page","link":"https:\/\/agora.xtec.cat\/ceippaucasalssabadell\/lescola\/dossier-families\/","title":{"rendered":"Butlleti d&#8217;inici de curs i dossiers a les fam\u00edlies"},"content":{"rendered":"<p><a href=\"https:\/\/agora.xtec.cat\/ceippaucasalssabadell\/wp-content\/uploads\/usu758\/2025\/09\/Inici-de-curs-2025-2026.pdf\">Butllet\u00ed d&#8217;inici de curs<\/a><\/p>\n<p>Aqu\u00ed podeu trobar els diferents dossiers de nivell que enviarem per correu despr\u00e9s de la reuni\u00f3 d&#8217;inici de curs.<\/p>\n<p><a href=\"https:\/\/agora.xtec.cat\/ceippaucasalssabadell\/wp-content\/uploads\/usu758\/2025\/10\/Dossier-families-I3-25-26.pdf\">Dossier d&#8217;I3<\/a><\/p>\n<p><a href=\"https:\/\/agora.xtec.cat\/ceippaucasalssabadell\/wp-content\/uploads\/usu758\/2025\/10\/Dossier-families-I4-25-26.pdf\">Dossier d&#8217;I4<\/a><\/p>\n<p><a href=\"https:\/\/agora.xtec.cat\/ceippaucasalssabadell\/wp-content\/uploads\/usu758\/2025\/10\/Dossier-families-I5-25-26.pdf\">Dossier d&#8217;I5<\/a><\/p>\n<p><a href=\"https:\/\/agora.xtec.cat\/ceippaucasalssabadell\/wp-content\/uploads\/usu758\/2025\/10\/Dossier-families-1r-25-26.pdf\">Dossier de 1r<\/a><\/p>\n<p><a href=\"https:\/\/agora.xtec.cat\/ceippaucasalssabadell\/wp-content\/uploads\/usu758\/2025\/10\/Dossier-families-2n-25-26.pdf\">Dossier de 2n<\/a><\/p>\n<p><a href=\"https:\/\/agora.xtec.cat\/ceippaucasalssabadell\/wp-content\/uploads\/usu758\/2025\/10\/Dossier-families-3r-25-26.pdf\">Dossier de 3r<\/a><\/p>\n<p><a href=\"https:\/\/agora.xtec.cat\/ceippaucasalssabadell\/wp-content\/uploads\/usu758\/2025\/10\/Dossier-families-4t-25-26.pdf\">Dossier de 4t<\/a><\/p>\n<p><a href=\"https:\/\/agora.xtec.cat\/ceippaucasalssabadell\/wp-content\/uploads\/usu758\/2025\/10\/Dossier-families-5e-25-26.pdf\">Dossier de 5\u00e8<\/a><\/p>\n<p><a href=\"https:\/\/agora.xtec.cat\/ceippaucasalssabadell\/wp-content\/uploads\/usu758\/2025\/10\/Dossier-families-6e-25-26.pdf\">Dossier de 6\u00e8<\/a><\/p>\n","protected":false},"excerpt":{"rendered":"<p><a href=\"https:\/\/agora.xtec.cat\/ceippaucasalssabadell\/wp-content\/uploads\/usu758\/2025\/09\/Inici-de-curs-2025-2026.pdf\">Butllet\u00ed d&#8217;inici de curs<\/a><br \/>\nAqu\u00ed podeu trobar els diferents dossiers de nivell que enviarem per correu despr\u00e9s de la reuni\u00f3 d&#8217;inici de curs.<br \/>\n<a href=\"https:\/\/agora.xtec.cat\/ceippaucasalssabadell\/wp-content\/uploads\/usu758\/2025\/10\/Dossier-families-I3-25-26.pdf\">Dossier d&#8217;I3<\/a><br \/>\n<a href=\"https:\/\/agora.xtec.cat\/ceippaucasalssabadell\/wp-content\/uploads\/usu758\/2025\/10\/Dossier-families-I4-25-26.pdf\">Dossier d&#8217;I4<\/a><br \/>\n<a href=\"https:\/\/agora.xtec.cat\/ceippaucasalssabadell\/wp-content\/uploads\/usu758\/2025\/10\/Dossier-families-I5-25-26.pdf\">Dossier d&#8217;I5<\/a><br \/>\n<a href=\"https:\/\/agora.xtec.cat\/ceippaucasalssabadell\/wp-content\/uploads\/usu758\/2025\/10\/Dossier-families-1r-25-26.pdf\">Dossier de 1r<\/a><br \/>\n<a href=\"https:\/\/agora.xtec.cat\/ceippaucasalssabadell\/wp-content\/uploads\/usu758\/2025\/10\/Dossier-families-2n-25-26.pdf\">Dossier de 2n<\/a><br \/>\n<a href=\"https:\/\/agora.xtec.cat\/ceippaucasalssabadell\/wp-content\/uploads\/usu758\/2025\/10\/Dossier-families-3r-25-26.pdf\">Dossier de 3r<\/a><br \/>\n<a href=\"https:\/\/agora.xtec.cat\/ceippaucasalssabadell\/wp-content\/uploads\/usu758\/2025\/10\/Dossier-families-4t-25-26.pdf\">Dossier de 4t<\/a><br \/>\n<a href=\"https:\/\/agora.xtec.cat\/ceippaucasalssabadell\/wp-content\/uploads\/usu758\/2025\/10\/Dossier-families-5e-25-26.pdf\">Dossier de 5\u00e8<\/a><br \/>\n<a href=\"https:\/\/agora.xtec.cat\/ceippaucasalssabadell\/wp-content\/uploads\/usu758\/2025\/10\/Dossier-families-6e-25-26.pdf\">Dossier&hellip;  <a href=\"https:\/\/agora.xtec.cat\/ceippaucasalssabadell\/lescola\/dossier-families\/\" title=\"Read Butlleti d&#8217;inici de curs i dossiers a les fam\u00edlies\">Llegeix m\u00e9s\u00bb<\/a><\/p>\n","protected":false},"author":1,"featured_media":0,"parent":22,"menu_order":0,"comment_status":"closed","ping_status":"closed","template":"page-templates\/side-menu.php","meta":{"_bbp_topic_count":0,"_bbp_reply_count":0,"_bbp_total_topic_count":0,"_bbp_total_reply_count":0,"_bbp_voice_count":0,"_bbp_anonymous_reply_count":0,"_bbp_topic_count_hidden":0,"_bbp_reply_count_hidden":0,"_bbp_forum_subforum_count":0,"footnotes":""},"class_list":["post-2646","page","type-page","status-publish","hentry"],"post_mailing_queue_ids":[],"_links":{"self":[{"href":"https:\/\/agora.xtec.cat\/ceippaucasalssabadell\/wp-json\/wp\/v2\/pages\/2646","targetHints":{"allow":["GET"]}}],"collection":[{"href":"https:\/\/agora.xtec.cat\/ceippaucasalssabadell\/wp-json\/wp\/v2\/pages"}],"about":[{"href":"https:\/\/agora.xtec.cat\/ceippaucasalssabadell\/wp-json\/wp\/v2\/types\/page"}],"author":[{"embeddable":true,"href":"https:\/\/agora.xtec.cat\/ceippaucasalssabadell\/wp-json\/wp\/v2\/users\/1"}],"replies":[{"embeddable":true,"href":"https:\/\/agora.xtec.cat\/ceippaucasalssabadell\/wp-json\/wp\/v2\/comments?post=2646"}],"version-history":[{"count":6,"href":"https:\/\/agora.xtec.cat\/ceippaucasalssabadell\/wp-json\/wp\/v2\/pages\/2646\/revisions"}],"predecessor-version":[{"id":4495,"href":"https:\/\/agora.xtec.cat\/ceippaucasalssabadell\/wp-json\/wp\/v2\/pages\/2646\/revisions\/4495"}],"up":[{"embeddable":true,"href":"https:\/\/agora.xtec.cat\/ceippaucasalssabadell\/wp-json\/wp\/v2\/pages\/22"}],"wp:attachment":[{"href":"https:\/\/agora.xtec.cat\/ceippaucasalssabadell\/wp-json\/wp\/v2\/media?parent=2646"}],"curies":[{"name":"wp","href":"https:\/\/api.w.org\/{rel}","templated":true}]}}