{"id":26,"date":"2014-09-18T12:24:32","date_gmt":"2014-09-18T11:24:32","guid":{"rendered":"http:\/\/agora.xtec.cat\/ceippaucasalssabadell\/?page_id=26"},"modified":"2016-01-06T18:49:59","modified_gmt":"2016-01-06T17:49:59","slug":"historia","status":"publish","type":"page","link":"https:\/\/agora.xtec.cat\/ceippaucasalssabadell\/lescola\/historia\/","title":{"rendered":"Hist\u00f2ria"},"content":{"rendered":"<p><strong>UNA MICA D&#8217;HIST\u00d2RIA<\/strong><\/p>\n<p style=\"text-align: justify;\">Els pl\u00e0nols de l&#8217;escola es van elaborar amb el nom de &#8220;Sant Raimundo de Pe\u00f1afort&#8221;, un dominic i jurista catal\u00e0 del segle XII. Arrel de l&#8217;assassinat de l&#8217;home fort del govern de Franco, Carrero Blanco, al desembre de 1973, el r\u00e8gim va voler retre homenatge a aquest almirall, i carrers, places i escoles com la nostra van ser batejades amb el seu nom.<br \/>\nL&#8217;escola es va estrenar al setembre de 1974 amb el nom de &#8220;Colegio Nacional Carrero Blanco&#8221;. Alguns cr\u00edtics amb la situaci\u00f3 van fer que una nit del curs 1979-80 &#8220;la lluna&#8221; s&#8217;emport\u00e9s les dues &#8220;O&#8221; i aix\u00ed va ser coneguda tamb\u00e9 com l&#8217;escola &#8220;Carrer Blanc&#8221;.<br \/>\nVa ser el curs 1981-82 quan despr\u00e9s d&#8217;un proc\u00e9s participatiu de tota la comunitat educativa es va triar la denominaci\u00f3 &#8220;Col\u00b7legi P\u00fablic Pau Casals&#8221; en honor al gran m\u00fasic catal\u00e0 i universal d&#8217;entre cinc noms possibles: Lola Anglada, Pau Vila, Pau Picasso, Pere Quart i Pau Casals.<\/p>\n","protected":false},"excerpt":{"rendered":"<p>UNA MICA D&#8217;HIST\u00d2RIA<br \/>\nEls pl\u00e0nols de l&#8217;escola es van elaborar amb el nom de &#8220;Sant Raimundo de Pe\u00f1afort&#8221;, un dominic i jurista catal\u00e0 del segle XII. Arrel de l&#8217;assassinat de l&#8217;home fort del govern de Franco, Carrero Blanco, al desembre de 1973, el r\u00e8gim va voler&hellip;  <a href=\"https:\/\/agora.xtec.cat\/ceippaucasalssabadell\/lescola\/historia\/\" title=\"Read Hist\u00f2ria\">Llegeix m\u00e9s\u00bb<\/a><\/p>\n","protected":false},"author":1,"featured_media":0,"parent":22,"menu_order":20,"comment_status":"closed","ping_status":"closed","template":"page-templates\/side-menu.php","meta":{"_bbp_topic_count":0,"_bbp_reply_count":0,"_bbp_total_topic_count":0,"_bbp_total_reply_count":0,"_bbp_voice_count":0,"_bbp_anonymous_reply_count":0,"_bbp_topic_count_hidden":0,"_bbp_reply_count_hidden":0,"_bbp_forum_subforum_count":0,"footnotes":""},"class_list":["post-26","page","type-page","status-publish","hentry"],"post_mailing_queue_ids":[],"_links":{"self":[{"href":"https:\/\/agora.xtec.cat\/ceippaucasalssabadell\/wp-json\/wp\/v2\/pages\/26","targetHints":{"allow":["GET"]}}],"collection":[{"href":"https:\/\/agora.xtec.cat\/ceippaucasalssabadell\/wp-json\/wp\/v2\/pages"}],"about":[{"href":"https:\/\/agora.xtec.cat\/ceippaucasalssabadell\/wp-json\/wp\/v2\/types\/page"}],"author":[{"embeddable":true,"href":"https:\/\/agora.xtec.cat\/ceippaucasalssabadell\/wp-json\/wp\/v2\/users\/1"}],"replies":[{"embeddable":true,"href":"https:\/\/agora.xtec.cat\/ceippaucasalssabadell\/wp-json\/wp\/v2\/comments?post=26"}],"version-history":[{"count":2,"href":"https:\/\/agora.xtec.cat\/ceippaucasalssabadell\/wp-json\/wp\/v2\/pages\/26\/revisions"}],"predecessor-version":[{"id":195,"href":"https:\/\/agora.xtec.cat\/ceippaucasalssabadell\/wp-json\/wp\/v2\/pages\/26\/revisions\/195"}],"up":[{"embeddable":true,"href":"https:\/\/agora.xtec.cat\/ceippaucasalssabadell\/wp-json\/wp\/v2\/pages\/22"}],"wp:attachment":[{"href":"https:\/\/agora.xtec.cat\/ceippaucasalssabadell\/wp-json\/wp\/v2\/media?parent=26"}],"curies":[{"name":"wp","href":"https:\/\/api.w.org\/{rel}","templated":true}]}}