{"id":2517,"date":"2019-03-14T13:09:20","date_gmt":"2019-03-14T12:09:20","guid":{"rendered":"http:\/\/agora.xtec.cat\/ceippaucasalssabadell\/?page_id=2517"},"modified":"2023-09-08T20:55:58","modified_gmt":"2023-09-08T18:55:58","slug":"projecte-gep-angles","status":"publish","type":"page","link":"https:\/\/agora.xtec.cat\/ceippaucasalssabadell\/lescola\/projecte-gep-angles\/","title":{"rendered":"Projecte d&#8217;innovaci\u00f3 GEP"},"content":{"rendered":"<p>A l\u2019escola som conscients que, en un m\u00f3n cada vegada m\u00e9s complex, el domini de les lleng\u00fces \u00e9s imprescindible. Per aix\u00f2, el curs 2017-18, vam comen\u00e7ar a formar part d\u2019un programa d\u2019innovaci\u00f3 educativa, el\u00a0<strong>GEP<\/strong>\u00a0(Generaci\u00f3 Pluriling\u00fce) per al desenvolupament de les lleng\u00fces estrangeres.<\/p>\n<p>L\u2019objectiu principal d\u2019aquest programa \u00e9s augmentar la compet\u00e8ncia ling\u00fc\u00edstica en lleng\u00fces estrangeres dels nostres alumnes. Aquest objectiu el volem aconseguir incrementant el grau d\u2019exposici\u00f3 a trav\u00e9s de la integraci\u00f3 de l\u2019angl\u00e8s en altres \u00e0rees. \u00a0En el nostre cas, la pl\u00e0stica.<\/p>\n<p><a href=\"https:\/\/padlet.com\/montseolmoscreus\/kmv4cy91r97x\">GEP 1 &amp; GEP 2<\/a><\/p>\n<p><a href=\"https:\/\/blocs.xtec.cat\/pau20082008\/projecte-gep\/\">PROJECT ABOUT GUSTAV KLIMT<\/a><\/p>\n","protected":false},"excerpt":{"rendered":"<p>A l\u2019escola som conscients que, en un m\u00f3n cada vegada m\u00e9s complex, el domini de les lleng\u00fces \u00e9s imprescindible. Per aix\u00f2, el curs 2017-18, vam comen\u00e7ar a formar part d\u2019un programa d\u2019innovaci\u00f3 educativa, el\u00a0GEP\u00a0(Generaci\u00f3 Pluriling\u00fce) per al desenvolupament de les lleng\u00fces estrangeres.<br \/>\nL\u2019objectiu principal d\u2019aquest programa&hellip;  <a href=\"https:\/\/agora.xtec.cat\/ceippaucasalssabadell\/lescola\/projecte-gep-angles\/\" title=\"Read Projecte d&#8217;innovaci\u00f3 GEP\">Llegeix m\u00e9s\u00bb<\/a><\/p>\n","protected":false},"author":1,"featured_media":0,"parent":22,"menu_order":0,"comment_status":"closed","ping_status":"closed","template":"page-templates\/side-menu.php","meta":{"_bbp_topic_count":0,"_bbp_reply_count":0,"_bbp_total_topic_count":0,"_bbp_total_reply_count":0,"_bbp_voice_count":0,"_bbp_anonymous_reply_count":0,"_bbp_topic_count_hidden":0,"_bbp_reply_count_hidden":0,"_bbp_forum_subforum_count":0,"footnotes":""},"class_list":["post-2517","page","type-page","status-publish","hentry"],"post_mailing_queue_ids":[],"_links":{"self":[{"href":"https:\/\/agora.xtec.cat\/ceippaucasalssabadell\/wp-json\/wp\/v2\/pages\/2517","targetHints":{"allow":["GET"]}}],"collection":[{"href":"https:\/\/agora.xtec.cat\/ceippaucasalssabadell\/wp-json\/wp\/v2\/pages"}],"about":[{"href":"https:\/\/agora.xtec.cat\/ceippaucasalssabadell\/wp-json\/wp\/v2\/types\/page"}],"author":[{"embeddable":true,"href":"https:\/\/agora.xtec.cat\/ceippaucasalssabadell\/wp-json\/wp\/v2\/users\/1"}],"replies":[{"embeddable":true,"href":"https:\/\/agora.xtec.cat\/ceippaucasalssabadell\/wp-json\/wp\/v2\/comments?post=2517"}],"version-history":[{"count":3,"href":"https:\/\/agora.xtec.cat\/ceippaucasalssabadell\/wp-json\/wp\/v2\/pages\/2517\/revisions"}],"predecessor-version":[{"id":3719,"href":"https:\/\/agora.xtec.cat\/ceippaucasalssabadell\/wp-json\/wp\/v2\/pages\/2517\/revisions\/3719"}],"up":[{"embeddable":true,"href":"https:\/\/agora.xtec.cat\/ceippaucasalssabadell\/wp-json\/wp\/v2\/pages\/22"}],"wp:attachment":[{"href":"https:\/\/agora.xtec.cat\/ceippaucasalssabadell\/wp-json\/wp\/v2\/media?parent=2517"}],"curies":[{"name":"wp","href":"https:\/\/api.w.org\/{rel}","templated":true}]}}