{"id":2496,"date":"2019-02-18T13:14:42","date_gmt":"2019-02-18T12:14:42","guid":{"rendered":"http:\/\/agora.xtec.cat\/ceippaucasalssabadell\/?page_id=2496"},"modified":"2022-06-23T10:34:49","modified_gmt":"2022-06-23T08:34:49","slug":"projecte-linguistic-de-centre","status":"publish","type":"page","link":"https:\/\/agora.xtec.cat\/ceippaucasalssabadell\/lescola\/projecte-linguistic-de-centre\/","title":{"rendered":"Projecte Ling\u00fc\u00edstic de Centre"},"content":{"rendered":"<p>Cliqueu sobre l&#8217;enlla\u00e7 per con\u00e8ixer el nostre <a href=\"https:\/\/agora.xtec.cat\/ceippaucasalssabadell\/wp-content\/uploads\/usu758\/2022\/06\/D5.-PLC-Projecte-Linguistic-Centre.pdf\">D5. PLC &#8211; Projecte Ling\u00fc\u00edstic Centre<\/a><\/p>\n","protected":false},"excerpt":{"rendered":"<p>Cliqueu sobre l&#8217;enlla\u00e7 per con\u00e8ixer el nostre <a href=\"https:\/\/agora.xtec.cat\/ceippaucasalssabadell\/wp-content\/uploads\/usu758\/2022\/06\/D5.-PLC-Projecte-Linguistic-Centre.pdf\">D5. PLC &#8211; Projecte Ling\u00fc\u00edstic Centre<\/a><\/p>\n","protected":false},"author":1,"featured_media":0,"parent":22,"menu_order":0,"comment_status":"closed","ping_status":"closed","template":"page-templates\/side-menu.php","meta":{"_bbp_topic_count":0,"_bbp_reply_count":0,"_bbp_total_topic_count":0,"_bbp_total_reply_count":0,"_bbp_voice_count":0,"_bbp_anonymous_reply_count":0,"_bbp_topic_count_hidden":0,"_bbp_reply_count_hidden":0,"_bbp_forum_subforum_count":0,"footnotes":""},"class_list":["post-2496","page","type-page","status-publish","hentry"],"post_mailing_queue_ids":[],"_links":{"self":[{"href":"https:\/\/agora.xtec.cat\/ceippaucasalssabadell\/wp-json\/wp\/v2\/pages\/2496","targetHints":{"allow":["GET"]}}],"collection":[{"href":"https:\/\/agora.xtec.cat\/ceippaucasalssabadell\/wp-json\/wp\/v2\/pages"}],"about":[{"href":"https:\/\/agora.xtec.cat\/ceippaucasalssabadell\/wp-json\/wp\/v2\/types\/page"}],"author":[{"embeddable":true,"href":"https:\/\/agora.xtec.cat\/ceippaucasalssabadell\/wp-json\/wp\/v2\/users\/1"}],"replies":[{"embeddable":true,"href":"https:\/\/agora.xtec.cat\/ceippaucasalssabadell\/wp-json\/wp\/v2\/comments?post=2496"}],"version-history":[{"count":3,"href":"https:\/\/agora.xtec.cat\/ceippaucasalssabadell\/wp-json\/wp\/v2\/pages\/2496\/revisions"}],"predecessor-version":[{"id":3437,"href":"https:\/\/agora.xtec.cat\/ceippaucasalssabadell\/wp-json\/wp\/v2\/pages\/2496\/revisions\/3437"}],"up":[{"embeddable":true,"href":"https:\/\/agora.xtec.cat\/ceippaucasalssabadell\/wp-json\/wp\/v2\/pages\/22"}],"wp:attachment":[{"href":"https:\/\/agora.xtec.cat\/ceippaucasalssabadell\/wp-json\/wp\/v2\/media?parent=2496"}],"curies":[{"name":"wp","href":"https:\/\/api.w.org\/{rel}","templated":true}]}}