{"id":205,"date":"2016-01-06T19:17:47","date_gmt":"2016-01-06T18:17:47","guid":{"rendered":"http:\/\/agora.xtec.cat\/ceippaucasalssabadell\/?page_id=205"},"modified":"2025-09-09T20:27:55","modified_gmt":"2025-09-09T18:27:55","slug":"personal-del-centre","status":"publish","type":"page","link":"https:\/\/agora.xtec.cat\/ceippaucasalssabadell\/lescola\/personal-del-centre\/","title":{"rendered":"Personal del centre"},"content":{"rendered":"<p><span style=\"font-size: 14pt;\"><strong><u>EQUIP DIRECTIU<\/u><\/strong><\/span><\/p>\n<p><strong>DIRECTORA:<\/strong> Maria Pla<\/p>\n<p><strong>CAP D\u2019ESTUDIS:<\/strong> Pilar Linares<\/p>\n<p><strong>SECRET\u00c0RIA:<\/strong> Maria Gatell<\/p>\n<p><span style=\"font-size: 14pt;\"><strong><u>EDUCACI\u00d3 INFANTIL <\/u><\/strong><\/span><\/p>\n<table style=\"width: 33.8888%; height: 294px;\">\n<tbody>\n<tr style=\"height: 46px;\">\n<td style=\"height: 38px; width: 26.3393%; text-align: center;\"><span style=\"font-size: 12pt;\"><strong>I3 A<\/strong><\/span><\/td>\n<td style=\"height: 38px; width: 70.5357%;\"><span style=\"font-weight: 400; font-size: 12pt;\">Laura Torres<\/span><\/td>\n<\/tr>\n<tr style=\"height: 46px;\">\n<td style=\"height: 37px; width: 26.3393%; text-align: center;\"><span style=\"font-size: 12pt;\"><strong>I3 B<\/strong><\/span><\/td>\n<td style=\"height: 37px; width: 70.5357%;\"><span style=\"font-weight: 400; font-size: 12pt;\">Maria Rourich<\/span><\/td>\n<\/tr>\n<tr style=\"height: 46px;\">\n<td style=\"height: 36px; width: 26.3393%; text-align: center;\"><span style=\"font-size: 12pt;\"><strong>I4 A<\/strong><\/span><\/td>\n<td style=\"width: 70.5357%;\"><span style=\"font-weight: 400; font-size: 12pt;\">Bea Trallero<\/span><\/td>\n<\/tr>\n<tr style=\"height: 46px;\">\n<td style=\"height: 35px; width: 26.3393%; text-align: center;\"><span style=\"font-size: 12pt;\"><strong>I4 B<\/strong><\/span><\/td>\n<td style=\"width: 70.5357%;\"><span style=\"font-weight: 400; font-size: 12pt;\">Alba Fern\u00e1ndez<\/span><\/td>\n<\/tr>\n<tr style=\"height: 46px;\">\n<td style=\"height: 37px; width: 26.3393%; text-align: center;\"><span style=\"font-size: 12pt;\"><strong>I5 A<\/strong><\/span><\/td>\n<td style=\"width: 70.5357%;\"><span style=\"font-weight: 400;\">Cristina Morales<\/span><\/td>\n<\/tr>\n<tr style=\"height: 10px;\">\n<td style=\"height: 40px; width: 26.3393%; text-align: center;\"><span style=\"font-size: 12pt;\"><strong>I5 B<\/strong><\/span><\/td>\n<td style=\"width: 70.5357%;\"><span style=\"font-weight: 400;\">Olga Toldr\u00e0<\/span><\/td>\n<\/tr>\n<\/tbody>\n<\/table>\n<p><span style=\"font-size: 14pt;\"><strong><u>EDUCACI\u00d3 PRIM\u00c0RIA &#8211; CICLE INICIAL<\/u><\/strong><\/span><\/p>\n<table style=\"height: 207px; width: 38.9278%;\" width=\"223\">\n<tbody>\n<tr style=\"height: 31px;\">\n<td style=\"height: 36px; width: 27.5359%; text-align: center;\"><span style=\"font-size: 12pt;\"><strong>1r A<\/strong><\/span><\/td>\n<td style=\"width: 71.1111%;\"><span style=\"font-weight: 400; font-size: 12pt;\">Cl\u00e0udia Llistar<\/span><\/td>\n<\/tr>\n<tr style=\"height: 31px;\">\n<td style=\"height: 31px; width: 27.5359%; text-align: center;\"><span style=\"font-size: 12pt;\"><strong>1r B<\/strong><\/span><\/td>\n<td style=\"width: 71.1111%;\"><span style=\"font-weight: 400; font-size: 12pt;\">Berta Salvat<\/span><\/td>\n<\/tr>\n<tr style=\"height: 31px;\">\n<td style=\"height: 31px; width: 27.5359%; text-align: center;\"><span style=\"font-size: 12pt;\"><strong>2n A<\/strong><\/span><\/td>\n<td style=\"width: 71.1111%;\"><span style=\"font-weight: 400; font-size: 12pt;\">Victoria Pradas<\/span><\/td>\n<\/tr>\n<tr style=\"height: 31px;\">\n<td style=\"height: 31px; width: 27.5359%; text-align: center;\"><span style=\"font-size: 12pt;\"><strong>2n B<\/strong><\/span><\/td>\n<td style=\"width: 71.1111%;\"><span style=\"font-weight: 400; font-size: 12pt;\">Carla Labrandero<\/span><\/td>\n<\/tr>\n<\/tbody>\n<\/table>\n<p><span style=\"font-size: 14pt;\"><strong><u>EDUCACI\u00d3 PRIM\u00c0RIA &#8211; CICLE MITJ\u00c0<\/u><\/strong><\/span><\/p>\n<table style=\"height: 218px; width: 24.0576%;\">\n<tbody>\n<tr style=\"height: 31px;\">\n<td style=\"height: 10px; width: 24.7863%; text-align: center;\"><span style=\"font-size: 12pt;\"><strong>3r A<\/strong><\/span><\/td>\n<td style=\"width: 73.8462%; height: 10px;\"><span style=\"font-weight: 400; font-size: 12pt;\">No\u00e8lia Rider<\/span><\/td>\n<\/tr>\n<tr style=\"height: 31px;\">\n<td style=\"height: 23px; width: 24.7863%; text-align: center;\"><span style=\"font-size: 12pt;\"><strong>3r B<\/strong><\/span><\/td>\n<td style=\"width: 73.8462%; height: 23px;\"><span style=\"font-weight: 400; font-size: 12pt;\">Jes\u00fas Manrique<\/span><\/td>\n<\/tr>\n<tr style=\"height: 31px;\">\n<td style=\"height: 17px; width: 24.7863%; text-align: center;\"><span style=\"font-size: 12pt;\"><strong>4t A<\/strong><\/span><\/td>\n<td style=\"width: 73.8462%; height: 17px;\"><span style=\"font-weight: 400; font-size: 12pt;\">Encarna Palazon<\/span><\/td>\n<\/tr>\n<tr style=\"height: 24px;\">\n<td style=\"height: 19px; width: 24.7863%; text-align: center;\"><span style=\"font-size: 12pt;\"><strong>4t B<\/strong><\/span><\/td>\n<td style=\"width: 73.8462%; height: 19px;\"><span style=\"font-weight: 400; font-size: 12pt;\">M\u00f2nica Clemente<\/span><\/td>\n<\/tr>\n<\/tbody>\n<\/table>\n<p><span style=\"font-size: 14pt;\"><strong><u>EDUCACI\u00d3 PRIM\u00c0RIA &#8211; CICLE SUPERIOR<\/u><\/strong><\/span><\/p>\n<table style=\"height: 228px; width: 31.0189%;\" width=\"230\">\n<tbody>\n<tr style=\"height: 40px;\">\n<td style=\"width: 26.9231%; height: 33px; text-align: center;\"><span style=\"font-size: 12pt;\"><strong>5\u00e8 A<\/strong><\/span><\/td>\n<td style=\"width: 71.6923%;\"><span style=\"font-weight: 400; font-size: 12pt;\">Ignasi Luque<\/span><\/td>\n<\/tr>\n<tr style=\"height: 39px;\">\n<td style=\"width: 26.9231%; height: 31px; text-align: center;\"><span style=\"font-size: 12pt;\"><strong>5\u00e8 B<\/strong><\/span><\/td>\n<td style=\"width: 71.6923%;\"><span style=\"font-weight: 400; font-size: 12pt;\">Esther Jim\u00e9nez<\/span><\/td>\n<\/tr>\n<tr style=\"height: 38px;\">\n<td style=\"width: 26.9231%; height: 29px; text-align: center;\"><span style=\"font-size: 12pt;\"><strong>6\u00e8 A<\/strong><\/span><\/td>\n<td style=\"width: 71.6923%;\"><span style=\"font-weight: 400; font-size: 12pt;\">Amor Rodr\u00edguez<\/span><\/td>\n<\/tr>\n<tr style=\"height: 41px;\">\n<td style=\"width: 26.9231%; height: 33px; text-align: center;\"><span style=\"font-size: 12pt;\"><strong>6\u00e8 B<\/strong><\/span><\/td>\n<td style=\"width: 71.6923%;\"><span style=\"font-weight: 400; font-size: 12pt;\">J\u00e9ssica Casta\u00f1o<\/span><\/td>\n<\/tr>\n<\/tbody>\n<\/table>\n<p><span style=\"font-size: 14pt;\"><strong><u>DISTRIBUCI\u00d3 RESTA DE PROFESSORAT<\/u><\/strong><\/span><\/p>\n<p><strong>INFANTIL: <\/strong>Veronica Delgado, Alexandra Hurtado i Maria Pla<\/p>\n<p><strong>PRIM\u00c0RIA<\/strong><\/p>\n<p><strong>Cicle inicial: <\/strong>Maria Gatell i Laia Salvat<\/p>\n<p><strong>Cicle Mitj\u00e0: <\/strong>Julia Saiz, Noelia Galera i S\u00f2nia Mar\u00ed<\/p>\n<p><strong>Cicle Superior: <\/strong>Elena Viana i Montse Olmos<\/p>\n<p><strong>EDUCACI\u00d3 ESPECIAL:\u00a0 <\/strong>Ana Velasco i\u00a0 Maria Mar Merino<\/p>\n<p><strong>TUTORA SIEI:\u00a0 <\/strong>Silvia Diaz<\/p>\n<p><strong>AULA D&#8217;ACOLLIDA:\u00a0 <\/strong>Berta P\u00e9rez<\/p>\n<p><span style=\"font-size: 14pt;\"><strong><u>RESTA DE PERSONAL\u00a0<\/u><\/strong><\/span><\/p>\n<p><strong>T\u00c8CNICA EN EDUCACI\u00d3 INFANTIL: <\/strong>Ana Bel\u00e9n Notario<\/p>\n<p><strong>EDUCADOR D&#8217;EDUCACI\u00d3 ESPECIAL: <\/strong>Marc Montesinos<\/p>\n<p><strong>VETLLADORES:\u00a0 <\/strong><span style=\"font-weight: 400;\">Alba Peig\u00a0 i Almudena Ram\u00edrez<\/span><\/p>\n<p><strong>AUXILIAR ADMINISTRATIVA:<\/strong> S\u00f2nia Costa<\/p>\n<p><strong>CONSERGE:<\/strong>\u00a0 Maite Serra<\/p>\n","protected":false},"excerpt":{"rendered":"<p>EQUIP DIRECTIU<br \/>\nDIRECTORA: Maria Pla<br \/>\nCAP D\u2019ESTUDIS: Pilar Linares<br \/>\nSECRET\u00c0RIA: Maria Gatell<br \/>\nEDUCACI\u00d3 INFANTIL <\/p>\n<p>I3 A<br \/>\nLaura Torres<\/p>\n<p>I3 B<br \/>\nMaria Rourich<\/p>\n<p>I4 A<br \/>\nBea Trallero<\/p>\n<p>I4 B<br \/>\nAlba Fern\u00e1ndez<\/p>\n<p>I5 A<br \/>\nCristina Morales<\/p>\n<p>I5 B<br \/>\nOlga Toldr\u00e0<\/p>\n<p>EDUCACI\u00d3 PRIM\u00c0RIA &#8211; CICLE INICIAL<\/p>\n<p>1r A<br \/>\nCl\u00e0udia Llistar<\/p>\n<p>1r B<br \/>\nBerta Salvat<\/p>\n<p>2n A<br \/>\nVictoria Pradas<\/p>\n<p>2n B<br \/>\nCarla Labrandero<\/p>\n<p>EDUCACI\u00d3 PRIM\u00c0RIA &#8211; CICLE MITJ\u00c0<\/p>\n<p>3r A<br \/>\nNo\u00e8lia Rider<\/p>\n<p>3r B<br \/>\nJes\u00fas Manrique<\/p>\n<p>4t A<br \/>\nEncarna Palazon<\/p>\n<p>4t&hellip;  <a href=\"https:\/\/agora.xtec.cat\/ceippaucasalssabadell\/lescola\/personal-del-centre\/\" title=\"Read Personal del centre\">Llegeix m\u00e9s\u00bb<\/a><\/p>\n","protected":false},"author":1,"featured_media":0,"parent":22,"menu_order":25,"comment_status":"closed","ping_status":"closed","template":"","meta":{"_bbp_topic_count":0,"_bbp_reply_count":0,"_bbp_total_topic_count":0,"_bbp_total_reply_count":0,"_bbp_voice_count":0,"_bbp_anonymous_reply_count":0,"_bbp_topic_count_hidden":0,"_bbp_reply_count_hidden":0,"_bbp_forum_subforum_count":0,"footnotes":""},"class_list":["post-205","page","type-page","status-publish","hentry"],"post_mailing_queue_ids":[],"_links":{"self":[{"href":"https:\/\/agora.xtec.cat\/ceippaucasalssabadell\/wp-json\/wp\/v2\/pages\/205","targetHints":{"allow":["GET"]}}],"collection":[{"href":"https:\/\/agora.xtec.cat\/ceippaucasalssabadell\/wp-json\/wp\/v2\/pages"}],"about":[{"href":"https:\/\/agora.xtec.cat\/ceippaucasalssabadell\/wp-json\/wp\/v2\/types\/page"}],"author":[{"embeddable":true,"href":"https:\/\/agora.xtec.cat\/ceippaucasalssabadell\/wp-json\/wp\/v2\/users\/1"}],"replies":[{"embeddable":true,"href":"https:\/\/agora.xtec.cat\/ceippaucasalssabadell\/wp-json\/wp\/v2\/comments?post=205"}],"version-history":[{"count":6,"href":"https:\/\/agora.xtec.cat\/ceippaucasalssabadell\/wp-json\/wp\/v2\/pages\/205\/revisions"}],"predecessor-version":[{"id":4491,"href":"https:\/\/agora.xtec.cat\/ceippaucasalssabadell\/wp-json\/wp\/v2\/pages\/205\/revisions\/4491"}],"up":[{"embeddable":true,"href":"https:\/\/agora.xtec.cat\/ceippaucasalssabadell\/wp-json\/wp\/v2\/pages\/22"}],"wp:attachment":[{"href":"https:\/\/agora.xtec.cat\/ceippaucasalssabadell\/wp-json\/wp\/v2\/media?parent=205"}],"curies":[{"name":"wp","href":"https:\/\/api.w.org\/{rel}","templated":true}]}}