{"id":1645,"date":"2016-09-09T20:03:46","date_gmt":"2016-09-09T19:03:46","guid":{"rendered":"http:\/\/agora.xtec.cat\/ceippaucasalssabadell\/?page_id=1645"},"modified":"2019-09-12T13:04:54","modified_gmt":"2019-09-12T11:04:54","slug":"salut","status":"publish","type":"page","link":"https:\/\/agora.xtec.cat\/ceippaucasalssabadell\/informacions-dinteres\/salut\/","title":{"rendered":"Salut"},"content":{"rendered":"<p style=\"text-align: justify;\"><strong>ADMINISTRACI\u00d3 DE MEDICAMENTS<\/strong><\/p>\n<p style=\"text-align: justify;\">L\u2019escola no administrar\u00e0 cap medicament, llevat de casos molt excepcionals. Quan aix\u00ed sigui, s\u2019haur\u00e0 d\u2019omplir un impr\u00e8s de sol\u00b7licitud que us facilitar\u00e0 la conserge i que haureu de lliurar personalment al tutor\/a o monitor\/a, juntament amb la recepta i el medicament, especificant la dosi i l\u2019hora d\u2019administraci\u00f3. Procureu que les hores de presa coincideixin amb les de casa.<\/p>\n<ul>\n<li style=\"text-align: justify;\"><a href=\"https:\/\/agora.xtec.cat\/ceippaucasalssabadell\/wp-content\/uploads\/usu758\/2019\/09\/Administraci\u00f3-medicaments.pdf\">Impr\u00e8s de sol\u00b7licitud per administrar un medicament a l&#8217;escola.<\/a><\/li>\n<\/ul>\n<p><strong>POLLS<\/strong><\/p>\n<p style=\"text-align: justify;\">Quan detecteu que el vostre fill\/filla t\u00e9 polls cal que ho comuniqueu al m\u00e9s aviat possible al tutor del grup per prendre les mesures de prevenci\u00f3. Us recordem que els nens\/es no es poden incorporar a l\u2019escola fins que hagin desaparegut els par\u00e0sits totalment.<\/p>\n<p>Us detallem a continuaci\u00f3 les recomanacions que ens d\u00f3na el Servei de Salut de l\u2019Ajuntament sobre aquest tema:<\/p>\n<p style=\"text-align: justify;\">Els polls s\u00f3n de color gris-negre, les ll\u00e9menes \u2013els ous dels polls- s\u00f3n de color blanquin\u00f3s\/transparent. Normalment estan adherides al cabell (a difer\u00e8ncia de la caspa).<br \/>\n\u201cQuan ho detecteu, reviseu di\u00e0riament durant un temps el cap dels vostres fills\/filles per supervisar si apareixen aquests par\u00e0sits. Si en trobeu cal que demaneu a la farm\u00e0cia un tractament per eliminar-los i que durant 15 dies repasseu cada dia amb la pinta especial de puntes fines, obrint els cabells. Cal fer-ho amb tranquil\u00b7litat, amb temps i ben fet. L\u2019aplicaci\u00f3 de vinagre facilita que es desprenguin i que la pinta passi millor. Despr\u00e9s d\u2019utilitzar la pinta, cal bullir-la durant 10-15\u2019<\/p>\n<p style=\"text-align: justify;\">No \u00e9s convenient utilitzar tractaments per prevenir. \u00c9s millor utilitzar tractament per eliminar-los quan sigui necessari.<\/p>\n<p style=\"text-align: justify;\">La roba conv\u00e9 rentar-la a 50\u00baC perqu\u00e8 es morin, i si no es pot rentar a aquesta\u00a0 temperatura cal tancar-la en una bossa de pl\u00e0stic i mantenir-la durant 21 dies.<\/p>\n<p style=\"text-align: justify;\">La revisi\u00f3 i el seguiment s\u2019ha de fer extensiu a tots els membres de la fam\u00edlia, i repassar tots els espais o roba que hi hagi hagut contacte: sof\u00e0s, llits, penjadors, tovalloles, seients del cotxe, etc.<\/p>\n<p>&nbsp;<\/p>\n<p>&nbsp;<\/p>\n","protected":false},"excerpt":{"rendered":"<p>ADMINISTRACI\u00d3 DE MEDICAMENTS<br \/>\nL\u2019escola no administrar\u00e0 cap medicament, llevat de casos molt excepcionals. Quan aix\u00ed sigui, s\u2019haur\u00e0 d\u2019omplir un impr\u00e8s de sol\u00b7licitud que us facilitar\u00e0 la conserge i que haureu de lliurar personalment al tutor\/a o monitor\/a, juntament amb la recepta i el medicament, especificant la&hellip;  <a href=\"https:\/\/agora.xtec.cat\/ceippaucasalssabadell\/informacions-dinteres\/salut\/\" title=\"Read Salut\">Llegeix m\u00e9s\u00bb<\/a><\/p>\n","protected":false},"author":1,"featured_media":0,"parent":1641,"menu_order":40,"comment_status":"closed","ping_status":"closed","template":"","meta":{"_bbp_topic_count":0,"_bbp_reply_count":0,"_bbp_total_topic_count":0,"_bbp_total_reply_count":0,"_bbp_voice_count":0,"_bbp_anonymous_reply_count":0,"_bbp_topic_count_hidden":0,"_bbp_reply_count_hidden":0,"_bbp_forum_subforum_count":0,"footnotes":""},"class_list":["post-1645","page","type-page","status-publish","hentry"],"post_mailing_queue_ids":[],"_links":{"self":[{"href":"https:\/\/agora.xtec.cat\/ceippaucasalssabadell\/wp-json\/wp\/v2\/pages\/1645","targetHints":{"allow":["GET"]}}],"collection":[{"href":"https:\/\/agora.xtec.cat\/ceippaucasalssabadell\/wp-json\/wp\/v2\/pages"}],"about":[{"href":"https:\/\/agora.xtec.cat\/ceippaucasalssabadell\/wp-json\/wp\/v2\/types\/page"}],"author":[{"embeddable":true,"href":"https:\/\/agora.xtec.cat\/ceippaucasalssabadell\/wp-json\/wp\/v2\/users\/1"}],"replies":[{"embeddable":true,"href":"https:\/\/agora.xtec.cat\/ceippaucasalssabadell\/wp-json\/wp\/v2\/comments?post=1645"}],"version-history":[{"count":3,"href":"https:\/\/agora.xtec.cat\/ceippaucasalssabadell\/wp-json\/wp\/v2\/pages\/1645\/revisions"}],"predecessor-version":[{"id":2593,"href":"https:\/\/agora.xtec.cat\/ceippaucasalssabadell\/wp-json\/wp\/v2\/pages\/1645\/revisions\/2593"}],"up":[{"embeddable":true,"href":"https:\/\/agora.xtec.cat\/ceippaucasalssabadell\/wp-json\/wp\/v2\/pages\/1641"}],"wp:attachment":[{"href":"https:\/\/agora.xtec.cat\/ceippaucasalssabadell\/wp-json\/wp\/v2\/media?parent=1645"}],"curies":[{"name":"wp","href":"https:\/\/api.w.org\/{rel}","templated":true}]}}