{"id":1598,"date":"2016-07-13T18:37:08","date_gmt":"2016-07-13T17:37:08","guid":{"rendered":"http:\/\/agora.xtec.cat\/ceippaucasalssabadell\/?page_id=1598"},"modified":"2023-10-06T19:33:15","modified_gmt":"2023-10-06T17:33:15","slug":"impresos","status":"publish","type":"page","link":"https:\/\/agora.xtec.cat\/ceippaucasalssabadell\/informacions-dinteres\/impresos\/","title":{"rendered":"Impresos"},"content":{"rendered":"<p>&nbsp;<\/p>\n<ul>\n<li><a href=\"https:\/\/agora.xtec.cat\/ceippaucasalssabadell\/wp-content\/uploads\/usu758\/2020\/09\/Impr\u00e9s-comunicat-al-servei-menjador.pdf\">Comunicat al servei de menjador<\/a><\/li>\n<li><a href=\"https:\/\/agora.xtec.cat\/ceippaucasalssabadell\/wp-content\/uploads\/usu758\/2020\/09\/Notificaci\u00f3-canvi-dades.pdf\">Notificaci\u00f3 canvi de dades<\/a><\/li>\n<li><a href=\"https:\/\/agora.xtec.cat\/ceippaucasalssabadell\/wp-content\/uploads\/usu758\/2020\/09\/Notificaci\u00f3-correu-electr\u00f2nic.pdf\">Notificaci\u00f3 adre\u00e7a electr\u00f2nica<\/a><\/li>\n<li><a href=\"https:\/\/agora.xtec.cat\/ceippaucasalssabadell\/wp-content\/uploads\/usu758\/2020\/09\/Administraci\u00f3-medicaments.pdf\">Administraci\u00f3 medicaments<\/a><\/li>\n<li><a href=\"https:\/\/agora.xtec.cat\/ceippaucasalssabadell\/wp-content\/uploads\/usu758\/2020\/09\/Autoritzaci\u00f3-GSuite-menors-14-2.pdf\">Autoritzaci\u00f3 GSuite<\/a><\/li>\n<li><a href=\"https:\/\/agora.xtec.cat\/ceippaucasalssabadell\/wp-content\/uploads\/usu758\/2020\/09\/Declaraci\u00f3-responsable-EI.pdf\">Declaraci\u00f3 responsable COVID alumnes Educaci\u00f3 Infantil<\/a><\/li>\n<li><a href=\"https:\/\/agora.xtec.cat\/ceippaucasalssabadell\/wp-content\/uploads\/usu758\/2020\/09\/declaraci\u00f3-responsable-famlilies-prim\u00e0ria.pdf\">Declaraci\u00f3 responsable COVID alumnes Educaci\u00f3 Prim\u00e0ria<\/a><\/li>\n<li><a href=\"https:\/\/agora.xtec.cat\/ceippaucasalssabadell\/wp-content\/uploads\/usu758\/2020\/09\/Autoritzacions-Fam\u00edlies-proves-PCR.pdf\">Autoritzaci\u00f3 fam\u00edlies proves PCR<\/a><\/li>\n<li><\/li>\n<li>Si trobeu a faltar algun impr\u00e8s que us aniria b\u00e9 de tenir a m\u00e0 des de la p\u00e0gina web de l&#8217;escola ens ho podeu demanar i tant bon punt puguem el penjarem.<\/li>\n<\/ul>\n","protected":false},"excerpt":{"rendered":"<p>&nbsp;<\/p>\n<ul>\n<li><a href=\"https:\/\/agora.xtec.cat\/ceippaucasalssabadell\/wp-content\/uploads\/usu758\/2020\/09\/Impr\u00e9s-comunicat-al-servei-menjador.pdf\">Comunicat al servei de menjador<\/a><\/li>\n<li><a href=\"https:\/\/agora.xtec.cat\/ceippaucasalssabadell\/wp-content\/uploads\/usu758\/2020\/09\/Notificaci\u00f3-canvi-dades.pdf\">Notificaci\u00f3 canvi de dades<\/a><\/li>\n<li><a href=\"https:\/\/agora.xtec.cat\/ceippaucasalssabadell\/wp-content\/uploads\/usu758\/2020\/09\/Notificaci\u00f3-correu-electr\u00f2nic.pdf\">Notificaci\u00f3 adre\u00e7a electr\u00f2nica<\/a><\/li>\n<li><a href=\"https:\/\/agora.xtec.cat\/ceippaucasalssabadell\/wp-content\/uploads\/usu758\/2020\/09\/Administraci\u00f3-medicaments.pdf\">Administraci\u00f3 medicaments<\/a><\/li>\n<li><a href=\"https:\/\/agora.xtec.cat\/ceippaucasalssabadell\/wp-content\/uploads\/usu758\/2020\/09\/Autoritzaci\u00f3-GSuite-menors-14-2.pdf\">Autoritzaci\u00f3 GSuite<\/a><\/li>\n<li><a href=\"https:\/\/agora.xtec.cat\/ceippaucasalssabadell\/wp-content\/uploads\/usu758\/2020\/09\/Declaraci\u00f3-responsable-EI.pdf\">Declaraci\u00f3 responsable COVID alumnes Educaci\u00f3 Infantil<\/a><\/li>\n<li><a href=\"https:\/\/agora.xtec.cat\/ceippaucasalssabadell\/wp-content\/uploads\/usu758\/2020\/09\/declaraci\u00f3-responsable-famlilies-prim\u00e0ria.pdf\">Declaraci\u00f3 responsable COVID alumnes Educaci\u00f3 Prim\u00e0ria<\/a><\/li>\n<li><a href=\"https:\/\/agora.xtec.cat\/ceippaucasalssabadell\/wp-content\/uploads\/usu758\/2020\/09\/Autoritzacions-Fam\u00edlies-proves-PCR.pdf\">Autoritzaci\u00f3 fam\u00edlies proves PCR<\/a><\/li>\n<li><\/li>\n<li>Si trobeu a faltar algun impr\u00e8s que us aniria b\u00e9 de tenir a&hellip;  <a href=\"https:\/\/agora.xtec.cat\/ceippaucasalssabadell\/informacions-dinteres\/impresos\/\" title=\"Read Impresos\">Llegeix m\u00e9s\u00bb<\/a><br \/>\n","protected":false},"author":1,"featured_media":0,"parent":1641,"menu_order":30,"comment_status":"closed","ping_status":"closed","template":"","meta":{"_bbp_topic_count":0,"_bbp_reply_count":0,"_bbp_total_topic_count":0,"_bbp_total_reply_count":0,"_bbp_voice_count":0,"_bbp_anonymous_reply_count":0,"_bbp_topic_count_hidden":0,"_bbp_reply_count_hidden":0,"_bbp_forum_subforum_count":0,"footnotes":""},"class_list":["post-1598","page","type-page","status-publish","hentry"],"post_mailing_queue_ids":[],"_links":{"self":[{"href":"https:\/\/agora.xtec.cat\/ceippaucasalssabadell\/wp-json\/wp\/v2\/pages\/1598","targetHints":{"allow":["GET"]}}],"collection":[{"href":"https:\/\/agora.xtec.cat\/ceippaucasalssabadell\/wp-json\/wp\/v2\/pages"}],"about":[{"href":"https:\/\/agora.xtec.cat\/ceippaucasalssabadell\/wp-json\/wp\/v2\/types\/page"}],"author":[{"embeddable":true,"href":"https:\/\/agora.xtec.cat\/ceippaucasalssabadell\/wp-json\/wp\/v2\/users\/1"}],"replies":[{"embeddable":true,"href":"https:\/\/agora.xtec.cat\/ceippaucasalssabadell\/wp-json\/wp\/v2\/comments?post=1598"}],"version-history":[{"count":5,"href":"https:\/\/agora.xtec.cat\/ceippaucasalssabadell\/wp-json\/wp\/v2\/pages\/1598\/revisions"}],"predecessor-version":[{"id":3815,"href":"https:\/\/agora.xtec.cat\/ceippaucasalssabadell\/wp-json\/wp\/v2\/pages\/1598\/revisions\/3815"}],"up":[{"embeddable":true,"href":"https:\/\/agora.xtec.cat\/ceippaucasalssabadell\/wp-json\/wp\/v2\/pages\/1641"}],"wp:attachment":[{"href":"https:\/\/agora.xtec.cat\/ceippaucasalssabadell\/wp-json\/wp\/v2\/media?parent=1598"}],"curies":[{"name":"wp","href":"https:\/\/api.w.org\/{rel}","templated":true}]}}