{"id":221,"date":"2015-08-12T17:10:22","date_gmt":"2015-08-12T16:10:22","guid":{"rendered":"http:\/\/agora.xtec.cat\/ceippaucasals\/?page_id=221"},"modified":"2026-02-20T12:29:27","modified_gmt":"2026-02-20T11:29:27","slug":"documents-de-centre","status":"publish","type":"page","link":"https:\/\/agora.xtec.cat\/ceippaucasals\/lescola\/documents-de-centre\/","title":{"rendered":"Documents de centre"},"content":{"rendered":"<p>Aqu\u00ed anireu trobant els documents de centre que poden ser del vostre inter\u00e8s.<\/p>\n<p><strong>AUTORITZACIONS:<\/strong><\/p>\n<ul>\n<li><a href=\"https:\/\/drive.google.com\/file\/d\/1Z6fNQDh0vrLRO7sa0ugpK_senYTspL-9\/view?usp=sharing\">Autoritzaci\u00f3 recollida alumne<\/a><\/li>\n<li><a href=\"https:\/\/drive.google.com\/file\/d\/1ELY68kROsOsjQHc9GxdfnD0LOSzaEIG6\/view?usp=sharing\">Autoritzaci\u00f3 no marxar sol<\/a><\/li>\n<li><a href=\"https:\/\/drive.google.com\/file\/d\/1xUjOxFRt14NwOGRGM-y2l7QEeTsG_t69\/view?usp=sharing\">Autoritzaci\u00f3 marxar sol<\/a><\/li>\n<li><a href=\"https:\/\/drive.google.com\/file\/d\/1-_-3rqDY6cvMc4y4BMHurcFjWzoIjBtN\/view?usp=sharing\">Autoritzaci\u00f3 germans<\/a><\/li>\n<li><a href=\"https:\/\/drive.google.com\/file\/d\/1aXwILSlO7PAZLp8zMWXcomcvLUZkuO0C\/view?usp=sharing\">Autoritzaci\u00f3 medicaments<\/a><\/li>\n<\/ul>\n<p><strong>ALTRES DOCUMENTS:<\/strong><\/p>\n<ul style=\"list-style-type: square;\">\n<li><a href=\"https:\/\/drive.google.com\/file\/d\/1O_2qSkhUcwnFMqa0tOGLtYjQvXUmWhKy\/view\">Calendari curs 2025 2026<\/a><\/li>\n<li><a href=\"https:\/\/drive.google.com\/file\/d\/1r7hAcXk332qqHqf0rK-g-RAzxaqPNXQR\/view?usp=sharing\">Estades pedag\u00f2giques 25-26<\/a><\/li>\n<\/ul>\n<p><strong>Aportacions de les fam\u00edlies per a ajudar al projecte educatiu del centre:<\/strong><\/p>\n<ul style=\"list-style-type: square;\">\n<li><a href=\"https:\/\/drive.google.com\/file\/d\/1l1u0Y_z085-srXLpwN-vzWY6a4kMT65i\/view?usp=drive_link\">Pagaments material curs 2025-2026<\/a><\/li>\n<\/ul>\n<p><strong>DOCUMENTS NORMATIUS:<\/strong><\/p>\n<ul>\n<li><a href=\"https:\/\/agora.xtec.cat\/ceippaucasals\/wp-content\/uploads\/usu990\/2025\/12\/Projecte-de-direccio-2025-2029_actualitzat.pdf\">Projecte de direcci\u00f3 2025-2029<\/a><\/li>\n<li><a style=\"color: #2795b6;\" href=\"https:\/\/agora.xtec.cat\/ceippaucasals\/wp-content\/uploads\/usu990\/2019\/03\/PROJECTE-EDUCATIU-DE-CENTRE.pdf\">Projecte Educatiu de Centre <strong>(ACTUALMENT EN REELABORACI\u00d3)<\/strong><\/a><\/li>\n<li><a href=\"https:\/\/agora.xtec.cat\/ceippaucasals\/wp-content\/uploads\/usu990\/2023\/06\/NOFC-MAIG-2023_signat.pdf\">Normes d&#8217;Organitzaci\u00f3 i Funcionament de Centre i Carta de Comprom\u00eds Educatiu<\/a><\/li>\n<li><a href=\"https:\/\/agora.xtec.cat\/ceippaucasals\/wp-content\/uploads\/usu990\/2019\/12\/PROJECTE-LING\u00dc\u00cdSTIC-PAU-CASALS.pdf\">Projecte Ling\u00fc\u00edstic de Centre<\/a><\/li>\n<li><a href=\"https:\/\/agora.xtec.cat\/ceippaucasals\/tac-a-laula\/\">Estrat\u00e8gia Digital de Centre<\/a><\/li>\n<li><a href=\"https:\/\/agora.xtec.cat\/ceippaucasals\/lescola\/documents-de-centre\/consell-escolar\/\">Acords Consell Escolar<\/a><\/li>\n<li><a href=\"https:\/\/agora.xtec.cat\/ceippaucasals\/wp-content\/uploads\/usu990\/2023\/06\/Projecte-biblioteca-maig-2023.pdf\">Projecte biblioteca<\/a><\/li>\n<li><a href=\"https:\/\/agora.xtec.cat\/ceippaucasals\/wp-content\/uploads\/usu990\/2023\/07\/Pla-dorganitzacio-de-centre-per-altes-temperatures.pdf\">Pla d\u2019organitzaci\u00f3 de centre per altes temperatures<\/a><\/li>\n<li><a href=\"https:\/\/agora.xtec.cat\/ceippaucasals\/wp-content\/uploads\/usu990\/2023\/07\/Protocol-datuacio-en-cas-de-nevades.pdf\">Protocol d&#8217;actuaci\u00f3 en cas de nevades<\/a><\/li>\n<li><strong>Criteris d&#8217;avaluaci\u00f3 per \u00e0rees:<\/strong>\n<ul>\n<li><a href=\"https:\/\/drive.google.com\/file\/d\/1Oc7x8Iwzkd1LB33IKrC1UG6HvpTFUC_Z\/view?usp=drive_link\">Educaci\u00f3 Infantil<\/a><\/li>\n<li><a href=\"https:\/\/drive.google.com\/file\/d\/1itGe_EKgTWN4p6xMMejWnxVxHT7Jn4x2\/view?usp=sharing\">Cicle Inicial<\/a><\/li>\n<li><a href=\"https:\/\/drive.google.com\/file\/d\/1gZ0eW5nbMRrNw9pNDDGKngd3o9eYPcfl\/view?usp=sharing\">Cicle Mitj\u00e0<\/a><\/li>\n<li><a href=\"https:\/\/drive.google.com\/file\/d\/1HjdOdjzRAv1NN8mRvSbNLCTxi8kKOrfL\/view?usp=sharing\">Cicle Superior<\/a><\/li>\n<\/ul>\n<\/li>\n<\/ul>\n<p><strong>Resum reunions amb les fam\u00edlies curs 2025-2026:<\/strong><\/p>\n<ul style=\"list-style-type: circle;\">\n<li style=\"list-style-type: none;\">\n<ul style=\"list-style-type: circle;\">\n<li><a href=\"https:\/\/www.canva.com\/design\/DAGPuehMISo\/2mJaygAY1y0RPGRph8pEag\/edit?utm_content=DAGPuehMISo&amp;utm_campaign=designshare&amp;utm_medium=link2&amp;utm_source=sharebutton\">Presentaci\u00f3 de la benvinguda de l&#8217;equip directiu<\/a><\/li>\n<li><a href=\"https:\/\/agora.xtec.cat\/ceippaucasals\/wp-content\/uploads\/usu990\/2025\/10\/PRESENTACIO-6e.pdf\">Presentaci\u00f3 de la reuni\u00f3 de fam\u00edlies de 6\u00e8 de prim\u00e0ria<\/a><\/li>\n<li><a href=\"https:\/\/agora.xtec.cat\/ceippaucasals\/wp-content\/uploads\/usu990\/2025\/10\/presentacio-5e_compressed.pdf\">Presentaci\u00f3 de la reuni\u00f3 de fam\u00edlies de 5\u00e8 de prim\u00e0ria<\/a><\/li>\n<li><a href=\"https:\/\/agora.xtec.cat\/ceippaucasals\/wp-content\/uploads\/usu990\/2025\/09\/Reunio-de-families-4rt.pdf\">Presentaci\u00f3 de la reuni\u00f3 de fam\u00edlies de 4rt de prim\u00e0ria<\/a><\/li>\n<li><a style=\"font-family: inherit; font-size: 1em;\" href=\"https:\/\/agora.xtec.cat\/ceippaucasals\/wp-content\/uploads\/usu990\/2025\/09\/Reunio-de-families-3r.pdf\">Presentaci\u00f3 de la reuni\u00f3 de fam\u00edlies de 3r de prim\u00e0ria<\/a><\/li>\n<li><a href=\"https:\/\/prezi.com\/view\/yrx3w29NXqruYAsYemst\/\">Presentaci\u00f3 de la reuni\u00f3 de fam\u00edlies de 2n de prim\u00e0ria<\/a><\/li>\n<li><a href=\"https:\/\/prezi.com\/view\/ibpjSoQN5rDxhU7kGVl7\/\">Presentaci\u00f3 de la reuni\u00f3 de fam\u00edlies de 1r de prim\u00e0ria<\/a><\/li>\n<li><a href=\"https:\/\/prezi.com\/view\/EvBYxOJMuWIY7vkKRhhg\/\">Presentaci\u00f3 de la reuni\u00f3 de fam\u00edlies d&#8217;i5 d&#8217;Infantil<\/a><\/li>\n<li><a href=\"https:\/\/prezi.com\/view\/92d2YYvBB6WC2GZUeECS\/\">Presentaci\u00f3 de la reuni\u00f3 de fam\u00edlies d&#8217;i4 d&#8217;Infantil<\/a><\/li>\n<li><a href=\"https:\/\/prezi.com\/view\/zH12l8IjQY098dkNDvUi\/\">Presentaci\u00f3 de la reuni\u00f3 de fam\u00edlies d&#8217;i3 d&#8217;Infantil<\/a><\/li>\n<\/ul>\n<\/li>\n<\/ul>\n<ul>\n<li><strong>Liquidacions pressupost\u00e0ries:<\/strong><\/li>\n<li><a href=\"https:\/\/drive.google.com\/file\/d\/1l4oxz3cGEtqmkuo3y68Qf0DXnq32anI-\/view?usp=sharing\">Liquidaci\u00f3 del pressupost (2025)<\/a><\/li>\n<li><a href=\"https:\/\/drive.google.com\/file\/d\/1AP02W_iKWm_x2yxYWj-_c3F9Qmf5KHK2\/view?usp=sharing\">Liquidaci\u00f3 del pressupost (2024)<\/a><\/li>\n<li><a href=\"https:\/\/agora.xtec.cat\/ceippaucasals\/wp-content\/uploads\/usu990\/2024\/02\/Liquidacio-del-pressupost-2023-1-1.pdf\">Liquidaci\u00f3 del pressupost (2023)<\/a><\/li>\n<li><a href=\"https:\/\/agora.xtec.cat\/ceippaucasals\/wp-content\/uploads\/usu990\/2023\/09\/Liquidacio-del-pressupost-2022.pdf\">Liquidaci\u00f3 del pressupost (2022)<\/a><\/li>\n<li><a href=\"https:\/\/agora.xtec.cat\/ceippaucasals\/wp-content\/uploads\/usu990\/2023\/09\/Liquidacio-del-pressupost-2021.pdf\">Liquidaci\u00f3 del pressupost (2021)<\/a><\/li>\n<li><a href=\"https:\/\/agora.xtec.cat\/ceippaucasals\/wp-content\/uploads\/usu990\/2023\/09\/Liquidacio-del-pressupost-2020.pdf\">Liquidaci\u00f3 del pressupost (2020)<\/a><\/li>\n<li><a href=\"https:\/\/agora.xtec.cat\/ceippaucasals\/wp-content\/uploads\/usu990\/2023\/09\/Liquidacio-del-pressupost-2019.pdf\">Liquidaci\u00f3 del pressupost (2019)<\/a><\/li>\n<li><a href=\"https:\/\/agora.xtec.cat\/ceippaucasals\/wp-content\/uploads\/usu990\/2023\/09\/Liquidacio-del-pressupost-2018.pdf\">Liquidaci\u00f3 del pressupost (2018)<\/a><\/li>\n<li><a href=\"https:\/\/agora.xtec.cat\/ceippaucasals\/wp-content\/uploads\/usu990\/2023\/09\/Liquidacio-del-pressupost-2017.pdf\">Liquidaci\u00f3 del pressupost (2017)<\/a><\/li>\n<\/ul>\n","protected":false},"excerpt":{"rendered":"<p>Aqu\u00ed anireu trobant els documents de centre que poden ser del vostre inter\u00e8s. AUTORITZACIONS: Autoritzaci\u00f3 recollida alumne Autoritzaci\u00f3 no marxar sol Autoritzaci\u00f3 marxar sol Autoritzaci\u00f3 germans Autoritzaci\u00f3 medicaments ALTRES DOCUMENTS: Calendari curs 2025 2026 Estades pedag\u00f2giques 25-26 Aportacions de les fam\u00edlies per a ajudar al projecte educatiu del centre: Pagaments material curs 2025-2026 DOCUMENTS NORMATIUS: [&hellip;]<\/p>\n","protected":false},"author":1,"featured_media":0,"parent":22,"menu_order":5,"comment_status":"closed","ping_status":"closed","template":"","meta":{"_bbp_topic_count":0,"_bbp_reply_count":0,"_bbp_total_topic_count":0,"_bbp_total_reply_count":0,"_bbp_voice_count":0,"_bbp_anonymous_reply_count":0,"_bbp_topic_count_hidden":0,"_bbp_reply_count_hidden":0,"_bbp_forum_subforum_count":0,"site-sidebar-layout":"default","site-content-layout":"","ast-site-content-layout":"default","site-content-style":"default","site-sidebar-style":"default","ast-global-header-display":"","ast-banner-title-visibility":"","ast-main-header-display":"","ast-hfb-above-header-display":"","ast-hfb-below-header-display":"","ast-hfb-mobile-header-display":"","site-post-title":"","ast-breadcrumbs-content":"","ast-featured-img":"","footer-sml-layout":"","theme-transparent-header-meta":"","adv-header-id-meta":"","stick-header-meta":"","header-above-stick-meta":"","header-main-stick-meta":"","header-below-stick-meta":"","astra-migrate-meta-layouts":"set","ast-page-background-enabled":"default","ast-page-background-meta":{"desktop":{"background-color":"var(--ast-global-color-4)","background-image":"","background-repeat":"repeat","background-position":"center center","background-size":"auto","background-attachment":"scroll","background-type":"","background-media":"","overlay-type":"","overlay-color":"","overlay-opacity":"","overlay-gradient":""},"tablet":{"background-color":"","background-image":"","background-repeat":"repeat","background-position":"center center","background-size":"auto","background-attachment":"scroll","background-type":"","background-media":"","overlay-type":"","overlay-color":"","overlay-opacity":"","overlay-gradient":""},"mobile":{"background-color":"","background-image":"","background-repeat":"repeat","background-position":"center center","background-size":"auto","background-attachment":"scroll","background-type":"","background-media":"","overlay-type":"","overlay-color":"","overlay-opacity":"","overlay-gradient":""}},"ast-content-background-meta":{"desktop":{"background-color":"var(--ast-global-color-5)","background-image":"","background-repeat":"repeat","background-position":"center center","background-size":"auto","background-attachment":"scroll","background-type":"","background-media":"","overlay-type":"","overlay-color":"","overlay-opacity":"","overlay-gradient":""},"tablet":{"background-color":"var(--ast-global-color-5)","background-image":"","background-repeat":"repeat","background-position":"center center","background-size":"auto","background-attachment":"scroll","background-type":"","background-media":"","overlay-type":"","overlay-color":"","overlay-opacity":"","overlay-gradient":""},"mobile":{"background-color":"var(--ast-global-color-5)","background-image":"","background-repeat":"repeat","background-position":"center center","background-size":"auto","background-attachment":"scroll","background-type":"","background-media":"","overlay-type":"","overlay-color":"","overlay-opacity":"","overlay-gradient":""}},"footnotes":""},"class_list":["post-221","page","type-page","status-publish","hentry"],"post_mailing_queue_ids":[],"_links":{"self":[{"href":"https:\/\/agora.xtec.cat\/ceippaucasals\/wp-json\/wp\/v2\/pages\/221","targetHints":{"allow":["GET"]}}],"collection":[{"href":"https:\/\/agora.xtec.cat\/ceippaucasals\/wp-json\/wp\/v2\/pages"}],"about":[{"href":"https:\/\/agora.xtec.cat\/ceippaucasals\/wp-json\/wp\/v2\/types\/page"}],"author":[{"embeddable":true,"href":"https:\/\/agora.xtec.cat\/ceippaucasals\/wp-json\/wp\/v2\/users\/1"}],"replies":[{"embeddable":true,"href":"https:\/\/agora.xtec.cat\/ceippaucasals\/wp-json\/wp\/v2\/comments?post=221"}],"version-history":[{"count":6,"href":"https:\/\/agora.xtec.cat\/ceippaucasals\/wp-json\/wp\/v2\/pages\/221\/revisions"}],"predecessor-version":[{"id":14754,"href":"https:\/\/agora.xtec.cat\/ceippaucasals\/wp-json\/wp\/v2\/pages\/221\/revisions\/14754"}],"up":[{"embeddable":true,"href":"https:\/\/agora.xtec.cat\/ceippaucasals\/wp-json\/wp\/v2\/pages\/22"}],"wp:attachment":[{"href":"https:\/\/agora.xtec.cat\/ceippaucasals\/wp-json\/wp\/v2\/media?parent=221"}],"curies":[{"name":"wp","href":"https:\/\/api.w.org\/{rel}","templated":true}]}}