{"id":14588,"date":"2025-12-16T13:11:04","date_gmt":"2025-12-16T12:11:04","guid":{"rendered":"https:\/\/agora.xtec.cat\/ceippaucasals\/?page_id=14588"},"modified":"2026-04-22T11:19:16","modified_gmt":"2026-04-22T09:19:16","slug":"cicle-superior-radio-xerrameca","status":"publish","type":"page","link":"https:\/\/agora.xtec.cat\/ceippaucasals\/tac-a-laula\/radio-xerrameca\/cicle-superior-radio-xerrameca\/","title":{"rendered":"Cicle Superior R\u00e0dio Xerrameca"},"content":{"rendered":"\n<p><img loading=\"lazy\" decoding=\"async\" width=\"150\" height=\"100\" src=\"https:\/\/agora.xtec.cat\/ceippaucasals\/wp-content\/uploads\/usu990\/2025\/12\/El-text-del-paragraf.png\" alt=\"\" srcset=\"https:\/\/agora.xtec.cat\/ceippaucasals\/wp-content\/uploads\/usu990\/2025\/12\/El-text-del-paragraf.png 354w, https:\/\/agora.xtec.cat\/ceippaucasals\/wp-content\/uploads\/usu990\/2025\/12\/El-text-del-paragraf-300x200.png 300w\">Acudits i preguntes sense resposta\u2026 Cicle superior<audio src=\"https:\/\/agora.xtec.cat\/ceippaucasals\/wp-content\/uploads\/usu990\/2025\/12\/ACUDITS-I-FRASES-SENSE-SENTIT.mp3\"><\/audio><\/p>\n\n\n\n<figure class=\"wp-block-audio\"><audio controls src=\"https:\/\/agora.xtec.cat\/ceippaucasals\/wp-content\/uploads\/usu990\/2025\/12\/ACUDITS-I-FRASES-SENSE-SENTIT.mp3\"><\/audio><\/figure>\n\n\n\n<figure class=\"wp-block-audio\"><audio controls src=\"https:\/\/agora.xtec.cat\/ceippaucasals\/wp-content\/uploads\/usu990\/2026\/03\/ACUDITS-I-PREGUNTES-SENSE-RESPOSTA.mp3\"><\/audio><\/figure>\n\n\n\n<figure class=\"wp-block-audio\"><audio controls src=\"https:\/\/agora.xtec.cat\/ceippaucasals\/wp-content\/uploads\/usu990\/2026\/04\/ACUDITS.mp3\"><\/audio><\/figure>\n\n\n\n<p><img loading=\"lazy\" decoding=\"async\" width=\"150\" height=\"100\" src=\"https:\/\/agora.xtec.cat\/ceippaucasals\/wp-content\/uploads\/usu990\/2025\/12\/El-text-del-paragraf-1.png\" alt=\"\" srcset=\"https:\/\/agora.xtec.cat\/ceippaucasals\/wp-content\/uploads\/usu990\/2025\/12\/El-text-del-paragraf-1.png 354w, https:\/\/agora.xtec.cat\/ceippaucasals\/wp-content\/uploads\/usu990\/2025\/12\/El-text-del-paragraf-1-300x200.png 300w\">Felicitaci\u00f3 Nadalenca_ Cs<audio src=\"https:\/\/agora.xtec.cat\/ceippaucasals\/wp-content\/uploads\/usu990\/2025\/12\/FALCA-NADAL-CICLE-SUPERIOR.mp3\"><\/audio><\/p>\n\n\n\n<figure class=\"wp-block-audio\"><audio controls src=\"https:\/\/agora.xtec.cat\/ceippaucasals\/wp-content\/uploads\/usu990\/2025\/12\/FALCA-NADAL-CICLE-SUPERIOR.mp3\"><\/audio><\/figure>\n\n\n\n<p><img loading=\"lazy\" decoding=\"async\" width=\"150\" height=\"100\" srcset=\"https:\/\/agora.xtec.cat\/ceippaucasals\/wp-content\/uploads\/usu990\/2025\/12\/El-text-del-paragraf-2.png 354w, https:\/\/agora.xtec.cat\/ceippaucasals\/wp-content\/uploads\/usu990\/2025\/12\/El-text-del-paragraf-2-300x200.png 300w\" src=\"https:\/\/agora.xtec.cat\/ceippaucasals\/wp-content\/uploads\/usu990\/2025\/12\/El-text-del-paragraf-2.png\" alt=\"\">Not\u00edcies radiof\u00f2niques: <audio src=\"https:\/\/agora.xtec.cat\/ceippaucasals\/wp-content\/uploads\/usu990\/2025\/12\/NOTICIA-SANTA-CECILIA.mp3\"><\/audio><\/p>\n\n\n\n<ul class=\"wp-block-list\">\n<li>Novembre-desembre 2025 <\/li>\n<\/ul>\n\n\n\n<figure class=\"wp-block-audio\"><audio controls src=\"https:\/\/agora.xtec.cat\/ceippaucasals\/wp-content\/uploads\/usu990\/2025\/12\/NOTICIA-SANTA-CECILIA.mp3\"><\/audio><\/figure>\n\n\n\n<ul class=\"wp-block-list\">\n<li>Gener- febrer 2025<\/li>\n<\/ul>\n\n\n\n<ul class=\"wp-block-list\">\n<li>Sortida CTRV<\/li>\n<\/ul>\n\n\n\n<figure class=\"wp-block-audio\"><audio controls src=\"https:\/\/agora.xtec.cat\/ceippaucasals\/wp-content\/uploads\/usu990\/2026\/03\/NOTICIA-SORTIDA-CTRV.mp3\"><\/audio><\/figure>\n\n\n\n<ul class=\"wp-block-list\">\n<li>Not\u00edcies esportives<\/li>\n<\/ul>\n\n\n\n<figure class=\"wp-block-audio\"><audio controls src=\"https:\/\/agora.xtec.cat\/ceippaucasals\/wp-content\/uploads\/usu990\/2026\/03\/NOTICIES-ESPORTIVES.mp3\"><\/audio><\/figure>\n\n\n\n<ul class=\"wp-block-list\">\n<li>Not\u00edcies carnaval<\/li>\n<\/ul>\n\n\n\n<figure class=\"wp-block-audio\"><audio controls src=\"https:\/\/agora.xtec.cat\/ceippaucasals\/wp-content\/uploads\/usu990\/2026\/04\/NOTICIA-CARNAVAL.mp3\"><\/audio><\/figure>\n\n\n\n<p><img loading=\"lazy\" decoding=\"async\" width=\"150\" height=\"100\" srcset=\"https:\/\/agora.xtec.cat\/ceippaucasals\/wp-content\/uploads\/usu990\/2025\/12\/El-text-del-paragraf-3.png 354w, https:\/\/agora.xtec.cat\/ceippaucasals\/wp-content\/uploads\/usu990\/2025\/12\/El-text-del-paragraf-3-300x200.png 300w\" src=\"https:\/\/agora.xtec.cat\/ceippaucasals\/wp-content\/uploads\/usu990\/2025\/12\/El-text-del-paragraf-3.png\" alt=\"\">Aniversaris <audio src=\"https:\/\/agora.xtec.cat\/ceippaucasals\/wp-content\/uploads\/usu990\/2025\/12\/ANIVERSARIS-DESEMBRE-I-GENER.mp3\"><\/audio><\/p>\n\n\n\n<ul class=\"wp-block-list\">\n<li>Desembre-gener<\/li>\n<\/ul>\n\n\n\n<figure class=\"wp-block-audio\"><audio controls src=\"https:\/\/agora.xtec.cat\/ceippaucasals\/wp-content\/uploads\/usu990\/2025\/12\/ANIVERSARIS-DESEMBRE-I-GENER.mp3\"><\/audio><\/figure>\n\n\n\n<ul class=\"wp-block-list\">\n<li>Febrer- mar\u00e7<\/li>\n<\/ul>\n\n\n\n<figure class=\"wp-block-audio\"><audio controls src=\"https:\/\/agora.xtec.cat\/ceippaucasals\/wp-content\/uploads\/usu990\/2026\/03\/ANIVERSARIS-FEBRER-MARC.mp3\"><\/audio><\/figure>\n\n\n\n<ul class=\"wp-block-list\">\n<li>Abril- maig<\/li>\n<\/ul>\n\n\n\n<figure class=\"wp-block-audio\"><audio controls src=\"https:\/\/agora.xtec.cat\/ceippaucasals\/wp-content\/uploads\/usu990\/2026\/04\/ANIVERSARIS-ABRIL-I-MAIG-definitiu.mp3\"><\/audio><\/figure>\n\n\n\n<p><img loading=\"lazy\" decoding=\"async\" width=\"150\" height=\"100\" src=\"https:\/\/agora.xtec.cat\/ceippaucasals\/wp-content\/uploads\/usu990\/2025\/12\/El-text-del-paragraf-7.png\" alt=\"\" srcset=\"https:\/\/agora.xtec.cat\/ceippaucasals\/wp-content\/uploads\/usu990\/2025\/12\/El-text-del-paragraf-7.png 354w, https:\/\/agora.xtec.cat\/ceippaucasals\/wp-content\/uploads\/usu990\/2025\/12\/El-text-del-paragraf-7-300x200.png 300w\">Amb ritme<audio src=\"https:\/\/agora.xtec.cat\/ceippaucasals\/wp-content\/uploads\/usu990\/2025\/12\/RAP-ESCOLA-PAU-CASALS.mp3\"><\/audio><\/p>\n\n\n\n<figure class=\"wp-block-audio\"><audio controls src=\"https:\/\/agora.xtec.cat\/ceippaucasals\/wp-content\/uploads\/usu990\/2025\/12\/RAP-ESCOLA-PAU-CASALS.mp3\"><\/audio><\/figure>\n\n\n\n<p><img loading=\"lazy\" decoding=\"async\" width=\"150\" height=\"100\" src=\"https:\/\/agora.xtec.cat\/ceippaucasals\/wp-content\/uploads\/usu990\/2025\/12\/El-text-del-paragraf-8.png\" alt=\"\" srcset=\"https:\/\/agora.xtec.cat\/ceippaucasals\/wp-content\/uploads\/usu990\/2025\/12\/El-text-del-paragraf-8.png 354w, https:\/\/agora.xtec.cat\/ceippaucasals\/wp-content\/uploads\/usu990\/2025\/12\/El-text-del-paragraf-8-300x200.png 300w\">Entrevistes \u201cPing-Pong\u201d<audio src=\"https:\/\/agora.xtec.cat\/ceippaucasals\/wp-content\/uploads\/usu990\/2025\/12\/ESTREVISTES-PING-PONG-CICLE-SUPERIOR.mp3\"><\/audio><\/p>\n\n\n\n<figure class=\"wp-block-audio\"><audio controls src=\"https:\/\/agora.xtec.cat\/ceippaucasals\/wp-content\/uploads\/usu990\/2025\/12\/ESTREVISTES-PING-PONG-CICLE-SUPERIOR.mp3\"><\/audio><\/figure>\n\n\n\n<figure class=\"wp-block-audio\"><audio controls src=\"https:\/\/agora.xtec.cat\/ceippaucasals\/wp-content\/uploads\/usu990\/2026\/04\/ENTREVISTES-PING-PONG-definitiu.mp3\"><\/audio><\/figure>\n\n\n\n<p><\/p>\n","protected":false},"excerpt":{"rendered":"<p>Acudits i preguntes sense resposta\u2026 Cicle superior Felicitaci\u00f3 Nadalenca_ Cs Not\u00edcies radiof\u00f2niques: Aniversaris Amb ritme Entrevistes \u201cPing-Pong\u201d<\/p>\n","protected":false},"author":1,"featured_media":0,"parent":14508,"menu_order":0,"comment_status":"closed","ping_status":"close","template":"","meta":{"_bbp_topic_count":0,"_bbp_reply_count":0,"_bbp_total_topic_count":0,"_bbp_total_reply_count":0,"_bbp_voice_count":0,"_bbp_anonymous_reply_count":0,"_bbp_topic_count_hidden":0,"_bbp_reply_count_hidden":0,"_bbp_forum_subforum_count":0,"site-sidebar-layout":"default","site-content-layout":"","ast-site-content-layout":"default","site-content-style":"default","site-sidebar-style":"default","ast-global-header-display":"","ast-banner-title-visibility":"","ast-main-header-display":"","ast-hfb-above-header-display":"","ast-hfb-below-header-display":"","ast-hfb-mobile-header-display":"","site-post-title":"","ast-breadcrumbs-content":"","ast-featured-img":"","footer-sml-layout":"","theme-transparent-header-meta":"","adv-header-id-meta":"","stick-header-meta":"","header-above-stick-meta":"","header-main-stick-meta":"","header-below-stick-meta":"","astra-migrate-meta-layouts":"set","ast-page-background-enabled":"default","ast-page-background-meta":{"desktop":{"background-color":"var(--ast-global-color-4)","background-image":"","background-repeat":"repeat","background-position":"center center","background-size":"auto","background-attachment":"scroll","background-type":"","background-media":"","overlay-type":"","overlay-color":"","overlay-opacity":"","overlay-gradient":""},"tablet":{"background-color":"","background-image":"","background-repeat":"repeat","background-position":"center center","background-size":"auto","background-attachment":"scroll","background-type":"","background-media":"","overlay-type":"","overlay-color":"","overlay-opacity":"","overlay-gradient":""},"mobile":{"background-color":"","background-image":"","background-repeat":"repeat","background-position":"center center","background-size":"auto","background-attachment":"scroll","background-type":"","background-media":"","overlay-type":"","overlay-color":"","overlay-opacity":"","overlay-gradient":""}},"ast-content-background-meta":{"desktop":{"background-color":"var(--ast-global-color-5)","background-image":"","background-repeat":"repeat","background-position":"center center","background-size":"auto","background-attachment":"scroll","background-type":"","background-media":"","overlay-type":"","overlay-color":"","overlay-opacity":"","overlay-gradient":""},"tablet":{"background-color":"var(--ast-global-color-5)","background-image":"","background-repeat":"repeat","background-position":"center center","background-size":"auto","background-attachment":"scroll","background-type":"","background-media":"","overlay-type":"","overlay-color":"","overlay-opacity":"","overlay-gradient":""},"mobile":{"background-color":"var(--ast-global-color-5)","background-image":"","background-repeat":"repeat","background-position":"center center","background-size":"auto","background-attachment":"scroll","background-type":"","background-media":"","overlay-type":"","overlay-color":"","overlay-opacity":"","overlay-gradient":""}},"footnotes":""},"class_list":["post-14588","page","type-page","status-publish","hentry"],"post_mailing_queue_ids":[],"_links":{"self":[{"href":"https:\/\/agora.xtec.cat\/ceippaucasals\/wp-json\/wp\/v2\/pages\/14588","targetHints":{"allow":["GET"]}}],"collection":[{"href":"https:\/\/agora.xtec.cat\/ceippaucasals\/wp-json\/wp\/v2\/pages"}],"about":[{"href":"https:\/\/agora.xtec.cat\/ceippaucasals\/wp-json\/wp\/v2\/types\/page"}],"author":[{"embeddable":true,"href":"https:\/\/agora.xtec.cat\/ceippaucasals\/wp-json\/wp\/v2\/users\/1"}],"replies":[{"embeddable":true,"href":"https:\/\/agora.xtec.cat\/ceippaucasals\/wp-json\/wp\/v2\/comments?post=14588"}],"version-history":[{"count":6,"href":"https:\/\/agora.xtec.cat\/ceippaucasals\/wp-json\/wp\/v2\/pages\/14588\/revisions"}],"predecessor-version":[{"id":14845,"href":"https:\/\/agora.xtec.cat\/ceippaucasals\/wp-json\/wp\/v2\/pages\/14588\/revisions\/14845"}],"up":[{"embeddable":true,"href":"https:\/\/agora.xtec.cat\/ceippaucasals\/wp-json\/wp\/v2\/pages\/14508"}],"wp:attachment":[{"href":"https:\/\/agora.xtec.cat\/ceippaucasals\/wp-json\/wp\/v2\/media?parent=14588"}],"curies":[{"name":"wp","href":"https:\/\/api.w.org\/{rel}","templated":true}]}}