{"id":14579,"date":"2025-12-16T12:22:25","date_gmt":"2025-12-16T11:22:25","guid":{"rendered":"https:\/\/agora.xtec.cat\/ceippaucasals\/?page_id=14579"},"modified":"2026-03-25T11:52:25","modified_gmt":"2026-03-25T10:52:25","slug":"cicle-mitja-radio-xerrameca","status":"publish","type":"page","link":"https:\/\/agora.xtec.cat\/ceippaucasals\/tac-a-laula\/radio-xerrameca\/cicle-mitja-radio-xerrameca\/","title":{"rendered":"Cicle mitj\u00e0 R\u00e0dio xerrameca"},"content":{"rendered":"\n<p><img loading=\"lazy\" decoding=\"async\" width=\"150\" height=\"100\" src=\"https:\/\/agora.xtec.cat\/ceippaucasals\/wp-content\/uploads\/usu990\/2025\/12\/El-text-del-paragraf-5.png\" alt=\"\" srcset=\"https:\/\/agora.xtec.cat\/ceippaucasals\/wp-content\/uploads\/usu990\/2025\/12\/El-text-del-paragraf-5.png 354w, https:\/\/agora.xtec.cat\/ceippaucasals\/wp-content\/uploads\/usu990\/2025\/12\/El-text-del-paragraf-5-300x200.png 300w\">Benvinguts a un octubre de poooor !! Cicle mitj\u00e0<audio src=\"https:\/\/agora.xtec.cat\/ceippaucasals\/wp-content\/uploads\/usu990\/2025\/12\/FALCA-RADIO-HALLOWEEN.mp3\"><\/audio><\/p>\n\n\n\n<figure class=\"wp-block-audio\"><audio controls src=\"https:\/\/agora.xtec.cat\/ceippaucasals\/wp-content\/uploads\/usu990\/2025\/12\/FALCA-RADIO-HALLOWEEN.mp3\"><\/audio><\/figure>\n\n\n\n<p><img loading=\"lazy\" decoding=\"async\" width=\"150\" height=\"100\" src=\"https:\/\/agora.xtec.cat\/ceippaucasals\/wp-content\/uploads\/usu990\/2025\/12\/El-text-del-paragraf-4.png\" alt=\"\" srcset=\"https:\/\/agora.xtec.cat\/ceippaucasals\/wp-content\/uploads\/usu990\/2025\/12\/El-text-del-paragraf-4.png 354w, https:\/\/agora.xtec.cat\/ceippaucasals\/wp-content\/uploads\/usu990\/2025\/12\/El-text-del-paragraf-4-300x200.png 300w\">Endevinalles de nadal_ Cicle mitj\u00e0<audio src=\"https:\/\/agora.xtec.cat\/ceippaucasals\/wp-content\/uploads\/usu990\/2025\/12\/ENDEVINALLES-DE-NADAL.mp3\"><\/audio><\/p>\n\n\n\n<figure class=\"wp-block-audio\"><audio controls src=\"https:\/\/agora.xtec.cat\/ceippaucasals\/wp-content\/uploads\/usu990\/2025\/12\/ENDEVINALLES-DE-NADAL.mp3\"><\/audio><\/figure>\n\n\n\n<p><img loading=\"lazy\" decoding=\"async\" width=\"150\" height=\"100\" src=\"https:\/\/agora.xtec.cat\/ceippaucasals\/wp-content\/uploads\/usu990\/2025\/12\/El-text-del-paragraf-1.png\" alt=\"\" srcset=\"https:\/\/agora.xtec.cat\/ceippaucasals\/wp-content\/uploads\/usu990\/2025\/12\/El-text-del-paragraf-1.png 354w, https:\/\/agora.xtec.cat\/ceippaucasals\/wp-content\/uploads\/usu990\/2025\/12\/El-text-del-paragraf-1-300x200.png 300w\">Felicitaci\u00f3 Nadalenca_ Cicle mitj\u00e0<audio src=\"https:\/\/agora.xtec.cat\/ceippaucasals\/wp-content\/uploads\/usu990\/2025\/12\/FALCA-NADAL-CICLE-MITJA.mp3\"><\/audio><\/p>\n\n\n\n<figure class=\"wp-block-audio\"><audio controls src=\"https:\/\/agora.xtec.cat\/ceippaucasals\/wp-content\/uploads\/usu990\/2025\/12\/FALCA-NADAL-CICLE-MITJA.mp3\"><\/audio><\/figure>\n\n\n\n<p><img loading=\"lazy\" decoding=\"async\" width=\"150\" height=\"100\" src=\"https:\/\/agora.xtec.cat\/ceippaucasals\/wp-content\/uploads\/usu990\/2025\/12\/El-text-del-paragraf-2.png\" alt=\"\" srcset=\"https:\/\/agora.xtec.cat\/ceippaucasals\/wp-content\/uploads\/usu990\/2025\/12\/El-text-del-paragraf-2.png 354w, https:\/\/agora.xtec.cat\/ceippaucasals\/wp-content\/uploads\/usu990\/2025\/12\/El-text-del-paragraf-2-300x200.png 300w\">Not\u00edcies radiof\u00f2niques: Novembre- desembre 2025 Cicle mitj\u00e0<audio src=\"https:\/\/agora.xtec.cat\/ceippaucasals\/wp-content\/uploads\/usu990\/2025\/12\/NOTICIA-CATALUNYA-EN-MINIATURA-CICLE-MITJA.mp3\"><\/audio><audio src=\"https:\/\/agora.xtec.cat\/ceippaucasals\/wp-content\/uploads\/usu990\/2025\/12\/NOTICIA-ESTADES-PEDAGOGIQUES-CICLE-MITJA.mp3\"><\/audio><\/p>\n\n\n\n<figure class=\"wp-block-audio\"><audio controls src=\"https:\/\/agora.xtec.cat\/ceippaucasals\/wp-content\/uploads\/usu990\/2025\/12\/NOTICIA-ESTADES-PEDAGOGIQUES-CICLE-MITJA.mp3\"><\/audio><\/figure>\n\n\n\n<figure class=\"wp-block-audio\"><audio controls src=\"https:\/\/agora.xtec.cat\/ceippaucasals\/wp-content\/uploads\/usu990\/2025\/12\/NOTICIA-CATALUNYA-EN-MINIATURA-CICLE-MITJA.mp3\"><\/audio><\/figure>\n\n\n\n<p>Qu\u00e8 passa amb els lavabos??<\/p>\n\n\n\n<figure class=\"wp-block-audio\"><audio controls src=\"https:\/\/agora.xtec.cat\/ceippaucasals\/wp-content\/uploads\/usu990\/2026\/03\/NOTICIA-LAVABOS.mp3\"><\/audio><\/figure>\n\n\n\n<p><img loading=\"lazy\" decoding=\"async\" width=\"150\" height=\"100\" src=\"https:\/\/agora.xtec.cat\/ceippaucasals\/wp-content\/uploads\/usu990\/2025\/12\/El-text-del-paragraf-6.png\" alt=\"\" srcset=\"https:\/\/agora.xtec.cat\/ceippaucasals\/wp-content\/uploads\/usu990\/2025\/12\/El-text-del-paragraf-6.png 354w, https:\/\/agora.xtec.cat\/ceippaucasals\/wp-content\/uploads\/usu990\/2025\/12\/El-text-del-paragraf-6-300x200.png 300w\">Embarbussaments Cicle mitj\u00e0<audio src=\"https:\/\/agora.xtec.cat\/ceippaucasals\/wp-content\/uploads\/usu990\/2025\/12\/EMBARBUSSAMENTS.mp3\"><\/audio><\/p>\n\n\n\n<figure class=\"wp-block-audio\"><audio controls src=\"https:\/\/agora.xtec.cat\/ceippaucasals\/wp-content\/uploads\/usu990\/2025\/12\/EMBARBUSSAMENTS.mp3\"><\/audio><\/figure>\n\n\n\n<p><img loading=\"lazy\" decoding=\"async\" width=\"150\" height=\"100\" srcset=\"https:\/\/agora.xtec.cat\/ceippaucasals\/wp-content\/uploads\/usu990\/2025\/12\/El-text-del-paragraf-3.png 354w, https:\/\/agora.xtec.cat\/ceippaucasals\/wp-content\/uploads\/usu990\/2025\/12\/El-text-del-paragraf-3-300x200.png 300w\" src=\"https:\/\/agora.xtec.cat\/ceippaucasals\/wp-content\/uploads\/usu990\/2025\/12\/El-text-del-paragraf-3.png\" alt=\"\">Aniversaris octubre-novembre<audio src=\"https:\/\/agora.xtec.cat\/ceippaucasals\/wp-content\/uploads\/usu990\/2025\/12\/ANIVERSARIS-OCTUBRE-NOVEMBRE-CICLE-MITJA.mp3\"><\/audio><\/p>\n\n\n\n<figure class=\"wp-block-audio\"><audio controls src=\"https:\/\/agora.xtec.cat\/ceippaucasals\/wp-content\/uploads\/usu990\/2025\/12\/ANIVERSARIS-OCTUBRE-NOVEMBRE-CICLE-MITJA.mp3\"><\/audio><\/figure>\n\n\n\n<p><img loading=\"lazy\" decoding=\"async\" width=\"150\" height=\"100\" src=\"https:\/\/agora.xtec.cat\/ceippaucasals\/wp-content\/uploads\/usu990\/2025\/12\/El-text-del-paragraf-3.png\" alt=\"\" srcset=\"https:\/\/agora.xtec.cat\/ceippaucasals\/wp-content\/uploads\/usu990\/2025\/12\/El-text-del-paragraf-3.png 354w, https:\/\/agora.xtec.cat\/ceippaucasals\/wp-content\/uploads\/usu990\/2025\/12\/El-text-del-paragraf-3-300x200.png 300w\">Aniversaris desembre-gener<audio src=\"https:\/\/agora.xtec.cat\/ceippaucasals\/wp-content\/uploads\/usu990\/2025\/12\/ANIVERSARIS-DESEMBRE-GENER.mp3\"><\/audio><\/p>\n\n\n\n<figure class=\"wp-block-audio\"><audio controls src=\"https:\/\/agora.xtec.cat\/ceippaucasals\/wp-content\/uploads\/usu990\/2025\/12\/ANIVERSARIS-DESEMBRE-GENER.mp3\"><\/audio><\/figure>\n\n\n\n<p><img loading=\"lazy\" decoding=\"async\" width=\"150\" height=\"100\" srcset=\"https:\/\/agora.xtec.cat\/ceippaucasals\/wp-content\/uploads\/usu990\/2025\/12\/El-text-del-paragraf-3.png 354w, https:\/\/agora.xtec.cat\/ceippaucasals\/wp-content\/uploads\/usu990\/2025\/12\/El-text-del-paragraf-3-300x200.png 300w\" src=\"https:\/\/agora.xtec.cat\/ceippaucasals\/wp-content\/uploads\/usu990\/2025\/12\/El-text-del-paragraf-3.png\" alt=\"\">Aniversaris abril-maig<\/p>\n\n\n\n<figure class=\"wp-block-audio\"><audio controls src=\"https:\/\/agora.xtec.cat\/ceippaucasals\/wp-content\/uploads\/usu990\/2026\/03\/ANIVERSARIS-ABRIL-I-MAIG.mp3\"><\/audio><\/figure>\n\n\n\n<p><img loading=\"lazy\" decoding=\"async\" width=\"150\" height=\"100\" srcset=\"https:\/\/agora.xtec.cat\/ceippaucasals\/wp-content\/uploads\/usu990\/2025\/12\/El-text-del-paragraf.png 354w, https:\/\/agora.xtec.cat\/ceippaucasals\/wp-content\/uploads\/usu990\/2025\/12\/El-text-del-paragraf-300x200.png 300w\" src=\"https:\/\/agora.xtec.cat\/ceippaucasals\/wp-content\/uploads\/usu990\/2025\/12\/El-text-del-paragraf.png\" alt=\"\">Acudits i preguntes sense resposta\u2026 Cicle mitj\u00e0<\/p>\n\n\n\n<figure class=\"wp-block-audio\"><audio controls src=\"https:\/\/agora.xtec.cat\/ceippaucasals\/wp-content\/uploads\/usu990\/2026\/03\/ACUDITS.mp3\"><\/audio><\/figure>\n\n\n\n<p><img loading=\"lazy\" decoding=\"async\" width=\"150\" height=\"100\" class=\"wp-image-14820\" style=\"width: 150px;\" src=\"https:\/\/agora.xtec.cat\/ceippaucasals\/wp-content\/uploads\/usu990\/2026\/03\/icones-radio-xerrameca.png\" alt=\"\" srcset=\"https:\/\/agora.xtec.cat\/ceippaucasals\/wp-content\/uploads\/usu990\/2026\/03\/icones-radio-xerrameca.png 354w, https:\/\/agora.xtec.cat\/ceippaucasals\/wp-content\/uploads\/usu990\/2026\/03\/icones-radio-xerrameca-300x200.png 300w\" sizes=\"auto, (max-width: 150px) 100vw, 150px\" \/>Entrevistes<\/p>\n\n\n\n<p>Entrevistem a la Judit, tutora de 4t B<\/p>\n\n\n\n<figure class=\"wp-block-audio\"><audio controls src=\"https:\/\/agora.xtec.cat\/ceippaucasals\/wp-content\/uploads\/usu990\/2026\/03\/Entrevista-Judit-tutora-4t-B.mp3\"><\/audio><\/figure>\n\n\n\n<p><\/p>\n","protected":false},"excerpt":{"rendered":"<p>Benvinguts a un octubre de poooor !! Cicle mitj\u00e0 Endevinalles de nadal_ Cicle mitj\u00e0 Felicitaci\u00f3 Nadalenca_ Cicle mitj\u00e0 Not\u00edcies radiof\u00f2niques: Novembre- desembre 2025 Cicle mitj\u00e0 Qu\u00e8 passa amb els lavabos?? Embarbussaments Cicle mitj\u00e0 Aniversaris octubre-novembre Aniversaris desembre-gener Aniversaris abril-maig Acudits i preguntes sense resposta\u2026 Cicle mitj\u00e0 Entrevistes Entrevistem a la Judit, tutora de 4t B<\/p>\n","protected":false},"author":1,"featured_media":0,"parent":14508,"menu_order":0,"comment_status":"closed","ping_status":"close","template":"","meta":{"_bbp_topic_count":0,"_bbp_reply_count":0,"_bbp_total_topic_count":0,"_bbp_total_reply_count":0,"_bbp_voice_count":0,"_bbp_anonymous_reply_count":0,"_bbp_topic_count_hidden":0,"_bbp_reply_count_hidden":0,"_bbp_forum_subforum_count":0,"site-sidebar-layout":"default","site-content-layout":"","ast-site-content-layout":"default","site-content-style":"default","site-sidebar-style":"default","ast-global-header-display":"","ast-banner-title-visibility":"","ast-main-header-display":"","ast-hfb-above-header-display":"","ast-hfb-below-header-display":"","ast-hfb-mobile-header-display":"","site-post-title":"","ast-breadcrumbs-content":"","ast-featured-img":"","footer-sml-layout":"","theme-transparent-header-meta":"","adv-header-id-meta":"","stick-header-meta":"","header-above-stick-meta":"","header-main-stick-meta":"","header-below-stick-meta":"","astra-migrate-meta-layouts":"set","ast-page-background-enabled":"default","ast-page-background-meta":{"desktop":{"background-color":"var(--ast-global-color-4)","background-image":"","background-repeat":"repeat","background-position":"center center","background-size":"auto","background-attachment":"scroll","background-type":"","background-media":"","overlay-type":"","overlay-color":"","overlay-opacity":"","overlay-gradient":""},"tablet":{"background-color":"","background-image":"","background-repeat":"repeat","background-position":"center center","background-size":"auto","background-attachment":"scroll","background-type":"","background-media":"","overlay-type":"","overlay-color":"","overlay-opacity":"","overlay-gradient":""},"mobile":{"background-color":"","background-image":"","background-repeat":"repeat","background-position":"center center","background-size":"auto","background-attachment":"scroll","background-type":"","background-media":"","overlay-type":"","overlay-color":"","overlay-opacity":"","overlay-gradient":""}},"ast-content-background-meta":{"desktop":{"background-color":"var(--ast-global-color-5)","background-image":"","background-repeat":"repeat","background-position":"center center","background-size":"auto","background-attachment":"scroll","background-type":"","background-media":"","overlay-type":"","overlay-color":"","overlay-opacity":"","overlay-gradient":""},"tablet":{"background-color":"var(--ast-global-color-5)","background-image":"","background-repeat":"repeat","background-position":"center center","background-size":"auto","background-attachment":"scroll","background-type":"","background-media":"","overlay-type":"","overlay-color":"","overlay-opacity":"","overlay-gradient":""},"mobile":{"background-color":"var(--ast-global-color-5)","background-image":"","background-repeat":"repeat","background-position":"center center","background-size":"auto","background-attachment":"scroll","background-type":"","background-media":"","overlay-type":"","overlay-color":"","overlay-opacity":"","overlay-gradient":""}},"footnotes":""},"class_list":["post-14579","page","type-page","status-publish","hentry"],"post_mailing_queue_ids":[],"_links":{"self":[{"href":"https:\/\/agora.xtec.cat\/ceippaucasals\/wp-json\/wp\/v2\/pages\/14579","targetHints":{"allow":["GET"]}}],"collection":[{"href":"https:\/\/agora.xtec.cat\/ceippaucasals\/wp-json\/wp\/v2\/pages"}],"about":[{"href":"https:\/\/agora.xtec.cat\/ceippaucasals\/wp-json\/wp\/v2\/types\/page"}],"author":[{"embeddable":true,"href":"https:\/\/agora.xtec.cat\/ceippaucasals\/wp-json\/wp\/v2\/users\/1"}],"replies":[{"embeddable":true,"href":"https:\/\/agora.xtec.cat\/ceippaucasals\/wp-json\/wp\/v2\/comments?post=14579"}],"version-history":[{"count":6,"href":"https:\/\/agora.xtec.cat\/ceippaucasals\/wp-json\/wp\/v2\/pages\/14579\/revisions"}],"predecessor-version":[{"id":14826,"href":"https:\/\/agora.xtec.cat\/ceippaucasals\/wp-json\/wp\/v2\/pages\/14579\/revisions\/14826"}],"up":[{"embeddable":true,"href":"https:\/\/agora.xtec.cat\/ceippaucasals\/wp-json\/wp\/v2\/pages\/14508"}],"wp:attachment":[{"href":"https:\/\/agora.xtec.cat\/ceippaucasals\/wp-json\/wp\/v2\/media?parent=14579"}],"curies":[{"name":"wp","href":"https:\/\/api.w.org\/{rel}","templated":true}]}}