{"id":34,"date":"2014-09-18T12:32:18","date_gmt":"2014-09-18T12:32:18","guid":{"rendered":"http:\/\/agora.xtec.cat\/ceippaucasals-hospitalet\/?page_id=34"},"modified":"2025-09-08T11:05:56","modified_gmt":"2025-09-08T09:05:56","slug":"oferta-educativa","status":"publish","type":"page","link":"https:\/\/agora.xtec.cat\/ceippaucasals-hospitalet\/lescola\/oferta-educativa\/","title":{"rendered":"Equip docent"},"content":{"rendered":"<h4 style=\"text-align: center;\"><strong>Curs 2025 &#8211; 2026<\/strong><\/h4>\n<h4><strong>Tutors<\/strong><\/h4>\n<table style=\"height: 337px; width: 44.8949%;\" width=\"622\">\n<tbody>\n<tr style=\"height: 33px;\">\n<td style=\"height: 33px; width: 616.015625px;\" colspan=\"3\"><strong>EI<\/strong><\/td>\n<\/tr>\n<tr style=\"height: 96px;\">\n<td style=\"height: 96px; width: 205.3125px;\"><strong>I3 A<\/strong>\u00a0 Vanessa Utrero<\/p>\n<p><strong>I3 B<\/strong>\u00a0 \u00a0Elena Rodr\u00edguez<\/td>\n<td style=\"height: 96px; width: 194.875px;\">&nbsp;<\/p>\n<p><strong>I4 A\u00a0 <\/strong>Irene Fern\u00e1ndez (Estefan\u00eda Caba)<\/p>\n<p><strong>I4 B\u00a0<\/strong> Lorena Albero<\/p>\n<p>&nbsp;<\/td>\n<td style=\"height: 96px; width: 211.828125px;\">&nbsp;<\/p>\n<p><strong>I5 A<\/strong>\u00a0 \u00a0Joana Gonz\u00e1lez<\/p>\n<p><strong>I5 B<\/strong>\u00a0 Alba Guti\u00e9rrez<\/p>\n<p>&nbsp;<\/td>\n<\/tr>\n<tr style=\"height: 33px;\">\n<td style=\"height: 33px; width: 205.3125px;\"><strong>CI<\/strong><\/td>\n<td style=\"height: 33px; width: 194.875px;\"><strong>CM<\/strong><\/td>\n<td style=\"height: 33px; width: 211.828125px;\"><strong>CS<\/strong><\/td>\n<\/tr>\n<tr style=\"height: 175px;\">\n<td style=\"height: 175px; width: 205.3125px;\"><strong>1r A\u00a0 \u00a0<\/strong> Patricia Escrig<\/p>\n<p><strong>1r B\u00a0 \u00a0<\/strong>Carme Aguado<\/p>\n<p><strong>1rC\u00a0 <\/strong>Marta Cabrera<\/p>\n<p><strong>2n A<\/strong>\u00a0 \u00a0Inma Barberan<\/p>\n<p><strong>2n B<\/strong>\u00a0 N\u00faria Blanchart<\/td>\n<td style=\"height: 175px; width: 194.875px;\">&nbsp;<\/p>\n<p><strong>3r A\u00a0<\/strong> M\u00f3nica S\u00e1nchez<\/p>\n<p><strong>3r B<\/strong>\u00a0 \u00a0Arnau Montesinos<\/p>\n<p><strong>4t A<\/strong>\u00a0 \u00a0Jessica Sol\u00e9<\/p>\n<p><strong>4t B<\/strong>\u00a0 Rosa Ana Adam<\/p>\n<p>&nbsp;<\/td>\n<td style=\"height: 175px; width: 211.828125px;\"><strong>5\u00e8 A\u00a0 <\/strong>Cristina Carri\u00f3n<\/p>\n<p><strong>5\u00e8 B\u00a0<\/strong>\u00a0 Suad Ayad<\/p>\n<p><strong>5\u00e8C\u00a0 <\/strong>Estefan\u00eda Poveda<\/p>\n<p><strong>6\u00e8 A <\/strong>\u00a0Oriol Silvestre<\/p>\n<p><strong>6\u00e8 B<\/strong>\u00a0 Tania P\u00e9rez<\/td>\n<\/tr>\n<\/tbody>\n<\/table>\n<h5><strong>Especialistes<\/strong><\/h5>\n<table style=\"height: 291px;\" width=\"678\">\n<tbody>\n<tr style=\"height: 95px;\">\n<td style=\"width: 195px; height: 95px;\"><strong>Psico., m\u00fasica i refor\u00e7 EI<\/strong><\/td>\n<td style=\"width: 475px; height: 95px;\">Sergio Soler, Roseta Cabrera, Rosa Solsona, Teresa Falc\u00f3, Sara Escud\u00e9<\/td>\n<\/tr>\n<tr style=\"height: 31px;\">\n<td style=\"width: 195px; height: 31px;\"><strong>Educaci\u00f3 F\u00edsica\u00a0\u00a0\u00a0\u00a0 <\/strong><\/td>\n<td style=\"width: 475px; height: 31px;\">Sergio Soler, H\u00e8ctor Ros, Roseta Cabrera<\/td>\n<\/tr>\n<tr style=\"height: 31px;\">\n<td style=\"width: 195px; height: 31px;\"><strong>Angl\u00e8s\u00a0\u00a0\u00a0\u00a0\u00a0\u00a0\u00a0\u00a0\u00a0\u00a0\u00a0\u00a0\u00a0\u00a0\u00a0\u00a0\u00a0\u00a0\u00a0\u00a0\u00a0 <\/strong><\/td>\n<td style=\"width: 475px; height: 31px;\">N\u00faria Mingote, Esther Mart\u00ednez, Carolina Mar\u00ed<\/td>\n<\/tr>\n<tr style=\"height: 31px;\">\n<td style=\"width: 195px; height: 31px;\"><strong>M\u00fasica\u00a0\u00a0\u00a0\u00a0\u00a0\u00a0\u00a0\u00a0\u00a0\u00a0\u00a0\u00a0\u00a0\u00a0\u00a0\u00a0\u00a0\u00a0\u00a0\u00a0\u00a0 <\/strong><\/td>\n<td style=\"width: 475px; height: 31px;\">Miriam Alemany<\/td>\n<\/tr>\n<tr style=\"height: 31px;\">\n<td style=\"width: 195px; height: 31px;\"><strong>Refor\u00e7<\/strong><\/td>\n<td style=\"width: 475px; height: 31px;\">Marta Serrano, Maite Mata, Montse Crist\u00f2fol, Emilio Benavent, Sara Ribas.<\/td>\n<\/tr>\n<tr style=\"height: 31px;\">\n<td style=\"width: 195px; height: 31px;\"><strong>Aula d&#8217;Acollida\u00a0 \u00a0 \u00a0 \u00a0 \u00a0 \u00a0 \u00a0 \u00a0<\/strong><\/td>\n<td style=\"width: 475px; height: 31px;\">Enric R\u00e0fols i Irene Vives<\/td>\n<\/tr>\n<tr style=\"height: 31px;\">\n<td style=\"width: 195px; height: 31px;\"><strong>Educaci\u00f3 Especial<\/strong><\/td>\n<td style=\"width: 475px; height: 31px;\">Nuri Pino, Melania Portol\u00e9s, Farah Ararou, Raquel Torres<\/td>\n<\/tr>\n<tr style=\"height: 10px;\">\n<td style=\"width: 195px; height: 10px;\"><strong>SIEI<\/strong><\/td>\n<td style=\"width: 475px; height: 10px;\">Miriam Paules i Alba Oliver<\/td>\n<\/tr>\n<\/tbody>\n<\/table>\n<h5><strong>Personal no docent<\/strong><\/h5>\n<table>\n<tbody>\n<tr>\n<td width=\"180\"><strong>TEI<\/strong><\/td>\n<td width=\"246\">Yolanda Losada<\/td>\n<\/tr>\n<tr>\n<td><strong>Auxiliars EE<\/strong><\/td>\n<td>Merc\u00e8 Santiuste i Iris Mart\u00ednez<\/td>\n<\/tr>\n<tr>\n<td width=\"180\"><strong>Vetlladors<\/strong><\/td>\n<td width=\"246\">Maria\u00a0 Rodr\u00edguez i Gustavo Nyveiro<\/td>\n<\/tr>\n<tr>\n<td width=\"180\"><strong>Administrativa<\/strong><\/td>\n<td width=\"246\">Loly Monteagudo<\/td>\n<\/tr>\n<tr>\n<td width=\"180\"><strong>Conserges<\/strong><\/td>\n<td width=\"246\">Xavier Ten i Ana Mar\u00edn<\/td>\n<\/tr>\n<\/tbody>\n<\/table>\n<p>&nbsp;<\/p>\n","protected":false},"excerpt":{"rendered":"<p>Curs 2025 &#8211; 2026<br \/>\nTutors<\/p>\n<p>EI<\/p>\n<p>I3 A\u00a0 Vanessa Utrero<br \/>\nI3 B\u00a0 \u00a0Elena Rodr\u00edguez<br \/>\n&nbsp;<br \/>\nI4 A\u00a0 Irene Fern\u00e1ndez (Estefan\u00eda Caba)<br \/>\nI4 B\u00a0 Lorena Albero<br \/>\n&nbsp;<br \/>\n&nbsp;<br \/>\nI5 A\u00a0 \u00a0Joana Gonz\u00e1lez<br \/>\nI5 B\u00a0 Alba Guti\u00e9rrez<br \/>\n&nbsp;<\/p>\n<p>CI<br \/>\nCM<br \/>\nCS<\/p>\n<p>1r A\u00a0 \u00a0 Patricia Escrig<br \/>\n1r B\u00a0 \u00a0Carme Aguado<br \/>\n1rC\u00a0 Marta Cabrera<br \/>\n2n A\u00a0 \u00a0Inma Barberan<br \/>\n2n B\u00a0 N\u00faria Blanchart<br \/>\n&nbsp;<br \/>\n3r A\u00a0 M\u00f3nica S\u00e1nchez<br \/>\n3r B\u00a0 \u00a0Arnau Montesinos<br \/>\n4t&hellip;  <a href=\"https:\/\/agora.xtec.cat\/ceippaucasals-hospitalet\/lescola\/oferta-educativa\/\" title=\"Read Equip docent\">Llegeix m\u00e9s\u00bb<\/a><\/p>\n","protected":false},"author":2,"featured_media":0,"parent":22,"menu_order":60,"comment_status":"closed","ping_status":"closed","template":"page-templates\/side-menu.php","meta":{"_bbp_topic_count":0,"_bbp_reply_count":0,"_bbp_total_topic_count":0,"_bbp_total_reply_count":0,"_bbp_voice_count":0,"_bbp_anonymous_reply_count":0,"_bbp_topic_count_hidden":0,"_bbp_reply_count_hidden":0,"_bbp_forum_subforum_count":0,"footnotes":""},"class_list":["post-34","page","type-page","status-publish","hentry"],"post_mailing_queue_ids":[],"_links":{"self":[{"href":"https:\/\/agora.xtec.cat\/ceippaucasals-hospitalet\/wp-json\/wp\/v2\/pages\/34","targetHints":{"allow":["GET"]}}],"collection":[{"href":"https:\/\/agora.xtec.cat\/ceippaucasals-hospitalet\/wp-json\/wp\/v2\/pages"}],"about":[{"href":"https:\/\/agora.xtec.cat\/ceippaucasals-hospitalet\/wp-json\/wp\/v2\/types\/page"}],"author":[{"embeddable":true,"href":"https:\/\/agora.xtec.cat\/ceippaucasals-hospitalet\/wp-json\/wp\/v2\/users\/2"}],"replies":[{"embeddable":true,"href":"https:\/\/agora.xtec.cat\/ceippaucasals-hospitalet\/wp-json\/wp\/v2\/comments?post=34"}],"version-history":[{"count":7,"href":"https:\/\/agora.xtec.cat\/ceippaucasals-hospitalet\/wp-json\/wp\/v2\/pages\/34\/revisions"}],"predecessor-version":[{"id":5751,"href":"https:\/\/agora.xtec.cat\/ceippaucasals-hospitalet\/wp-json\/wp\/v2\/pages\/34\/revisions\/5751"}],"up":[{"embeddable":true,"href":"https:\/\/agora.xtec.cat\/ceippaucasals-hospitalet\/wp-json\/wp\/v2\/pages\/22"}],"wp:attachment":[{"href":"https:\/\/agora.xtec.cat\/ceippaucasals-hospitalet\/wp-json\/wp\/v2\/media?parent=34"}],"curies":[{"name":"wp","href":"https:\/\/api.w.org\/{rel}","templated":true}]}}