{"id":28,"date":"2014-09-18T12:29:35","date_gmt":"2014-09-18T12:29:35","guid":{"rendered":"http:\/\/agora.xtec.cat\/ceippaucasals-hospitalet\/?page_id=28"},"modified":"2016-11-07T09:44:44","modified_gmt":"2016-11-07T08:44:44","slug":"consell-escolar","status":"publish","type":"page","link":"https:\/\/agora.xtec.cat\/ceippaucasals-hospitalet\/lescola\/consell-escolar\/","title":{"rendered":"Consell escolar"},"content":{"rendered":"<p><strong>Com podem participar en les eleccions del consell escolar?<\/strong><\/p>\n<p>En les eleccions, les fam\u00edlies hi podeu participar de dues maneres diferents:<br \/>\nPresentant-vos com a candidats per representar els pares i mares al consell escolar.<br \/>\nParticipant el dia que el centre convoqui les eleccions votant els candidats que considereu m\u00e9s representatius.<\/p>\n<p><strong>Per qu\u00e8 \u00e9s important que les fam\u00edlies participem en el consell escolar?<\/strong><\/p>\n<p>Els professionals dels centres i les fam\u00edlies compartim un objectiu: l\u2019\u00e8xit educatiu dels fills. Les decisions que es prenen al consell escolar s\u00f3n decisives per al funcionament i la millora del centre i, per tant, tamb\u00e9 per a l\u2019\u00e8xit educatiu de tots els alumnes. \u00c9s per aquest motiu que la participaci\u00f3 i implicaci\u00f3 dels pares en les eleccions al consell escolar \u00e9s tan important.<br \/>\nQuan les fam\u00edlies participeu en les eleccions, doneu suport al vostre candidat i delegueu en la seva veu i representaci\u00f3. Aix\u00ed feu arribar les seves opinions i aportacions. \u00c9s important que participeu en les eleccions al consell escolar perqu\u00e8:<\/p>\n<p>* Sou els responsables de la formaci\u00f3 dels vostres fills i \u00e9s important tenir uns bons representants al consell escolar que us informin i facin arribar la vostra veu.<br \/>\n* Les fam\u00edlies i els docents compartim un mateix objectiu. Per aix\u00f2 hem de ser capa\u00e7os de decidir, entre tots, a qu\u00e8 ens comprometem per aconseguir-ho.<br \/>\n* \u00c9s una manera de valorar l\u2019escola. Aix\u00ed contribu\u00efu que el vostre fill tamb\u00e9 la valori i es prengui seriosament els seus estudis.<br \/>\n* L\u2019\u00e8xit educatiu del vostre fill tamb\u00e9 dep\u00e8n del funcionament i el clima de centre. Implicar-vos en el seguiment i l\u2019avaluaci\u00f3 d\u2019aquest funcionament \u00e9s implicar-vos en l\u2019\u00e8xit del vostre fill.<\/p>\n<p>\u00c9s la manera de fer arribar la vostra veu en temes que us poden preocupar, com activitats extraescolars o quina \u00e9s l\u2019alimentaci\u00f3 que han de rebre en el menjador escolar.<\/p>\n<p>\u00c9s important tenir una escola oberta a l\u2019entorn, que col\u00b7labori amb els altres centres i les diferents entitats i que entre tots pugueu fer del vostre barri un entorn m\u00e9s educatiu i cohesionat. El consell escolar decideix quines han de ser aquestes relacions.<\/p>\n","protected":false},"excerpt":{"rendered":"<p>Com podem participar en les eleccions del consell escolar?<br \/>\nEn les eleccions, les fam\u00edlies hi podeu participar de dues maneres diferents:<br \/>\nPresentant-vos com a candidats per representar els pares i mares al consell escolar.<br \/>\nParticipant el dia que el centre convoqui les eleccions votant els candidats que considereu&hellip;  <a href=\"https:\/\/agora.xtec.cat\/ceippaucasals-hospitalet\/lescola\/consell-escolar\/\" title=\"Read Consell escolar\">Llegeix m\u00e9s\u00bb<\/a><\/p>\n","protected":false},"author":2,"featured_media":0,"parent":22,"menu_order":30,"comment_status":"closed","ping_status":"closed","template":"page-templates\/side-menu.php","meta":{"_bbp_topic_count":0,"_bbp_reply_count":0,"_bbp_total_topic_count":0,"_bbp_total_reply_count":0,"_bbp_voice_count":0,"_bbp_anonymous_reply_count":0,"_bbp_topic_count_hidden":0,"_bbp_reply_count_hidden":0,"_bbp_forum_subforum_count":0,"footnotes":""},"class_list":["post-28","page","type-page","status-publish","hentry"],"post_mailing_queue_ids":[],"_links":{"self":[{"href":"https:\/\/agora.xtec.cat\/ceippaucasals-hospitalet\/wp-json\/wp\/v2\/pages\/28","targetHints":{"allow":["GET"]}}],"collection":[{"href":"https:\/\/agora.xtec.cat\/ceippaucasals-hospitalet\/wp-json\/wp\/v2\/pages"}],"about":[{"href":"https:\/\/agora.xtec.cat\/ceippaucasals-hospitalet\/wp-json\/wp\/v2\/types\/page"}],"author":[{"embeddable":true,"href":"https:\/\/agora.xtec.cat\/ceippaucasals-hospitalet\/wp-json\/wp\/v2\/users\/2"}],"replies":[{"embeddable":true,"href":"https:\/\/agora.xtec.cat\/ceippaucasals-hospitalet\/wp-json\/wp\/v2\/comments?post=28"}],"version-history":[{"count":2,"href":"https:\/\/agora.xtec.cat\/ceippaucasals-hospitalet\/wp-json\/wp\/v2\/pages\/28\/revisions"}],"predecessor-version":[{"id":279,"href":"https:\/\/agora.xtec.cat\/ceippaucasals-hospitalet\/wp-json\/wp\/v2\/pages\/28\/revisions\/279"}],"up":[{"embeddable":true,"href":"https:\/\/agora.xtec.cat\/ceippaucasals-hospitalet\/wp-json\/wp\/v2\/pages\/22"}],"wp:attachment":[{"href":"https:\/\/agora.xtec.cat\/ceippaucasals-hospitalet\/wp-json\/wp\/v2\/media?parent=28"}],"curies":[{"name":"wp","href":"https:\/\/api.w.org\/{rel}","templated":true}]}}