{"id":22,"date":"2014-09-18T12:19:57","date_gmt":"2014-09-18T12:19:57","guid":{"rendered":"http:\/\/agora.xtec.cat\/ceippaucasals-hospitalet\/?page_id=22"},"modified":"2020-07-23T11:40:34","modified_gmt":"2020-07-23T09:40:34","slug":"lescola","status":"publish","type":"page","link":"https:\/\/agora.xtec.cat\/ceippaucasals-hospitalet\/lescola\/","title":{"rendered":"L&#8217;Escola"},"content":{"rendered":"<p><strong>L\u2019Escola Pau Casals \u00e9s un Centre d\u2019Ensenyament P\u00fablic d\u2019Educaci\u00f3 Infantil i Prim\u00e0ria del barri de la Florida de L&#8217;Hospitalet de Llobregat.<\/strong><\/p>\n<p><span style=\"font-weight: 400;\">En primer lloc, volem donar-vos la benvinguda a la nostra Escola, especialment a tots aquells que per primera vegada en formeu part o en formareu.\u00a0<\/span><\/p>\n<p><span style=\"font-weight: 400;\">El nostre tel\u00e8fon \u00e9s: <\/span><b>93 440 49 03 <\/b><b>\u00a0<\/b><span style=\"font-weight: 400;\">i el nostre correu electr\u00f2nic \u00e9s <\/span><a href=\"mailto:a8034850@xtec.cat\"><b>a8034850@xtec.cat<\/b><\/a><span style=\"font-weight: 400;\">. <\/span><\/p>\n<p>El nostre prop\u00f2sit \u00e9s clar: volem formar intel\u00b7lectual i humanament futurs homes i dones, que integrats social i professionalment<br \/>\ncom a ciutadans i ciutadanes del segle XXI, visquin segons un tarann\u00e0 c\u00edvic i solidari que els faci lliures.<br \/>\nAquest, \u00e9s el nostre repte; repte del que desitgem que formeu part i aix\u00ed, tots junts, mares, pares, alumnes, mestres i personal no docent, el puguem fer realitat.<\/p>\n<h3><span style=\"color: #000000;\"><b>Q\u00fcestions pr\u00e0ctiques:<\/b><\/span><\/h3>\n<p><strong>HORARI ESCOLAR:<\/strong> de 9h a 12:30h i de 15h a 16:30h.<\/p>\n<p><b>SERVEI D\u2019ACOLLIMENT\u00a0<\/b>De 7:30 a 9 hores del mat\u00ed funciona el servei d\u2019acolliment d\u2019alumnes. Gestionat per l\u2019<a href=\"https:\/\/agora.xtec.cat\/ceippaucasals-hospitalet\/ampa\/\">AMPA<\/a>.<\/p>\n<p><b>SERVEI DE <a href=\"https:\/\/agora.xtec.cat\/ceippaucasals-hospitalet\/serveis\/menjador-escolar\/\">MENJADOR<\/a> AMB CUINA PR\u00d2PIA:<\/b><b>\u00a0<\/b><span style=\"font-weight: 400;\">El servei de Menjador continua gestionat \u00edntegrament per l\u2019Empresa SCOLAREST. Migdiada pels nens i les nenes de P3. Atenci\u00f3 al <\/span><b>Tlf.\u00a0<\/b><b>93 440 08 50 \u2013 647 90 38 71<\/b><\/p>\n<p><b>ACTIVITATS EXTRAESCOLARS <\/b><span style=\"font-weight: 400;\">L\u2019<a href=\"https:\/\/agora.xtec.cat\/ceippaucasals-hospitalet\/ampa\/\">AMPA<\/a> de l\u2019escola gestiona diferents activitats extraescolars a partir de les 17 h. Cal informar-se a l\u2019AMPA a partir de les 17 h. o al tel\u00e8fon <strong>931149595<\/strong>.\u00a0<\/span><\/p>\n<p><strong>PISSARRES DIGITALS<\/strong> a totes les aules.<\/p>\n<p><strong>RACONS, AMBIENTS I TALLERS INTERNIVELLS <\/strong>a l&#8217;Educaci\u00f3 Infantil.<\/p>\n<p><strong>ANGL\u00c8S I INFORM\u00c0TICA <\/strong>des de P5.<\/p>\n<p><strong><a href=\"https:\/\/agora.xtec.cat\/ceippaucasals-hospitalet\/sociabilitzacio-de-llibres\/\">SOCIALITZACI\u00d3 DE LLIBRES <\/a><\/strong>a Cicle Mitj\u00e0 i Superior.<\/p>\n<p><strong><a href=\"https:\/\/www.tokappschool.com\/\">TOKAPP <\/a><\/strong>aplicaci\u00f3 per la comunicaci\u00f3 entre l&#8217;escola i les fam\u00edlies.<\/p>\n<p><strong><a href=\"https:\/\/agora.xtec.cat\/ceippaucasals-hospitalet\/categoria\/fem-tandem\/\">PROJECTE FEM T\u00c0NDEM<\/a>\u00a0<\/strong>amb el Centre Cultural Tecla Sala.<\/p>\n<p><a href=\"https:\/\/agora.xtec.cat\/ceippaucasals-hospitalet\/instal%c2%b7lacions\/\"><strong>INSTAL\u00b7LACIONS<\/strong><\/a><\/p>\n<p><span style=\"font-weight: 400;\">\u00a0<\/span><strong>Als diferents apartats trobareu informaci\u00f3 que us ajudaran a coneixe\u2019ns:<\/strong><\/p>\n<ul>\n<li><strong><a href=\"https:\/\/agora.xtec.cat\/ceippaucasals-hospitalet\/categoria\/infantil\/\">Educaci\u00f3 Infantil<\/a><\/strong><\/li>\n<li><strong><a href=\"https:\/\/agora.xtec.cat\/ceippaucasals-hospitalet\/categoria\/primaria\/ci\/\">Cicle Inicial<\/a><\/strong><\/li>\n<li><strong><a href=\"https:\/\/agora.xtec.cat\/ceippaucasals-hospitalet\/categoria\/primaria\/cm\/\">Cicle Mitj\u00e0<\/a><\/strong><\/li>\n<li><strong><a href=\"https:\/\/agora.xtec.cat\/ceippaucasals-hospitalet\/categoria\/primaria\/cs\/\">Cicle Superior<\/a><\/strong><\/li>\n<\/ul>\n","protected":false},"excerpt":{"rendered":"<p>L\u2019Escola Pau Casals \u00e9s un Centre d\u2019Ensenyament P\u00fablic d\u2019Educaci\u00f3 Infantil i Prim\u00e0ria del barri de la Florida de L&#8217;Hospitalet de Llobregat.<br \/>\nEn primer lloc, volem donar-vos la benvinguda a la nostra Escola, especialment a tots aquells que per primera vegada en formeu part o en formareu.\u00a0<br \/>\nEl&hellip;  <a href=\"https:\/\/agora.xtec.cat\/ceippaucasals-hospitalet\/lescola\/\" title=\"Read L&#8217;Escola\">Llegeix m\u00e9s\u00bb<\/a><\/p>\n","protected":false},"author":2,"featured_media":0,"parent":0,"menu_order":0,"comment_status":"closed","ping_status":"closed","template":"page-templates\/side-menu.php","meta":{"_bbp_topic_count":0,"_bbp_reply_count":0,"_bbp_total_topic_count":0,"_bbp_total_reply_count":0,"_bbp_voice_count":0,"_bbp_anonymous_reply_count":0,"_bbp_topic_count_hidden":0,"_bbp_reply_count_hidden":0,"_bbp_forum_subforum_count":0,"footnotes":""},"class_list":["post-22","page","type-page","status-publish","hentry"],"post_mailing_queue_ids":[],"_links":{"self":[{"href":"https:\/\/agora.xtec.cat\/ceippaucasals-hospitalet\/wp-json\/wp\/v2\/pages\/22","targetHints":{"allow":["GET"]}}],"collection":[{"href":"https:\/\/agora.xtec.cat\/ceippaucasals-hospitalet\/wp-json\/wp\/v2\/pages"}],"about":[{"href":"https:\/\/agora.xtec.cat\/ceippaucasals-hospitalet\/wp-json\/wp\/v2\/types\/page"}],"author":[{"embeddable":true,"href":"https:\/\/agora.xtec.cat\/ceippaucasals-hospitalet\/wp-json\/wp\/v2\/users\/2"}],"replies":[{"embeddable":true,"href":"https:\/\/agora.xtec.cat\/ceippaucasals-hospitalet\/wp-json\/wp\/v2\/comments?post=22"}],"version-history":[{"count":3,"href":"https:\/\/agora.xtec.cat\/ceippaucasals-hospitalet\/wp-json\/wp\/v2\/pages\/22\/revisions"}],"predecessor-version":[{"id":3222,"href":"https:\/\/agora.xtec.cat\/ceippaucasals-hospitalet\/wp-json\/wp\/v2\/pages\/22\/revisions\/3222"}],"wp:attachment":[{"href":"https:\/\/agora.xtec.cat\/ceippaucasals-hospitalet\/wp-json\/wp\/v2\/media?parent=22"}],"curies":[{"name":"wp","href":"https:\/\/api.w.org\/{rel}","templated":true}]}}