{"id":487,"date":"2022-10-14T13:05:22","date_gmt":"2022-10-14T11:05:22","guid":{"rendered":"https:\/\/agora.xtec.cat\/ceippaucasals-elvendrell\/?page_id=487"},"modified":"2023-05-05T13:41:07","modified_gmt":"2023-05-05T11:41:07","slug":"la-nostra-escola","status":"publish","type":"page","link":"https:\/\/agora.xtec.cat\/ceippaucasals-elvendrell\/lescola\/la-nostra-escola\/","title":{"rendered":"La nostra escola"},"content":{"rendered":"<p style=\"text-align: center;\"><a href=\"https:\/\/agora.xtec.cat\/ceippaucasals-elvendrell\/wp-content\/uploads\/usu2347\/2023\/04\/20230414_1318390-scaled.jpg\"><img loading=\"lazy\" decoding=\"async\" class=\"alignnone  wp-image-761\" src=\"https:\/\/agora.xtec.cat\/ceippaucasals-elvendrell\/wp-content\/uploads\/usu2347\/2023\/04\/20230414_1318390-300x219.jpg\" alt=\"\" width=\"400\" height=\"292\" srcset=\"https:\/\/agora.xtec.cat\/ceippaucasals-elvendrell\/wp-content\/uploads\/usu2347\/2023\/04\/20230414_1318390-300x219.jpg 300w, https:\/\/agora.xtec.cat\/ceippaucasals-elvendrell\/wp-content\/uploads\/usu2347\/2023\/04\/20230414_1318390-1024x748.jpg 1024w, https:\/\/agora.xtec.cat\/ceippaucasals-elvendrell\/wp-content\/uploads\/usu2347\/2023\/04\/20230414_1318390-768x561.jpg 768w, https:\/\/agora.xtec.cat\/ceippaucasals-elvendrell\/wp-content\/uploads\/usu2347\/2023\/04\/20230414_1318390-1536x1121.jpg 1536w, https:\/\/agora.xtec.cat\/ceippaucasals-elvendrell\/wp-content\/uploads\/usu2347\/2023\/04\/20230414_1318390-2048x1495.jpg 2048w\" sizes=\"auto, (max-width: 400px) 100vw, 400px\" \/><\/a><\/p>\n<p>La nostra escola, ja est\u00e0 enfilant el cam\u00ed cap als 50 anys de projectes i \u00e8xits que han anat acompanyant aquest trajecte. \u00c9s una escola, p\u00fablica, familiar, catalana i inclusiva.<\/p>\n<p>En aquest temps hi han hagut molts canvis, per\u00f2 la nostra comunitat educativa, sempre liderada pel claustre de mestres, s\u2019ha anat adaptant i treballant per oferir una educaci\u00f3 amb qualitat.<\/p>\n<p>A la nostra escola, tothom treballa pel benestar dels infants i pel seu \u00e8xit educatiu i que d\u2019aquesta manera puguin desenvolupar-se plenament i cr\u00e9ixer amb confian\u00e7a.<\/p>\n<p>\u00c9s una escola emprenedora que sempre se sap empoderar\u00a0 per aconseguir el que es proposa.<\/p>\n<p>Actualment, el centre del nostre treball \u00e9s l\u2019alumnat i tot i que no \u00e9s f\u00e0cil, sempre tenim en compte la diversitat d\u2019alumnat que tenim i que desplega un gran ventall de nivells d\u2019aprenentatge.<\/p>\n<p>Ja des de ben petits aprenen descobrint a partir de diferents ambients educatius on construeixen el seu propi aprenentatge a partir del joc, la investigaci\u00f3 i les relacions amb els companys i companyes, explorant amb llibertat segons els seus interessos i motivacions. Per\u00f2 no nom\u00e9s aix\u00f2 sin\u00f3 que tamb\u00e9 aprenen segons les propostes de treball que se\u2019ls hi fan.<\/p>\n<p>Un cop entren a prim\u00e0ria, volem continuar tenint el mateix tipus d\u2019alumnat que sap treballar en equip, sap decidir i sap ajudar, i \u00e9s per aix\u00f2 que la nostra l\u00ednia metodol\u00f2gica a prim\u00e0ria,\u00a0 est\u00e0 fomentada en el treball cooperatiu, perqu\u00e8 creiem que el treball en equip enriqueix a tothom i repercuteix en l\u2019autoestima de tot aquell que forma part del projecte.<\/p>\n<p>El benestar del nostre alumnat i els valors que s\u2019han de tenir a la vida, tamb\u00e9 s\u00f3n un dels puntals de la nostra escola i per aquest motiu tenim projectes espec\u00edfics amb els que ho treballem.<\/p>\n<p>L\u2019educaci\u00f3 f\u00edsica, l\u2019educaci\u00f3 art\u00edstica, la lectura, l\u2019escriptura,&#8230; i tot all\u00f2 que fem a l\u2019escola, t\u00e9 la mateixa import\u00e0ncia per a tothom.<\/p>\n<p>Per acabar dir que tot el que he dit en aquesta presentaci\u00f3, no pot funcionar ni donar el seu fruit, si no va acompanyat de la fam\u00edlia que hi ha darrera de cada infant.<\/p>\n<p>Com diu un proverbi xin\u00e8s, si caminem sols anirem m\u00e9s r\u00e0pid en canvi si caminem acompanyats, arribarem m\u00e9s lluny, i per tant, entre tots i totes ho farem possible.<\/p>\n<p><strong>Benvingudes sigueu a la nostra comunitat !<\/strong><\/p>\n<p>&nbsp;<\/p>\n<p>Equip Directiu<\/p>\n<p style=\"font-weight: 400;\">\n<p style=\"font-weight: 400;\">\n<p style=\"font-weight: 400;\">\n<p style=\"text-align: right;\">\n","protected":false},"excerpt":{"rendered":"<p><a href=\"https:\/\/agora.xtec.cat\/ceippaucasals-elvendrell\/wp-content\/uploads\/usu2347\/2023\/04\/20230414_1318390-scaled.jpg\"><\/a><br \/>\nLa nostra escola, ja est\u00e0 enfilant el cam\u00ed cap als 50 anys de projectes i \u00e8xits que han anat acompanyant aquest trajecte. \u00c9s una escola, p\u00fablica, familiar, catalana i inclusiva.<br \/>\nEn aquest temps hi han hagut molts canvis, per\u00f2 la nostra comunitat educativa, sempre liderada&hellip;  <a href=\"https:\/\/agora.xtec.cat\/ceippaucasals-elvendrell\/lescola\/la-nostra-escola\/\" title=\"Read La nostra escola\">Llegeix m\u00e9s\u00bb<\/a><\/p>\n","protected":false},"author":1,"featured_media":0,"parent":22,"menu_order":0,"comment_status":"closed","ping_status":"closed","template":"page-templates\/side-menu.php","meta":{"_bbp_topic_count":0,"_bbp_reply_count":0,"_bbp_total_topic_count":0,"_bbp_total_reply_count":0,"_bbp_voice_count":0,"_bbp_anonymous_reply_count":0,"_bbp_topic_count_hidden":0,"_bbp_reply_count_hidden":0,"_bbp_forum_subforum_count":0,"footnotes":""},"class_list":["post-487","page","type-page","status-publish","hentry"],"post_mailing_queue_ids":[],"_links":{"self":[{"href":"https:\/\/agora.xtec.cat\/ceippaucasals-elvendrell\/wp-json\/wp\/v2\/pages\/487","targetHints":{"allow":["GET"]}}],"collection":[{"href":"https:\/\/agora.xtec.cat\/ceippaucasals-elvendrell\/wp-json\/wp\/v2\/pages"}],"about":[{"href":"https:\/\/agora.xtec.cat\/ceippaucasals-elvendrell\/wp-json\/wp\/v2\/types\/page"}],"author":[{"embeddable":true,"href":"https:\/\/agora.xtec.cat\/ceippaucasals-elvendrell\/wp-json\/wp\/v2\/users\/1"}],"replies":[{"embeddable":true,"href":"https:\/\/agora.xtec.cat\/ceippaucasals-elvendrell\/wp-json\/wp\/v2\/comments?post=487"}],"version-history":[{"count":3,"href":"https:\/\/agora.xtec.cat\/ceippaucasals-elvendrell\/wp-json\/wp\/v2\/pages\/487\/revisions"}],"predecessor-version":[{"id":762,"href":"https:\/\/agora.xtec.cat\/ceippaucasals-elvendrell\/wp-json\/wp\/v2\/pages\/487\/revisions\/762"}],"up":[{"embeddable":true,"href":"https:\/\/agora.xtec.cat\/ceippaucasals-elvendrell\/wp-json\/wp\/v2\/pages\/22"}],"wp:attachment":[{"href":"https:\/\/agora.xtec.cat\/ceippaucasals-elvendrell\/wp-json\/wp\/v2\/media?parent=487"}],"curies":[{"name":"wp","href":"https:\/\/api.w.org\/{rel}","templated":true}]}}