{"id":22,"date":"2014-09-18T12:19:57","date_gmt":"2014-09-18T11:19:57","guid":{"rendered":"http:\/\/agora.xtec.cat\/ceippaucasals-elvendrell\/?page_id=22"},"modified":"2023-05-23T09:23:18","modified_gmt":"2023-05-23T07:23:18","slug":"lescola","status":"publish","type":"page","link":"https:\/\/agora.xtec.cat\/ceippaucasals-elvendrell\/lescola\/","title":{"rendered":"L&#8217;escola"},"content":{"rendered":"<p>Benvolguts i benvolgudes a l&#8217;escola Pau Casals!!<\/p>\n<p>En aquesta Web trobareu una pinzellada de qui som i qu\u00e8 fem al nostre dia a dia!<\/p>\n<p>Us convidem a fer-hi una ullada i a con\u00e8ixe&#8217;ns millor!<\/p>\n<p>&nbsp;<\/p>\n<p><em>&#8220;L&#8217;objectiu de l&#8217;eduaci\u00f3 \u00e9s preparar els joves perqu\u00e8 s&#8217;eduquin a s\u00ed mateixos durant tota la seva vida&#8221;<\/em> R. Hutch<\/p>\n","protected":false},"excerpt":{"rendered":"<p>Benvolguts i benvolgudes a l&#8217;escola Pau Casals!!<br \/>\nEn aquesta Web trobareu una pinzellada de qui som i qu\u00e8 fem al nostre dia a dia!<br \/>\nUs convidem a fer-hi una ullada i a con\u00e8ixe&#8217;ns millor!<br \/>\n&nbsp;<br \/>\n&#8220;L&#8217;objectiu de l&#8217;eduaci\u00f3 \u00e9s preparar els joves perqu\u00e8 s&#8217;eduquin a s\u00ed mateixos durant tota&hellip;  <a href=\"https:\/\/agora.xtec.cat\/ceippaucasals-elvendrell\/lescola\/\" title=\"Read L&#8217;escola\">Llegeix m\u00e9s\u00bb<\/a><\/p>\n","protected":false},"author":1,"featured_media":0,"parent":0,"menu_order":0,"comment_status":"closed","ping_status":"closed","template":"page-templates\/side-menu.php","meta":{"_bbp_topic_count":0,"_bbp_reply_count":0,"_bbp_total_topic_count":0,"_bbp_total_reply_count":0,"_bbp_voice_count":0,"_bbp_anonymous_reply_count":0,"_bbp_topic_count_hidden":0,"_bbp_reply_count_hidden":0,"_bbp_forum_subforum_count":0,"footnotes":""},"class_list":["post-22","page","type-page","status-publish","hentry"],"post_mailing_queue_ids":[],"_links":{"self":[{"href":"https:\/\/agora.xtec.cat\/ceippaucasals-elvendrell\/wp-json\/wp\/v2\/pages\/22","targetHints":{"allow":["GET"]}}],"collection":[{"href":"https:\/\/agora.xtec.cat\/ceippaucasals-elvendrell\/wp-json\/wp\/v2\/pages"}],"about":[{"href":"https:\/\/agora.xtec.cat\/ceippaucasals-elvendrell\/wp-json\/wp\/v2\/types\/page"}],"author":[{"embeddable":true,"href":"https:\/\/agora.xtec.cat\/ceippaucasals-elvendrell\/wp-json\/wp\/v2\/users\/1"}],"replies":[{"embeddable":true,"href":"https:\/\/agora.xtec.cat\/ceippaucasals-elvendrell\/wp-json\/wp\/v2\/comments?post=22"}],"version-history":[{"count":3,"href":"https:\/\/agora.xtec.cat\/ceippaucasals-elvendrell\/wp-json\/wp\/v2\/pages\/22\/revisions"}],"predecessor-version":[{"id":875,"href":"https:\/\/agora.xtec.cat\/ceippaucasals-elvendrell\/wp-json\/wp\/v2\/pages\/22\/revisions\/875"}],"wp:attachment":[{"href":"https:\/\/agora.xtec.cat\/ceippaucasals-elvendrell\/wp-json\/wp\/v2\/media?parent=22"}],"curies":[{"name":"wp","href":"https:\/\/api.w.org\/{rel}","templated":true}]}}