{"id":4597,"date":"2023-01-13T10:51:03","date_gmt":"2023-01-13T09:51:03","guid":{"rendered":"https:\/\/agora.xtec.cat\/ceipparealgue\/?page_id=4597"},"modified":"2023-01-13T16:24:48","modified_gmt":"2023-01-13T15:24:48","slug":"taller-de-gimnastica-emocional","status":"publish","type":"page","link":"https:\/\/agora.xtec.cat\/ceipparealgue\/taller-de-gimnastica-emocional\/","title":{"rendered":"Taller de gimn\u00e0stica emocional"},"content":{"rendered":"<p><span style=\"font-weight: 400;\">L\u2019escola Pare Algu\u00e9 ha organitzat un curs de nivell inicial per a les fam\u00edlies que volen comen\u00e7ar a aprendre el catal\u00e0. Aquest taller cerca diferents objectius com: adquirir coneixements de llengua, cultura, societat i entorn escolar, facilitar la interrelaci\u00f3 amb l\u2019escola, fomentar la continu\u00eftat de l\u2019aprenentatge de la llengua i fomentar la socialitzaci\u00f3 de les fam\u00edlies a l\u2019escola i a l\u2019entorn.<\/span><\/p>\n<p><span style=\"font-weight: 400;\">Activitat promoguda i financiada pel PROA + 22-23.<\/span><\/p>\n<p><strong>Horari:<\/strong><\/p>\n<ul>\n<li style=\"font-weight: 400;\" aria-level=\"1\"><span style=\"font-weight: 400;\">Dimecres (quinzenalment) de 15:15 a 16:45.<\/span><\/li>\n<\/ul>\n","protected":false},"excerpt":{"rendered":"<p>L\u2019escola Pare Algu\u00e9 ha organitzat un curs de nivell inicial per a les fam\u00edlies que volen comen\u00e7ar a aprendre el catal\u00e0. Aquest taller cerca diferents objectius com: adquirir coneixements de llengua, cultura, societat i entorn escolar, facilitar la interrelaci\u00f3 amb l\u2019escola, fomentar la continu\u00eftat de&hellip;  <a href=\"https:\/\/agora.xtec.cat\/ceipparealgue\/taller-de-gimnastica-emocional\/\" title=\"Read Taller de gimn\u00e0stica emocional\">Llegeix m\u00e9s\u00bb<\/a><\/p>\n","protected":false},"author":1,"featured_media":0,"parent":0,"menu_order":0,"comment_status":"closed","ping_status":"closed","template":"","meta":{"_bbp_topic_count":0,"_bbp_reply_count":0,"_bbp_total_topic_count":0,"_bbp_total_reply_count":0,"_bbp_voice_count":0,"_bbp_anonymous_reply_count":0,"_bbp_topic_count_hidden":0,"_bbp_reply_count_hidden":0,"_bbp_forum_subforum_count":0,"footnotes":""},"class_list":["post-4597","page","type-page","status-publish","hentry"],"post_mailing_queue_ids":[],"_links":{"self":[{"href":"https:\/\/agora.xtec.cat\/ceipparealgue\/wp-json\/wp\/v2\/pages\/4597","targetHints":{"allow":["GET"]}}],"collection":[{"href":"https:\/\/agora.xtec.cat\/ceipparealgue\/wp-json\/wp\/v2\/pages"}],"about":[{"href":"https:\/\/agora.xtec.cat\/ceipparealgue\/wp-json\/wp\/v2\/types\/page"}],"author":[{"embeddable":true,"href":"https:\/\/agora.xtec.cat\/ceipparealgue\/wp-json\/wp\/v2\/users\/1"}],"replies":[{"embeddable":true,"href":"https:\/\/agora.xtec.cat\/ceipparealgue\/wp-json\/wp\/v2\/comments?post=4597"}],"version-history":[{"count":2,"href":"https:\/\/agora.xtec.cat\/ceipparealgue\/wp-json\/wp\/v2\/pages\/4597\/revisions"}],"predecessor-version":[{"id":4616,"href":"https:\/\/agora.xtec.cat\/ceipparealgue\/wp-json\/wp\/v2\/pages\/4597\/revisions\/4616"}],"wp:attachment":[{"href":"https:\/\/agora.xtec.cat\/ceipparealgue\/wp-json\/wp\/v2\/media?parent=4597"}],"curies":[{"name":"wp","href":"https:\/\/api.w.org\/{rel}","templated":true}]}}