{"id":1054,"date":"2019-06-29T22:47:51","date_gmt":"2019-06-29T20:47:51","guid":{"rendered":"https:\/\/agora.xtec.cat\/ceipparealgue\/?page_id=1054"},"modified":"2025-09-29T18:20:43","modified_gmt":"2025-09-29T16:20:43","slug":"llibres-de-text","status":"publish","type":"page","link":"https:\/\/agora.xtec.cat\/ceipparealgue\/curs-19-20\/llibres-de-text\/","title":{"rendered":"Llibres de text"},"content":{"rendered":"<p>Els llibres i llic\u00e8ncies que s&#8217;utilitzaran durant el curs 25-26 a l&#8217;Escola Pare Algu\u00e9 s\u00f3n els seg\u00fcents:<\/p>\n<p><strong>Infantil: <\/strong><\/p>\n<p>Grafisme llengua <em>espiral<\/em><\/p>\n<p><strong>Cicle <\/strong><strong>inicial:<\/strong><\/p>\n<p>1r<\/p>\n<table style=\"border-collapse: collapse; width: 98.6566%; height: 290px;\">\n<tbody>\n<tr style=\"height: 32px;\">\n<td style=\"width: 19.243%; height: 32px; text-align: center;\"><strong>MAT\u00c8RIA<\/strong><\/td>\n<td style=\"width: 47.4236%; height: 32px; text-align: center;\"><strong>T\u00cdTOL<\/strong><\/td>\n<td style=\"width: 16.6667%; height: 32px; text-align: center;\"><strong>EDITORIAL<\/strong><\/td>\n<\/tr>\n<tr style=\"height: 49px;\">\n<td style=\"width: 19.243%; height: 49px;\"><span style=\"font-size: 16px; background-color: #ffffff;\">CATAL\u00c0<\/span><\/td>\n<td style=\"width: 47.4236%; height: 49px;\"><span style=\"font-size: 16px; background-color: #ffffff;\">Programa Comunica<\/span><\/td>\n<td style=\"width: 16.6667%; height: 49px;\"><span data-sheets-root=\"1\"><em>Barcanova<\/em><\/span><\/td>\n<\/tr>\n<tr style=\"height: 32px;\">\n<td style=\"width: 19.243%; height: 32px;\">CASTELL\u00c0<\/td>\n<td style=\"width: 47.4236%; height: 32px;\"><span data-sheets-root=\"1\">Programa Argumenta<\/span><\/td>\n<td style=\"width: 16.6667%; height: 32px;\"><span data-sheets-root=\"1\"><em>Barcanova<\/em><\/span><\/td>\n<\/tr>\n<tr style=\"height: 32px;\">\n<td style=\"width: 19.243%; height: 32px;\">MATEM\u00c0TIQUES<\/td>\n<td style=\"width: 47.4236%; height: 32px;\"><span data-sheets-root=\"1\">Programa Raona<\/span><\/td>\n<td style=\"width: 16.6667%; height: 32px;\"><span data-sheets-root=\"1\"><em>Barcanova<\/em><\/span><\/td>\n<\/tr>\n<tr style=\"height: 32px;\">\n<td style=\"width: 19.243%; height: 32px;\"><span data-sheets-root=\"1\">MEDI<\/span><\/td>\n<td style=\"width: 47.4236%; height: 32px;\"><span data-sheets-root=\"1\">Ci\u00e8ncies socials 1 emociona&#8217;t:\u00a0 \u00a0<\/span><\/p>\n<p><span data-sheets-root=\"1\">&#8211; Qui \u00e9s qui\u00a0<\/span><\/p>\n<p>Ci\u00e8ncies naturals 1 emociona&#8217;t:<\/p>\n<p>&#8211; Qui no corre.<\/p>\n<p>&#8211; Atxim! Salut<\/p>\n<p>&#8211; De qu\u00e8 est\u00e0<\/td>\n<td style=\"width: 16.6667%; height: 32px;\"><em>Teide<\/em><\/td>\n<\/tr>\n<tr>\n<td style=\"width: 19.243%;\"><span data-sheets-root=\"1\">ANGL\u00c8S<\/span><\/td>\n<td style=\"width: 47.4236%;\"><span data-sheets-root=\"1\">Kids Can! (Pupil&#8217;s book)<\/span><\/td>\n<td style=\"width: 16.6667%;\"><span data-sheets-root=\"1\"><em>Macmillan<\/em><\/span><\/td>\n<\/tr>\n<\/tbody>\n<\/table>\n<p>2n<\/p>\n<table style=\"border-collapse: collapse; width: 99.125%; height: 416px;\">\n<tbody>\n<tr style=\"height: 32px;\">\n<td style=\"width: 19.243%; height: 32px; text-align: center;\"><strong>MAT\u00c8RIA<\/strong><\/td>\n<td style=\"width: 47.4236%; height: 32px; text-align: center;\"><strong>T\u00cdTOL<\/strong><\/td>\n<td style=\"width: 16.6667%; height: 32px; text-align: center;\"><strong>EDITORIAL<\/strong><\/td>\n<\/tr>\n<tr style=\"height: 49px;\">\n<td style=\"width: 19.243%; height: 49px;\"><span style=\"font-size: 16px; background-color: #ffffff;\">CATAL\u00c0<\/span><\/td>\n<td style=\"width: 47.4236%; height: 49px;\"><span style=\"font-size: 16px; background-color: #ffffff;\">Programa Comunica<\/span><\/td>\n<td style=\"width: 16.6667%; height: 49px;\"><span data-sheets-root=\"1\"><em>Barcanova<\/em><\/span><\/td>\n<\/tr>\n<tr style=\"height: 32px;\">\n<td style=\"width: 19.243%; height: 32px;\">CASTELL\u00c0<\/td>\n<td style=\"width: 47.4236%; height: 32px;\"><span data-sheets-root=\"1\">Programa Argumenta<\/span><\/td>\n<td style=\"width: 16.6667%; height: 32px;\"><span data-sheets-root=\"1\"><em>Barcanova<\/em><\/span><\/td>\n<\/tr>\n<tr style=\"height: 32px;\">\n<td style=\"width: 19.243%; height: 32px;\">MATEM\u00c0TIQUES<\/td>\n<td style=\"width: 47.4236%; height: 32px;\"><span data-sheets-root=\"1\">Programa Raona<\/span><\/td>\n<td style=\"width: 16.6667%; height: 32px;\"><span data-sheets-root=\"1\"><em>Barcanova<\/em><\/span><\/td>\n<\/tr>\n<tr style=\"height: 32px;\">\n<td style=\"width: 19.243%; height: 32px;\"><span data-sheets-root=\"1\">MEDI<\/span><\/td>\n<td style=\"width: 47.4236%; height: 32px;\"><span data-sheets-root=\"1\">Ci\u00e8ncies socials 1 emociona&#8217;t:\u00a0 \u00a0<\/span><\/p>\n<p><span data-sheets-root=\"1\">&#8211; Tomba i gira.<\/span><\/p>\n<p>&#8211; Anys i panys.<\/p>\n<p>Ci\u00e8ncies naturals 2 emociona&#8217;t:<\/p>\n<p>&#8211; Toca fusta.<\/p>\n<p>&#8211; <span style=\"font-family: inherit; font-size: 0.875em;\">Queixalades.<\/span><span style=\"font-family: inherit; font-size: 1em;\">\u00a0<\/span><\/p>\n<p>&nbsp;<\/td>\n<td style=\"width: 16.6667%; height: 32px;\"><em>Teide<\/em><\/td>\n<\/tr>\n<tr>\n<td style=\"width: 19.243%;\"><span data-sheets-root=\"1\">ANGL\u00c8S<\/span><\/td>\n<td style=\"width: 47.4236%;\"><span data-sheets-root=\"1\">Kids Can! (Pupil&#8217;s book)<\/span><\/td>\n<td style=\"width: 16.6667%;\"><span data-sheets-root=\"1\"><em>Macmillan<\/em><\/span><\/td>\n<\/tr>\n<\/tbody>\n<\/table>\n<p>&nbsp;<\/p>\n<p><strong>Cicle mitj\u00e0:<\/strong><\/p>\n<p>3r<\/p>\n<table style=\"border-collapse: collapse; width: 99.125%; height: 416px;\">\n<tbody>\n<tr style=\"height: 32px;\">\n<td style=\"width: 19.243%; height: 32px; text-align: center;\"><strong>MAT\u00c8RIA<\/strong><\/td>\n<td style=\"width: 47.4236%; height: 32px; text-align: center;\"><strong>T\u00cdTOL<\/strong><\/td>\n<td style=\"width: 16.6667%; height: 32px; text-align: center;\"><strong>EDITORIAL<\/strong><\/td>\n<\/tr>\n<tr style=\"height: 49px;\">\n<td style=\"width: 19.243%; height: 49px;\"><span style=\"font-size: 16px; background-color: #ffffff;\">CATAL\u00c0<\/span><\/td>\n<td style=\"width: 47.4236%; height: 49px;\">Programa Xarxa<\/td>\n<td style=\"width: 16.6667%; height: 49px;\"><span data-sheets-root=\"1\"><em>Barcanova<\/em><\/span><\/td>\n<\/tr>\n<tr style=\"height: 32px;\">\n<td style=\"width: 19.243%; height: 32px;\">CASTELL\u00c0<\/td>\n<td style=\"width: 47.4236%; height: 32px;\">Programa Reto<\/td>\n<td style=\"width: 16.6667%; height: 32px;\"><span data-sheets-root=\"1\"><em>Barcanova<\/em><\/span><\/td>\n<\/tr>\n<tr style=\"height: 32px;\">\n<td style=\"width: 19.243%; height: 32px;\">MATEM\u00c0TIQUES<\/td>\n<td style=\"width: 47.4236%; height: 32px;\">Programa Enginy<\/td>\n<td style=\"width: 16.6667%; height: 32px;\"><span data-sheets-root=\"1\"><em>Barcanova<\/em><\/span><\/td>\n<\/tr>\n<tr style=\"height: 32px;\">\n<td style=\"width: 19.243%; height: 32px;\"><span data-sheets-root=\"1\">MEDI<\/span><\/td>\n<td style=\"width: 47.4236%; height: 32px;\"><span data-sheets-root=\"1\">Ci\u00e8ncies socials 3 Duna\u00a0 \u00a0 <\/span><\/p>\n<p><span data-sheets-root=\"1\">&#8211; Tocar el cel.<\/span><\/p>\n<p>&#8211; Planeta Blau.<\/p>\n<p>&#8211; Camins.<\/p>\n<p>Ci\u00e8ncies naturals 3 Duna:<\/p>\n<p><span style=\"font-family: inherit; font-size: 0.875em;\">&#8211; Barrija-Barreja<\/span><\/p>\n<p><span style=\"font-family: inherit; font-size: 0.875em;\">.<\/span><\/p>\n<p>&nbsp;<\/td>\n<td style=\"width: 16.6667%; height: 32px;\"><em>Teide<\/em><\/td>\n<\/tr>\n<tr>\n<td style=\"width: 19.243%;\"><span data-sheets-root=\"1\">ANGL\u00c8S<\/span><\/td>\n<td style=\"width: 47.4236%;\">Kids Can! (Activity book)<\/td>\n<td style=\"width: 16.6667%;\"><span data-sheets-root=\"1\"><em>Macmillan<\/em><\/span><\/td>\n<\/tr>\n<\/tbody>\n<\/table>\n<p>4t<\/p>\n<table style=\"border-collapse: collapse; width: 99.125%; height: 416px;\">\n<tbody>\n<tr style=\"height: 32px;\">\n<td style=\"width: 19.243%; height: 32px; text-align: center;\"><strong>MAT\u00c8RIA<\/strong><\/td>\n<td style=\"width: 47.4236%; height: 32px; text-align: center;\"><strong>T\u00cdTOL<\/strong><\/td>\n<td style=\"width: 16.6667%; height: 32px; text-align: center;\"><strong>EDITORIAL<\/strong><\/td>\n<\/tr>\n<tr style=\"height: 49px;\">\n<td style=\"width: 19.243%; height: 49px;\"><span style=\"font-size: 16px; background-color: #ffffff;\">CATAL\u00c0<\/span><\/td>\n<td style=\"width: 47.4236%; height: 49px;\">Programa Xarxa<\/td>\n<td style=\"width: 16.6667%; height: 49px;\"><span data-sheets-root=\"1\"><em>Barcanova<\/em><\/span><\/td>\n<\/tr>\n<tr style=\"height: 32px;\">\n<td style=\"width: 19.243%; height: 32px;\">CASTELL\u00c0<\/td>\n<td style=\"width: 47.4236%; height: 32px;\">Programa Reto<\/td>\n<td style=\"width: 16.6667%; height: 32px;\"><span data-sheets-root=\"1\"><em>Barcanova<\/em><\/span><\/td>\n<\/tr>\n<tr style=\"height: 32px;\">\n<td style=\"width: 19.243%; height: 32px;\">MATEM\u00c0TIQUES<\/td>\n<td style=\"width: 47.4236%; height: 32px;\">Programa Enginy<\/td>\n<td style=\"width: 16.6667%; height: 32px;\"><span data-sheets-root=\"1\"><em>Barcanova<\/em><\/span><\/td>\n<\/tr>\n<tr style=\"height: 32px;\">\n<td style=\"width: 19.243%; height: 32px;\"><span data-sheets-root=\"1\">MEDI<\/span><\/td>\n<td style=\"width: 47.4236%; height: 32px;\"><span data-sheets-root=\"1\">Ci\u00e8ncies socials 4 Duna\u00a0 \u00a0 <\/span><\/p>\n<p><span data-sheets-root=\"1\">&#8211; Fem el cim.<\/span><\/p>\n<p>&#8211; Pam a pam.<\/p>\n<p>Ci\u00e8ncies naturals 4 Duna:<\/p>\n<p><span style=\"font-family: inherit; font-size: 0.875em;\">&#8211; Catric-catrac<\/span><\/p>\n<p><span style=\"font-family: inherit; font-size: 0.875em;\">.<\/span><\/p>\n<p>&nbsp;<\/td>\n<td style=\"width: 16.6667%; height: 32px;\"><em>Teide<\/em><\/td>\n<\/tr>\n<tr>\n<td style=\"width: 19.243%;\"><span data-sheets-root=\"1\">ANGL\u00c8S<\/span><\/td>\n<td style=\"width: 47.4236%;\">Kids Can! (Activity book)<\/td>\n<td style=\"width: 16.6667%;\"><span data-sheets-root=\"1\"><em>Macmillan<\/em><\/span><\/td>\n<\/tr>\n<\/tbody>\n<\/table>\n<p>&nbsp;<\/p>\n<p><strong>Cicle superior:<\/strong><\/p>\n<p>5\u00e8<\/p>\n<table style=\"border-collapse: collapse; width: 99.125%; height: 248px;\">\n<tbody>\n<tr style=\"height: 32px;\">\n<td style=\"width: 19.243%; height: 32px; text-align: center;\"><strong>MAT\u00c8RIA<\/strong><\/td>\n<td style=\"width: 47.4236%; height: 32px; text-align: center;\"><strong>T\u00cdTOL<\/strong><\/td>\n<td style=\"width: 16.6667%; height: 32px; text-align: center;\"><strong>EDITORIAL<\/strong><\/td>\n<\/tr>\n<tr style=\"height: 49px;\">\n<td style=\"width: 19.243%; height: 49px;\"><span style=\"font-size: 16px; background-color: #ffffff;\">CATAL\u00c0<\/span><\/td>\n<td style=\"width: 47.4236%; height: 49px;\">Programa Xarxa<\/td>\n<td style=\"width: 16.6667%; height: 49px;\"><span data-sheets-root=\"1\"><em>Barcanova<\/em><\/span><\/td>\n<\/tr>\n<tr style=\"height: 32px;\">\n<td style=\"width: 19.243%; height: 32px;\">CASTELL\u00c0<\/td>\n<td style=\"width: 47.4236%; height: 32px;\">Programa Reto<\/td>\n<td style=\"width: 16.6667%; height: 32px;\"><span data-sheets-root=\"1\"><em>Barcanova<\/em><\/span><\/td>\n<\/tr>\n<tr style=\"height: 32px;\">\n<td style=\"width: 19.243%; height: 32px;\">MATEM\u00c0TIQUES<\/td>\n<td style=\"width: 47.4236%; height: 32px;\">Programa Enginy<\/td>\n<td style=\"width: 16.6667%; height: 32px;\"><span data-sheets-root=\"1\"><em>Barcanova<\/em><\/span><\/td>\n<\/tr>\n<tr style=\"height: 32px;\">\n<td style=\"width: 19.243%; height: 10px;\"><span data-sheets-root=\"1\">MEDI<\/span><\/td>\n<td style=\"width: 47.4236%; height: 10px;\">Learning Bits<\/p>\n<p>Science Bits<\/td>\n<td style=\"width: 16.6667%; height: 10px;\"><em>Teide<\/em><\/td>\n<\/tr>\n<tr style=\"height: 93px;\">\n<td style=\"width: 19.243%; height: 93px;\"><span data-sheets-root=\"1\">ANGL\u00c8S<\/span><\/td>\n<td style=\"width: 47.4236%; height: 93px;\">Kids Can! (Activity book)<\/td>\n<td style=\"width: 16.6667%; height: 93px;\"><span data-sheets-root=\"1\"><em>Macmillan<\/em><\/span><\/td>\n<\/tr>\n<\/tbody>\n<\/table>\n<p>&nbsp;<\/p>\n<p>6\u00e8<\/p>\n<table style=\"border-collapse: collapse; width: 99.125%; height: 248px;\">\n<tbody>\n<tr style=\"height: 32px;\">\n<td style=\"width: 19.243%; height: 32px; text-align: center;\"><strong>MAT\u00c8RIA<\/strong><\/td>\n<td style=\"width: 47.4236%; height: 32px; text-align: center;\"><strong>T\u00cdTOL<\/strong><\/td>\n<td style=\"width: 16.6667%; height: 32px; text-align: center;\"><strong>EDITORIAL<\/strong><\/td>\n<\/tr>\n<tr style=\"height: 49px;\">\n<td style=\"width: 19.243%; height: 49px;\"><span style=\"font-size: 16px; background-color: #ffffff;\">CATAL\u00c0<\/span><\/td>\n<td style=\"width: 47.4236%; height: 49px;\">Programa Xarxa<\/td>\n<td style=\"width: 16.6667%; height: 49px;\"><span data-sheets-root=\"1\"><em>Barcanova<\/em><\/span><\/td>\n<\/tr>\n<tr style=\"height: 32px;\">\n<td style=\"width: 19.243%; height: 32px;\">CASTELL\u00c0<\/td>\n<td style=\"width: 47.4236%; height: 32px;\">Programa Reto<\/td>\n<td style=\"width: 16.6667%; height: 32px;\"><span data-sheets-root=\"1\"><em>Barcanova<\/em><\/span><\/td>\n<\/tr>\n<tr style=\"height: 32px;\">\n<td style=\"width: 19.243%; height: 32px;\">MATEM\u00c0TIQUES<\/td>\n<td style=\"width: 47.4236%; height: 32px;\">Programa Enginy<\/td>\n<td style=\"width: 16.6667%; height: 32px;\"><span data-sheets-root=\"1\"><em>Barcanova<\/em><\/span><\/td>\n<\/tr>\n<tr style=\"height: 32px;\">\n<td style=\"width: 19.243%; height: 10px;\"><span data-sheets-root=\"1\">MEDI<\/span><\/td>\n<td style=\"width: 47.4236%; height: 10px;\">Learning Bits<\/p>\n<p>Science Bits<\/td>\n<td style=\"width: 16.6667%; height: 10px;\"><em>Teide<\/em><\/td>\n<\/tr>\n<tr style=\"height: 93px;\">\n<td style=\"width: 19.243%; height: 93px;\"><span data-sheets-root=\"1\">ANGL\u00c8S<\/span><\/td>\n<td style=\"width: 47.4236%; height: 93px;\">Kids Can! (Activity book)<\/td>\n<td style=\"width: 16.6667%; height: 93px;\"><span data-sheets-root=\"1\"><em>Macmillan<\/em><\/span><\/td>\n<\/tr>\n<\/tbody>\n<\/table>\n<p>&nbsp;<\/p>\n","protected":false},"excerpt":{"rendered":"<p>Els llibres i llic\u00e8ncies que s&#8217;utilitzaran durant el curs 25-26 a l&#8217;Escola Pare Algu\u00e9 s\u00f3n els seg\u00fcents:<br \/>\nInfantil:<br \/>\nGrafisme llengua espiral<br \/>\nCicle inicial:<br \/>\n1r<\/p>\n<p>MAT\u00c8RIA<br \/>\nT\u00cdTOL<br \/>\nEDITORIAL<\/p>\n<p>CATAL\u00c0<br \/>\nPrograma Comunica<br \/>\nBarcanova<\/p>\n<p>CASTELL\u00c0<br \/>\nPrograma Argumenta<br \/>\nBarcanova<\/p>\n<p>MATEM\u00c0TIQUES<br \/>\nPrograma Raona<br \/>\nBarcanova<\/p>\n<p>MEDI<br \/>\nCi\u00e8ncies socials 1 emociona&#8217;t:\u00a0 \u00a0<br \/>\n&#8211; Qui \u00e9s qui\u00a0<br \/>\nCi\u00e8ncies naturals 1 emociona&#8217;t:<br \/>\n&#8211; Qui no corre.<br \/>\n&#8211; Atxim! Salut<br \/>\n&#8211; De qu\u00e8 est\u00e0<br \/>\nTeide<\/p>\n<p>ANGL\u00c8S<br \/>\nKids Can! (Pupil&#8217;s book)<br \/>\nMacmillan<\/p>\n<p>2n<\/p>\n<p>MAT\u00c8RIA<br \/>\nT\u00cdTOL<br \/>\nEDITORIAL<\/p>\n<p>CATAL\u00c0<br \/>\nPrograma&hellip;  <a href=\"https:\/\/agora.xtec.cat\/ceipparealgue\/curs-19-20\/llibres-de-text\/\" title=\"Read Llibres de text\">Llegeix m\u00e9s\u00bb<\/a><\/p>\n","protected":false},"author":1,"featured_media":0,"parent":1052,"menu_order":1,"comment_status":"closed","ping_status":"closed","template":"page-templates\/side-menu.php","meta":{"_bbp_topic_count":0,"_bbp_reply_count":0,"_bbp_total_topic_count":0,"_bbp_total_reply_count":0,"_bbp_voice_count":0,"_bbp_anonymous_reply_count":0,"_bbp_topic_count_hidden":0,"_bbp_reply_count_hidden":0,"_bbp_forum_subforum_count":0,"footnotes":""},"class_list":["post-1054","page","type-page","status-publish","hentry"],"post_mailing_queue_ids":[],"_links":{"self":[{"href":"https:\/\/agora.xtec.cat\/ceipparealgue\/wp-json\/wp\/v2\/pages\/1054","targetHints":{"allow":["GET"]}}],"collection":[{"href":"https:\/\/agora.xtec.cat\/ceipparealgue\/wp-json\/wp\/v2\/pages"}],"about":[{"href":"https:\/\/agora.xtec.cat\/ceipparealgue\/wp-json\/wp\/v2\/types\/page"}],"author":[{"embeddable":true,"href":"https:\/\/agora.xtec.cat\/ceipparealgue\/wp-json\/wp\/v2\/users\/1"}],"replies":[{"embeddable":true,"href":"https:\/\/agora.xtec.cat\/ceipparealgue\/wp-json\/wp\/v2\/comments?post=1054"}],"version-history":[{"count":5,"href":"https:\/\/agora.xtec.cat\/ceipparealgue\/wp-json\/wp\/v2\/pages\/1054\/revisions"}],"predecessor-version":[{"id":6360,"href":"https:\/\/agora.xtec.cat\/ceipparealgue\/wp-json\/wp\/v2\/pages\/1054\/revisions\/6360"}],"up":[{"embeddable":true,"href":"https:\/\/agora.xtec.cat\/ceipparealgue\/wp-json\/wp\/v2\/pages\/1052"}],"wp:attachment":[{"href":"https:\/\/agora.xtec.cat\/ceipparealgue\/wp-json\/wp\/v2\/media?parent=1054"}],"curies":[{"name":"wp","href":"https:\/\/api.w.org\/{rel}","templated":true}]}}