{"id":77,"date":"2014-09-18T14:05:08","date_gmt":"2014-09-18T13:05:08","guid":{"rendered":"http:\/\/agora.xtec.cat\/ceipparcdelesaigues\/?page_id=77"},"modified":"2023-10-23T13:42:36","modified_gmt":"2023-10-23T11:42:36","slug":"acollida","status":"publish","type":"page","link":"https:\/\/agora.xtec.cat\/ceipparcdelesaigues\/serveis\/acollida\/","title":{"rendered":"Acollida matinal"},"content":{"rendered":"<p>La nostra escola disposa d&#8217;acollida matinal de 7:45h a 9h del mat\u00ed. La porta de l&#8217;AFA \u00e9s el lloc d&#8217;acc\u00e9s a l&#8217;acollida matinal.<\/p>\n<p><strong>PREU:<\/strong> 5\u20ac \/ dia\u00a0 \u00a0 \u00a0 \u00a020\u20ac \/ mes<\/p>\n<p>Aquest servei est\u00e0 gestionat per <strong>ARAM EMPORD\u00c0.<\/strong><\/p>\n","protected":false},"excerpt":{"rendered":"<p>La nostra escola disposa d&#8217;acollida matinal de 7:45h a 9h del mat\u00ed. La porta de l&#8217;AFA \u00e9s el lloc d&#8217;acc\u00e9s a l&#8217;acollida matinal.<br \/>\nPREU: 5\u20ac \/ dia\u00a0 \u00a0 \u00a0 \u00a020\u20ac \/ mes<br \/>\nAquest servei est\u00e0 gestionat per ARAM EMPORD\u00c0.<\/p>\n","protected":false},"author":1,"featured_media":0,"parent":66,"menu_order":20,"comment_status":"closed","ping_status":"closed","template":"page-templates\/side-menu.php","meta":{"_bbp_topic_count":0,"_bbp_reply_count":0,"_bbp_total_topic_count":0,"_bbp_total_reply_count":0,"_bbp_voice_count":0,"_bbp_anonymous_reply_count":0,"_bbp_topic_count_hidden":0,"_bbp_reply_count_hidden":0,"_bbp_forum_subforum_count":0,"footnotes":""},"class_list":["post-77","page","type-page","status-publish","hentry"],"post_mailing_queue_ids":[],"_links":{"self":[{"href":"https:\/\/agora.xtec.cat\/ceipparcdelesaigues\/wp-json\/wp\/v2\/pages\/77","targetHints":{"allow":["GET"]}}],"collection":[{"href":"https:\/\/agora.xtec.cat\/ceipparcdelesaigues\/wp-json\/wp\/v2\/pages"}],"about":[{"href":"https:\/\/agora.xtec.cat\/ceipparcdelesaigues\/wp-json\/wp\/v2\/types\/page"}],"author":[{"embeddable":true,"href":"https:\/\/agora.xtec.cat\/ceipparcdelesaigues\/wp-json\/wp\/v2\/users\/1"}],"replies":[{"embeddable":true,"href":"https:\/\/agora.xtec.cat\/ceipparcdelesaigues\/wp-json\/wp\/v2\/comments?post=77"}],"version-history":[{"count":5,"href":"https:\/\/agora.xtec.cat\/ceipparcdelesaigues\/wp-json\/wp\/v2\/pages\/77\/revisions"}],"predecessor-version":[{"id":19116,"href":"https:\/\/agora.xtec.cat\/ceipparcdelesaigues\/wp-json\/wp\/v2\/pages\/77\/revisions\/19116"}],"up":[{"embeddable":true,"href":"https:\/\/agora.xtec.cat\/ceipparcdelesaigues\/wp-json\/wp\/v2\/pages\/66"}],"wp:attachment":[{"href":"https:\/\/agora.xtec.cat\/ceipparcdelesaigues\/wp-json\/wp\/v2\/media?parent=77"}],"curies":[{"name":"wp","href":"https:\/\/api.w.org\/{rel}","templated":true}]}}