{"id":73,"date":"2014-09-18T14:01:51","date_gmt":"2014-09-18T13:01:51","guid":{"rendered":"http:\/\/agora.xtec.cat\/ceipparcdelesaigues\/?page_id=73"},"modified":"2024-11-29T15:32:41","modified_gmt":"2024-11-29T14:32:41","slug":"menjador-escolar","status":"publish","type":"page","link":"https:\/\/agora.xtec.cat\/ceipparcdelesaigues\/serveis\/menjador-escolar\/","title":{"rendered":"Menjador escolar"},"content":{"rendered":"<p style=\"text-align: center;\"><img loading=\"lazy\" decoding=\"async\" class=\"alignnone size-large wp-image-19400\" src=\"https:\/\/agora.xtec.cat\/ceipparcdelesaigues\/wp-content\/uploads\/usu1053\/2024\/11\/MENU-DESEMBRE-2024-ESCOLES-ALT-EMPORDA-5-1_page-0001-1024x724.jpg\" alt=\"\" width=\"1024\" height=\"724\" srcset=\"https:\/\/agora.xtec.cat\/ceipparcdelesaigues\/wp-content\/uploads\/usu1053\/2024\/11\/MENU-DESEMBRE-2024-ESCOLES-ALT-EMPORDA-5-1_page-0001-1024x724.jpg 1024w, https:\/\/agora.xtec.cat\/ceipparcdelesaigues\/wp-content\/uploads\/usu1053\/2024\/11\/MENU-DESEMBRE-2024-ESCOLES-ALT-EMPORDA-5-1_page-0001-300x212.jpg 300w, https:\/\/agora.xtec.cat\/ceipparcdelesaigues\/wp-content\/uploads\/usu1053\/2024\/11\/MENU-DESEMBRE-2024-ESCOLES-ALT-EMPORDA-5-1_page-0001-768x543.jpg 768w, https:\/\/agora.xtec.cat\/ceipparcdelesaigues\/wp-content\/uploads\/usu1053\/2024\/11\/MENU-DESEMBRE-2024-ESCOLES-ALT-EMPORDA-5-1_page-0001-1536x1086.jpg 1536w, https:\/\/agora.xtec.cat\/ceipparcdelesaigues\/wp-content\/uploads\/usu1053\/2024\/11\/MENU-DESEMBRE-2024-ESCOLES-ALT-EMPORDA-5-1_page-0001.jpg 1754w\" sizes=\"auto, (max-width: 1024px) 100vw, 1024px\" \/> <img loading=\"lazy\" decoding=\"async\" class=\"alignnone size-large wp-image-19401\" src=\"https:\/\/agora.xtec.cat\/ceipparcdelesaigues\/wp-content\/uploads\/usu1053\/2024\/11\/MENU-DESEMBRE-2024-ESCOLES-ALT-EMPORDA-5-2_page-0001-1024x724.jpg\" alt=\"\" width=\"1024\" height=\"724\" srcset=\"https:\/\/agora.xtec.cat\/ceipparcdelesaigues\/wp-content\/uploads\/usu1053\/2024\/11\/MENU-DESEMBRE-2024-ESCOLES-ALT-EMPORDA-5-2_page-0001-1024x724.jpg 1024w, https:\/\/agora.xtec.cat\/ceipparcdelesaigues\/wp-content\/uploads\/usu1053\/2024\/11\/MENU-DESEMBRE-2024-ESCOLES-ALT-EMPORDA-5-2_page-0001-300x212.jpg 300w, https:\/\/agora.xtec.cat\/ceipparcdelesaigues\/wp-content\/uploads\/usu1053\/2024\/11\/MENU-DESEMBRE-2024-ESCOLES-ALT-EMPORDA-5-2_page-0001-768x543.jpg 768w, https:\/\/agora.xtec.cat\/ceipparcdelesaigues\/wp-content\/uploads\/usu1053\/2024\/11\/MENU-DESEMBRE-2024-ESCOLES-ALT-EMPORDA-5-2_page-0001-1536x1086.jpg 1536w, https:\/\/agora.xtec.cat\/ceipparcdelesaigues\/wp-content\/uploads\/usu1053\/2024\/11\/MENU-DESEMBRE-2024-ESCOLES-ALT-EMPORDA-5-2_page-0001.jpg 1754w\" sizes=\"auto, (max-width: 1024px) 100vw, 1024px\" \/> <img loading=\"lazy\" decoding=\"async\" class=\"alignnone size-large wp-image-19402\" src=\"https:\/\/agora.xtec.cat\/ceipparcdelesaigues\/wp-content\/uploads\/usu1053\/2024\/11\/MENU-DESEMBRE-2024-ESCOLES-ALT-EMPORDA-5-3_page-0001-1024x724.jpg\" alt=\"\" width=\"1024\" height=\"724\" srcset=\"https:\/\/agora.xtec.cat\/ceipparcdelesaigues\/wp-content\/uploads\/usu1053\/2024\/11\/MENU-DESEMBRE-2024-ESCOLES-ALT-EMPORDA-5-3_page-0001-1024x724.jpg 1024w, https:\/\/agora.xtec.cat\/ceipparcdelesaigues\/wp-content\/uploads\/usu1053\/2024\/11\/MENU-DESEMBRE-2024-ESCOLES-ALT-EMPORDA-5-3_page-0001-300x212.jpg 300w, https:\/\/agora.xtec.cat\/ceipparcdelesaigues\/wp-content\/uploads\/usu1053\/2024\/11\/MENU-DESEMBRE-2024-ESCOLES-ALT-EMPORDA-5-3_page-0001-768x543.jpg 768w, https:\/\/agora.xtec.cat\/ceipparcdelesaigues\/wp-content\/uploads\/usu1053\/2024\/11\/MENU-DESEMBRE-2024-ESCOLES-ALT-EMPORDA-5-3_page-0001-1536x1086.jpg 1536w, https:\/\/agora.xtec.cat\/ceipparcdelesaigues\/wp-content\/uploads\/usu1053\/2024\/11\/MENU-DESEMBRE-2024-ESCOLES-ALT-EMPORDA-5-3_page-0001.jpg 1754w\" sizes=\"auto, (max-width: 1024px) 100vw, 1024px\" \/>Per a gestions relacionades amb el menjador cal contactar amb l&#8217;encarregada:<\/p>\n<p style=\"text-align: center;\"><strong>Helena \u00a0677.964.592<\/strong><\/p>\n<p>L&#8217;escola Parc de les Aig\u00fces t\u00e9 cuina pr\u00f2pia gestionada per l&#8217;empresa <a href=\"http:\/\/www.serhsfoodeduca.com\/gestio-menjadors-escola\/_ln7tWDNF-0HV2CVPWjP34AZqgrp8FA3VFC2yVXZ8TMJuIRUEkD1O3aXENRWO2SMEZlSxDT8FeyYn6hc3EsPggw\">Serhs Food Educa,<\/a> contractada pel Consell Comarcal de l&#8217;Alt Empord\u00e0.<\/p>\n<p>La confecci\u00f3 i el control dels men\u00fas es realitza per un professional de la diet\u00e8tica d\u2019acord amb les recomanacions nutricionals que es donen des dels organismes oficials de salut p\u00fablica, tenint en compte les necessitats energ\u00e8tiques per cada edat.<\/p>\n<p>Es respectaran els costums culturals, sempre i quan no entrin en contradicci\u00f3 amb les necessitats nutritives per a cada etapa d\u2019edat.<\/p>\n<p>Les derivacions del men\u00fa per intoler\u00e0ncies i al\u00b7l\u00e8rgies s\u00f3n fetes per el departament de dietistes de l\u2019empresa seguint totes les pautes m\u00e8diques que presenti l\u2019alumne corresponent.<\/p>\n<p>L\u2019elaboraci\u00f3 del menjar t\u00e9\u00a0lloc a la mateixa cuina.<\/p>\n","protected":false},"excerpt":{"rendered":"<p>  Per a gestions relacionades amb el menjador cal contactar amb l&#8217;encarregada:<br \/>\nHelena \u00a0677.964.592<br \/>\nL&#8217;escola Parc de les Aig\u00fces t\u00e9 cuina pr\u00f2pia gestionada per l&#8217;empresa <a href=\"http:\/\/www.serhsfoodeduca.com\/gestio-menjadors-escola\/_ln7tWDNF-0HV2CVPWjP34AZqgrp8FA3VFC2yVXZ8TMJuIRUEkD1O3aXENRWO2SMEZlSxDT8FeyYn6hc3EsPggw\">Serhs Food Educa,<\/a> contractada pel Consell Comarcal de l&#8217;Alt Empord\u00e0.<br \/>\nLa confecci\u00f3 i el control dels men\u00fas es realitza per un&hellip;  <a href=\"https:\/\/agora.xtec.cat\/ceipparcdelesaigues\/serveis\/menjador-escolar\/\" title=\"Read Menjador escolar\">Llegeix m\u00e9s\u00bb<\/a><\/p>\n","protected":false},"author":1,"featured_media":0,"parent":66,"menu_order":30,"comment_status":"closed","ping_status":"closed","template":"page-templates\/side-menu.php","meta":{"_bbp_topic_count":0,"_bbp_reply_count":0,"_bbp_total_topic_count":0,"_bbp_total_reply_count":0,"_bbp_voice_count":0,"_bbp_anonymous_reply_count":0,"_bbp_topic_count_hidden":0,"_bbp_reply_count_hidden":0,"_bbp_forum_subforum_count":0,"footnotes":""},"class_list":["post-73","page","type-page","status-publish","hentry"],"post_mailing_queue_ids":[],"_links":{"self":[{"href":"https:\/\/agora.xtec.cat\/ceipparcdelesaigues\/wp-json\/wp\/v2\/pages\/73","targetHints":{"allow":["GET"]}}],"collection":[{"href":"https:\/\/agora.xtec.cat\/ceipparcdelesaigues\/wp-json\/wp\/v2\/pages"}],"about":[{"href":"https:\/\/agora.xtec.cat\/ceipparcdelesaigues\/wp-json\/wp\/v2\/types\/page"}],"author":[{"embeddable":true,"href":"https:\/\/agora.xtec.cat\/ceipparcdelesaigues\/wp-json\/wp\/v2\/users\/1"}],"replies":[{"embeddable":true,"href":"https:\/\/agora.xtec.cat\/ceipparcdelesaigues\/wp-json\/wp\/v2\/comments?post=73"}],"version-history":[{"count":11,"href":"https:\/\/agora.xtec.cat\/ceipparcdelesaigues\/wp-json\/wp\/v2\/pages\/73\/revisions"}],"predecessor-version":[{"id":19404,"href":"https:\/\/agora.xtec.cat\/ceipparcdelesaigues\/wp-json\/wp\/v2\/pages\/73\/revisions\/19404"}],"up":[{"embeddable":true,"href":"https:\/\/agora.xtec.cat\/ceipparcdelesaigues\/wp-json\/wp\/v2\/pages\/66"}],"wp:attachment":[{"href":"https:\/\/agora.xtec.cat\/ceipparcdelesaigues\/wp-json\/wp\/v2\/media?parent=73"}],"curies":[{"name":"wp","href":"https:\/\/api.w.org\/{rel}","templated":true}]}}