{"id":38,"date":"2014-09-18T12:34:08","date_gmt":"2014-09-18T11:34:08","guid":{"rendered":"http:\/\/agora.xtec.cat\/ceipparcdelesaigues\/?page_id=38"},"modified":"2017-02-07T07:11:21","modified_gmt":"2017-02-07T06:11:21","slug":"salut","status":"publish","type":"page","link":"https:\/\/agora.xtec.cat\/ceipparcdelesaigues\/lescola\/salut\/","title":{"rendered":"Salut"},"content":{"rendered":"<p>A l\u2019escola no es donaran <b>medicaments<\/b>; excepte si els pares ho sol\u00b7liciten al centre, acompanyant <a href=\"http:\/\/agora.xtec.cat\/ceipparcdelesaigues\/wp-content\/uploads\/usu1053\/2014\/09\/Medicaments.pdf\" target=\"_blank\">la sol\u00b7licitud<\/a>\u00a0 amb la prescripci\u00f3 m\u00e8dica.<\/p>\n<p>No es pot venir a l\u2019escola quan un alumne est\u00e0 <b>malalt<\/b>, t\u00e9 febre o polls.<\/p>\n<p>Els pares comunicaran a l\u2019escola la informaci\u00f3 rellevant o <b>observacions m\u00e8diques<\/b> sobre el seu fill.<\/p>\n<p>En cas de <b>malaltia<\/b> o <b>accident dins l\u2019horari lectiu<\/b>, el centre avisar\u00e0 als pares o familiars. En cas de no localitzar-los, s\u2019atendr\u00e0 la situaci\u00f3 amb dilig\u00e8ncia, d\u2019acord amb la normativa vigent.<\/p>\n<p><a href=\"http:\/\/agora.xtec.cat\/ceipparcdelesaigues\/wp-content\/uploads\/usu1053\/2014\/09\/Medicaments.pdf\" target=\"_blank\">medicaments<\/a><\/p>\n<p>&nbsp;<\/p>\n<p>&nbsp;<\/p>\n<p>&nbsp;<\/p>\n<p>&nbsp;<\/p>\n","protected":false},"excerpt":{"rendered":"<p>A l\u2019escola no es donaran medicaments; excepte si els pares ho sol\u00b7liciten al centre, acompanyant <a href=\"http:\/\/agora.xtec.cat\/ceipparcdelesaigues\/wp-content\/uploads\/usu1053\/2014\/09\/Medicaments.pdf\" target=\"_blank\">la sol\u00b7licitud<\/a>\u00a0 amb la prescripci\u00f3 m\u00e8dica.<br \/>\nNo es pot venir a l\u2019escola quan un alumne est\u00e0 malalt, t\u00e9 febre o polls.<br \/>\nEls pares comunicaran a l\u2019escola la informaci\u00f3 rellevant o&hellip;  <a href=\"https:\/\/agora.xtec.cat\/ceipparcdelesaigues\/lescola\/salut\/\" title=\"Read Salut\">Llegeix m\u00e9s\u00bb<\/a><\/p>\n","protected":false},"author":1,"featured_media":0,"parent":22,"menu_order":80,"comment_status":"closed","ping_status":"closed","template":"page-templates\/side-menu.php","meta":{"_bbp_topic_count":0,"_bbp_reply_count":0,"_bbp_total_topic_count":0,"_bbp_total_reply_count":0,"_bbp_voice_count":0,"_bbp_anonymous_reply_count":0,"_bbp_topic_count_hidden":0,"_bbp_reply_count_hidden":0,"_bbp_forum_subforum_count":0,"footnotes":""},"class_list":["post-38","page","type-page","status-publish","hentry"],"post_mailing_queue_ids":[],"_links":{"self":[{"href":"https:\/\/agora.xtec.cat\/ceipparcdelesaigues\/wp-json\/wp\/v2\/pages\/38","targetHints":{"allow":["GET"]}}],"collection":[{"href":"https:\/\/agora.xtec.cat\/ceipparcdelesaigues\/wp-json\/wp\/v2\/pages"}],"about":[{"href":"https:\/\/agora.xtec.cat\/ceipparcdelesaigues\/wp-json\/wp\/v2\/types\/page"}],"author":[{"embeddable":true,"href":"https:\/\/agora.xtec.cat\/ceipparcdelesaigues\/wp-json\/wp\/v2\/users\/1"}],"replies":[{"embeddable":true,"href":"https:\/\/agora.xtec.cat\/ceipparcdelesaigues\/wp-json\/wp\/v2\/comments?post=38"}],"version-history":[{"count":3,"href":"https:\/\/agora.xtec.cat\/ceipparcdelesaigues\/wp-json\/wp\/v2\/pages\/38\/revisions"}],"predecessor-version":[{"id":525,"href":"https:\/\/agora.xtec.cat\/ceipparcdelesaigues\/wp-json\/wp\/v2\/pages\/38\/revisions\/525"}],"up":[{"embeddable":true,"href":"https:\/\/agora.xtec.cat\/ceipparcdelesaigues\/wp-json\/wp\/v2\/pages\/22"}],"wp:attachment":[{"href":"https:\/\/agora.xtec.cat\/ceipparcdelesaigues\/wp-json\/wp\/v2\/media?parent=38"}],"curies":[{"name":"wp","href":"https:\/\/api.w.org\/{rel}","templated":true}]}}