{"id":28,"date":"2014-09-18T12:29:35","date_gmt":"2014-09-18T11:29:35","guid":{"rendered":"http:\/\/agora.xtec.cat\/ceipparcdelesaigues\/?page_id=28"},"modified":"2023-10-25T09:29:20","modified_gmt":"2023-10-25T07:29:20","slug":"consell-escolar","status":"publish","type":"page","link":"https:\/\/agora.xtec.cat\/ceipparcdelesaigues\/lescola\/consell-escolar\/","title":{"rendered":"Consell escolar"},"content":{"rendered":"<table style=\"width: 70.5163%; border-color: #e81058; background-color: #f2e1e1; height: 413px;\">\n<tbody>\n<tr style=\"height: 31px;\">\n<td style=\"width: 47.9381%; height: 31px;\">PRESIDENT<\/td>\n<td style=\"width: 50.6873%; height: 31px;\">XAVIER DAUS\u00c0 JUANALS *<\/td>\n<\/tr>\n<tr style=\"height: 31px;\">\n<td style=\"width: 47.9381%; height: 31px;\">SECRET\u00c0RIA<\/td>\n<td style=\"width: 50.6873%; height: 31px;\">N\u00daRIA QUINTANA SOLER<\/td>\n<\/tr>\n<tr style=\"height: 31px;\">\n<td style=\"width: 47.9381%; height: 31px;\">CAP D\u2019ESTUDIS<\/td>\n<td style=\"width: 50.6873%; height: 31px;\">S\u00cdLVIA ALONSO ROD\u00d3 *<\/td>\n<\/tr>\n<tr style=\"height: 31px;\">\n<td style=\"width: 47.9381%; height: 31px;\">REPRESENTANTS DE MESTRES<\/td>\n<td style=\"width: 50.6873%; height: 31px;\">AL\u00cdCIA ALONSO HERN\u00c1NDEZ<\/td>\n<\/tr>\n<tr style=\"height: 31px;\">\n<td style=\"width: 47.9381%; height: 10px;\"><\/td>\n<td style=\"width: 50.6873%; height: 10px;\">S\u00d2NIA BL\u00c1NQUEZ VIL\u00c0<\/td>\n<\/tr>\n<tr style=\"height: 31px;\">\n<td style=\"width: 47.9381%; height: 31px;\"><\/td>\n<td style=\"width: 50.6873%; height: 31px;\">MONTSE ARRANZ COSTA<\/td>\n<\/tr>\n<tr style=\"height: 31px;\">\n<td style=\"width: 47.9381%; height: 31px;\"><\/td>\n<td style=\"width: 50.6873%; height: 31px;\">MIREIA POCH SAGUER<\/td>\n<\/tr>\n<tr style=\"height: 31px;\">\n<td style=\"width: 47.9381%; height: 31px;\"><\/td>\n<td style=\"width: 50.6873%; height: 31px;\">NAT\u00c0LIA ESTARRIOL PERICH<\/td>\n<\/tr>\n<tr style=\"height: 31px;\">\n<td style=\"width: 47.9381%; height: 31px;\">REPRESENTANT PAS<\/td>\n<td style=\"width: 50.6873%; height: 31px;\">MARTA OLIVERAS GONZALO<\/td>\n<\/tr>\n<tr style=\"height: 31px;\">\n<td style=\"width: 47.9381%; height: 31px;\">REPRESENTANTS DE FAM\u00cdLIES<\/td>\n<td style=\"width: 50.6873%; height: 31px;\">DOLORES D\u00cdAZ *<\/td>\n<\/tr>\n<tr style=\"height: 31px;\">\n<td style=\"width: 47.9381%; height: 31px;\"><\/td>\n<td style=\"width: 50.6873%; height: 31px;\">MARYAM EL MEZOUAK<\/td>\n<\/tr>\n<tr style=\"height: 31px;\">\n<td style=\"width: 47.9381%; height: 31px;\"><\/td>\n<td style=\"width: 50.6873%; height: 31px;\">IMAN MOUTAOUAKIL<\/td>\n<\/tr>\n<tr style=\"height: 31px;\">\n<td style=\"width: 47.9381%; height: 31px;\">REPRESENTANT AFA<\/td>\n<td style=\"width: 50.6873%; height: 31px;\">ARTURO ESCRIBANO *<\/td>\n<\/tr>\n<tr style=\"height: 31px;\">\n<td style=\"width: 47.9381%; height: 31px;\">REPRESENTANT AJUNTAMENT<\/td>\n<td style=\"width: 50.6873%; height: 31px;\">CARME MART\u00cdNEZ<\/td>\n<\/tr>\n<\/tbody>\n<\/table>\n","protected":false},"excerpt":{"rendered":"<p>PRESIDENT<br \/>\nXAVIER DAUS\u00c0 JUANALS *<\/p>\n<p>SECRET\u00c0RIA<br \/>\nN\u00daRIA QUINTANA SOLER<\/p>\n<p>CAP D\u2019ESTUDIS<br \/>\nS\u00cdLVIA ALONSO ROD\u00d3 *<\/p>\n<p>REPRESENTANTS DE MESTRES<br \/>\nAL\u00cdCIA ALONSO HERN\u00c1NDEZ<\/p>\n<p>S\u00d2NIA BL\u00c1NQUEZ VIL\u00c0<\/p>\n<p>MONTSE ARRANZ COSTA<\/p>\n<p>MIREIA POCH SAGUER<\/p>\n<p>NAT\u00c0LIA ESTARRIOL PERICH<\/p>\n<p>REPRESENTANT PAS<br \/>\nMARTA OLIVERAS GONZALO<\/p>\n<p>REPRESENTANTS DE FAM\u00cdLIES<br \/>\nDOLORES D\u00cdAZ *<\/p>\n<p>MARYAM EL MEZOUAK<\/p>\n<p>IMAN MOUTAOUAKIL<\/p>\n<p>REPRESENTANT AFA<br \/>\nARTURO ESCRIBANO *<\/p>\n<p>REPRESENTANT AJUNTAMENT<br \/>\nCARME MART\u00cdNEZ<\/p>\n","protected":false},"author":1,"featured_media":0,"parent":22,"menu_order":30,"comment_status":"closed","ping_status":"closed","template":"page-templates\/side-menu.php","meta":{"_bbp_topic_count":0,"_bbp_reply_count":0,"_bbp_total_topic_count":0,"_bbp_total_reply_count":0,"_bbp_voice_count":0,"_bbp_anonymous_reply_count":0,"_bbp_topic_count_hidden":0,"_bbp_reply_count_hidden":0,"_bbp_forum_subforum_count":0,"footnotes":""},"class_list":["post-28","page","type-page","status-publish","hentry"],"post_mailing_queue_ids":[],"_links":{"self":[{"href":"https:\/\/agora.xtec.cat\/ceipparcdelesaigues\/wp-json\/wp\/v2\/pages\/28","targetHints":{"allow":["GET"]}}],"collection":[{"href":"https:\/\/agora.xtec.cat\/ceipparcdelesaigues\/wp-json\/wp\/v2\/pages"}],"about":[{"href":"https:\/\/agora.xtec.cat\/ceipparcdelesaigues\/wp-json\/wp\/v2\/types\/page"}],"author":[{"embeddable":true,"href":"https:\/\/agora.xtec.cat\/ceipparcdelesaigues\/wp-json\/wp\/v2\/users\/1"}],"replies":[{"embeddable":true,"href":"https:\/\/agora.xtec.cat\/ceipparcdelesaigues\/wp-json\/wp\/v2\/comments?post=28"}],"version-history":[{"count":5,"href":"https:\/\/agora.xtec.cat\/ceipparcdelesaigues\/wp-json\/wp\/v2\/pages\/28\/revisions"}],"predecessor-version":[{"id":19120,"href":"https:\/\/agora.xtec.cat\/ceipparcdelesaigues\/wp-json\/wp\/v2\/pages\/28\/revisions\/19120"}],"up":[{"embeddable":true,"href":"https:\/\/agora.xtec.cat\/ceipparcdelesaigues\/wp-json\/wp\/v2\/pages\/22"}],"wp:attachment":[{"href":"https:\/\/agora.xtec.cat\/ceipparcdelesaigues\/wp-json\/wp\/v2\/media?parent=28"}],"curies":[{"name":"wp","href":"https:\/\/api.w.org\/{rel}","templated":true}]}}