{"id":26,"date":"2014-09-18T12:24:32","date_gmt":"2014-09-18T11:24:32","guid":{"rendered":"http:\/\/agora.xtec.cat\/ceipparcdelesaigues\/?page_id=26"},"modified":"2018-11-08T12:34:05","modified_gmt":"2018-11-08T11:34:05","slug":"historia","status":"publish","type":"page","link":"https:\/\/agora.xtec.cat\/ceipparcdelesaigues\/lescola\/historia\/","title":{"rendered":"Hist\u00f2ria"},"content":{"rendered":"<p><span style=\"font-weight: 400;\">L\u2019escola Parc de les Aig\u00fces est\u00e0 ubicada a la zona nord de Figueres, molt a prop del centre de la ciutat.<\/span><\/p>\n<p><span style=\"font-weight: 400;\">La creaci\u00f3 de l\u2019escola, al 2004, es va produir arran d\u2019un augment de la poblaci\u00f3 de Figueres coincidint amb el punt m\u00e9s \u00e0lgid del boom de la construcci\u00f3.<\/span><\/p>\n","protected":false},"excerpt":{"rendered":"<p>L\u2019escola Parc de les Aig\u00fces est\u00e0 ubicada a la zona nord de Figueres, molt a prop del centre de la ciutat.<br \/>\nLa creaci\u00f3 de l\u2019escola, al 2004, es va produir arran d\u2019un augment de la poblaci\u00f3 de Figueres coincidint amb el punt m\u00e9s \u00e0lgid del boom&hellip;  <a href=\"https:\/\/agora.xtec.cat\/ceipparcdelesaigues\/lescola\/historia\/\" title=\"Read Hist\u00f2ria\">Llegeix m\u00e9s\u00bb<\/a><\/p>\n","protected":false},"author":1,"featured_media":0,"parent":22,"menu_order":20,"comment_status":"closed","ping_status":"closed","template":"page-templates\/side-menu.php","meta":{"_bbp_topic_count":0,"_bbp_reply_count":0,"_bbp_total_topic_count":0,"_bbp_total_reply_count":0,"_bbp_voice_count":0,"_bbp_anonymous_reply_count":0,"_bbp_topic_count_hidden":0,"_bbp_reply_count_hidden":0,"_bbp_forum_subforum_count":0,"footnotes":""},"class_list":["post-26","page","type-page","status-publish","hentry"],"post_mailing_queue_ids":[],"_links":{"self":[{"href":"https:\/\/agora.xtec.cat\/ceipparcdelesaigues\/wp-json\/wp\/v2\/pages\/26","targetHints":{"allow":["GET"]}}],"collection":[{"href":"https:\/\/agora.xtec.cat\/ceipparcdelesaigues\/wp-json\/wp\/v2\/pages"}],"about":[{"href":"https:\/\/agora.xtec.cat\/ceipparcdelesaigues\/wp-json\/wp\/v2\/types\/page"}],"author":[{"embeddable":true,"href":"https:\/\/agora.xtec.cat\/ceipparcdelesaigues\/wp-json\/wp\/v2\/users\/1"}],"replies":[{"embeddable":true,"href":"https:\/\/agora.xtec.cat\/ceipparcdelesaigues\/wp-json\/wp\/v2\/comments?post=26"}],"version-history":[{"count":3,"href":"https:\/\/agora.xtec.cat\/ceipparcdelesaigues\/wp-json\/wp\/v2\/pages\/26\/revisions"}],"predecessor-version":[{"id":765,"href":"https:\/\/agora.xtec.cat\/ceipparcdelesaigues\/wp-json\/wp\/v2\/pages\/26\/revisions\/765"}],"up":[{"embeddable":true,"href":"https:\/\/agora.xtec.cat\/ceipparcdelesaigues\/wp-json\/wp\/v2\/pages\/22"}],"wp:attachment":[{"href":"https:\/\/agora.xtec.cat\/ceipparcdelesaigues\/wp-json\/wp\/v2\/media?parent=26"}],"curies":[{"name":"wp","href":"https:\/\/api.w.org\/{rel}","templated":true}]}}