{"id":18828,"date":"2022-05-05T08:56:40","date_gmt":"2022-05-05T06:56:40","guid":{"rendered":"https:\/\/agora.xtec.cat\/ceipparcdelesaigues\/?page_id=18828"},"modified":"2023-03-23T13:08:21","modified_gmt":"2023-03-23T12:08:21","slug":"estrategia-digital-de-centre","status":"publish","type":"page","link":"https:\/\/agora.xtec.cat\/ceipparcdelesaigues\/lescola\/estrategia-digital-de-centre\/","title":{"rendered":"Estrat\u00e8gia Digital de Centre"},"content":{"rendered":"<p><span class=\" aw5Odc\"><a class=\"XqQF9c\" href=\"https:\/\/www.google.com\/url?q=https%3A%2F%2Fprojectes.xtec.cat%2Fedc-suport%2F&amp;sa=D&amp;sntz=1&amp;usg=AOvVaw2ZkXqNHB_2SGsNs-vOe5k1\" target=\"_blank\" rel=\"noopener\"><strong>L\u2019Estrat\u00e8gia Digital de Centre<\/strong><\/a><\/span>\u00a0(EDC) \u00e9s un document que recull totes les accions que es realitzen en un centre, i les que es realitzaran a mitj\u00e0 termini, per aconseguir la m\u00e0xima compet\u00e8ncia digital de l\u2019alumnat, del professorat i del centre educatiu. Ha de tenir com a referent el Pla d\u2019educaci\u00f3 digital de Catalunya (PEDC), on s\u2019indica la necessitat d\u2019assolir la fita d\u2019una societat digitalment competent, fent \u00e8mfasi en l\u2019equitat i tenint en compte l\u2019evoluci\u00f3 del context social i tecnol\u00f2gic.<\/p>\n<p>Ara mateix el tenim en construcci\u00f3, per\u00f2 el podeu consultar<\/p>\n<h1 style=\"text-align: center;\"><a href=\"https:\/\/sites.google.com\/xtec.cat\/edcparcdelesaigues\/edc\">AQU\u00cd<\/a><\/h1>\n","protected":false},"excerpt":{"rendered":"<p><a class=\"XqQF9c\" href=\"https:\/\/www.google.com\/url?q=https%3A%2F%2Fprojectes.xtec.cat%2Fedc-suport%2F&amp;sa=D&amp;sntz=1&amp;usg=AOvVaw2ZkXqNHB_2SGsNs-vOe5k1\" target=\"_blank\" rel=\"noopener\">L\u2019Estrat\u00e8gia Digital de Centre<\/a>\u00a0(EDC) \u00e9s un document que recull totes les accions que es realitzen en un centre, i les que es realitzaran a mitj\u00e0 termini, per aconseguir la m\u00e0xima compet\u00e8ncia digital de l\u2019alumnat, del professorat i del centre educatiu. Ha&hellip;  <a href=\"https:\/\/agora.xtec.cat\/ceipparcdelesaigues\/lescola\/estrategia-digital-de-centre\/\" title=\"Read Estrat\u00e8gia Digital de Centre\">Llegeix m\u00e9s\u00bb<\/a><\/p>\n","protected":false},"author":1,"featured_media":0,"parent":22,"menu_order":1,"comment_status":"closed","ping_status":"closed","template":"","meta":{"_bbp_topic_count":0,"_bbp_reply_count":0,"_bbp_total_topic_count":0,"_bbp_total_reply_count":0,"_bbp_voice_count":0,"_bbp_anonymous_reply_count":0,"_bbp_topic_count_hidden":0,"_bbp_reply_count_hidden":0,"_bbp_forum_subforum_count":0,"footnotes":""},"class_list":["post-18828","page","type-page","status-publish","hentry"],"post_mailing_queue_ids":[],"_links":{"self":[{"href":"https:\/\/agora.xtec.cat\/ceipparcdelesaigues\/wp-json\/wp\/v2\/pages\/18828","targetHints":{"allow":["GET"]}}],"collection":[{"href":"https:\/\/agora.xtec.cat\/ceipparcdelesaigues\/wp-json\/wp\/v2\/pages"}],"about":[{"href":"https:\/\/agora.xtec.cat\/ceipparcdelesaigues\/wp-json\/wp\/v2\/types\/page"}],"author":[{"embeddable":true,"href":"https:\/\/agora.xtec.cat\/ceipparcdelesaigues\/wp-json\/wp\/v2\/users\/1"}],"replies":[{"embeddable":true,"href":"https:\/\/agora.xtec.cat\/ceipparcdelesaigues\/wp-json\/wp\/v2\/comments?post=18828"}],"version-history":[{"count":2,"href":"https:\/\/agora.xtec.cat\/ceipparcdelesaigues\/wp-json\/wp\/v2\/pages\/18828\/revisions"}],"predecessor-version":[{"id":18859,"href":"https:\/\/agora.xtec.cat\/ceipparcdelesaigues\/wp-json\/wp\/v2\/pages\/18828\/revisions\/18859"}],"up":[{"embeddable":true,"href":"https:\/\/agora.xtec.cat\/ceipparcdelesaigues\/wp-json\/wp\/v2\/pages\/22"}],"wp:attachment":[{"href":"https:\/\/agora.xtec.cat\/ceipparcdelesaigues\/wp-json\/wp\/v2\/media?parent=18828"}],"curies":[{"name":"wp","href":"https:\/\/api.w.org\/{rel}","templated":true}]}}