{"id":694,"date":"2016-10-07T12:42:02","date_gmt":"2016-10-07T11:42:02","guid":{"rendered":"http:\/\/agora.xtec.cat\/ceippallach-figueres\/?page_id=694"},"modified":"2025-07-15T20:59:22","modified_gmt":"2025-07-15T18:59:22","slug":"el-projecte-descola","status":"publish","type":"page","link":"https:\/\/agora.xtec.cat\/ceippallach-figueres\/lescola\/el-projecte-descola\/","title":{"rendered":"El projecte d&#8217;escola"},"content":{"rendered":"<p>El nostre Projecte es basa en una escola que&#8230;<\/p>\n<p>&#8211; proporciona als alumnes les bases d&#8217;una ciutadania adaptada a les societats de la informaci\u00f3 i el coneixement.<\/p>\n<p>&#8211; innova amb una capacitat permanent d&#8217;actualitzaci\u00f3, afavorint activitats relacionades amb les noves tecnologies.<\/p>\n<p>&#8211; estimula la sensibilitat i la capacitat creativa.<\/p>\n<p>&#8211; ofereix als diferents sectors (pares i mares, mestres i alumnes) formes de participaci\u00f3 diverses.<\/p>\n<p>&#8211; afavoreix l&#8217;esperit cr\u00edtic i creatiu.<\/p>\n<p>&#8211; promou els valors humans de la solidaritat, de la pau i del respecte.<\/p>\n<p>&#8211; \u00e9s oberta i respectuosa amb totes les cultures.<\/p>\n<p>&#8211; \u00e9s integradora, sensible als alumnes amb problemes personals i d&#8217;aprenentatge.<\/p>\n<p>&#8211; fomenta situacions de participaci\u00f3 i interacci\u00f3 en les que els alumnes puguin expressar opinions i assumir responsabilitats.<\/p>\n<p>&#8211; planteja activitats que contribueixen a aconseguir un aprenentatge significatiu, intentant ajudar a cada alumne i al grup en funci\u00f3 de les seves necessitats i possibilitats.<\/p>\n<p>&#8211; potencia la sensibilitzaci\u00f3 ambiental, conscienciant als alumnes de la necessitat de l&#8217;estalvi energ\u00e8tic i d&#8217;aigua, de la disminuci\u00f3 del soroll i del respecte als espais p\u00fablics.<\/p>\n<p>&#8211; desenvolupa la capacitat d&#8217;estimar i crear art, donant eines suficients perqu\u00e8 els alumnes siguin capa\u00e7os de plasmar pl\u00e0sticament les seves sensacions.<\/p>\n<p>Aqu\u00ed podeu veure un petit v\u00eddeo informatiu sobre la nostra escola:<\/p>\n<div class=\"ast-oembed-container \" style=\"height: 100%;\"><iframe loading=\"lazy\" title=\"Caso de \u00e9xito | Escola Josep Pallach\" width=\"500\" height=\"281\" src=\"https:\/\/www.youtube.com\/embed\/LGh1PxXlB1w?feature=oembed\" frameborder=\"0\" allow=\"accelerometer; autoplay; clipboard-write; encrypted-media; gyroscope; picture-in-picture; web-share\" referrerpolicy=\"strict-origin-when-cross-origin\" allowfullscreen><\/iframe><\/div>\n<p>I aqu\u00ed un altre en qu\u00e8 expliquem qu\u00e8 fem:<\/p>\n<div class=\"ast-oembed-container \" style=\"height: 100%;\"><iframe loading=\"lazy\" title=\"Qu\u00e8 fem a l&#039;escola? - 2021\" width=\"500\" height=\"281\" src=\"https:\/\/www.youtube.com\/embed\/fEzY1lNQEh4?feature=oembed\" frameborder=\"0\" allow=\"accelerometer; autoplay; clipboard-write; encrypted-media; gyroscope; picture-in-picture; web-share\" referrerpolicy=\"strict-origin-when-cross-origin\" allowfullscreen><\/iframe><\/div>\n<p>&nbsp;<\/p>\n","protected":false},"excerpt":{"rendered":"<p>El nostre Projecte es basa en una escola que&#8230; &#8211; proporciona als alumnes les bases d&#8217;una ciutadania adaptada a les societats de la informaci\u00f3 i el coneixement. &#8211; innova amb una capacitat permanent d&#8217;actualitzaci\u00f3, afavorint activitats relacionades amb les noves tecnologies. &#8211; estimula la sensibilitat i la capacitat creativa. &#8211; ofereix als diferents sectors (pares [&hellip;]<\/p>\n","protected":false},"author":1,"featured_media":0,"parent":22,"menu_order":0,"comment_status":"closed","ping_status":"closed","template":"","meta":{"_bbp_topic_count":0,"_bbp_reply_count":0,"_bbp_total_topic_count":0,"_bbp_total_reply_count":0,"_bbp_voice_count":0,"_bbp_anonymous_reply_count":0,"_bbp_topic_count_hidden":0,"_bbp_reply_count_hidden":0,"_bbp_forum_subforum_count":0,"site-sidebar-layout":"default","site-content-layout":"","ast-site-content-layout":"default","site-content-style":"default","site-sidebar-style":"default","ast-global-header-display":"","ast-banner-title-visibility":"","ast-main-header-display":"","ast-hfb-above-header-display":"","ast-hfb-below-header-display":"","ast-hfb-mobile-header-display":"","site-post-title":"","ast-breadcrumbs-content":"","ast-featured-img":"","footer-sml-layout":"","theme-transparent-header-meta":"default","adv-header-id-meta":"","stick-header-meta":"","header-above-stick-meta":"","header-main-stick-meta":"","header-below-stick-meta":"","astra-migrate-meta-layouts":"set","ast-page-background-enabled":"default","ast-page-background-meta":{"desktop":{"background-color":"var(--ast-global-color-4)","background-image":"","background-repeat":"repeat","background-position":"center center","background-size":"auto","background-attachment":"scroll","background-type":"","background-media":"","overlay-type":"","overlay-color":"","overlay-opacity":"","overlay-gradient":""},"tablet":{"background-color":"","background-image":"","background-repeat":"repeat","background-position":"center center","background-size":"auto","background-attachment":"scroll","background-type":"","background-media":"","overlay-type":"","overlay-color":"","overlay-opacity":"","overlay-gradient":""},"mobile":{"background-color":"","background-image":"","background-repeat":"repeat","background-position":"center center","background-size":"auto","background-attachment":"scroll","background-type":"","background-media":"","overlay-type":"","overlay-color":"","overlay-opacity":"","overlay-gradient":""}},"ast-content-background-meta":{"desktop":{"background-color":"var(--ast-global-color-5)","background-image":"","background-repeat":"repeat","background-position":"center center","background-size":"auto","background-attachment":"scroll","background-type":"","background-media":"","overlay-type":"","overlay-color":"","overlay-opacity":"","overlay-gradient":""},"tablet":{"background-color":"var(--ast-global-color-5)","background-image":"","background-repeat":"repeat","background-position":"center center","background-size":"auto","background-attachment":"scroll","background-type":"","background-media":"","overlay-type":"","overlay-color":"","overlay-opacity":"","overlay-gradient":""},"mobile":{"background-color":"var(--ast-global-color-5)","background-image":"","background-repeat":"repeat","background-position":"center center","background-size":"auto","background-attachment":"scroll","background-type":"","background-media":"","overlay-type":"","overlay-color":"","overlay-opacity":"","overlay-gradient":""}},"footnotes":""},"class_list":["post-694","page","type-page","status-publish","hentry"],"post_mailing_queue_ids":[],"_links":{"self":[{"href":"https:\/\/agora.xtec.cat\/ceippallach-figueres\/wp-json\/wp\/v2\/pages\/694","targetHints":{"allow":["GET"]}}],"collection":[{"href":"https:\/\/agora.xtec.cat\/ceippallach-figueres\/wp-json\/wp\/v2\/pages"}],"about":[{"href":"https:\/\/agora.xtec.cat\/ceippallach-figueres\/wp-json\/wp\/v2\/types\/page"}],"author":[{"embeddable":true,"href":"https:\/\/agora.xtec.cat\/ceippallach-figueres\/wp-json\/wp\/v2\/users\/1"}],"replies":[{"embeddable":true,"href":"https:\/\/agora.xtec.cat\/ceippallach-figueres\/wp-json\/wp\/v2\/comments?post=694"}],"version-history":[{"count":6,"href":"https:\/\/agora.xtec.cat\/ceippallach-figueres\/wp-json\/wp\/v2\/pages\/694\/revisions"}],"predecessor-version":[{"id":5915,"href":"https:\/\/agora.xtec.cat\/ceippallach-figueres\/wp-json\/wp\/v2\/pages\/694\/revisions\/5915"}],"up":[{"embeddable":true,"href":"https:\/\/agora.xtec.cat\/ceippallach-figueres\/wp-json\/wp\/v2\/pages\/22"}],"wp:attachment":[{"href":"https:\/\/agora.xtec.cat\/ceippallach-figueres\/wp-json\/wp\/v2\/media?parent=694"}],"curies":[{"name":"wp","href":"https:\/\/api.w.org\/{rel}","templated":true}]}}