{"id":5888,"date":"2025-07-15T19:25:22","date_gmt":"2025-07-15T17:25:22","guid":{"rendered":"https:\/\/agora.xtec.cat\/ceippallach-figueres\/?page_id=5888"},"modified":"2025-07-15T19:45:57","modified_gmt":"2025-07-15T17:45:57","slug":"families-2","status":"publish","type":"page","link":"https:\/\/agora.xtec.cat\/ceippallach-figueres\/families-2\/","title":{"rendered":"Fam\u00edlies"},"content":{"rendered":"<p>En aquest apartat hi trobareu tota la informaci\u00f3 imprescindible per les fam\u00edlies:<\/p>\n<ul>\n<li><a href=\"https:\/\/agora.xtec.cat\/ceippallach-figueres\/families-2\/calendari-escolar\/\">Calendari escolar<\/a><\/li>\n<li><a href=\"https:\/\/agora.xtec.cat\/ceippallach-figueres\/lescola\/material-escolar\/\">Llibres i material escolar<\/a><\/li>\n<li><a href=\"https:\/\/agora.xtec.cat\/ceippallach-figueres\/tpv-escola\/\">Aplicaci\u00f3 TPV Escola<\/a><\/li>\n<li><a href=\"https:\/\/agora.xtec.cat\/ceippallach-figueres\/comunicacio-dabsencies-dalumnes\/\">Comunicaci\u00f3 d&#8217;abs\u00e8ncies d&#8217;alumnes<\/a><\/li>\n<li>Recursos i xerrades<\/li>\n<\/ul>\n","protected":false},"excerpt":{"rendered":"<p>En aquest apartat hi trobareu tota la informaci\u00f3 imprescindible per les fam\u00edlies: Calendari escolar Llibres i material escolar Aplicaci\u00f3 TPV Escola Comunicaci\u00f3 d&#8217;abs\u00e8ncies d&#8217;alumnes Recursos i xerrades<\/p>\n","protected":false},"author":1,"featured_media":0,"parent":0,"menu_order":0,"comment_status":"closed","ping_status":"closed","template":"","meta":{"_bbp_topic_count":0,"_bbp_reply_count":0,"_bbp_total_topic_count":0,"_bbp_total_reply_count":0,"_bbp_voice_count":0,"_bbp_anonymous_reply_count":0,"_bbp_topic_count_hidden":0,"_bbp_reply_count_hidden":0,"_bbp_forum_subforum_count":0,"site-sidebar-layout":"default","site-content-layout":"","ast-site-content-layout":"default","site-content-style":"default","site-sidebar-style":"default","ast-global-header-display":"","ast-banner-title-visibility":"","ast-main-header-display":"","ast-hfb-above-header-display":"","ast-hfb-below-header-display":"","ast-hfb-mobile-header-display":"","site-post-title":"","ast-breadcrumbs-content":"","ast-featured-img":"","footer-sml-layout":"","theme-transparent-header-meta":"default","adv-header-id-meta":"","stick-header-meta":"","header-above-stick-meta":"","header-main-stick-meta":"","header-below-stick-meta":"","astra-migrate-meta-layouts":"set","ast-page-background-enabled":"default","ast-page-background-meta":{"desktop":{"background-color":"var(--ast-global-color-4)","background-image":"","background-repeat":"repeat","background-position":"center center","background-size":"auto","background-attachment":"scroll","background-type":"","background-media":"","overlay-type":"","overlay-color":"","overlay-opacity":"","overlay-gradient":""},"tablet":{"background-color":"","background-image":"","background-repeat":"repeat","background-position":"center center","background-size":"auto","background-attachment":"scroll","background-type":"","background-media":"","overlay-type":"","overlay-color":"","overlay-opacity":"","overlay-gradient":""},"mobile":{"background-color":"","background-image":"","background-repeat":"repeat","background-position":"center center","background-size":"auto","background-attachment":"scroll","background-type":"","background-media":"","overlay-type":"","overlay-color":"","overlay-opacity":"","overlay-gradient":""}},"ast-content-background-meta":{"desktop":{"background-color":"var(--ast-global-color-5)","background-image":"","background-repeat":"repeat","background-position":"center center","background-size":"auto","background-attachment":"scroll","background-type":"","background-media":"","overlay-type":"","overlay-color":"","overlay-opacity":"","overlay-gradient":""},"tablet":{"background-color":"var(--ast-global-color-5)","background-image":"","background-repeat":"repeat","background-position":"center center","background-size":"auto","background-attachment":"scroll","background-type":"","background-media":"","overlay-type":"","overlay-color":"","overlay-opacity":"","overlay-gradient":""},"mobile":{"background-color":"var(--ast-global-color-5)","background-image":"","background-repeat":"repeat","background-position":"center center","background-size":"auto","background-attachment":"scroll","background-type":"","background-media":"","overlay-type":"","overlay-color":"","overlay-opacity":"","overlay-gradient":""}},"footnotes":""},"class_list":["post-5888","page","type-page","status-publish","hentry"],"post_mailing_queue_ids":[],"_links":{"self":[{"href":"https:\/\/agora.xtec.cat\/ceippallach-figueres\/wp-json\/wp\/v2\/pages\/5888","targetHints":{"allow":["GET"]}}],"collection":[{"href":"https:\/\/agora.xtec.cat\/ceippallach-figueres\/wp-json\/wp\/v2\/pages"}],"about":[{"href":"https:\/\/agora.xtec.cat\/ceippallach-figueres\/wp-json\/wp\/v2\/types\/page"}],"author":[{"embeddable":true,"href":"https:\/\/agora.xtec.cat\/ceippallach-figueres\/wp-json\/wp\/v2\/users\/1"}],"replies":[{"embeddable":true,"href":"https:\/\/agora.xtec.cat\/ceippallach-figueres\/wp-json\/wp\/v2\/comments?post=5888"}],"version-history":[{"count":3,"href":"https:\/\/agora.xtec.cat\/ceippallach-figueres\/wp-json\/wp\/v2\/pages\/5888\/revisions"}],"predecessor-version":[{"id":5904,"href":"https:\/\/agora.xtec.cat\/ceippallach-figueres\/wp-json\/wp\/v2\/pages\/5888\/revisions\/5904"}],"wp:attachment":[{"href":"https:\/\/agora.xtec.cat\/ceippallach-figueres\/wp-json\/wp\/v2\/media?parent=5888"}],"curies":[{"name":"wp","href":"https:\/\/api.w.org\/{rel}","templated":true}]}}