{"id":24,"date":"2014-09-18T12:23:15","date_gmt":"2014-09-18T11:23:15","guid":{"rendered":"http:\/\/agora.xtec.cat\/ceippallach-figueres\/?page_id=24"},"modified":"2025-07-15T13:16:27","modified_gmt":"2025-07-15T11:16:27","slug":"on-som","status":"publish","type":"page","link":"https:\/\/agora.xtec.cat\/ceippallach-figueres\/lescola\/on-som\/","title":{"rendered":"On som"},"content":{"rendered":"<p><iframe loading=\"lazy\" style=\"border: 0px none;\" src=\"https:\/\/www.google.com\/maps\/embed?pb=!1m14!1m8!1m3!1d5905.009653018574!2d2.964968!3d42.267746!3m2!1i1024!2i768!4f13.1!3m3!1m2!1s0x0%3A0x0!2zNDLCsDE2JzA0LjAiTiAywrA1Nyc1Ni4wIkU!5e0!3m2!1sca!2sus!4v1457349817620\" width=\"600\" height=\"450\" frameborder=\"0\" allowfullscreen=\"allowfullscreen\"><\/iframe><\/p>\n<p style=\"color: #666666;\"><span style=\"color: #000000;\"><strong>Escola Josep Pallach<\/strong><\/span><br \/>\n<span style=\"color: #000000;\"> Carrer Fossos, 1<\/span><br \/>\n<span style=\"color: #000000;\"> 17600 Figueres<\/span><\/p>\n<p><span style=\"color: #000000;\">Tel. 972 50 96 53<\/span><br \/>\n<span style=\"color: #000000;\"> b7004891@xtec.cat<\/span><\/p>\n<p><span style=\"color: #000000;\">L&#8217;escola Josep Pallach est\u00e0 situada al centre de Figueres, al n\u00famero 1 del carrer Fossos. Forma una illa envoltada, a m\u00e9s del carrer Fossos, pels carrers Pella i Forgas, la Cal\u00e7ada dels Monjos i les places Josep Tarradellas i de l&#8217; Escorxador.<\/span><\/p>\n<p><span style=\"color: #000000;\"><strong>La ciutat de Figueres<\/strong><\/span><br \/>\n<span style=\"color: #000000;\"> Figueres \u00e9s la capital de l&#8217;Alt Empord\u00e0, t\u00e9 uns 50.000 <a style=\"color: #000000;\" href=\"http:\/\/agora.xtec.cat\/ceippallach-figueres\/wp-content\/uploads\/usu654\/2016\/03\/figueres.jpg\"><img loading=\"lazy\" decoding=\"async\" class=\" wp-image-456 alignright\" src=\"http:\/\/agora.xtec.cat\/ceippallach-figueres\/wp-content\/uploads\/usu654\/2016\/03\/figueres.jpg\" alt=\"Figueres\" width=\"197\" height=\"148\" srcset=\"https:\/\/agora.xtec.cat\/ceippallach-figueres\/wp-content\/uploads\/usu654\/2016\/03\/figueres.jpg 800w, https:\/\/agora.xtec.cat\/ceippallach-figueres\/wp-content\/uploads\/usu654\/2016\/03\/figueres-300x225.jpg 300w, https:\/\/agora.xtec.cat\/ceippallach-figueres\/wp-content\/uploads\/usu654\/2016\/03\/figueres-200x150.jpg 200w\" sizes=\"auto, (max-width: 197px) 100vw, 197px\" \/><\/a>habitants i una superf\u00edcie de 19,38 km\u00b2 . El comer\u00e7 i els serveis s\u00f3n la seva principal base econ\u00f2mica, i \u00e9s punt d&#8217;atracci\u00f3 tur\u00edstica mundial gr\u00e0cies al Teatre Museu Dal\u00ed.<\/span><br \/>\n<span style=\"color: #000000;\"> Altres llocs representatius de la ciutat s\u00f3n el Museu del Joguet de Catalunya, el Museu de l&#8217;Empord\u00e0, la Rambla, el Teatre Jard\u00ed, el Castell de Sant Ferran, l&#8217;Esgl\u00e9sia de Sant Pere, el Parc Bosc i tot el seu centre comercial que fa de Figueres una ciutat plena de vida.<\/span><br \/>\n<span style=\"color: #000000;\"> Podeu trobar m\u00e9s informaci\u00f3 sobre la ciutat a la<\/span> <a href=\"https:\/\/ca.wikipedia.org\/wiki\/Figueres\" target=\"_blank\" rel=\"noopener noreferrer\">Viquip\u00e8dia<\/a> o al <a href=\"http:\/\/figueres.cat\/\" target=\"_blank\" rel=\"noopener noreferrer\">web de l&#8217;Ajuntament<\/a>.<\/p>\n","protected":false},"excerpt":{"rendered":"<p>Escola Josep Pallach Carrer Fossos, 1 17600 Figueres Tel. 972 50 96 53 b7004891@xtec.cat L&#8217;escola Josep Pallach est\u00e0 situada al centre de Figueres, al n\u00famero 1 del carrer Fossos. Forma una illa envoltada, a m\u00e9s del carrer Fossos, pels carrers Pella i Forgas, la Cal\u00e7ada dels Monjos i les places Josep Tarradellas i de l&#8217; [&hellip;]<\/p>\n","protected":false},"author":1,"featured_media":0,"parent":22,"menu_order":10,"comment_status":"closed","ping_status":"closed","template":"","meta":{"_bbp_topic_count":0,"_bbp_reply_count":0,"_bbp_total_topic_count":0,"_bbp_total_reply_count":0,"_bbp_voice_count":0,"_bbp_anonymous_reply_count":0,"_bbp_topic_count_hidden":0,"_bbp_reply_count_hidden":0,"_bbp_forum_subforum_count":0,"site-sidebar-layout":"default","site-content-layout":"","ast-site-content-layout":"default","site-content-style":"default","site-sidebar-style":"default","ast-global-header-display":"","ast-banner-title-visibility":"","ast-main-header-display":"","ast-hfb-above-header-display":"","ast-hfb-below-header-display":"","ast-hfb-mobile-header-display":"","site-post-title":"","ast-breadcrumbs-content":"","ast-featured-img":"","footer-sml-layout":"","theme-transparent-header-meta":"default","adv-header-id-meta":"","stick-header-meta":"","header-above-stick-meta":"","header-main-stick-meta":"","header-below-stick-meta":"","astra-migrate-meta-layouts":"set","ast-page-background-enabled":"default","ast-page-background-meta":{"desktop":{"background-color":"var(--ast-global-color-4)","background-image":"","background-repeat":"repeat","background-position":"center center","background-size":"auto","background-attachment":"scroll","background-type":"","background-media":"","overlay-type":"","overlay-color":"","overlay-opacity":"","overlay-gradient":""},"tablet":{"background-color":"","background-image":"","background-repeat":"repeat","background-position":"center center","background-size":"auto","background-attachment":"scroll","background-type":"","background-media":"","overlay-type":"","overlay-color":"","overlay-opacity":"","overlay-gradient":""},"mobile":{"background-color":"","background-image":"","background-repeat":"repeat","background-position":"center center","background-size":"auto","background-attachment":"scroll","background-type":"","background-media":"","overlay-type":"","overlay-color":"","overlay-opacity":"","overlay-gradient":""}},"ast-content-background-meta":{"desktop":{"background-color":"var(--ast-global-color-5)","background-image":"","background-repeat":"repeat","background-position":"center center","background-size":"auto","background-attachment":"scroll","background-type":"","background-media":"","overlay-type":"","overlay-color":"","overlay-opacity":"","overlay-gradient":""},"tablet":{"background-color":"var(--ast-global-color-5)","background-image":"","background-repeat":"repeat","background-position":"center center","background-size":"auto","background-attachment":"scroll","background-type":"","background-media":"","overlay-type":"","overlay-color":"","overlay-opacity":"","overlay-gradient":""},"mobile":{"background-color":"var(--ast-global-color-5)","background-image":"","background-repeat":"repeat","background-position":"center center","background-size":"auto","background-attachment":"scroll","background-type":"","background-media":"","overlay-type":"","overlay-color":"","overlay-opacity":"","overlay-gradient":""}},"footnotes":""},"class_list":["post-24","page","type-page","status-publish","hentry"],"post_mailing_queue_ids":[],"_links":{"self":[{"href":"https:\/\/agora.xtec.cat\/ceippallach-figueres\/wp-json\/wp\/v2\/pages\/24","targetHints":{"allow":["GET"]}}],"collection":[{"href":"https:\/\/agora.xtec.cat\/ceippallach-figueres\/wp-json\/wp\/v2\/pages"}],"about":[{"href":"https:\/\/agora.xtec.cat\/ceippallach-figueres\/wp-json\/wp\/v2\/types\/page"}],"author":[{"embeddable":true,"href":"https:\/\/agora.xtec.cat\/ceippallach-figueres\/wp-json\/wp\/v2\/users\/1"}],"replies":[{"embeddable":true,"href":"https:\/\/agora.xtec.cat\/ceippallach-figueres\/wp-json\/wp\/v2\/comments?post=24"}],"version-history":[{"count":5,"href":"https:\/\/agora.xtec.cat\/ceippallach-figueres\/wp-json\/wp\/v2\/pages\/24\/revisions"}],"predecessor-version":[{"id":5861,"href":"https:\/\/agora.xtec.cat\/ceippallach-figueres\/wp-json\/wp\/v2\/pages\/24\/revisions\/5861"}],"up":[{"embeddable":true,"href":"https:\/\/agora.xtec.cat\/ceippallach-figueres\/wp-json\/wp\/v2\/pages\/22"}],"wp:attachment":[{"href":"https:\/\/agora.xtec.cat\/ceippallach-figueres\/wp-json\/wp\/v2\/media?parent=24"}],"curies":[{"name":"wp","href":"https:\/\/api.w.org\/{rel}","templated":true}]}}