{"id":838,"date":"2018-04-20T15:24:04","date_gmt":"2018-04-20T13:24:04","guid":{"rendered":"http:\/\/agora.xtec.cat\/ceiporlandai\/?page_id=838"},"modified":"2018-06-27T18:57:48","modified_gmt":"2018-06-27T16:57:48","slug":"antecedents","status":"publish","type":"page","link":"https:\/\/agora.xtec.cat\/ceiporlandai\/lescola\/antecedents\/","title":{"rendered":"Antecedents de l&#8217;escola"},"content":{"rendered":"<p>L&#8217;escola, va ser fundada l&#8217;any 1956 amb el nom de Talitha. Des dels seus inicis, juntament amb altres escoles d&#8217;orientaci\u00f3 similar, va impulsar la renovaci\u00f3 pedag\u00f2gica de Catalunya i va marcar una manera d&#8217;educar vinculada a l&#8217;entorn i al pa\u00eds.<\/p>\n<p>L&#8217;any 1974 va adoptar el nom d&#8217;Orlandai, i va formar part del moviment per una nova escola p\u00fablica democr\u00e0tica. Aix\u00ed, l&#8217;any 1988, amb les altres escoles del CEPEPC (Col.lectiu d&#8217;Escoles per l&#8217;Escola P\u00fablica a Catalunya), va incorporar-se a la xarxa escolar p\u00fablica de la Generalitat.<\/p>\n<p>El curs 2003-04 ens v\u00e0rem traslladar al nou edifici del c\/ Dom\u00ednguez i Miralles,1 \/ Avinguda J.V.Foix.<\/p>\n<p>I l&#8217;antiga escola del carrer Jaume Piquet ha esdevingut la &#8220;Casa Orlandai&#8221;, un equipament p\u00fablic per al barri, amb qui col\u00b7laborem en moltes activitats.<\/p>\n<p><a href=\"http:\/\/agora.xtec.cat\/ceiporlandai\/wp-content\/uploads\/usu1785\/2018\/04\/dibuix_bohera.jpg\"><img loading=\"lazy\" decoding=\"async\" class=\"size-full wp-image-856 aligncenter\" src=\"http:\/\/agora.xtec.cat\/ceiporlandai\/wp-content\/uploads\/usu1785\/2018\/04\/dibuix_bohera.jpg\" alt=\"\" width=\"475\" height=\"354\" srcset=\"https:\/\/agora.xtec.cat\/ceiporlandai\/wp-content\/uploads\/usu1785\/2018\/04\/dibuix_bohera.jpg 475w, https:\/\/agora.xtec.cat\/ceiporlandai\/wp-content\/uploads\/usu1785\/2018\/04\/dibuix_bohera-300x224.jpg 300w, https:\/\/agora.xtec.cat\/ceiporlandai\/wp-content\/uploads\/usu1785\/2018\/04\/dibuix_bohera-200x150.jpg 200w\" sizes=\"auto, (max-width: 475px) 100vw, 475px\" \/><\/a><\/p>\n","protected":false},"excerpt":{"rendered":"<p>L&#8217;escola, va ser fundada l&#8217;any 1956 amb el nom de Talitha. Des dels seus inicis, juntament amb altres escoles d&#8217;orientaci\u00f3 similar, va impulsar la renovaci\u00f3 pedag\u00f2gica de Catalunya i va marcar una manera d&#8217;educar vinculada a l&#8217;entorn i al pa\u00eds.<br \/>\nL&#8217;any 1974 va adoptar el nom&hellip;  <a href=\"https:\/\/agora.xtec.cat\/ceiporlandai\/lescola\/antecedents\/\" title=\"Read Antecedents de l&#8217;escola\">Llegeix m\u00e9s\u00bb<\/a><\/p>\n","protected":false},"author":1,"featured_media":0,"parent":963,"menu_order":40,"comment_status":"closed","ping_status":"closed","template":"page-templates\/side-menu.php","meta":{"_bbp_topic_count":0,"_bbp_reply_count":0,"_bbp_total_topic_count":0,"_bbp_total_reply_count":0,"_bbp_voice_count":0,"_bbp_anonymous_reply_count":0,"_bbp_topic_count_hidden":0,"_bbp_reply_count_hidden":0,"_bbp_forum_subforum_count":0,"footnotes":""},"class_list":["post-838","page","type-page","status-publish","hentry"],"post_mailing_queue_ids":[],"_links":{"self":[{"href":"https:\/\/agora.xtec.cat\/ceiporlandai\/wp-json\/wp\/v2\/pages\/838","targetHints":{"allow":["GET"]}}],"collection":[{"href":"https:\/\/agora.xtec.cat\/ceiporlandai\/wp-json\/wp\/v2\/pages"}],"about":[{"href":"https:\/\/agora.xtec.cat\/ceiporlandai\/wp-json\/wp\/v2\/types\/page"}],"author":[{"embeddable":true,"href":"https:\/\/agora.xtec.cat\/ceiporlandai\/wp-json\/wp\/v2\/users\/1"}],"replies":[{"embeddable":true,"href":"https:\/\/agora.xtec.cat\/ceiporlandai\/wp-json\/wp\/v2\/comments?post=838"}],"version-history":[{"count":2,"href":"https:\/\/agora.xtec.cat\/ceiporlandai\/wp-json\/wp\/v2\/pages\/838\/revisions"}],"predecessor-version":[{"id":857,"href":"https:\/\/agora.xtec.cat\/ceiporlandai\/wp-json\/wp\/v2\/pages\/838\/revisions\/857"}],"up":[{"embeddable":true,"href":"https:\/\/agora.xtec.cat\/ceiporlandai\/wp-json\/wp\/v2\/pages\/963"}],"wp:attachment":[{"href":"https:\/\/agora.xtec.cat\/ceiporlandai\/wp-json\/wp\/v2\/media?parent=838"}],"curies":[{"name":"wp","href":"https:\/\/api.w.org\/{rel}","templated":true}]}}