{"id":77,"date":"2014-09-18T14:05:08","date_gmt":"2014-09-18T13:05:08","guid":{"rendered":"http:\/\/agora.xtec.cat\/ceiporlandai\/?page_id=77"},"modified":"2022-05-25T15:42:11","modified_gmt":"2022-05-25T13:42:11","slug":"acollida","status":"publish","type":"page","link":"https:\/\/agora.xtec.cat\/ceiporlandai\/serveis\/acollida\/","title":{"rendered":"Acollida del mat\u00ed"},"content":{"rendered":"<p>L&#8217;escola disposa d&#8217;un servei d&#8217;acollida des de les 8:30h fins a les 9h. No \u00e9s necessari avisar amb antelaci\u00f3 per fer-ne \u00fas.<\/p>\n<p><strong>Com funciona?<\/strong><\/p>\n<p>L&#8217;escola obre portes, cada dia, a les 8:30h. Els i les monitores i monitors responsables de l&#8217;acollida del mat\u00ed, reben l&#8217;alumnat a diferents espais del pati fins a les 9h.<\/p>\n","protected":false},"excerpt":{"rendered":"<p>L&#8217;escola disposa d&#8217;un servei d&#8217;acollida des de les 8:30h fins a les 9h. No \u00e9s necessari avisar amb antelaci\u00f3 per fer-ne \u00fas.<br \/>\nCom funciona?<br \/>\nL&#8217;escola obre portes, cada dia, a les 8:30h. Els i les monitores i monitors responsables de l&#8217;acollida del mat\u00ed, reben l&#8217;alumnat a diferents&hellip;  <a href=\"https:\/\/agora.xtec.cat\/ceiporlandai\/serveis\/acollida\/\" title=\"Read Acollida del mat\u00ed\">Llegeix m\u00e9s\u00bb<\/a><\/p>\n","protected":false},"author":1,"featured_media":0,"parent":66,"menu_order":20,"comment_status":"closed","ping_status":"closed","template":"page-templates\/side-menu.php","meta":{"_bbp_topic_count":0,"_bbp_reply_count":0,"_bbp_total_topic_count":0,"_bbp_total_reply_count":0,"_bbp_voice_count":0,"_bbp_anonymous_reply_count":0,"_bbp_topic_count_hidden":0,"_bbp_reply_count_hidden":0,"_bbp_forum_subforum_count":0,"footnotes":""},"class_list":["post-77","page","type-page","status-publish","hentry"],"post_mailing_queue_ids":[],"_links":{"self":[{"href":"https:\/\/agora.xtec.cat\/ceiporlandai\/wp-json\/wp\/v2\/pages\/77","targetHints":{"allow":["GET"]}}],"collection":[{"href":"https:\/\/agora.xtec.cat\/ceiporlandai\/wp-json\/wp\/v2\/pages"}],"about":[{"href":"https:\/\/agora.xtec.cat\/ceiporlandai\/wp-json\/wp\/v2\/types\/page"}],"author":[{"embeddable":true,"href":"https:\/\/agora.xtec.cat\/ceiporlandai\/wp-json\/wp\/v2\/users\/1"}],"replies":[{"embeddable":true,"href":"https:\/\/agora.xtec.cat\/ceiporlandai\/wp-json\/wp\/v2\/comments?post=77"}],"version-history":[{"count":3,"href":"https:\/\/agora.xtec.cat\/ceiporlandai\/wp-json\/wp\/v2\/pages\/77\/revisions"}],"predecessor-version":[{"id":4810,"href":"https:\/\/agora.xtec.cat\/ceiporlandai\/wp-json\/wp\/v2\/pages\/77\/revisions\/4810"}],"up":[{"embeddable":true,"href":"https:\/\/agora.xtec.cat\/ceiporlandai\/wp-json\/wp\/v2\/pages\/66"}],"wp:attachment":[{"href":"https:\/\/agora.xtec.cat\/ceiporlandai\/wp-json\/wp\/v2\/media?parent=77"}],"curies":[{"name":"wp","href":"https:\/\/api.w.org\/{rel}","templated":true}]}}