{"id":73,"date":"2014-09-18T14:01:51","date_gmt":"2014-09-18T13:01:51","guid":{"rendered":"http:\/\/agora.xtec.cat\/ceiporlandai\/?page_id=73"},"modified":"2026-03-24T12:19:01","modified_gmt":"2026-03-24T11:19:01","slug":"menjador-escolar","status":"publish","type":"page","link":"https:\/\/agora.xtec.cat\/ceiporlandai\/serveis\/menjador-escolar\/","title":{"rendered":"Temps del migdia i lleure"},"content":{"rendered":"<p>L&#8217;escola gaudeix de cuina pr\u00f2pia i un equip de monitors i monitores que vetllen per a l&#8217;aprenentatge dels h\u00e0bits en l&#8217;alimentaci\u00f3 i l&#8217;estona del lleure. Formem part de la xarxa d&#8217;Escoles + Sostenibles i vivim en sostenibilitat. Tenim espai d&#8217;hort, plantem aliments de temporada i ens els mengem a l&#8217;escola.<\/p>\n<p><strong>Esmorzar (en horari lectiu)<\/strong><br \/>\nTots els infants de l&#8217;escola, d&#8217;i3 a 6\u00e8, porten l\u2019esmorzar de casa i esmorzen amb les mestres. Proposem que l\u2019esmorzar sigui saludable: entrep\u00e0, fruits secs, cereals, fruita fresca&#8230; Per beure, bevem aigua de la font. Els embolcalls de l&#8217;esmorzar han de ser biodegradables o utilitzar embolcalls reutilitzables.<\/p>\n<p><strong>Temps de migdia (13h a 15h)<br \/>\n<\/strong>Per dinar, cada mes s&#8217;elaboren\u00a0 men\u00fas diferents, variats i equilibrats, basats en la <a href=\"https:\/\/www.barcelona.cat\/alimentaciosostenible\/ca\/programes-i-iniciatives\">guia de l&#8217;alimentaci\u00f3 saludable i sostenible de l&#8217;Ajuntament de Barcelona.<\/a> Es tenen en compte les al\u00b7l\u00e8rgies, intoler\u00e0ncies, etc. i es dissenyen men\u00fa basal \/ sense ou \/ sense fruits secs \/ sense gluten \/ sense lactosa \/ etc. Podeu descarregar el men\u00fa d&#8217;aquest mes en el seg\u00fcent enlla\u00e7: <a href=\"http:\/\/agora.xtec.cat\/ceiporlandai\/docs\/menu-orlandai\/\">MEN\u00da<\/a><\/p>\n<p>L&#8217;estona de migdia es dina i es juga. Els infants d&#8217;i3 dinen i fan la migdiada.<\/p>\n<p><strong>Berenar (en horari d&#8217;acollida de tarda, de 16h a 16,30h)<\/strong><br \/>\nL&#8217;alumnat<strong> d&#8217;Infantil i fins a 2n<\/strong> de Prim\u00e0ria berena a l&#8217;escola i porta el berenar de casa. Igual que amb els esmorzars, es procuren berenars saludables i embolcalls sostenibles. Per beure, bevem aigua de la font. Aquesta estona berenen i quan han acabat juguen.<\/p>\n<p><strong>De 3r a 6\u00e8<\/strong> de Prim\u00e0ria, durant aquesta estona s&#8217;organitzen jocs de taula, escacs amb l&#8217;ECADE, jocs organitzats al pati, estones de lectura i de pel\u00b7l\u00edcula en angl\u00e8s. Berenen a la sortida d&#8217;escola.<\/p>\n","protected":false},"excerpt":{"rendered":"<p>L&#8217;escola gaudeix de cuina pr\u00f2pia i un equip de monitors i monitores que vetllen per a l&#8217;aprenentatge dels h\u00e0bits en l&#8217;alimentaci\u00f3 i l&#8217;estona del lleure. Formem part de la xarxa d&#8217;Escoles + Sostenibles i vivim en sostenibilitat. Tenim espai d&#8217;hort, plantem aliments de temporada i&hellip;  <a href=\"https:\/\/agora.xtec.cat\/ceiporlandai\/serveis\/menjador-escolar\/\" title=\"Read Temps del migdia i lleure\">Llegeix m\u00e9s\u00bb<\/a><\/p>\n","protected":false},"author":1,"featured_media":0,"parent":66,"menu_order":30,"comment_status":"closed","ping_status":"closed","template":"page-templates\/side-menu.php","meta":{"_bbp_topic_count":0,"_bbp_reply_count":0,"_bbp_total_topic_count":0,"_bbp_total_reply_count":0,"_bbp_voice_count":0,"_bbp_anonymous_reply_count":0,"_bbp_topic_count_hidden":0,"_bbp_reply_count_hidden":0,"_bbp_forum_subforum_count":0,"footnotes":""},"class_list":["post-73","page","type-page","status-publish","hentry"],"post_mailing_queue_ids":[],"_links":{"self":[{"href":"https:\/\/agora.xtec.cat\/ceiporlandai\/wp-json\/wp\/v2\/pages\/73","targetHints":{"allow":["GET"]}}],"collection":[{"href":"https:\/\/agora.xtec.cat\/ceiporlandai\/wp-json\/wp\/v2\/pages"}],"about":[{"href":"https:\/\/agora.xtec.cat\/ceiporlandai\/wp-json\/wp\/v2\/types\/page"}],"author":[{"embeddable":true,"href":"https:\/\/agora.xtec.cat\/ceiporlandai\/wp-json\/wp\/v2\/users\/1"}],"replies":[{"embeddable":true,"href":"https:\/\/agora.xtec.cat\/ceiporlandai\/wp-json\/wp\/v2\/comments?post=73"}],"version-history":[{"count":8,"href":"https:\/\/agora.xtec.cat\/ceiporlandai\/wp-json\/wp\/v2\/pages\/73\/revisions"}],"predecessor-version":[{"id":5887,"href":"https:\/\/agora.xtec.cat\/ceiporlandai\/wp-json\/wp\/v2\/pages\/73\/revisions\/5887"}],"up":[{"embeddable":true,"href":"https:\/\/agora.xtec.cat\/ceiporlandai\/wp-json\/wp\/v2\/pages\/66"}],"wp:attachment":[{"href":"https:\/\/agora.xtec.cat\/ceiporlandai\/wp-json\/wp\/v2\/media?parent=73"}],"curies":[{"name":"wp","href":"https:\/\/api.w.org\/{rel}","templated":true}]}}