{"id":618,"date":"2018-02-11T15:34:30","date_gmt":"2018-02-11T14:34:30","guid":{"rendered":"http:\/\/agora.xtec.cat\/ceiporlandai\/?page_id=618"},"modified":"2025-07-10T13:00:33","modified_gmt":"2025-07-10T11:00:33","slug":"comissio-teatre","status":"publish","type":"page","link":"https:\/\/agora.xtec.cat\/ceiporlandai\/afa\/afa-comissions\/comissio-teatre\/","title":{"rendered":"Comissi\u00f3 de Teatre"},"content":{"rendered":"<p><strong>Qu\u00e8 fem?<\/strong><\/p>\n<ul>\n<li>Ens coordinem amb la companyia La Carraca, que s&#8217;ocupa d&#8217;aquest espai extraescolar.<\/li>\n<li>Fem les preinscripcions i organitzem els grups, juntament amb la companyia, a principi de curs i en fem seguiment al llarg del curs.<\/li>\n<li>Ajudem a muntar la Mostra de teatre de final de curs<\/li>\n<\/ul>\n<p><strong>Qu\u00e8 volem fer?<\/strong><\/p>\n<ul>\n<li>Actualitzar l\u2019espai de teatre de la web i anar-lo mantenint.<\/li>\n<li>Millorar l\u2019enregistrament de la Mostra de Teatre.<\/li>\n<li>Ajudar a muntar la Mostra de final de curs (so, clima, espai dies<br \/>\nprevis a l\u2019assaig).<\/li>\n<li>Seguiment de l\u2019avaluaci\u00f3 de l\u2019activitat per part de fam\u00edlies.<\/li>\n<\/ul>\n<p><strong>Qu\u00e8 necessitem?<\/strong><\/p>\n<ul>\n<li>Que us apunteu a la comissi\u00f3 si teniu ganes de contribuir a fer forta l\u2019activitat extraescolar de teatre.<\/li>\n<\/ul>\n<p><strong>Formem part de la comissi\u00f3<\/strong>: Mireia A (mare de Guepards), Maria Molins (exmare), Gl\u00f2ria M (mare de Taurons i Espurnes), Merc\u00e8 E (mare de Marmotes), M\u00edriam Tirado, Merc\u00e8 Carrilero (coordinadora de lleure a l&#8217;escola) i M\u00f2nica G\u00f3mez\u00a0 (coordinadora de La Carraca).<\/p>\n<p>Contacte: <a href=\"mailto:teatre@orlandai.org\">teatre@orlandai.org<\/a><\/p>\n<hr \/>\n<p>Tornar a\u00a0<a href=\"http:\/\/agora.xtec.cat\/ceiporlandai\/afa\/afa-comissions\/\">Comissions<\/a><\/p>\n","protected":false},"excerpt":{"rendered":"<p>Qu\u00e8 fem?<\/p>\n<ul>\n<li>Ens coordinem amb la companyia La Carraca, que s&#8217;ocupa d&#8217;aquest espai extraescolar.<\/li>\n<li>Fem les preinscripcions i organitzem els grups, juntament amb la companyia, a principi de curs i en fem seguiment al llarg del curs.<\/li>\n<li>Ajudem a muntar la Mostra de teatre de final de curs<\/li>\n<\/ul>\n<p>Qu\u00e8&hellip;  <a href=\"https:\/\/agora.xtec.cat\/ceiporlandai\/afa\/afa-comissions\/comissio-teatre\/\" title=\"Read Comissi\u00f3 de Teatre\">Llegeix m\u00e9s\u00bb<\/a><\/p>\n","protected":false},"author":5,"featured_media":0,"parent":600,"menu_order":90,"comment_status":"closed","ping_status":"closed","template":"","meta":{"_bbp_topic_count":0,"_bbp_reply_count":0,"_bbp_total_topic_count":0,"_bbp_total_reply_count":0,"_bbp_voice_count":0,"_bbp_anonymous_reply_count":0,"_bbp_topic_count_hidden":0,"_bbp_reply_count_hidden":0,"_bbp_forum_subforum_count":0,"footnotes":""},"class_list":["post-618","page","type-page","status-publish","hentry"],"post_mailing_queue_ids":[],"_links":{"self":[{"href":"https:\/\/agora.xtec.cat\/ceiporlandai\/wp-json\/wp\/v2\/pages\/618","targetHints":{"allow":["GET"]}}],"collection":[{"href":"https:\/\/agora.xtec.cat\/ceiporlandai\/wp-json\/wp\/v2\/pages"}],"about":[{"href":"https:\/\/agora.xtec.cat\/ceiporlandai\/wp-json\/wp\/v2\/types\/page"}],"author":[{"embeddable":true,"href":"https:\/\/agora.xtec.cat\/ceiporlandai\/wp-json\/wp\/v2\/users\/5"}],"replies":[{"embeddable":true,"href":"https:\/\/agora.xtec.cat\/ceiporlandai\/wp-json\/wp\/v2\/comments?post=618"}],"version-history":[{"count":5,"href":"https:\/\/agora.xtec.cat\/ceiporlandai\/wp-json\/wp\/v2\/pages\/618\/revisions"}],"predecessor-version":[{"id":5826,"href":"https:\/\/agora.xtec.cat\/ceiporlandai\/wp-json\/wp\/v2\/pages\/618\/revisions\/5826"}],"up":[{"embeddable":true,"href":"https:\/\/agora.xtec.cat\/ceiporlandai\/wp-json\/wp\/v2\/pages\/600"}],"wp:attachment":[{"href":"https:\/\/agora.xtec.cat\/ceiporlandai\/wp-json\/wp\/v2\/media?parent=618"}],"curies":[{"name":"wp","href":"https:\/\/api.w.org\/{rel}","templated":true}]}}