{"id":606,"date":"2018-02-11T15:29:31","date_gmt":"2018-02-11T14:29:31","guid":{"rendered":"http:\/\/agora.xtec.cat\/ceiporlandai\/?page_id=606"},"modified":"2025-07-10T12:44:07","modified_gmt":"2025-07-10T10:44:07","slug":"comissio-cami-escolar","status":"publish","type":"page","link":"https:\/\/agora.xtec.cat\/ceiporlandai\/afa\/afa-comissions\/comissio-cami-escolar\/","title":{"rendered":"Comissi\u00f3 Cam\u00ed i Entorn Escolar"},"content":{"rendered":"<p><strong>Objectiu<\/strong><\/p>\n<p>Fomentar una major autonomia dels infants per a anar\/tornar a l\u2019escola i fomentar h\u00e0bits de mobilitat m\u00e9s segura i sostenible. Fer accions i propostes per a millorar l\u2019acc\u00e9s dels alumnes i les seves fam\u00edlies a l\u2019Escola i al barri. Fomentar una major sensibilitat de la comunitat i millores en la mobilitat i l\u2019entorn tant a les entrades com a les sortides de l\u2019Escola. Enverdir els camins i entorns escolars per fer-los m\u00e9s saludables, amb m\u00e9s natura i m\u00e9s biodiversitat.<\/p>\n<p><strong>Qu\u00e8 fem<\/strong><\/p>\n<p>Analitzar la situaci\u00f3 del Cam\u00ed Escolar i de les propostes fetes en cursos anteriors. Enquesta sobre el cam\u00ed escolar a totes les classes de l\u2019Orlandai, i d\u2019altres informes per a realitzar una nova \u201caranya\u201d dels camins per a arribar a l\u2019escola. Es van detectar difer\u00e8ncies amb els an\u00e0lisis anteriors, mirar com la variabilitat dels camins, la sortida\/entrada del col\u00b7legi, les extra-escolars, etc, per veure com afecta i com es poden fer m\u00e9s segurs i sostenibles.<\/p>\n<p>Coordinar accions, prioritats i recomanacions amb Escola Orlandai, Districte, Ajuntament, i Cam\u00ed Escolar per fomentar varies accions relacionades amb el Cam\u00ed escolar+verd per avan\u00e7ar algunes de les preocupacions o solucions en una mobilitat m\u00e9s sostenible (i.e. Gual de la vorera al cant\u00f3 de la Creu Blanca, millorar la il\u00b7luminaci\u00f3 adequada a la sortida extra-escolars escola, punts perillosos a l\u2019acc\u00e9s per Padr\u00f3 de la Creu, millorar els aparcaments per a bicicletes i patinets, enverdir el cam\u00ed i l\u2019entrada escolar, etc).<\/p>\n<p>Donar suport i participar en diferents accions populars per prioritzar els camins escolars verds com per exemple la Festa de la Primavera (organitzada per Som Natura, amb la participaci\u00f3 de Casa Orlandai i Espai Gardenyes, aquesta comissi\u00f3 i la Plataforma Sarri\u00e0 Respira.) per donar a con\u00e9ixer el cam\u00ed escolar verd entre en el tram de Jaume Piquet, Ivorra i Monterols.<\/p>\n<p>Un altre exemple d\u2019acci\u00f3 va ser el Parking Day (jornada mundial de reivindicaci\u00f3 de l\u2019espai p\u00fablic per les persones) , on es va enverdir l\u2019entrada principal amb la construcci\u00f3 d\u2019un jard\u00ed vertical a l\u2019escola per fer un entorn m\u00e9s saludable, amb m\u00e9s natura i m\u00e9s biodiversitat.<\/p>\n<p><img loading=\"lazy\" decoding=\"async\" class=\"aligncenter size-large wp-image-3899\" src=\"https:\/\/agora.xtec.cat\/ceiporlandai\/wp-content\/uploads\/usu1785\/2020\/11\/comissio_camiverd-1024x197.png\" alt=\"\" width=\"1024\" height=\"197\" srcset=\"https:\/\/agora.xtec.cat\/ceiporlandai\/wp-content\/uploads\/usu1785\/2020\/11\/comissio_camiverd-1024x197.png 1024w, https:\/\/agora.xtec.cat\/ceiporlandai\/wp-content\/uploads\/usu1785\/2020\/11\/comissio_camiverd-300x58.png 300w, https:\/\/agora.xtec.cat\/ceiporlandai\/wp-content\/uploads\/usu1785\/2020\/11\/comissio_camiverd-768x148.png 768w\" sizes=\"auto, (max-width: 1024px) 100vw, 1024px\" \/><\/p>\n<p>Finalment, a moltes accions s\u2019hi participa de forma coordinada amb les altres comissions, i entitats del barri. Adaptant-se a les necessitats i canvis on el Cam\u00ed Escolar+Verd pot intervenir, actuar o prioritzar. En aquest sentit, algunes accions que s\u2019han fet en aquesta l\u00ednia transversal serien un treball de descoberta de la natura als carrers (amb la classe de Camaleons), Campanya Maduixaire amb Ideas for Change i ISGlobal (amb les classes de Cocodrils i Volcans), Festa de la primavera (20 m\u00fasics de Can Ponsic, els gegants de l\u2019Escola, i fins a 150 participants), Proc\u00e9s de participaci\u00f3 &#8220;Enverdim els carrers&#8221; organitzat a la Casa Orlandai (amb participaci\u00f3 de 20 experts i activistes de l\u2019escola i el barri que van elaborar fins a 70 propostes).<\/p>\n<p><strong>Documents<\/strong><\/p>\n<p>Pots consultar tots els documents de la comissi\u00f3\u00a0<a href=\"https:\/\/agora.xtec.cat\/ceiporlandai\/docs\/comissio-cami-escolar-verd\/\">aqu\u00ed<\/a><\/p>\n<p><strong>Membres\u00a0de la Comissi\u00f3<\/strong><\/p>\n<p>Maria G. (mare de Diamants), Padma S. (mare de Gira-sol i Espurnes), Ariadna C. (mare de Marmotes i Guepards), David F. (pare de Diamants), Santi E. (pare de Diamants), Guillem A. (pare de Volcans i Espurnes), Ona S. (direcci\u00f3 de l&#8217;escola).<\/p>\n<p><strong>Contacte<\/strong><\/p>\n<p>Per a m\u00e9s informaci\u00f3 o\u00a0participar, pots contactar amb nosaltres a\u00a0<a href=\"mailto:camiescolar@orlandai.org\">camiescolar@orlandai.org<\/a><\/p>\n<hr \/>\n<p>Tornar a\u00a0<a href=\"http:\/\/agora.xtec.cat\/ceiporlandai\/afa\/afa-comissions\/\">Comissions<\/a><\/p>\n","protected":false},"excerpt":{"rendered":"<p>Objectiu<br \/>\nFomentar una major autonomia dels infants per a anar\/tornar a l\u2019escola i fomentar h\u00e0bits de mobilitat m\u00e9s segura i sostenible. Fer accions i propostes per a millorar l\u2019acc\u00e9s dels alumnes i les seves fam\u00edlies a l\u2019Escola i al barri. Fomentar una major sensibilitat de la&hellip;  <a href=\"https:\/\/agora.xtec.cat\/ceiporlandai\/afa\/afa-comissions\/comissio-cami-escolar\/\" title=\"Read Comissi\u00f3 Cam\u00ed i Entorn Escolar\">Llegeix m\u00e9s\u00bb<\/a><\/p>\n","protected":false},"author":5,"featured_media":0,"parent":600,"menu_order":15,"comment_status":"closed","ping_status":"closed","template":"","meta":{"_bbp_topic_count":0,"_bbp_reply_count":0,"_bbp_total_topic_count":0,"_bbp_total_reply_count":0,"_bbp_voice_count":0,"_bbp_anonymous_reply_count":0,"_bbp_topic_count_hidden":0,"_bbp_reply_count_hidden":0,"_bbp_forum_subforum_count":0,"footnotes":""},"class_list":["post-606","page","type-page","status-publish","hentry"],"post_mailing_queue_ids":[],"_links":{"self":[{"href":"https:\/\/agora.xtec.cat\/ceiporlandai\/wp-json\/wp\/v2\/pages\/606","targetHints":{"allow":["GET"]}}],"collection":[{"href":"https:\/\/agora.xtec.cat\/ceiporlandai\/wp-json\/wp\/v2\/pages"}],"about":[{"href":"https:\/\/agora.xtec.cat\/ceiporlandai\/wp-json\/wp\/v2\/types\/page"}],"author":[{"embeddable":true,"href":"https:\/\/agora.xtec.cat\/ceiporlandai\/wp-json\/wp\/v2\/users\/5"}],"replies":[{"embeddable":true,"href":"https:\/\/agora.xtec.cat\/ceiporlandai\/wp-json\/wp\/v2\/comments?post=606"}],"version-history":[{"count":6,"href":"https:\/\/agora.xtec.cat\/ceiporlandai\/wp-json\/wp\/v2\/pages\/606\/revisions"}],"predecessor-version":[{"id":5814,"href":"https:\/\/agora.xtec.cat\/ceiporlandai\/wp-json\/wp\/v2\/pages\/606\/revisions\/5814"}],"up":[{"embeddable":true,"href":"https:\/\/agora.xtec.cat\/ceiporlandai\/wp-json\/wp\/v2\/pages\/600"}],"wp:attachment":[{"href":"https:\/\/agora.xtec.cat\/ceiporlandai\/wp-json\/wp\/v2\/media?parent=606"}],"curies":[{"name":"wp","href":"https:\/\/api.w.org\/{rel}","templated":true}]}}