{"id":569,"date":"2018-02-10T16:01:02","date_gmt":"2018-02-10T15:01:02","guid":{"rendered":"http:\/\/agora.xtec.cat\/ceiporlandai\/?page_id=569"},"modified":"2022-01-26T15:36:21","modified_gmt":"2022-01-26T14:36:21","slug":"afa-funcionament","status":"publish","type":"page","link":"https:\/\/agora.xtec.cat\/ceiporlandai\/afa\/afa-funcionament\/","title":{"rendered":"Funcionament"},"content":{"rendered":"<p>L\u2019Associaci\u00f3 de Fam\u00edlies d&#8217;Alumnes (AFA) de l&#8217;Escola Orlandai est\u00e0 constitu\u00efda per totes les fam\u00edlies dels alumnes de l\u2019escola. Fa funcions de col\u00b7laboraci\u00f3 amb l\u2019escola, per tal de garantir la relaci\u00f3 de les fam\u00edlies entre elles i l\u2019escola. Organitza o finan\u00e7a un seguit d\u2019activitats que altrament no serien possibles (menjador, esport extraescolar, teatre extraescolar) o perqu\u00e8 aporta el finan\u00e7ament que el pressupost de l\u2019escola p\u00fablica (encara!) no pot cobrir (col\u00f2nies, sortides a Barcelona, certs tipus de material, etc..).<\/p>\n<p>Volem deixar clar que qualsevol de les fam\u00edlies del centre, quan ho vulgui, pot participar en qualsevol dels espais. \u00c9s desitjable que un o m\u00e9s familiars de cada una de les classes (tamb\u00e9 de P3) participi <span style=\"font-weight: 400;\">en les trobades que es fan al llarg del curs<\/span>. Aix\u00ed, el grup de familiars de cada classe pot tenir alg\u00fa proper a qui pot fer servir de portaveu de dubtes, incid\u00e8ncies o suggeriments que sorgeixin entre els familiars de la classe i, alhora, pot explicar-los de qu\u00e8 s\u2019ha parlat en l\u2019\u00faltima trobada. Va b\u00e9 que sigui m\u00e9s d\u2019una persona per classe per tal de poder fer torns, si cal, en l\u2019assist\u00e8ncia a les trobades.<\/p>\n<p>Els espais habituals de treball i de reuni\u00f3 s\u00f3n els seg\u00fcents:<\/p>\n<p><strong>Les trobades mensuals<\/strong>:<\/p>\n<p>Se celebren entre una i dues vegades al trimestre, normalment entre les 19h i 20h. Es fa a la Biblioteca de l&#8217;Escola. \u00c9s oberta a totes les fam\u00edlies i s\u2019intenta assegurar sempre la pres\u00e8ncia dels responsables de comissi\u00f3, les delegades i delegats i els c\u00e0rrecs de la Junta (presidenta, secret\u00e0ria, tresorer&#8230;).<\/p>\n<p><strong>L\u2019Assemblea Anual<\/strong>:<\/p>\n<p>Es convoca a totes les fam\u00edlies, s\u2019aprova l\u2019estat de comptes <span style=\"font-weight: 400;\">i es renoven els c\u00e0rrecs<\/span>. Es celebra normalment al mes de desembre o gener a la biblioteca de l\u2019Escola.<\/p>\n<p><strong>Les\u00a0Comissions<\/strong>:<\/p>\n<p>L\u2019AFA, per fer la seva tasca, s\u2019estructura en les\u00a0<a href=\"http:\/\/agora.xtec.cat\/ceiporlandai\/categoria\/afa\/comissions-afa\/\">comissions<\/a> mixtes que consisteixen en un grup de fam\u00edlies que es compromet a seguir, organitzar o ocupar-se de diferents temes, juntament amb l&#8217;escola. A la pr\u00e0ctica, si no gaudim de comissions no podem fer la feina. Per aix\u00f2, cada any fem una crida a les fam\u00edlies perqu\u00e8 s\u2019hi integrin. La feina de la comissi\u00f3 mixta no significa necess\u00e0riament assistir a reunions els vespres (que \u00e9s sempre una hora dif\u00edcil per a les fam\u00edlies amb criatures petites), sin\u00f3 coordinar-se amb els altres membres i responsabilitzar-se d\u2019una gesti\u00f3 o tasca (alguns exemples: fer trucades, ajudar a muntar &#8220;Els Encants&#8221;, ajudar a preparar festes, etc&#8230;). Nom\u00e9s cal que us poseu en contacte amb un dels responsables de <a href=\"http:\/\/agora.xtec.cat\/ceiporlandai\/categoria\/afa\/comissions-afa\/\">comissions<\/a>.<\/p>\n<p>&nbsp;<\/p>\n<p>&nbsp;<\/p>\n","protected":false},"excerpt":{"rendered":"<p>L\u2019Associaci\u00f3 de Fam\u00edlies d&#8217;Alumnes (AFA) de l&#8217;Escola Orlandai est\u00e0 constitu\u00efda per totes les fam\u00edlies dels alumnes de l\u2019escola. Fa funcions de col\u00b7laboraci\u00f3 amb l\u2019escola, per tal de garantir la relaci\u00f3 de les fam\u00edlies entre elles i l\u2019escola. Organitza o finan\u00e7a un seguit d\u2019activitats que altrament&hellip;  <a href=\"https:\/\/agora.xtec.cat\/ceiporlandai\/afa\/afa-funcionament\/\" title=\"Read Funcionament\">Llegeix m\u00e9s\u00bb<\/a><\/p>\n","protected":false},"author":5,"featured_media":0,"parent":1220,"menu_order":0,"comment_status":"closed","ping_status":"closed","template":"","meta":{"_bbp_topic_count":0,"_bbp_reply_count":0,"_bbp_total_topic_count":0,"_bbp_total_reply_count":0,"_bbp_voice_count":0,"_bbp_anonymous_reply_count":0,"_bbp_topic_count_hidden":0,"_bbp_reply_count_hidden":0,"_bbp_forum_subforum_count":0,"footnotes":""},"class_list":["post-569","page","type-page","status-publish","hentry"],"post_mailing_queue_ids":[],"_links":{"self":[{"href":"https:\/\/agora.xtec.cat\/ceiporlandai\/wp-json\/wp\/v2\/pages\/569","targetHints":{"allow":["GET"]}}],"collection":[{"href":"https:\/\/agora.xtec.cat\/ceiporlandai\/wp-json\/wp\/v2\/pages"}],"about":[{"href":"https:\/\/agora.xtec.cat\/ceiporlandai\/wp-json\/wp\/v2\/types\/page"}],"author":[{"embeddable":true,"href":"https:\/\/agora.xtec.cat\/ceiporlandai\/wp-json\/wp\/v2\/users\/5"}],"replies":[{"embeddable":true,"href":"https:\/\/agora.xtec.cat\/ceiporlandai\/wp-json\/wp\/v2\/comments?post=569"}],"version-history":[{"count":4,"href":"https:\/\/agora.xtec.cat\/ceiporlandai\/wp-json\/wp\/v2\/pages\/569\/revisions"}],"predecessor-version":[{"id":4517,"href":"https:\/\/agora.xtec.cat\/ceiporlandai\/wp-json\/wp\/v2\/pages\/569\/revisions\/4517"}],"up":[{"embeddable":true,"href":"https:\/\/agora.xtec.cat\/ceiporlandai\/wp-json\/wp\/v2\/pages\/1220"}],"wp:attachment":[{"href":"https:\/\/agora.xtec.cat\/ceiporlandai\/wp-json\/wp\/v2\/media?parent=569"}],"curies":[{"name":"wp","href":"https:\/\/api.w.org\/{rel}","templated":true}]}}