{"id":3944,"date":"2020-12-13T21:18:17","date_gmt":"2020-12-13T20:18:17","guid":{"rendered":"http:\/\/agora.xtec.cat\/ceiporlandai\/?page_id=3944"},"modified":"2025-10-31T11:15:04","modified_gmt":"2025-10-31T10:15:04","slug":"comissio-comunitat-i-cures","status":"publish","type":"page","link":"https:\/\/agora.xtec.cat\/ceiporlandai\/afa\/afa-comissions\/comissio-comunitat-i-cures\/","title":{"rendered":"Comissi\u00f3 Comunitat i Cures"},"content":{"rendered":"<p><strong>Antecedents<\/strong><\/p>\n<p>La comissi\u00f3 de Comunitat i Cures som un grup de mares, pares i mestres que arran de la situaci\u00f3 de confinaments que es van viure per pand\u00e8mia, per\u00f2 tamb\u00e9 m\u00e9s enll\u00e0 d\u2019aquesta, \u00e9s m\u00e9s important que mai que infants, fam\u00edlies i escola ens sentim part i ens enfortim com a grup. En definitiva, compartir moments com a estrat\u00e8gia d\u2019afrontar els neguits i proposar solucions per crear nous escenaris m\u00e9s humans des del que \u00e9s col\u00b7lectiu.<\/p>\n<p><strong>Objectius<\/strong><\/p>\n<p>Per aix\u00f2 hem comen\u00e7at a treballar en una comissi\u00f3 que t\u00e9 com a principals objectius:<\/p>\n<ul>\n<li>Aprendre junts promovent activitats formatives i de debat sobre temes d\u2019inter\u00e8s per a les fam\u00edlies.<\/li>\n<li>Compartir sabers.<\/li>\n<li>Produir sabers col\u00b7lectius.<\/li>\n<li>Enfortir-nos com a comunitat educativa.<\/li>\n<li>Repensar el que \u00e9s social.<\/li>\n<li>Ajudar-nos els uns als altres, sobretot tenint en compte l\u2019atenci\u00f3 d\u2019aquelles fam\u00edlies m\u00e9s vulnerables.<\/li>\n<\/ul>\n<p><strong>Objectius d&#8217;aquest any<\/strong><\/p>\n<ul>\n<li>Facilitar el dia a dia a les fam\u00edlies posant a l&#8217;abast recursos existents al barri\/districte<\/li>\n<li>Fer xarxa dins l&#8217;escola quan sorgeixen necessitats<\/li>\n<li>Apropar les fam\u00edlies a l&#8217;escola i que aquestes puguin aportar el seu saber<\/li>\n<\/ul>\n<p>&nbsp;<\/p>\n<p><strong>Membres de la comissi\u00f3<\/strong><\/p>\n<p>Andrea Edit ( mare d&#8217;Espurnes ) ,Anna Ll (mare d&#8217;Espurnes), Ari V (mare d&#8217;Espurnes i Capibares), V\u00edctor V (pare de Marmotes), Santi E (pare de Diamants), Gemma R (mestra), Oriol M (pare de Diamants i Taurons) .<\/p>\n<p><strong>Recursos<\/strong><\/p>\n<p><a href=\"https:\/\/drive.google.com\/file\/d\/1xqz-UlvjS8SLa_9PUOBbbxqYuWVGPYpx\/view?usp=sharing\">Aqu\u00ed <\/a>trobareu els recursos dins el districte Sarri\u00e0 &#8211; Sant Gervasi que poden ser d&#8217;inter\u00e8s.<br \/>\nPromovem les activitats gratu\u00eftes per p\u00fablic infantil aix\u00ed com recursos per\u00a0mares\u00a0i\u00a0pares<\/p>\n<p>&nbsp;<\/p>\n<hr \/>\n<p>Podeu consultar tots els documents de la Comissi\u00f3 clicant <a href=\"https:\/\/agora.xtec.cat\/ceiporlandai\/docs\/comissio-comunitat-i-cures\/\">aqu\u00ed<\/a>.<\/p>\n<hr \/>\n<p>Tornar a\u00a0<a href=\"http:\/\/agora.xtec.cat\/ceiporlandai\/afa\/afa-comissions\/\">Comissions<\/a><\/p>\n","protected":false},"excerpt":{"rendered":"<p>Antecedents<br \/>\nLa comissi\u00f3 de Comunitat i Cures som un grup de mares, pares i mestres que arran de la situaci\u00f3 de confinaments que es van viure per pand\u00e8mia, per\u00f2 tamb\u00e9 m\u00e9s enll\u00e0 d\u2019aquesta, \u00e9s m\u00e9s important que mai que infants, fam\u00edlies i escola ens sentim part&hellip;  <a href=\"https:\/\/agora.xtec.cat\/ceiporlandai\/afa\/afa-comissions\/comissio-comunitat-i-cures\/\" title=\"Read Comissi\u00f3 Comunitat i Cures\">Llegeix m\u00e9s\u00bb<\/a><\/p>\n","protected":false},"author":5,"featured_media":0,"parent":600,"menu_order":0,"comment_status":"closed","ping_status":"closed","template":"","meta":{"_bbp_topic_count":0,"_bbp_reply_count":0,"_bbp_total_topic_count":0,"_bbp_total_reply_count":0,"_bbp_voice_count":0,"_bbp_anonymous_reply_count":0,"_bbp_topic_count_hidden":0,"_bbp_reply_count_hidden":0,"_bbp_forum_subforum_count":0,"footnotes":""},"class_list":["post-3944","page","type-page","status-publish","hentry"],"post_mailing_queue_ids":[],"_links":{"self":[{"href":"https:\/\/agora.xtec.cat\/ceiporlandai\/wp-json\/wp\/v2\/pages\/3944","targetHints":{"allow":["GET"]}}],"collection":[{"href":"https:\/\/agora.xtec.cat\/ceiporlandai\/wp-json\/wp\/v2\/pages"}],"about":[{"href":"https:\/\/agora.xtec.cat\/ceiporlandai\/wp-json\/wp\/v2\/types\/page"}],"author":[{"embeddable":true,"href":"https:\/\/agora.xtec.cat\/ceiporlandai\/wp-json\/wp\/v2\/users\/5"}],"replies":[{"embeddable":true,"href":"https:\/\/agora.xtec.cat\/ceiporlandai\/wp-json\/wp\/v2\/comments?post=3944"}],"version-history":[{"count":6,"href":"https:\/\/agora.xtec.cat\/ceiporlandai\/wp-json\/wp\/v2\/pages\/3944\/revisions"}],"predecessor-version":[{"id":5856,"href":"https:\/\/agora.xtec.cat\/ceiporlandai\/wp-json\/wp\/v2\/pages\/3944\/revisions\/5856"}],"up":[{"embeddable":true,"href":"https:\/\/agora.xtec.cat\/ceiporlandai\/wp-json\/wp\/v2\/pages\/600"}],"wp:attachment":[{"href":"https:\/\/agora.xtec.cat\/ceiporlandai\/wp-json\/wp\/v2\/media?parent=3944"}],"curies":[{"name":"wp","href":"https:\/\/api.w.org\/{rel}","templated":true}]}}