{"id":3942,"date":"2020-12-13T21:18:39","date_gmt":"2020-12-13T20:18:39","guid":{"rendered":"http:\/\/agora.xtec.cat\/ceiporlandai\/?page_id=3942"},"modified":"2025-07-10T12:55:27","modified_gmt":"2025-07-10T10:55:27","slug":"comissio-institut-escola","status":"publish","type":"page","link":"https:\/\/agora.xtec.cat\/ceiporlandai\/afa\/afa-comissions\/comissio-institut-escola\/","title":{"rendered":"Comissi\u00f3 Institut-Escola"},"content":{"rendered":"<p><strong>Antecedents<\/strong><\/p>\n<p>Aquesta comissi\u00f3 va n\u00e9ixer arran del neguit d\u2019un conjunt de fam\u00edlies de l\u2019escola Orlandai davant la manca d&#8217;oferta p\u00fablica d\u2019educaci\u00f3 secund\u00e0ria a Sarri\u00e0. La comissi\u00f3 treballa per impulsar la creaci\u00f3 d\u2019un institut p\u00fablic d\u2019educaci\u00f3 secund\u00e0ria al barri i\/o per explorar la possibilitat de donar continu\u00eftat al projecte pedag\u00f2gic de l\u2019escola Orlandai, m\u00e9s enll\u00e0 de la prim\u00e0ria, en un institut-escola.<\/p>\n<p>La manca d&#8217;oferta p\u00fablica de secund\u00e0ria \u00e9s una reivindicaci\u00f3 hist\u00f2rica del ve\u00efnat de Sarri\u00e0 compartida amb bona part les comunitats educatives d\u2019altres escoles p\u00fabliques d\u2019infantil i prim\u00e0ria del barri (Dolors Monserd\u00e0-Santapau, T\u00e0ber, Nab\u00ed). En aquest sentit, observem que el pas a la secund\u00e0ria suposa un trencament biogr\u00e0fic a moltes fam\u00edlies obligant-les a buscar alternatives educatives en altres llocs del districte.<\/p>\n<p>Aix\u00ed doncs, des del 2019 una comissi\u00f3 de l\u2019AFA Orlandai explora aquest tema per copsar l\u2019inter\u00e8s de possibles actors implicats, avaluar diferents alternatives d\u2019abordatge i fer xarxa al respecte.<\/p>\n<p><strong>Objectius<\/strong><\/p>\n<p>Donar continu\u00eftat al projecte pedag\u00f2gic de l\u2019escola p\u00fablica Orlandai m\u00e9s enll\u00e0 de la prim\u00e0ria. Impulsar la creaci\u00f3 d\u2019un institut p\u00fablic d\u2019educaci\u00f3 secund\u00e0ria al barri.<\/p>\n<p><strong>Membres de la Comissi\u00f3<\/strong><\/p>\n<p>Ariadna C (mare de Guepards i Marmotes), Santi E (pare de Diamants), Mariona M (mare de Picot, Guepards i Marmotes), Marta N (mare d&#8217;Espurnes) Miquel R (pare de Taurons), Olivia T (mare de Guepards i Marmotes), V\u00edctor V (pare de Marmotes), Marga G (membre honor\u00edfic).<\/p>\n<hr \/>\n<p>Tornar a\u00a0<a href=\"http:\/\/agora.xtec.cat\/ceiporlandai\/afa\/afa-comissions\/\">Comissions<\/a><\/p>\n","protected":false},"excerpt":{"rendered":"<p>Antecedents<br \/>\nAquesta comissi\u00f3 va n\u00e9ixer arran del neguit d\u2019un conjunt de fam\u00edlies de l\u2019escola Orlandai davant la manca d&#8217;oferta p\u00fablica d\u2019educaci\u00f3 secund\u00e0ria a Sarri\u00e0. La comissi\u00f3 treballa per impulsar la creaci\u00f3 d\u2019un institut p\u00fablic d\u2019educaci\u00f3 secund\u00e0ria al barri i\/o per explorar la possibilitat de donar continu\u00eftat&hellip;  <a href=\"https:\/\/agora.xtec.cat\/ceiporlandai\/afa\/afa-comissions\/comissio-institut-escola\/\" title=\"Read Comissi\u00f3 Institut-Escola\">Llegeix m\u00e9s\u00bb<\/a><\/p>\n","protected":false},"author":5,"featured_media":0,"parent":600,"menu_order":0,"comment_status":"closed","ping_status":"closed","template":"","meta":{"_bbp_topic_count":0,"_bbp_reply_count":0,"_bbp_total_topic_count":0,"_bbp_total_reply_count":0,"_bbp_voice_count":0,"_bbp_anonymous_reply_count":0,"_bbp_topic_count_hidden":0,"_bbp_reply_count_hidden":0,"_bbp_forum_subforum_count":0,"footnotes":""},"class_list":["post-3942","page","type-page","status-publish","hentry"],"post_mailing_queue_ids":[],"_links":{"self":[{"href":"https:\/\/agora.xtec.cat\/ceiporlandai\/wp-json\/wp\/v2\/pages\/3942","targetHints":{"allow":["GET"]}}],"collection":[{"href":"https:\/\/agora.xtec.cat\/ceiporlandai\/wp-json\/wp\/v2\/pages"}],"about":[{"href":"https:\/\/agora.xtec.cat\/ceiporlandai\/wp-json\/wp\/v2\/types\/page"}],"author":[{"embeddable":true,"href":"https:\/\/agora.xtec.cat\/ceiporlandai\/wp-json\/wp\/v2\/users\/5"}],"replies":[{"embeddable":true,"href":"https:\/\/agora.xtec.cat\/ceiporlandai\/wp-json\/wp\/v2\/comments?post=3942"}],"version-history":[{"count":5,"href":"https:\/\/agora.xtec.cat\/ceiporlandai\/wp-json\/wp\/v2\/pages\/3942\/revisions"}],"predecessor-version":[{"id":5823,"href":"https:\/\/agora.xtec.cat\/ceiporlandai\/wp-json\/wp\/v2\/pages\/3942\/revisions\/5823"}],"up":[{"embeddable":true,"href":"https:\/\/agora.xtec.cat\/ceiporlandai\/wp-json\/wp\/v2\/pages\/600"}],"wp:attachment":[{"href":"https:\/\/agora.xtec.cat\/ceiporlandai\/wp-json\/wp\/v2\/media?parent=3942"}],"curies":[{"name":"wp","href":"https:\/\/api.w.org\/{rel}","templated":true}]}}