{"id":2956,"date":"2019-07-28T17:35:58","date_gmt":"2019-07-28T15:35:58","guid":{"rendered":"http:\/\/agora.xtec.cat\/ceiporlandai\/?page_id=2956"},"modified":"2025-07-10T12:34:36","modified_gmt":"2025-07-10T10:34:36","slug":"comunicacio-familia-escola","status":"publish","type":"page","link":"https:\/\/agora.xtec.cat\/ceiporlandai\/informacions-practiques\/comunicacio-familia-escola\/","title":{"rendered":"Comunicaci\u00f3 fam\u00edlia &#8211; escola"},"content":{"rendered":"<p><b>Les comunicacions d\u2019escola, mestres, fam\u00edlies, comissions mixtes de treball i extraescolars es fan per correu electr\u00f2nic.\u00a0<\/b><\/p>\n<p><span style=\"font-weight: 400;\">Es far\u00e0 \u00fas del seg\u00fcent <\/span><b>DIRECTORI<\/b><span style=\"font-weight: 400;\"> per comunicar-nos:<\/span><\/p>\n<table style=\"width: 732px;\">\n<tbody>\n<tr>\n<td style=\"width: 287px;\"><b>Comunicaci\u00f3<\/b><\/td>\n<td style=\"width: 156px;\"><b>A qui<\/b><\/td>\n<td style=\"width: 289px;\"><b>Com<\/b><\/td>\n<\/tr>\n<tr>\n<td style=\"width: 287px;\"><span style=\"font-weight: 400;\">Fam\u00edlia-tutora<\/span><\/td>\n<td style=\"width: 156px;\"><span style=\"font-weight: 400;\">Tutora<\/span><\/td>\n<td style=\"width: 289px;\">\n<ul>\n<li style=\"font-weight: 400;\" aria-level=\"1\"><span style=\"font-weight: 400;\">correu tutora <\/span><a href=\"mailto:nomcognom@orlandai.org\"><span style=\"font-weight: 400;\">nomcognomde latutora@orlandai.org<\/span><\/a><\/li>\n<\/ul>\n<ul>\n<li style=\"font-weight: 400;\" aria-level=\"1\"><span style=\"font-weight: 400;\">932030935<\/span><\/li>\n<\/ul>\n<\/td>\n<\/tr>\n<tr>\n<td style=\"width: 287px;\"><span style=\"font-weight: 400;\">No assist\u00e8ncia o arribar tard<\/span><\/td>\n<td style=\"width: 156px;\"><span style=\"font-weight: 400;\">Consergeria i Tutora<\/span><\/td>\n<td style=\"width: 289px;\"><a href=\"mailto:consergeria@orlandai.org\"><span style=\"font-weight: 400;\">consergeria@orlandai.org<\/span><\/a><\/p>\n<p><span style=\"font-weight: 400;\">\u00a0o 932030935<\/span><\/p>\n<p><b>+<\/b><span style=\"font-weight: 400;\"> correu tutora <\/span><span style=\"font-weight: 400;\">nomcognomde latutora@orlandai.org<\/span><\/td>\n<\/tr>\n<tr>\n<td style=\"width: 287px;\"><span style=\"font-weight: 400;\">Entrades i sortides excepcionals, fora de l&#8217;horari establert. Se n\u2019han de fer les m\u00ednimes i en hores punta:<\/span><\/p>\n<p><span style=\"font-weight: 400;\">11h\/13h\/15h<\/span><\/td>\n<td style=\"width: 156px;\"><span style=\"font-weight: 400;\">Tutora i consergeria<\/span><\/td>\n<td style=\"width: 289px;\">\n<ul>\n<li style=\"font-weight: 400;\" aria-level=\"1\"><span style=\"font-weight: 400;\">nota f\u00edsica escrita per la fam\u00edlia per a la tutora i consergeria<\/span><\/li>\n<\/ul>\n<p><span style=\"font-weight: 400;\">O<\/span><\/p>\n<ul>\n<li style=\"font-weight: 400;\" aria-level=\"1\"><a href=\"mailto:consergeria@orlandai.org\"><span style=\"font-weight: 400;\">consergeria@orlandai.org<\/span><\/a><\/li>\n<li aria-level=\"1\"><span style=\"font-weight: 400;\">correu tutora <\/span><a href=\"mailto:nomcognom@orlandai.org\"><span style=\"font-weight: 400;\">nomcognomde latutora@orlandai.org<\/span><\/a><\/li>\n<\/ul>\n<p><span style=\"font-weight: 400;\">O<\/span><\/p>\n<ul>\n<li style=\"font-weight: 400;\" aria-level=\"1\"><span style=\"font-weight: 400;\">932030935<\/span><\/li>\n<\/ul>\n<\/td>\n<\/tr>\n<tr>\n<td style=\"width: 287px;\"><span style=\"font-weight: 400;\">Qui, eventualment, necessita fer r\u00e8gim de la dieta s\u2019ha de comunicar a les 9h del mat\u00ed<\/span><\/td>\n<td style=\"width: 156px;\"><span style=\"font-weight: 400;\">Tutora i consergeria<\/span><\/td>\n<td style=\"width: 289px;\">\n<ul>\n<li style=\"font-weight: 400;\" aria-level=\"1\"><span style=\"font-weight: 400;\">nota f\u00edsica escrita per la fam\u00edlia a la tutora o consergeria<\/span><\/li>\n<\/ul>\n<p><span style=\"font-weight: 400;\">O<\/span><\/p>\n<ul>\n<li style=\"font-weight: 400;\" aria-level=\"1\"><a href=\"mailto:consergeria@orlandai.org\"><span style=\"font-weight: 400;\">consergeria@orlandai.org<\/span><\/a><\/li>\n<\/ul>\n<\/td>\n<\/tr>\n<tr>\n<td style=\"width: 287px;\"><span style=\"font-weight: 400;\">Administraci\u00f3 de medicaments quan \u00e9s imprescindible<\/span><\/td>\n<td style=\"width: 156px;\"><span style=\"font-weight: 400;\">Tutora o consergeria<\/span><\/td>\n<td style=\"width: 289px;\">\n<ul>\n<li style=\"font-weight: 400;\" aria-level=\"1\"><a href=\"https:\/\/agora.xtec.cat\/ceiporlandai\/wp-content\/uploads\/usu1785\/2022\/07\/Autoritzacio-medicaments.docx.pdf\"><span style=\"font-weight: 400;\">paper autoritzaci\u00f3 <\/span><\/a><span style=\"font-weight: 400;\">entregar-lo a consergeria o a tutora<\/span><\/li>\n<\/ul>\n<p><span style=\"font-weight: 400;\">EL MEDICAMENT TAMB\u00c9 S\u2019HA DE LLIURAR A LES ADULTES.\u00a0<\/span><\/td>\n<\/tr>\n<tr>\n<td style=\"width: 287px;\"><span style=\"font-weight: 400;\">Rebuts bancaris i consultes econ\u00f2miques<\/span><\/td>\n<td style=\"width: 156px;\"><span style=\"font-weight: 400;\">Administraci\u00f3 AFA<\/span><\/p>\n<p><span style=\"font-weight: 400;\">Administraci\u00f3 Escola<\/span><\/td>\n<td style=\"width: 289px;\">\n<ul>\n<li style=\"font-weight: 400;\" aria-level=\"1\"><a href=\"mailto:tresoreriaAFA@orlandai.org\"><span style=\"font-weight: 400;\">tresoreriaAFA@orlandai.org<\/span><\/a><\/li>\n<\/ul>\n<ul>\n<li style=\"font-weight: 400;\" aria-level=\"1\"><a href=\"mailto:escolaorlandai@orlandai.org\"><span style=\"font-weight: 400;\">escolaorlandai@orlandai.org<\/span><\/a><\/li>\n<\/ul>\n<\/td>\n<\/tr>\n<tr>\n<td style=\"width: 287px;\"><span style=\"font-weight: 400;\">Ajuts de menjador, expedients acad\u00e8mics, certificats&#8230;<\/span><\/td>\n<td style=\"width: 156px;\"><span style=\"font-weight: 400;\">Administraci\u00f3 escola<\/span><\/td>\n<td style=\"width: 289px;\">\n<ul>\n<li style=\"font-weight: 400;\" aria-level=\"1\"><a href=\"mailto:gemmavillarroya@orlandai.org\"><span style=\"font-weight: 400;\">gemmavillarroya@orlandai.org<\/span><\/a><\/li>\n<\/ul>\n<\/td>\n<\/tr>\n<tr>\n<td style=\"width: 287px;\"><span style=\"font-weight: 400;\">Esport extraescolar<\/span><\/td>\n<td style=\"width: 156px;\"><span style=\"font-weight: 400;\">Coordinacions d\u2019esports extraescolars<\/span><\/td>\n<td style=\"width: 289px;\">\n<ul>\n<li style=\"font-weight: 400;\" aria-level=\"1\"><a href=\"mailto:basquet@orlandai.org\"><span style=\"font-weight: 400;\">basquet@orlandai.org<\/span><\/a><span style=\"font-weight: 400;\">\u00a0<\/span><\/li>\n<li style=\"font-weight: 400;\" aria-level=\"1\"><a href=\"mailto:voleibol@orlandai.org\"><span style=\"font-weight: 400;\">voleibol@orlandai.org<\/span><\/a><\/li>\n<li style=\"font-weight: 400;\" aria-level=\"1\"><a href=\"mailto:gestio.esportiva@orlandai.org\"><span style=\"font-weight: 400;\">gestio.esportiva@orlandai.org<\/span><\/a><\/li>\n<\/ul>\n<\/td>\n<\/tr>\n<tr>\n<td style=\"width: 287px;\"><span style=\"font-weight: 400;\">Teatre extraescolar<\/span><b>\u00a0<\/b><\/td>\n<td style=\"width: 156px;\"><span style=\"font-weight: 400;\">Comissi\u00f3 de teatre<\/span><\/td>\n<td style=\"width: 289px;\">\n<ul>\n<li style=\"font-weight: 400;\" aria-level=\"1\"><a href=\"mailto:teatre@orlandai.org\"><span style=\"font-weight: 400;\">teatre@orlandai.org<\/span><\/a><\/li>\n<\/ul>\n<\/td>\n<\/tr>\n<tr>\n<td style=\"width: 287px;\"><span style=\"font-weight: 400;\">Comunicaci\u00f3 amb la direcci\u00f3<\/span><\/td>\n<td style=\"width: 156px;\"><span style=\"font-weight: 400;\">Direcci\u00f3<\/span><\/td>\n<td style=\"width: 289px;\">\n<ul>\n<li style=\"font-weight: 400;\" aria-level=\"1\"><a href=\"mailto:escolaorlandai@orlandai.org\"><span style=\"font-weight: 400;\">escolaorlandai@orlandai.org<\/span><\/a><\/li>\n<\/ul>\n<\/td>\n<\/tr>\n<tr>\n<td style=\"width: 287px;\"><span style=\"font-weight: 400;\">Comunicaci\u00f3 amb l\u2019AFA<\/span><\/td>\n<td style=\"width: 156px;\"><span style=\"font-weight: 400;\">Junta AFA<\/span><\/td>\n<td style=\"width: 289px;\">\n<ul>\n<li style=\"font-weight: 400;\" aria-level=\"1\"><a href=\"mailto:junta@orlandai.org\"><span style=\"font-weight: 400;\">junta@orlandai.org<\/span><\/a><\/li>\n<\/ul>\n<\/td>\n<\/tr>\n<\/tbody>\n<\/table>\n","protected":false},"excerpt":{"rendered":"<p>Les comunicacions d\u2019escola, mestres, fam\u00edlies, comissions mixtes de treball i extraescolars es fan per correu electr\u00f2nic.\u00a0<br \/>\nEs far\u00e0 \u00fas del seg\u00fcent DIRECTORI per comunicar-nos:<\/p>\n<p>Comunicaci\u00f3<br \/>\nA qui<br \/>\nCom<\/p>\n<p>Fam\u00edlia-tutora<br \/>\nTutora<\/p>\n<ul>\n<li style=\"font-weight: 400;\" aria-level=\"1\">correu tutora <a href=\"mailto:nomcognom@orlandai.org\">nomcognomde latutora@orlandai.org<\/a><\/li>\n<\/ul>\n<ul>\n<li style=\"font-weight: 400;\" aria-level=\"1\">932030935<\/li>\n<\/ul>\n<p>No assist\u00e8ncia o arribar tard<br \/>\nConsergeria i Tutora<br \/>\n<a href=\"mailto:consergeria@orlandai.org\">consergeria@orlandai.org<\/a><br \/>\n\u00a0o 932030935<br \/>\n+ correu tutora nomcognomde&hellip;  <a href=\"https:\/\/agora.xtec.cat\/ceiporlandai\/informacions-practiques\/comunicacio-familia-escola\/\" title=\"Read Comunicaci\u00f3 fam\u00edlia &#8211; escola\">Llegeix m\u00e9s\u00bb<\/a><\/p>\n","protected":false},"author":6,"featured_media":0,"parent":64,"menu_order":20,"comment_status":"closed","ping_status":"closed","template":"page-templates\/side-menu.php","meta":{"_bbp_topic_count":0,"_bbp_reply_count":0,"_bbp_total_topic_count":0,"_bbp_total_reply_count":0,"_bbp_voice_count":0,"_bbp_anonymous_reply_count":0,"_bbp_topic_count_hidden":0,"_bbp_reply_count_hidden":0,"_bbp_forum_subforum_count":0,"footnotes":""},"class_list":["post-2956","page","type-page","status-publish","hentry"],"post_mailing_queue_ids":[],"_links":{"self":[{"href":"https:\/\/agora.xtec.cat\/ceiporlandai\/wp-json\/wp\/v2\/pages\/2956","targetHints":{"allow":["GET"]}}],"collection":[{"href":"https:\/\/agora.xtec.cat\/ceiporlandai\/wp-json\/wp\/v2\/pages"}],"about":[{"href":"https:\/\/agora.xtec.cat\/ceiporlandai\/wp-json\/wp\/v2\/types\/page"}],"author":[{"embeddable":true,"href":"https:\/\/agora.xtec.cat\/ceiporlandai\/wp-json\/wp\/v2\/users\/6"}],"replies":[{"embeddable":true,"href":"https:\/\/agora.xtec.cat\/ceiporlandai\/wp-json\/wp\/v2\/comments?post=2956"}],"version-history":[{"count":6,"href":"https:\/\/agora.xtec.cat\/ceiporlandai\/wp-json\/wp\/v2\/pages\/2956\/revisions"}],"predecessor-version":[{"id":5810,"href":"https:\/\/agora.xtec.cat\/ceiporlandai\/wp-json\/wp\/v2\/pages\/2956\/revisions\/5810"}],"up":[{"embeddable":true,"href":"https:\/\/agora.xtec.cat\/ceiporlandai\/wp-json\/wp\/v2\/pages\/64"}],"wp:attachment":[{"href":"https:\/\/agora.xtec.cat\/ceiporlandai\/wp-json\/wp\/v2\/media?parent=2956"}],"curies":[{"name":"wp","href":"https:\/\/api.w.org\/{rel}","templated":true}]}}