{"id":26,"date":"2014-09-18T12:24:32","date_gmt":"2014-09-18T10:24:32","guid":{"rendered":"http:\/\/agora.xtec.cat\/ceiporlandai\/?page_id=26"},"modified":"2018-06-27T18:57:11","modified_gmt":"2018-06-27T16:57:11","slug":"historia","status":"publish","type":"page","link":"https:\/\/agora.xtec.cat\/ceiporlandai\/lescola\/historia\/","title":{"rendered":"El nostre model d&#8217;escola"},"content":{"rendered":"<p>Vetllem per la formaci\u00f3 i el <strong>desenvolupament integral<\/strong> de tots els nens i nenes.<\/p>\n<p>Eduquem en els <strong>valors<\/strong> de la responsabilitat individual i col\u00b7lectiva, l\u2019estima per la pr\u00f2pia vida i la dels altres, el desenvolupament de l\u2019esperit cr\u00edtic i constructiu, la llibertat de pensament i d\u2019expressi\u00f3 i el reconeixement i respecte envers les difer\u00e8ncies.<\/p>\n<p>Som <strong>escola inclusiva<\/strong> i entenem la diversitat com un fet valu\u00f3s que enriqueix i fomenta l\u2019aprenentatge i la \u00a0cohesi\u00f3 social.<\/p>\n<p>Eduquem desenvolupant les potencialitats individuals, no marcades pel <strong>g\u00e8nere<\/strong>.<\/p>\n<p>Entenem la <strong>la\u00efcitat<\/strong> com l\u2019expressi\u00f3 de la conviv\u00e8ncia de les diferents creences.<\/p>\n<p>Considerem que la <strong>participaci\u00f3<\/strong> i la gesti\u00f3 democr\u00e0tica de tots els membres de la comunitat educativa \u00e9s imprescindible per crear vincles i fer escola.<\/p>\n<p>Som una <strong>escola catalana<\/strong>, vinculada a l\u2019entorn i a la cultura del nostre pa\u00eds i la llengua catalana \u00e9s la llengua d\u2019aprenentatge i de relaci\u00f3. Partint de la nostra identitat, ens enriquim tamb\u00e9 amb altres lleng\u00fces i cultures del m\u00f3n.<\/p>\n<p>Tenim un paper actiu i creatiu al <strong>barri de Sarri\u00e0<\/strong>.<\/p>\n<p>Ens relacionem amb les seves institucions i l\u2019alumnat participa en moltes de les activitats que s\u2019hi organitzen.<\/p>\n<p>Tenim cura de l\u2019<strong>educaci\u00f3 ambiental<\/strong> i estem compromesos amb l\u2019Escola +Sostenible.<\/p>\n","protected":false},"excerpt":{"rendered":"<p>Vetllem per la formaci\u00f3 i el desenvolupament integral de tots els nens i nenes.<br \/>\nEduquem en els valors de la responsabilitat individual i col\u00b7lectiva, l\u2019estima per la pr\u00f2pia vida i la dels altres, el desenvolupament de l\u2019esperit cr\u00edtic i constructiu, la llibertat de pensament i d\u2019expressi\u00f3&hellip;  <a href=\"https:\/\/agora.xtec.cat\/ceiporlandai\/lescola\/historia\/\" title=\"Read El nostre model d&#8217;escola\">Llegeix m\u00e9s\u00bb<\/a><\/p>\n","protected":false},"author":1,"featured_media":0,"parent":963,"menu_order":10,"comment_status":"closed","ping_status":"closed","template":"page-templates\/side-menu.php","meta":{"_bbp_topic_count":0,"_bbp_reply_count":0,"_bbp_total_topic_count":0,"_bbp_total_reply_count":0,"_bbp_voice_count":0,"_bbp_anonymous_reply_count":0,"_bbp_topic_count_hidden":0,"_bbp_reply_count_hidden":0,"_bbp_forum_subforum_count":0,"footnotes":""},"class_list":["post-26","page","type-page","status-publish","hentry"],"post_mailing_queue_ids":[],"_links":{"self":[{"href":"https:\/\/agora.xtec.cat\/ceiporlandai\/wp-json\/wp\/v2\/pages\/26","targetHints":{"allow":["GET"]}}],"collection":[{"href":"https:\/\/agora.xtec.cat\/ceiporlandai\/wp-json\/wp\/v2\/pages"}],"about":[{"href":"https:\/\/agora.xtec.cat\/ceiporlandai\/wp-json\/wp\/v2\/types\/page"}],"author":[{"embeddable":true,"href":"https:\/\/agora.xtec.cat\/ceiporlandai\/wp-json\/wp\/v2\/users\/1"}],"replies":[{"embeddable":true,"href":"https:\/\/agora.xtec.cat\/ceiporlandai\/wp-json\/wp\/v2\/comments?post=26"}],"version-history":[{"count":3,"href":"https:\/\/agora.xtec.cat\/ceiporlandai\/wp-json\/wp\/v2\/pages\/26\/revisions"}],"predecessor-version":[{"id":827,"href":"https:\/\/agora.xtec.cat\/ceiporlandai\/wp-json\/wp\/v2\/pages\/26\/revisions\/827"}],"up":[{"embeddable":true,"href":"https:\/\/agora.xtec.cat\/ceiporlandai\/wp-json\/wp\/v2\/pages\/963"}],"wp:attachment":[{"href":"https:\/\/agora.xtec.cat\/ceiporlandai\/wp-json\/wp\/v2\/media?parent=26"}],"curies":[{"name":"wp","href":"https:\/\/api.w.org\/{rel}","templated":true}]}}