{"id":2452,"date":"2019-02-20T18:42:02","date_gmt":"2019-02-20T17:42:02","guid":{"rendered":"http:\/\/agora.xtec.cat\/ceiporlandai\/?page_id=2452"},"modified":"2025-09-30T21:35:45","modified_gmt":"2025-09-30T19:35:45","slug":"teatre-extraescolar","status":"publish","type":"page","link":"https:\/\/agora.xtec.cat\/ceiporlandai\/activitats-extraescolars\/teatre-extraescolar\/","title":{"rendered":"TEATRE"},"content":{"rendered":"<h5 style=\"text-align: left;\"><\/h5>\n<h5><a href=\"https:\/\/agora.xtec.cat\/ceiporlandai\/docs\/dossier-de-teare\/?bp-attachment=DOSSIER-TEATRE-25-26.pdf\"><img loading=\"lazy\" decoding=\"async\" class=\"wp-image-5843 size-full alignnone\" style=\"border: 3px solid black; margin: 3px auto; display: block;\" src=\"https:\/\/agora.xtec.cat\/ceiporlandai\/wp-content\/uploads\/usu1785\/2025\/09\/teatre25-26-e1759260477611.png\" alt=\"\" width=\"400\" height=\"570\" \/><\/a><\/h5>\n<h5><span style=\"text-decoration: underline;\"><a href=\"https:\/\/docs.google.com\/forms\/d\/e\/1FAIpQLSdrCbX4zkJ9hG2YZdyrjw_9CSudbrDHgZfU6a1Mg8BDp-iBjA\/viewform\">FORMULARI INSCRIPCI\u00d3 CURS 2025-26<\/a><\/span><\/h5>\n<h5 style=\"text-align: left;\"><strong>Data d&#8217;inici:<\/strong><\/h5>\n<p>La primera setmana d&#8217;octubre, el dimarts 1.<\/p>\n<h5 style=\"text-align: left;\"><strong>Horaris:<\/strong><\/h5>\n<div style=\"text-align: left;\">\n<p><strong>Infantil<\/strong> (i3): dijous: 16.30-17.30<\/p>\n<p><strong>Infantil\u00a0<\/strong>(i4, i5): dimecres 16.30. &#8211; 17.30<\/p>\n<p><strong>Mitjans<\/strong> (1r, 2n i 3r): dilluns de 16.45 &#8211; 18<\/p>\n<p><strong>Grans<\/strong> (4t, 5\u00e8 i 6\u00e8): dilluns de 13 &#8211; 14.15<\/p>\n<p><strong>Exalumnes<\/strong>: a convenir amb els formadors en funci\u00f3 de les necessitats de cada grup.<\/p>\n<\/div>\n<h5 style=\"text-align: left;\"><strong>Preus:<\/strong><\/h5>\n<div style=\"text-align: left;\"><\/div>\n<p style=\"text-align: left;\">El preu \u00e9s unitari per a tots els grups, independentment de la durada de les sessions.<\/p>\n<p style=\"text-align: left;\">Tot i que l\u2019activitat es realitza durant 8 mesos (d\u2019octubre a maig), per tal de facilitar la tasca administrativa es cobraran\u00a0<strong>9 mensualitats<\/strong> (de setembre a maig).<\/p>\n<p style=\"text-align: left;\">L\u2019import de cada mensualitat \u00e9s de\u00a0<b>30\u20ac.<\/b><\/p>\n<p style=\"text-align: left;\">*En funci\u00f3 del nombre d\u2019inscrits, el preu podria variar lleugerament.<\/p>\n<h5><\/h5>\n<h5 style=\"text-align: left;\"><strong>Per qu\u00e8 fer teatre a l&#8217;escola? <\/strong>T&#8217;ho expliquem <a href=\"https:\/\/drive.google.com\/file\/d\/14KM0cCrT6ygu4jBtKhYkI87JyT8mw7u0\/view?usp=sharing\">aqu\u00ed<\/a>!<\/h5>\n<p style=\"text-align: left;\">Per a m\u00e9s informaci\u00f3 del projecte educatiu de La Carraca:<\/p>\n<ul style=\"text-align: left;\">\n<li style=\"list-style-type: none;\">\n<ul>\n<li>\n<h5><span style=\"text-decoration: underline;\"><a href=\"https:\/\/drive.google.com\/file\/d\/1GksKtdXwZm16zDuB4PJPtZhH95b04P9f\/view?usp=sharing\">Programa<\/a><\/span><\/h5>\n<\/li>\n<li>\n<h5><span style=\"text-decoration: underline;\"><a href=\"https:\/\/drive.google.com\/open?id=1uXJRkElnUtRDfup9lprUeK9Lj1RWcIOU\">V\u00eddeo explicatiu<\/a><\/span><\/h5>\n<\/li>\n<\/ul>\n<\/li>\n<\/ul>\n<p>Per a m\u00e9s informaci\u00f3 de la comissi\u00f3 de teatre: <span style=\"text-decoration: underline;\"><a href=\"https:\/\/agora.xtec.cat\/ceiporlandai\/afa\/afa-comissions\/comissio-teatre\/\">aqu\u00ed<\/a><\/span><\/p>\n<p>&nbsp;<\/p>\n<p>&nbsp;<\/p>\n","protected":false},"excerpt":{"rendered":"<p><a href=\"https:\/\/agora.xtec.cat\/ceiporlandai\/docs\/dossier-de-teare\/?bp-attachment=DOSSIER-TEATRE-25-26.pdf\"><\/a><br \/>\n<a href=\"https:\/\/docs.google.com\/forms\/d\/e\/1FAIpQLSdrCbX4zkJ9hG2YZdyrjw_9CSudbrDHgZfU6a1Mg8BDp-iBjA\/viewform\">FORMULARI INSCRIPCI\u00d3 CURS 2025-26<\/a><br \/>\nData d&#8217;inici:<br \/>\nLa primera setmana d&#8217;octubre, el dimarts 1.<br \/>\nHoraris:<\/p>\n<p>Infantil (i3): dijous: 16.30-17.30<br \/>\nInfantil\u00a0(i4, i5): dimecres 16.30. &#8211; 17.30<br \/>\nMitjans (1r, 2n i 3r): dilluns de 16.45 &#8211; 18<br \/>\nGrans (4t, 5\u00e8 i 6\u00e8): dilluns de 13 &#8211; 14.15<br \/>\nExalumnes: a convenir amb els formadors en&hellip;  <a href=\"https:\/\/agora.xtec.cat\/ceiporlandai\/activitats-extraescolars\/teatre-extraescolar\/\" title=\"Read TEATRE\">Llegeix m\u00e9s\u00bb<\/a><\/p>\n","protected":false},"author":5,"featured_media":0,"parent":84,"menu_order":1,"comment_status":"closed","ping_status":"closed","template":"page-templates\/side-menu.php","meta":{"_bbp_topic_count":0,"_bbp_reply_count":0,"_bbp_total_topic_count":0,"_bbp_total_reply_count":0,"_bbp_voice_count":0,"_bbp_anonymous_reply_count":0,"_bbp_topic_count_hidden":0,"_bbp_reply_count_hidden":0,"_bbp_forum_subforum_count":0,"footnotes":""},"class_list":["post-2452","page","type-page","status-publish","hentry"],"post_mailing_queue_ids":[],"_links":{"self":[{"href":"https:\/\/agora.xtec.cat\/ceiporlandai\/wp-json\/wp\/v2\/pages\/2452","targetHints":{"allow":["GET"]}}],"collection":[{"href":"https:\/\/agora.xtec.cat\/ceiporlandai\/wp-json\/wp\/v2\/pages"}],"about":[{"href":"https:\/\/agora.xtec.cat\/ceiporlandai\/wp-json\/wp\/v2\/types\/page"}],"author":[{"embeddable":true,"href":"https:\/\/agora.xtec.cat\/ceiporlandai\/wp-json\/wp\/v2\/users\/5"}],"replies":[{"embeddable":true,"href":"https:\/\/agora.xtec.cat\/ceiporlandai\/wp-json\/wp\/v2\/comments?post=2452"}],"version-history":[{"count":7,"href":"https:\/\/agora.xtec.cat\/ceiporlandai\/wp-json\/wp\/v2\/pages\/2452\/revisions"}],"predecessor-version":[{"id":5847,"href":"https:\/\/agora.xtec.cat\/ceiporlandai\/wp-json\/wp\/v2\/pages\/2452\/revisions\/5847"}],"up":[{"embeddable":true,"href":"https:\/\/agora.xtec.cat\/ceiporlandai\/wp-json\/wp\/v2\/pages\/84"}],"wp:attachment":[{"href":"https:\/\/agora.xtec.cat\/ceiporlandai\/wp-json\/wp\/v2\/media?parent=2452"}],"curies":[{"name":"wp","href":"https:\/\/api.w.org\/{rel}","templated":true}]}}