{"id":24,"date":"2014-09-18T12:23:15","date_gmt":"2014-09-18T11:23:15","guid":{"rendered":"http:\/\/agora.xtec.cat\/ceiporlandai\/?page_id=24"},"modified":"2022-07-14T12:56:58","modified_gmt":"2022-07-14T10:56:58","slug":"on-som","status":"publish","type":"page","link":"https:\/\/agora.xtec.cat\/ceiporlandai\/informacions-practiques\/on-som\/","title":{"rendered":"On som"},"content":{"rendered":"<p>&nbsp;<\/p>\n<h3 style=\"color: #666666;\"><strong>Escola Orlandai<\/strong><\/h3>\n<p style=\"color: #666666;\">Carrer Dom\u00ednguez i Miralles 1<br \/>\n08034 Barcelona<\/p>\n<p>Tel. 932 030 935<br \/>\n<a href=\"mailto:escolaorlandai@orlandai.org\">escolaorlandai@orlandai.org<\/a><\/p>\n<p><iframe loading=\"lazy\" src=\"https:\/\/www.google.com\/maps\/embed?pb=!1m18!1m12!1m3!1d2992.929615501674!2d2.1173489154260956!3d41.3973348792633!2m3!1f0!2f0!3f0!3m2!1i1024!2i768!4f13.1!3m3!1m2!1s0x12a49846bb445cbb%3A0xfd4c5e369a72162a!2sEscola+Orlandai!5e0!3m2!1sca!2ses!4v1516962489399\" width=\"600\" height=\"450\" frameborder=\"0\"><\/iframe><br \/>\n<strong>Com arribar-hi:<\/strong><\/p>\n<p><strong>Tren:<\/strong> Estaci\u00f3 FGC L6 Reina Elisenda o Estaci\u00f3 FGC Sarri\u00e0<br \/>\n<strong>Bus:<\/strong> L\u00ednies V3, 130<\/p>\n<p>&nbsp;<\/p>\n","protected":false},"excerpt":{"rendered":"<p>&nbsp;<br \/>\nEscola Orlandai<br \/>\nCarrer Dom\u00ednguez i Miralles 1<br \/>\n08034 Barcelona<br \/>\nTel. 932 030 935<br \/>\n<a href=\"mailto:escolaorlandai@orlandai.org\">escolaorlandai@orlandai.org<\/a><\/p>\n<p>Com arribar-hi:<br \/>\nTren: Estaci\u00f3 FGC L6 Reina Elisenda o Estaci\u00f3 FGC Sarri\u00e0<br \/>\nBus: L\u00ednies V3, 130<br \/>\n&nbsp;<\/p>\n","protected":false},"author":1,"featured_media":0,"parent":64,"menu_order":10,"comment_status":"closed","ping_status":"closed","template":"page-templates\/side-menu.php","meta":{"_bbp_topic_count":0,"_bbp_reply_count":0,"_bbp_total_topic_count":0,"_bbp_total_reply_count":0,"_bbp_voice_count":0,"_bbp_anonymous_reply_count":0,"_bbp_topic_count_hidden":0,"_bbp_reply_count_hidden":0,"_bbp_forum_subforum_count":0,"footnotes":""},"class_list":["post-24","page","type-page","status-publish","hentry"],"post_mailing_queue_ids":[],"_links":{"self":[{"href":"https:\/\/agora.xtec.cat\/ceiporlandai\/wp-json\/wp\/v2\/pages\/24","targetHints":{"allow":["GET"]}}],"collection":[{"href":"https:\/\/agora.xtec.cat\/ceiporlandai\/wp-json\/wp\/v2\/pages"}],"about":[{"href":"https:\/\/agora.xtec.cat\/ceiporlandai\/wp-json\/wp\/v2\/types\/page"}],"author":[{"embeddable":true,"href":"https:\/\/agora.xtec.cat\/ceiporlandai\/wp-json\/wp\/v2\/users\/1"}],"replies":[{"embeddable":true,"href":"https:\/\/agora.xtec.cat\/ceiporlandai\/wp-json\/wp\/v2\/comments?post=24"}],"version-history":[{"count":4,"href":"https:\/\/agora.xtec.cat\/ceiporlandai\/wp-json\/wp\/v2\/pages\/24\/revisions"}],"predecessor-version":[{"id":4951,"href":"https:\/\/agora.xtec.cat\/ceiporlandai\/wp-json\/wp\/v2\/pages\/24\/revisions\/4951"}],"up":[{"embeddable":true,"href":"https:\/\/agora.xtec.cat\/ceiporlandai\/wp-json\/wp\/v2\/pages\/64"}],"wp:attachment":[{"href":"https:\/\/agora.xtec.cat\/ceiporlandai\/wp-json\/wp\/v2\/media?parent=24"}],"curies":[{"name":"wp","href":"https:\/\/api.w.org\/{rel}","templated":true}]}}