{"id":1230,"date":"2018-05-09T20:30:15","date_gmt":"2018-05-09T18:30:15","guid":{"rendered":"http:\/\/agora.xtec.cat\/ceiporlandai\/?page_id=1230"},"modified":"2025-03-24T17:41:48","modified_gmt":"2025-03-24T16:41:48","slug":"families","status":"publish","type":"page","link":"https:\/\/agora.xtec.cat\/ceiporlandai\/activitats-extraescolars\/families\/","title":{"rendered":"Fam\u00edlies"},"content":{"rendered":"<p><a id=\"top\" class=\"no-style\"><\/a><br \/>\nLes activitats que les fam\u00edlies fem a l&#8217;escola s\u00f3n les seg\u00fcents:<\/p>\n<ul>\n<li><a href=\"#club_lectura\">Club de lectura<\/a><\/li>\n<li><a href=\"#esports\">Esports<\/a><\/li>\n<\/ul>\n<hr \/>\n<h3><a id=\"club_lectura\"><\/a><strong>CLUB DE LECTURA<\/strong><\/h3>\n<p>El Club de Lectura es va crear el 2011 i hem llegit una seixantena de llibres.<\/p>\n<p>Ens reunim a la biblioteca de l&#8217;escola. La data de la pr\u00f2xima trobada, aix\u00ed com el llibre a llegir, el decidim despr\u00e9s de cada sessi\u00f3.<\/p>\n<p>El club el formem mares i pares de l&#8217;escola, o que eren de l&#8217;escola; professorat actiu i\/o jubilat i tamb\u00e9 alg\u00fa d&#8217;alguna manera vinculada amb l&#8217;escola. La participaci\u00f3 \u00e9s oberta a tothom relacionat amb l&#8217;escola, \u00e9s gratu\u00efta i no requereix cap comprom\u00eds.<\/p>\n<p>Els\/les que estem al club, tenim un grup de WhatsApp que ens serveix per quedar, modificar dates, decidir qu\u00e8 cal portar&#8230; Sempre portem, entre totes, un \u00e0pat i beguda relacionada amb el llibre que s&#8217;ha llegit, per anar picant durant la sessi\u00f3.<\/p>\n<p>&nbsp;<\/p>\n<p style=\"text-align: center;\"><a href=\"#top\">Torna<\/a><\/p>\n<hr \/>\n<h3><a id=\"esports\"><\/a><strong>ESPORTS<\/strong><\/h3>\n<p>L&#8217;Escola ofereix activitats esportives adre\u00e7ades a les fam\u00edlies.<\/p>\n<p>Els dilluns hi ha b\u00e0squet de 21:45h a 22:45h.<\/p>\n<p>Els dimarts hi ha v\u00f2lei de 21:15h a 22:30h.<\/p>\n<p>Els coordinadors s\u00f3n el Lluc Carrasco (<a href=\"mailto:voleibol@orlandai.org\">voleibol@orlandai.org<\/a>), el Sergi Gim\u00e9nez (<a href=\"mailto:basquet@orlandai.org\">basquet@orlandai.org<\/a>) i l&#8217;Albert Pom\u00e9s i J\u00falia Carrasco (<a href=\"mailto:gestio.esportiva@orlandai.org\">gestio.esportiva@orlandai.org<\/a>).<\/p>\n<p style=\"text-align: center;\"><a href=\"#top\">Torna<\/a><\/p>\n","protected":false},"excerpt":{"rendered":"<p><a id=\"top\" class=\"no-style\"><\/a><br \/>\nLes activitats que les fam\u00edlies fem a l&#8217;escola s\u00f3n les seg\u00fcents:<\/p>\n<ul>\n<li><a href=\"#club_lectura\">Club de lectura<\/a><\/li>\n<li><a href=\"#esports\">Esports<\/a><\/li>\n<\/ul>\n<p><a id=\"club_lectura\"><\/a>CLUB DE LECTURA<br \/>\nEl Club de Lectura es va crear el 2011 i hem llegit una seixantena de llibres.<br \/>\nEns reunim a la biblioteca de l&#8217;escola. La data de la&hellip;  <a href=\"https:\/\/agora.xtec.cat\/ceiporlandai\/activitats-extraescolars\/families\/\" title=\"Read Fam\u00edlies\">Llegeix m\u00e9s\u00bb<\/a><\/p>\n","protected":false},"author":5,"featured_media":0,"parent":84,"menu_order":0,"comment_status":"closed","ping_status":"closed","template":"page-templates\/side-menu.php","meta":{"_bbp_topic_count":0,"_bbp_reply_count":0,"_bbp_total_topic_count":0,"_bbp_total_reply_count":0,"_bbp_voice_count":0,"_bbp_anonymous_reply_count":0,"_bbp_topic_count_hidden":0,"_bbp_reply_count_hidden":0,"_bbp_forum_subforum_count":0,"footnotes":""},"class_list":["post-1230","page","type-page","status-publish","hentry"],"post_mailing_queue_ids":[],"_links":{"self":[{"href":"https:\/\/agora.xtec.cat\/ceiporlandai\/wp-json\/wp\/v2\/pages\/1230","targetHints":{"allow":["GET"]}}],"collection":[{"href":"https:\/\/agora.xtec.cat\/ceiporlandai\/wp-json\/wp\/v2\/pages"}],"about":[{"href":"https:\/\/agora.xtec.cat\/ceiporlandai\/wp-json\/wp\/v2\/types\/page"}],"author":[{"embeddable":true,"href":"https:\/\/agora.xtec.cat\/ceiporlandai\/wp-json\/wp\/v2\/users\/5"}],"replies":[{"embeddable":true,"href":"https:\/\/agora.xtec.cat\/ceiporlandai\/wp-json\/wp\/v2\/comments?post=1230"}],"version-history":[{"count":7,"href":"https:\/\/agora.xtec.cat\/ceiporlandai\/wp-json\/wp\/v2\/pages\/1230\/revisions"}],"predecessor-version":[{"id":5754,"href":"https:\/\/agora.xtec.cat\/ceiporlandai\/wp-json\/wp\/v2\/pages\/1230\/revisions\/5754"}],"up":[{"embeddable":true,"href":"https:\/\/agora.xtec.cat\/ceiporlandai\/wp-json\/wp\/v2\/pages\/84"}],"wp:attachment":[{"href":"https:\/\/agora.xtec.cat\/ceiporlandai\/wp-json\/wp\/v2\/media?parent=1230"}],"curies":[{"name":"wp","href":"https:\/\/api.w.org\/{rel}","templated":true}]}}