{"id":1151,"date":"2018-05-02T19:00:45","date_gmt":"2018-05-02T17:00:45","guid":{"rendered":"http:\/\/agora.xtec.cat\/ceiporlandai\/?page_id=1151"},"modified":"2022-07-15T10:20:21","modified_gmt":"2022-07-15T08:20:21","slug":"afa-presentacio","status":"publish","type":"page","link":"https:\/\/agora.xtec.cat\/ceiporlandai\/afa\/afa-presentacio\/","title":{"rendered":"Presentaci\u00f3"},"content":{"rendered":"<p><span style=\"font-weight: 400;\">L\u2019AFA \u00e9s l\u2019Associaci\u00f3 de Fam\u00edlies d\u2019Alumnes de l\u2019escola i promou la implicaci\u00f3 i participaci\u00f3 de les fam\u00edlies en la vida de l\u2019escola i de la mateixa associaci\u00f3, tot analitzant les seves propostes i suggeriments.<\/span><\/p>\n<p><span style=\"font-weight: 400;\">L\u2019AFA, juntament amb el claustre de l\u2019escola, gestiona:<\/span><\/p>\n<p><strong><span class=\"titol_1\">ACTIVITATS DE MIGDIA I TARDA<\/span><\/strong><\/p>\n<p>En la franja hor\u00e0ria del migdia i la tarda hi ha diferents activitats, pensades i programades en funci\u00f3 de l&#8217;edat, que complementen les activitats escolars curriculars:<\/p>\n<ul>\n<li>Jocs de taula<\/li>\n<li>Nataci\u00f3<\/li>\n<li>Jocs organitzats al pati<\/li>\n<li>Biblioteca<\/li>\n<li>Pel\u00b7l\u00edcules en angl\u00e8s<\/li>\n<li>Escacs<\/li>\n<\/ul>\n<p><strong><span class=\"titol_1\">SERVEI DE MENJADOR<\/span>\u00a0<\/strong><\/p>\n<p>Amb cuina pr\u00f2pia i un equip de monitors i monitores que vetlla per l&#8217;aprenentatge dels h\u00e0bits saludables i sostenibles a l&#8217;hora de menjar.<\/p>\n<p><strong><span class=\"titol_1\">ESPORT EXTRAESCOLAR<\/span><\/strong><\/p>\n<ul>\n<li>Iniciaci\u00f3 al joc esportiu des dels 6 anys.<\/li>\n<li>Equips de v\u00f2lei i b\u00e0squet des dels 8 anys.<\/li>\n<li>Equips de v\u00f2lei i b\u00e0squet per a exalumnes.<\/li>\n<li>Equips de v\u00f2lei i b\u00e0squet per a fam\u00edlies.<\/li>\n<li>Curses d&#8217;orientaci\u00f3 i cros.<\/li>\n<\/ul>\n<p><strong><span class=\"titol_1\">ACTIVITATS DE TEATRE EXTRAESCOLAR<\/span><\/strong><\/p>\n<p>S&#8217;ofereixen activitats d&#8217;iniciaci\u00f3 a l&#8217;expressi\u00f3, representaci\u00f3 i llenguatge teatral, per a l&#8217;alumnat d&#8217;Educaci\u00f3 Infantil, de Prim\u00e0ria, exalumnes i fam\u00edlies. Podeu consultar horaris i m\u00e9s informaci\u00f3 a la secci\u00f3 de <a href=\"https:\/\/agora.xtec.cat\/ceiporlandai\/activitats-extraescolars\/teatre-extraescolar\/\">Teatre a l&#8217;escola<\/a>.<\/p>\n<p><strong><span class=\"titol_1\">CASAL D&#8217;ESTIU\u00a0<\/span><\/strong><\/p>\n<p>Durant el mes de juliol, a l&#8217;escola s&#8217;organitza un casal d&#8217;estiu.<\/p>\n<p><strong><span class=\"titol_1\">ADQUISICI\u00d3 COL.LECTIVA DELS LLIBRES DE LECTURA\u00a0<\/span><\/strong><\/p>\n<p>Abarateix el cost anual dels llibres i educa el respecte pel material com\u00fa.<\/p>\n<p><strong>VOLUNTARIS<\/strong><\/p>\n<p>Fam\u00edlies volunt\u00e0ries que participen de manera puntual en feines que cal fer a l&#8217;escola. Apunta&#8217;t a la borsa de <a href=\"http:\/\/agora.xtec.cat\/ceiporlandai\/afa\/afa-voluntaris\/\">Voluntaris<\/a>.<\/p>\n<p><b>DI\u00c0LEG FAM\u00cdLIES I ESCOLA<\/b><\/p>\n<p><span style=\"font-weight: 400;\">Cada grup classe t\u00e9 un o dos delegats\/des de curs que es trien a principi de curs i que fan de pont entre les fam\u00edlies del grup classe i l\u2019escola a trav\u00e9s de la tutora. A trav\u00e9s d\u2019un xat de delegats i delegades, reben informacions de l\u2019escola i de l\u2019AFA i la reenvien a les classes en els seus grups de xat. Els delegats i les delegades de l\u2019Escola Orlandai tenen unes funcions que estan <\/span><span style=\"font-weight: 400;\">descrites<\/span><span style=\"font-weight: 400;\"><a href=\"https:\/\/agora.xtec.cat\/ceiporlandai\/docs\/delegats-des-de-classe\/?bp-attachment=DELEGATS_funcions-2020-2021.pdf\"> aqu\u00ed<\/a>.\u00a0<\/span><\/p>\n<hr \/>\n<p><a href=\"https:\/\/agora.xtec.cat\/ceiporlandai\/wp-content\/uploads\/usu1785\/bp-attachments\/1041\/Presentaci%C3%B3-AFA-Qu%C3%A8-fem_2020-12.pdf\">Presentaci\u00f3 Desembre 2020: &#8220;L&#8217;AFA de l&#8217;Orlandai acompanya l&#8217;escola&#8221;\u00a0<\/a><\/p>\n","protected":false},"excerpt":{"rendered":"<p>L\u2019AFA \u00e9s l\u2019Associaci\u00f3 de Fam\u00edlies d\u2019Alumnes de l\u2019escola i promou la implicaci\u00f3 i participaci\u00f3 de les fam\u00edlies en la vida de l\u2019escola i de la mateixa associaci\u00f3, tot analitzant les seves propostes i suggeriments.<br \/>\nL\u2019AFA, juntament amb el claustre de l\u2019escola, gestiona:<br \/>\nACTIVITATS DE MIGDIA I TARDA<br \/>\nEn&hellip;  <a href=\"https:\/\/agora.xtec.cat\/ceiporlandai\/afa\/afa-presentacio\/\" title=\"Read Presentaci\u00f3\">Llegeix m\u00e9s\u00bb<\/a><\/p>\n","protected":false},"author":5,"featured_media":0,"parent":1220,"menu_order":0,"comment_status":"closed","ping_status":"closed","template":"","meta":{"_bbp_topic_count":0,"_bbp_reply_count":0,"_bbp_total_topic_count":0,"_bbp_total_reply_count":0,"_bbp_voice_count":0,"_bbp_anonymous_reply_count":0,"_bbp_topic_count_hidden":0,"_bbp_reply_count_hidden":0,"_bbp_forum_subforum_count":0,"footnotes":""},"class_list":["post-1151","page","type-page","status-publish","hentry"],"post_mailing_queue_ids":[],"_links":{"self":[{"href":"https:\/\/agora.xtec.cat\/ceiporlandai\/wp-json\/wp\/v2\/pages\/1151","targetHints":{"allow":["GET"]}}],"collection":[{"href":"https:\/\/agora.xtec.cat\/ceiporlandai\/wp-json\/wp\/v2\/pages"}],"about":[{"href":"https:\/\/agora.xtec.cat\/ceiporlandai\/wp-json\/wp\/v2\/types\/page"}],"author":[{"embeddable":true,"href":"https:\/\/agora.xtec.cat\/ceiporlandai\/wp-json\/wp\/v2\/users\/5"}],"replies":[{"embeddable":true,"href":"https:\/\/agora.xtec.cat\/ceiporlandai\/wp-json\/wp\/v2\/comments?post=1151"}],"version-history":[{"count":5,"href":"https:\/\/agora.xtec.cat\/ceiporlandai\/wp-json\/wp\/v2\/pages\/1151\/revisions"}],"predecessor-version":[{"id":4984,"href":"https:\/\/agora.xtec.cat\/ceiporlandai\/wp-json\/wp\/v2\/pages\/1151\/revisions\/4984"}],"up":[{"embeddable":true,"href":"https:\/\/agora.xtec.cat\/ceiporlandai\/wp-json\/wp\/v2\/pages\/1220"}],"wp:attachment":[{"href":"https:\/\/agora.xtec.cat\/ceiporlandai\/wp-json\/wp\/v2\/media?parent=1151"}],"curies":[{"name":"wp","href":"https:\/\/api.w.org\/{rel}","templated":true}]}}