{"id":271,"date":"2016-06-15T16:12:38","date_gmt":"2016-06-15T15:12:38","guid":{"rendered":"http:\/\/agora.xtec.cat\/ceipolvan\/?page_id=271"},"modified":"2025-10-16T09:57:14","modified_gmt":"2025-10-16T07:57:14","slug":"documents-escola","status":"publish","type":"page","link":"https:\/\/agora.xtec.cat\/ceipolvan\/escola\/documents-escola\/","title":{"rendered":"Documents escola"},"content":{"rendered":"\n<p class=\"has-vivid-purple-color has-text-color has-link-color wp-elements-493eda941f9ef0d21f7d7c0fe9a8f446\"><a href=\"https:\/\/www.canva.com\/design\/DAGSmr_pXfg\/dLmSpoK2LHd1ua9f0Nxo5A\/edit?utm_content=DAGSmr_pXfg&amp;utm_campaign=designshare&amp;utm_medium=link2&amp;utm_source=sharebutton\" target=\"_blank\" rel=\"noopener\"><span style=\"color: #008000;\">DOCUMENT CONVIV\u00c8NCIA&nbsp;<\/span><\/a><\/p>\n\n\n\n<p class=\"has-vivid-purple-color has-text-color has-link-color wp-elements-cdcee8e58e339bc8a8770373b07897e6\"><strong><span style=\"color: #cc99ff;\"><a href=\"https:\/\/www.canva.com\/design\/DAFA8wA_kUk\/-E7eK--kd1col8UUmP9zJA\/view?utm_content=DAFA8wA_kUk&amp;utm_campaign=designshare&amp;utm_medium=link2&amp;utm_source=uniquelinks&amp;utlId=hf9d8f1c99c\" target=\"_blank\" rel=\"noreferrer noopener\">PAS A GRANS (P4,P5 i P6)<\/a><\/span><\/strong><\/p>\n\n\n\n<p class=\"has-vivid-purple-color has-text-color has-link-color wp-elements-ffb3c7afa1231311f15d3a5a508eb532\"><span style=\"color: #cc99ff;\"><strong><a href=\"https:\/\/www.canva.com\/design\/DAFAewqYHjU\/3ulbE8-ccoEhnMmyBxM9vw\/view?utm_content=DAFAewqYHjU&amp;utm_campaign=designshare&amp;utm_medium=link2&amp;utm_source=uniquelinks&amp;utlId=h6c79a51816\">PAS A PRIM\u00c0RIA (P1,<\/a><a href=\"https:\/\/www.canva.com\/design\/DAFAewqYHjU\/3ulbE8-ccoEhnMmyBxM9vw\/view?utm_content=DAFAewqYHjU&amp;utm_campaign=designshare&amp;utm_medium=link2&amp;utm_source=uniquelinks&amp;utlId=h6c79a51816\" target=\"_blank\" rel=\"noreferrer noopener\"> <\/a><a href=\"https:\/\/www.canva.com\/design\/DAFAewqYHjU\/3ulbE8-ccoEhnMmyBxM9vw\/view?utm_content=DAFAewqYHjU&amp;utm_campaign=designshare&amp;utm_medium=link2&amp;utm_source=uniquelinks&amp;utlId=h6c79a51816\">P2 i P3)<\/a><\/strong><\/span><\/p>\n\n\n\n<p class=\"has-vivid-purple-color has-text-color has-link-color wp-elements-606c31eff72b5fe583b560c9269af7c7\"><strong><span style=\"color: #cc99ff;\"><a href=\"https:\/\/www.canva.com\/design\/DAGB1GqQbKk\/E_mpYhE1y_hT2pILUR0rfQ\/edit?utm_content=DAGB1GqQbKk&amp;utm_campaign=designshare&amp;utm_medium=link2&amp;utm_source=sharebutton\">COMEN\u00c7O L&#8217;ESCOLA (I3,I4 i I5)<\/a><\/span><\/strong><\/p>\n\n\n\n<p>____________________________________________________________________________________<\/p>\n\n\n\n<p><strong>Documents de ZER:&nbsp;&nbsp;<\/strong><\/p>\n\n\n\n<p class=\"has-black-color has-text-color has-link-color wp-elements-9864bfa1d38a51d8dd13a604a1f792a1\"><span style=\"color: #000000;\"><a style=\"color: #000000;\" href=\"http:\/\/agora.xtec.cat\/ceipolvan\/wp-content\/uploads\/usu865\/2016\/06\/PROJECTE-EDUCATIU.pdf\">PROJECTE EDUCATIU<\/a><\/span><\/p>\n\n\n\n<p class=\"has-black-color has-text-color has-link-color wp-elements-8e58fa93525a10e410302494bbd4210f\"><span style=\"color: #000000;\"><a href=\"https:\/\/drive.google.com\/file\/d\/17pwDNoFnLCtOVZKXCkaxcNOPav14j7Mt\/view?usp=sharing\" target=\"_blank\" rel=\"noreferrer noopener\">NORMES D&#8217;ORGANITZACI\u00d3 I FUNCIONAMENT DE ZER<\/a><\/span><\/p>\n\n\n\n<p class=\"has-black-color has-text-color has-link-color wp-elements-4e045c34e4af79a632a140bfa05c8b4d\"><span style=\"color: #000000;\"><a style=\"color: #000000;\" href=\"https:\/\/agora.xtec.cat\/ceipolvan\/wp-content\/uploads\/usu865\/2019\/01\/PROJECTE-LINGUISTIC-ZER.pdf\">PROJECTE LING\u00dc\u00cdSTIC<\/a><\/span><\/p>\n\n\n\n<p class=\"has-black-color has-text-color has-link-color wp-elements-df8b569b9ba2e3e92d7894a295e2cca9\"><span style=\"color: #000000;\"><a style=\"color: #000000;\" href=\"https:\/\/drive.google.com\/file\/d\/1-22r2GUAxqf3ECHjxDVXI5B5SSai9eOB\/view?usp=drive_link\">PLA D&#8217;ACCI\u00d3 TUTORIAL<\/a><\/span><\/p>\n\n\n\n<p class=\"has-black-color has-text-color has-link-color wp-elements-c7328df33861f5706035199fe399f066\"><a href=\"https:\/\/drive.google.com\/file\/d\/1A7iwI9VWDV6R_iTUe49rlkPkze5Ex4i4\/view?usp=sharing\">PROJECTE CONVIV\u00c8NCIA<\/a><\/p>\n\n\n\n<p class=\"has-black-color has-text-color has-link-color wp-elements-93b9d38b11bc1b5c748ee4d940aaf198\"><a href=\"https:\/\/drive.google.com\/file\/d\/11ySa7zmtm_cEBX1V1m8wSkzQ9fDTCPwa\/view?usp=drive_link\">CARTA COMPROM\u00cdS EDUCATIU<\/a><\/p>\n\n\n\n<p><strong><span style=\"color: #cc99ff;\"><\/span><\/strong><\/p>\n\n\n\n<p><span style=\"color: #cc99ff;\"><\/span><strong><span style=\"color: #cc99ff;\"><\/span><\/strong><\/p>\n","protected":false},"excerpt":{"rendered":"<p>DOCUMENT CONVIV\u00c8NCIA&nbsp; PAS A GRANS (P4,P5 i P6) PAS A PRIM\u00c0RIA (P1, P2 i P3) COMEN\u00c7O L&#8217;ESCOLA (I3,I4 i I5) ____________________________________________________________________________________ Documents de ZER:&nbsp;&nbsp; PROJECTE EDUCATIU NORMES D&#8217;ORGANITZACI\u00d3 I FUNCIONAMENT DE ZER PROJECTE LING\u00dc\u00cdSTIC PLA D&#8217;ACCI\u00d3 TUTORIAL PROJECTE CONVIV\u00c8NCIA CARTA COMPROM\u00cdS EDUCATIU<\/p>\n","protected":false},"author":1,"featured_media":0,"parent":255,"menu_order":80,"comment_status":"closed","ping_status":"closed","template":"","meta":{"_bbp_topic_count":0,"_bbp_reply_count":0,"_bbp_total_topic_count":0,"_bbp_total_reply_count":0,"_bbp_voice_count":0,"_bbp_anonymous_reply_count":0,"_bbp_topic_count_hidden":0,"_bbp_reply_count_hidden":0,"_bbp_forum_subforum_count":0,"site-sidebar-layout":"default","site-content-layout":"","ast-site-content-layout":"default","site-content-style":"default","site-sidebar-style":"default","ast-global-header-display":"","ast-banner-title-visibility":"","ast-main-header-display":"","ast-hfb-above-header-display":"","ast-hfb-below-header-display":"","ast-hfb-mobile-header-display":"","site-post-title":"","ast-breadcrumbs-content":"","ast-featured-img":"","footer-sml-layout":"","theme-transparent-header-meta":"","adv-header-id-meta":"","stick-header-meta":"","header-above-stick-meta":"","header-main-stick-meta":"","header-below-stick-meta":"","astra-migrate-meta-layouts":"set","ast-page-background-enabled":"default","ast-page-background-meta":{"desktop":{"background-color":"var(--ast-global-color-4)","background-image":"","background-repeat":"repeat","background-position":"center center","background-size":"auto","background-attachment":"scroll","background-type":"","background-media":"","overlay-type":"","overlay-color":"","overlay-opacity":"","overlay-gradient":""},"tablet":{"background-color":"","background-image":"","background-repeat":"repeat","background-position":"center center","background-size":"auto","background-attachment":"scroll","background-type":"","background-media":"","overlay-type":"","overlay-color":"","overlay-opacity":"","overlay-gradient":""},"mobile":{"background-color":"","background-image":"","background-repeat":"repeat","background-position":"center center","background-size":"auto","background-attachment":"scroll","background-type":"","background-media":"","overlay-type":"","overlay-color":"","overlay-opacity":"","overlay-gradient":""}},"ast-content-background-meta":{"desktop":{"background-color":"var(--ast-global-color-5)","background-image":"","background-repeat":"repeat","background-position":"center center","background-size":"auto","background-attachment":"scroll","background-type":"","background-media":"","overlay-type":"","overlay-color":"","overlay-opacity":"","overlay-gradient":""},"tablet":{"background-color":"var(--ast-global-color-5)","background-image":"","background-repeat":"repeat","background-position":"center center","background-size":"auto","background-attachment":"scroll","background-type":"","background-media":"","overlay-type":"","overlay-color":"","overlay-opacity":"","overlay-gradient":""},"mobile":{"background-color":"var(--ast-global-color-5)","background-image":"","background-repeat":"repeat","background-position":"center center","background-size":"auto","background-attachment":"scroll","background-type":"","background-media":"","overlay-type":"","overlay-color":"","overlay-opacity":"","overlay-gradient":""}},"footnotes":""},"class_list":["post-271","page","type-page","status-publish","hentry"],"post_mailing_queue_ids":[],"_links":{"self":[{"href":"https:\/\/agora.xtec.cat\/ceipolvan\/wp-json\/wp\/v2\/pages\/271","targetHints":{"allow":["GET"]}}],"collection":[{"href":"https:\/\/agora.xtec.cat\/ceipolvan\/wp-json\/wp\/v2\/pages"}],"about":[{"href":"https:\/\/agora.xtec.cat\/ceipolvan\/wp-json\/wp\/v2\/types\/page"}],"author":[{"embeddable":true,"href":"https:\/\/agora.xtec.cat\/ceipolvan\/wp-json\/wp\/v2\/users\/1"}],"replies":[{"embeddable":true,"href":"https:\/\/agora.xtec.cat\/ceipolvan\/wp-json\/wp\/v2\/comments?post=271"}],"version-history":[{"count":6,"href":"https:\/\/agora.xtec.cat\/ceipolvan\/wp-json\/wp\/v2\/pages\/271\/revisions"}],"predecessor-version":[{"id":5066,"href":"https:\/\/agora.xtec.cat\/ceipolvan\/wp-json\/wp\/v2\/pages\/271\/revisions\/5066"}],"up":[{"embeddable":true,"href":"https:\/\/agora.xtec.cat\/ceipolvan\/wp-json\/wp\/v2\/pages\/255"}],"wp:attachment":[{"href":"https:\/\/agora.xtec.cat\/ceipolvan\/wp-json\/wp\/v2\/media?parent=271"}],"curies":[{"name":"wp","href":"https:\/\/api.w.org\/{rel}","templated":true}]}}